{"id":1067,"date":"2017-11-22T08:17:25","date_gmt":"2017-11-22T07:17:25","guid":{"rendered":"http:\/\/www.1ciedarcdevincennes.fr\/?page_id=1067"},"modified":"2017-12-19T09:56:00","modified_gmt":"2017-12-19T08:56:00","slug":"challenge-94-villiers-recoit-vincennes-le-16-novembre-2017","status":"publish","type":"page","link":"https:\/\/www.1ciedarcdevincennes.fr\/index.php\/challenge-94-saison-2017-2018\/challenge-94-villiers-recoit-vincennes-le-16-novembre-2017\/","title":{"rendered":"Challenge 94 : Villiers re\u00e7oit Vincennes le 16 Novembre 2017"},"content":{"rendered":"<p><span style=\"font-family: 'comic sans ms', sans-serif; font-size: 12pt;\">Dans le cadre du Challenge 94 Vincennes \u00e0 \u00e9t\u00e9 re\u00e7u par Villiers le 16 Novembre pour un premier match aller. Vincennes c&rsquo;est inclin\u00e9 face \u00e0 Villiers avec un score de 23 \u00e0 49 .<\/span><\/p>\n<p><span style=\"font-family: 'comic sans ms', sans-serif; font-size: 12pt;\">Une mention sp\u00e9ciale pour les cuisiniers de Villiers qui nous ont r\u00e9galer au cours du repas qui \u00e0 suivit ce match et un grand merci pour l&rsquo;accueil et la tr\u00e8s bonne ambiance lors de cette soir\u00e9e.<\/span><\/p>\n<p><span style=\"font-family: 'comic sans ms', sans-serif; font-size: 12pt;\">Rendez vous en Janvier pour le match retour qui aura lieu \u00e0 domicile!<\/span><\/p>\n","protected":false},"excerpt":{"rendered":"<p>Dans le cadre du Challenge 94 Vincennes \u00e0 \u00e9t\u00e9 re\u00e7u par Villiers le 16 Novembre pour un premier match aller. Vincennes c&rsquo;est [&hellip;]<\/p>\n","protected":false},"author":1,"featured_media":0,"parent":1175,"menu_order":0,"comment_status":"closed","ping_status":"closed","template":"page-templates\/page_fullwidth.php","meta":{"_mc_calendar":[]},"_links":{"self":[{"href":"https:\/\/www.1ciedarcdevincennes.fr\/index.php\/wp-json\/wp\/v2\/pages\/1067"}],"collection":[{"href":"https:\/\/www.1ciedarcdevincennes.fr\/index.php\/wp-json\/wp\/v2\/pages"}],"about":[{"href":"https:\/\/www.1ciedarcdevincennes.fr\/index.php\/wp-json\/wp\/v2\/types\/page"}],"author":[{"embeddable":true,"href":"https:\/\/www.1ciedarcdevincennes.fr\/index.php\/wp-json\/wp\/v2\/users\/1"}],"replies":[{"embeddable":true,"href":"https:\/\/www.1ciedarcdevincennes.fr\/index.php\/wp-json\/wp\/v2\/comments?post=1067"}],"version-history":[{"count":2,"href":"https:\/\/www.1ciedarcdevincennes.fr\/index.php\/wp-json\/wp\/v2\/pages\/1067\/revisions"}],"predecessor-version":[{"id":1076,"href":"https:\/\/www.1ciedarcdevincennes.fr\/index.php\/wp-json\/wp\/v2\/pages\/1067\/revisions\/1076"}],"up":[{"embeddable":true,"href":"https:\/\/www.1ciedarcdevincennes.fr\/index.php\/wp-json\/wp\/v2\/pages\/1175"}],"wp:attachment":[{"href":"https:\/\/www.1ciedarcdevincennes.fr\/index.php\/wp-json\/wp\/v2\/media?parent=1067"}],"curies":[{"name":"wp","href":"https:\/\/api.w.org\/{rel}","templated":true}]}}