{"id":1127,"date":"2017-12-03T20:55:35","date_gmt":"2017-12-03T19:55:35","guid":{"rendered":"http:\/\/www.1ciedarcdevincennes.fr\/?page_id=1127"},"modified":"2018-01-25T13:51:38","modified_gmt":"2018-01-25T12:51:38","slug":"actualites-2016","status":"publish","type":"page","link":"https:\/\/www.1ciedarcdevincennes.fr\/index.php\/actualites\/actualites-2016\/","title":{"rendered":"Actualit\u00e9s 2016"},"content":{"rendered":"<p style=\"padding-left: 30px;\"><span style=\"background-color: #d1e6ff; color: #000000;\"><em><strong><span style=\"font-family: comic sans ms,sans-serif; font-size: 12pt;\">cliquer sur l&rsquo;\u00e9l\u00e9ment souhait\u00e9 pour voir appara\u00eetre l&rsquo;article correspondant<\/span><\/strong><\/em><\/span><\/p>\n<ul>\n<li><span style=\"color: #000000;\"><em><span style=\"text-decoration: underline;\"><span style=\"font-family: 'comic sans ms', sans-serif; font-size: 18pt;\"><a style=\"color: #000000; text-decoration: underline;\" href=\"https:\/\/www.1ciedarcdevincennes.fr\/index.php\/actualites\/une-distinction-pour-jean-claude\/\">Une Distinction pour Jean-Claude le 13 d\u00e9cembre 2016<\/a><\/span><\/span><\/em><\/span><\/li>\n<\/ul>\n<p>&nbsp;<\/p>\n<ul>\n<li><span style=\"text-decoration: underline; color: #000000;\"><em><span style=\"font-family: 'comic sans ms', sans-serif; font-size: 18pt;\"><a style=\"color: #000000; text-decoration: underline;\" href=\"https:\/\/www.1ciedarcdevincennes.fr\/index.php\/le-tir-du-roi\/\">Tir du Roy du 11 d\u00e9cembre 2016<\/a><\/span><\/em><\/span><\/li>\n<\/ul>\n<p>&nbsp;<\/p>\n<ul>\n<li><span style=\"text-decoration: underline; color: #000000;\"><em><span style=\"font-size: 18pt;\"><span style=\"font-family: comic sans ms,sans-serif;\">C<a style=\"color: #000000; text-decoration: underline;\" href=\" https:\/\/www.1ciedarcdevincennes.fr\/index.php\/conference-a-venir\/\">onf\u00e9rence sur les archers \u00e0 Vincenn<\/a><\/span><\/span><span style=\"font-size: 18pt;\"><span style=\"font-family: comic sans ms,sans-serif;\"><a style=\"color: #000000; text-decoration: underline;\" href=\" https:\/\/www.1ciedarcdevincennes.fr\/index.php\/conference-a-venir\/\">es le 19 novembre 2016<\/a><\/span><\/span><\/em><\/span><\/li>\n<\/ul>\n<p>&nbsp;<\/p>\n<ul>\n<li><span style=\"text-decoration: underline; color: #000000;\"><em><span style=\"font-family: 'comic sans ms', sans-serif; font-size: 18pt;\"><a style=\"color: #000000; text-decoration: underline;\" href=\"https:\/\/www.1ciedarcdevincennes.fr\/index.php\/changement-de-la-ciblerie-au-gymnase-georges-pompidou\/\">Changement de la ciblerie au gymnase Georges Pompidou<\/a> le 21 octobre 2016<\/span><\/em><\/span><\/li>\n<\/ul>\n<p>&nbsp;<\/p>\n<ul>\n<li><span style=\"text-decoration: underline; color: #000000;\"><em><span style=\"font-family: 'comic sans ms', sans-serif; font-size: 18pt;\"><a style=\"color: #000000; text-decoration: underline;\" href=\"https:\/\/www.1ciedarcdevincennes.fr\/index.php\/finale-du-prix-de-la-famille-de-beaute-prix-special-jeunes\/\">Finale du prix de la Famille de Beaut\u00e9 &amp; Prix sp\u00e9cial jeunes<\/a> les 15 et 16 octobre 2016<\/span><\/em><\/span><\/li>\n<\/ul>\n<p>&nbsp;<\/p>\n<ul>\n<li><span style=\"text-decoration: underline; color: #000000;\"><em><span style=\"font-family: 'comic sans ms', sans-serif; font-size: 18pt;\"><a style=\"color: #000000; text-decoration: underline;\" title=\"Mini Raid\" href=\"https:\/\/www.1ciedarcdevincennes.fr\/index.php\/miniraid\/\">Mini raid : \u00e9preuve de tir \u00e0 l&rsquo;arc<\/a> &#8211; Edition du 9 octobre 2016<\/span><\/em><\/span><\/li>\n<\/ul>\n<p>&nbsp;<\/p>\n","protected":false},"excerpt":{"rendered":"<p>cliquer sur l&rsquo;\u00e9l\u00e9ment souhait\u00e9 pour voir appara\u00eetre l&rsquo;article correspondant Une Distinction pour Jean-Claude le 13 d\u00e9cembre 2016 &nbsp; Tir du Roy du [&hellip;]<\/p>\n","protected":false},"author":1,"featured_media":0,"parent":1155,"menu_order":0,"comment_status":"closed","ping_status":"closed","template":"","meta":{"_mc_calendar":[]},"_links":{"self":[{"href":"https:\/\/www.1ciedarcdevincennes.fr\/index.php\/wp-json\/wp\/v2\/pages\/1127"}],"collection":[{"href":"https:\/\/www.1ciedarcdevincennes.fr\/index.php\/wp-json\/wp\/v2\/pages"}],"about":[{"href":"https:\/\/www.1ciedarcdevincennes.fr\/index.php\/wp-json\/wp\/v2\/types\/page"}],"author":[{"embeddable":true,"href":"https:\/\/www.1ciedarcdevincennes.fr\/index.php\/wp-json\/wp\/v2\/users\/1"}],"replies":[{"embeddable":true,"href":"https:\/\/www.1ciedarcdevincennes.fr\/index.php\/wp-json\/wp\/v2\/comments?post=1127"}],"version-history":[{"count":6,"href":"https:\/\/www.1ciedarcdevincennes.fr\/index.php\/wp-json\/wp\/v2\/pages\/1127\/revisions"}],"predecessor-version":[{"id":1345,"href":"https:\/\/www.1ciedarcdevincennes.fr\/index.php\/wp-json\/wp\/v2\/pages\/1127\/revisions\/1345"}],"up":[{"embeddable":true,"href":"https:\/\/www.1ciedarcdevincennes.fr\/index.php\/wp-json\/wp\/v2\/pages\/1155"}],"wp:attachment":[{"href":"https:\/\/www.1ciedarcdevincennes.fr\/index.php\/wp-json\/wp\/v2\/media?parent=1127"}],"curies":[{"name":"wp","href":"https:\/\/api.w.org\/{rel}","templated":true}]}}