{"id":1130,"date":"2017-12-03T20:53:23","date_gmt":"2017-12-03T19:53:23","guid":{"rendered":"http:\/\/www.1ciedarcdevincennes.fr\/?page_id=1130"},"modified":"2018-01-25T13:51:59","modified_gmt":"2018-01-25T12:51:59","slug":"actualites-2017","status":"publish","type":"page","link":"https:\/\/www.1ciedarcdevincennes.fr\/index.php\/actualites\/actualites-2017\/","title":{"rendered":"Actualit\u00e9s 2017"},"content":{"rendered":"<p style=\"padding-left: 30px;\"><span style=\"color: #000000; background-color: #deeeff;\"><em><strong><span style=\"font-family: comic sans ms,sans-serif; font-size: 12pt;\">cliquer sur l&rsquo;\u00e9l\u00e9ment souhait\u00e9 pour voir appara\u00eetre l&rsquo;article correspondant<\/span><\/strong><\/em><\/span><\/p>\n<ul>\n<li><span style=\"text-decoration: underline;\"><span style=\"font-family: 'comic sans ms', sans-serif; font-size: 18pt; color: #000000;\"><a style=\"color: #000000; text-decoration: underline;\" title=\"Le mot du Capitaine\" href=\"https:\/\/www.1ciedarcdevincennes.fr\/index.php\/actualites-2017\/le-mot-du-capitaine\/\">Le mot du Capitaine<\/a><\/span><\/span><\/li>\n<\/ul>\n<p>&nbsp;<\/p>\n<ul>\n<li><span style=\"color: #000000; text-decoration: underline;\"><span style=\"font-family: comic sans ms,sans-serif; font-size: 18pt;\"><a style=\"color: #000000; text-decoration: underline;\" title=\"Prix d'Hiver 2017\" href=\"https:\/\/www.1ciedarcdevincennes.fr\/?page_id=1077&amp;preview=true\">Prix d&rsquo;Hiver 2017<\/a><\/span><\/span><\/li>\n<\/ul>\n<p>&nbsp;<\/p>\n<ul>\n<li><span style=\"color: #000000; text-decoration: underline;\"><span style=\"font-family: comic sans ms,sans-serif; font-size: 18pt;\"><a style=\"color: #000000; text-decoration: underline;\" title=\"R\u00e9sultats Concours Salle 2017\" href=\"https:\/\/www.1ciedarcdevincennes.fr\/index.php\/resultats-concours-salle-2017\/\">R\u00e9sultats Concours Salle 2017<\/a><\/span><\/span><\/li>\n<\/ul>\n<p>&nbsp;<\/p>\n<ul>\n<li><span style=\"color: #000000; text-decoration: underline;\"><span style=\"font-family: comic sans ms,sans-serif; font-size: 18pt;\"><a style=\"color: #000000; text-decoration: underline;\" title=\"Prix du Roi 2017\" href=\"https:\/\/www.1ciedarcdevincennes.fr\/index.php\/actualites\/prix-du-roi-2017\/\">Prix du Roi 2017<\/a><\/span><\/span><\/li>\n<\/ul>\n<p>&nbsp;<\/p>\n<ul>\n<li><span style=\"color: #000000; text-decoration: underline;\"><span style=\"font-family: comic sans ms,sans-serif; font-size: 18pt;\"><a style=\"color: #000000; text-decoration: underline;\" title=\"Un vincennois dans la \u2018\u2019capitale du pays du Longbow\u2019\u2019\" href=\"https:\/\/www.1ciedarcdevincennes.fr\/index.php\/un-vincennois-dans-la-capitale-du-pays-du-longbow\">Un vincennois dans la \u2018\u2019capitale du pays du Longbow\u2019\u2019<\/a><\/span><\/span><\/li>\n<\/ul>\n<p>&nbsp;<\/p>\n<ul>\n<li><span style=\"color: #000000; text-decoration: underline;\"><span style=\"font-family: comic sans ms,sans-serif; font-size: 18pt;\"><a style=\"color: #000000; text-decoration: underline;\" title=\"C\u00e9r\u00e9monie d'\u00e9l\u00e9vation \u00e0 la dignit\u00e9 de Conn\u00e9table d'Andr\u00e9 Herrera\" href=\"ceremonie-delevation-a-la-dignite-de-connetable-dandre-herrera\">C\u00e9r\u00e9monie d&rsquo;\u00e9l\u00e9vation \u00e0 la dignit\u00e9 de Conn\u00e9table d&rsquo;Andr\u00e9 Herrera<\/a><\/span><\/span><\/li>\n<\/ul>\n<p>&nbsp;<\/p>\n<ul>\n<li><span style=\"color: #000000; text-decoration: underline;\"><span style=\"font-family: comic sans ms,sans-serif; font-size: 18pt;\"><a style=\"color: #000000; text-decoration: underline;\" title=\"Finale Prix Famille de Beaut\u00e9 2017\" href=\" https:\/\/www.1ciedarcdevincennes.fr\/index.php\/actualites\/finale-prix-famille-de-beaute-2017\/\">Finale Prix Famille de Beaut\u00e9 2017<\/a><\/span><\/span><\/li>\n<\/ul>\n<p>&nbsp;<\/p>\n<ul>\n<li><span style=\"color: #000000; text-decoration: underline;\"><span style=\"font-family: 'comic sans ms',sans-serif; font-size: 18pt;\"><a style=\"color: #000000; text-decoration: underline;\" title=\"Concours en salle 4&amp;5 Novembre 2017\" href=\"https:\/\/www.1ciedarcdevincennes.fr\/index.php\/concours-en-salle-45-novembre-2017\/\">Concours en salle 4&amp;5 Novembre 2017<\/a><\/span><\/span><\/li>\n<\/ul>\n<p>&nbsp;<\/p>\n<ul>\n<li><span style=\"color: #000000; text-decoration: underline;\"><span style=\"font-family: 'comic sans ms', sans-serif; font-size: 18pt;\"><a style=\"color: #000000; text-decoration: underline;\" title=\"Rentr\u00e9e sportive 2017-2018\" href=\"https:\/\/www.1ciedarcdevincennes.fr\/index.php\/actualites\/rentree-sportive-2017-2018\/\">Rentr\u00e9e sportive 2017-2018<\/a><\/span><\/span><\/li>\n<\/ul>\n<p>&nbsp;<\/p>\n<ul>\n<li><span style=\"color: #000000; text-decoration: underline;\"><span style=\"font-family: 'comic sans ms', sans-serif; font-size: 18pt;\"><a style=\"color: #000000; text-decoration: underline;\" title=\"Journ\u00e9e des associations\" href=\"https:\/\/www.1ciedarcdevincennes.fr\/index.php\/actualites\/journee-des-associations\">Journ\u00e9e des Associations le 9 septembre 2017<\/a><\/span><\/span><\/li>\n<\/ul>\n<p>&nbsp;<\/p>\n<ul>\n<li><span style=\"color: #000000; text-decoration: underline;\"><span style=\"font-family: 'comic sans ms', sans-serif; font-size: 18pt;\"><a style=\"color: #000000; text-decoration: underline;\" href=\"https:\/\/www.1ciedarcdevincennes.fr\/index.php\/actualites\/ouverture-du-prix-general-2017\/\">Prix G\u00e9n\u00e9ral 2017<\/a><\/span><\/span><\/li>\n<\/ul>\n<p>&nbsp;<\/p>\n<ul>\n<li><span style=\"color: #000000;\"><a style=\"color: #000000;\" title=\"Bouquet Provincial\" href=\"https:\/\/www.1ciedarcdevincennes.fr\/index.php\/actualites\/bouquet-provincial-le-21-mai-2017\"><span style=\"text-decoration: underline;\"><span style=\"font-family: comic sans ms,sans-serif; font-size: 18pt;\">Bouquet Provincial le 21 Mai 2017<\/span><\/span><\/a><\/span><\/li>\n<\/ul>\n<p>&nbsp;<\/p>\n<ul>\n<li><span style=\"color: #000000; font-family: 'comic sans ms',sans-serif; font-size: 18pt;\"><a style=\"color: #000000; text-decoration: underline;\" title=\"Prix G\u00e9n\u00e9raux 2017\" href=\"https:\/\/www.1ciedarcdevincennes.fr\/index.php\/actualites\/prix-generaux\/\">Prix G\u00e9n\u00e9raux du\u00a04 mars au 17 septembre 2017<\/a><\/span><\/li>\n<\/ul>\n<p>&nbsp;<\/p>\n<ul>\n<li><span style=\"color: #000000;\"><a style=\"color: #000000;\" title=\"Coupe Pag\u00e8s le 26 f\u00e9vrier 2017\" href=\"https:\/\/www.1ciedarcdevincennes.fr\/index.php\/actualites\/coupe-pages\/\"><span style=\"text-decoration: underline;\"><span style=\"font-family: 'comic sans ms', sans-serif; font-size: 18pt;\">Coupe Pag\u00e8s le 26 f\u00e9vrier 2017<\/span><\/span><\/a><\/span><\/li>\n<\/ul>\n<p>&nbsp;<\/p>\n<ul>\n<li><span style=\"color: #000000; text-decoration: underline;\"><em><span style=\"font-family: 'comic sans ms', sans-serif; font-size: 18pt;\"><a style=\"color: #000000; text-decoration: underline;\" title=\"Tir de la Saint S\u00e9bastien\" href=\"https:\/\/www.1ciedarcdevincennes.fr\/index.php\/actualites\/tir-en-lhonneur-de-saint-sebastien\">Tir de la Saint S\u00e9bastien le\u00a022 janvier\u00a02017<\/a><\/span><\/em><\/span><\/li>\n<\/ul>\n<p>&nbsp;<\/p>\n<ul>\n<li><span style=\"color: #000000;\"><em><span style=\"text-decoration: underline; font-size: 18pt; font-family: 'comic sans ms', sans-serif;\"><a style=\"color: #000000; text-decoration: underline;\" title=\"Concours d\u00e9partemental Salle du Val de Marne\" href=\"https:\/\/www.1ciedarcdevincennes.fr\/index.php\/actualites\/championnat-departemental-salle-du-val-de-marne\/\">Concours d\u00e9partemental Salle du Val de Marne\u00a0les 14 et 15 janvier 2017<\/a><\/span><\/em><\/span><\/li>\n<\/ul>\n<p>&nbsp;<\/p>\n<ul>\n<li><span style=\"color: #000000;\"><em><span style=\"text-decoration: underline;\"><span style=\"font-size: 18pt; font-family: 'comic sans ms', sans-serif;\"><a style=\"color: #000000; text-decoration: underline;\" title=\"Concours debutants de Rambouillet \" href=\"https:\/\/www.1ciedarcdevincennes.fr\/index.php\/actualites\/concours-debutants-a-rambouillet-le-15-janvier\/\">Concours d\u00e9butants \u00e0 Rambouillet le 15 janvier 2017<\/a><\/span><\/span><\/em><\/span><\/li>\n<\/ul>\n","protected":false},"excerpt":{"rendered":"<p>cliquer sur l&rsquo;\u00e9l\u00e9ment souhait\u00e9 pour voir appara\u00eetre l&rsquo;article correspondant Le mot du Capitaine &nbsp; Prix d&rsquo;Hiver 2017 &nbsp; R\u00e9sultats Concours Salle 2017 [&hellip;]<\/p>\n","protected":false},"author":1,"featured_media":0,"parent":1155,"menu_order":0,"comment_status":"closed","ping_status":"closed","template":"page-templates\/page_fullwidth.php","meta":{"_mc_calendar":[]},"_links":{"self":[{"href":"https:\/\/www.1ciedarcdevincennes.fr\/index.php\/wp-json\/wp\/v2\/pages\/1130"}],"collection":[{"href":"https:\/\/www.1ciedarcdevincennes.fr\/index.php\/wp-json\/wp\/v2\/pages"}],"about":[{"href":"https:\/\/www.1ciedarcdevincennes.fr\/index.php\/wp-json\/wp\/v2\/types\/page"}],"author":[{"embeddable":true,"href":"https:\/\/www.1ciedarcdevincennes.fr\/index.php\/wp-json\/wp\/v2\/users\/1"}],"replies":[{"embeddable":true,"href":"https:\/\/www.1ciedarcdevincennes.fr\/index.php\/wp-json\/wp\/v2\/comments?post=1130"}],"version-history":[{"count":9,"href":"https:\/\/www.1ciedarcdevincennes.fr\/index.php\/wp-json\/wp\/v2\/pages\/1130\/revisions"}],"predecessor-version":[{"id":1220,"href":"https:\/\/www.1ciedarcdevincennes.fr\/index.php\/wp-json\/wp\/v2\/pages\/1130\/revisions\/1220"}],"up":[{"embeddable":true,"href":"https:\/\/www.1ciedarcdevincennes.fr\/index.php\/wp-json\/wp\/v2\/pages\/1155"}],"wp:attachment":[{"href":"https:\/\/www.1ciedarcdevincennes.fr\/index.php\/wp-json\/wp\/v2\/media?parent=1130"}],"curies":[{"name":"wp","href":"https:\/\/api.w.org\/{rel}","templated":true}]}}