{"id":1155,"date":"2017-12-03T21:15:46","date_gmt":"2017-12-03T20:15:46","guid":{"rendered":"http:\/\/www.1ciedarcdevincennes.fr\/?page_id=1155"},"modified":"2020-02-07T13:47:41","modified_gmt":"2020-02-07T12:47:41","slug":"actualites","status":"publish","type":"page","link":"https:\/\/www.1ciedarcdevincennes.fr\/index.php\/actualites\/","title":{"rendered":"Actualit\u00e9s"},"content":{"rendered":"<ul>\n<li><a href=\"https:\/\/www.1ciedarcdevincennes.fr\/index.php\/actualites-2020\/\"><span style=\"font-family: comic sans ms, sans-serif; font-size: 18pt;\">Actualit\u00e9s 2020<\/span><\/a><\/li>\n<\/ul>\n<ul>\n<li><span style=\"font-family: comic sans ms, sans-serif; font-size: 18pt;\"><a title=\"Actualit\u00e9s 2019\" href=\"https:\/\/www.1ciedarcdevincennes.fr\/index.php\/actualites\/actualites-2019\/\">Actualit\u00e9s 2019<\/a><\/span><\/li>\n<\/ul>\n<ul>\n<li><a title=\"Actualit\u00e9s 2018\" href=\"https:\/\/www.1ciedarcdevincennes.fr\/index.php\/actualites\/actualites-2018\/\"><span style=\"font-family: comic sans ms,sans-serif; font-size: 18pt;\">Actualit\u00e9s 2018<\/span><\/a><\/li>\n<\/ul>\n<ul>\n<li><span style=\"font-family: comic sans ms, sans-serif; font-size: 18pt;\"><a title=\"Challenge 94 - Saison 2018-2019\" href=\"https:\/\/www.1ciedarcdevincennes.fr\/index.php\/challenge-94-saison-2018-2019\/\">Challenge 94 &#8211; Saison 2018-2019<\/a><\/span><\/li>\n<\/ul>\n<ul>\n<li><a title=\"Actualit\u00e9s 2017\" href=\"https:\/\/www.1ciedarcdevincennes.fr\/index.php\/actualites-2017\/\"><span style=\"font-family: comic sans ms,sans-serif; font-size: 18pt;\">Actualit\u00e9s 2017<\/span><\/a><\/li>\n<\/ul>\n<ul>\n<li><span style=\"font-family: comic sans ms,sans-serif; font-size: 18pt;\"><a href=\"https:\/\/www.1ciedarcdevincennes.fr\/index.php\/challenge-94-saison-2017-2018\/\">Challenge 94 &#8211; Saison 2017-2018<\/a><\/span><\/li>\n<\/ul>\n<ul>\n<li><a title=\"Actualit\u00e9s 2016\" href=\"https:\/\/www.1ciedarcdevincennes.fr\/index.php\/actualites-2016\/\"><span style=\"font-family: comic sans ms,sans-serif; font-size: 18pt;\">Actualit\u00e9s 2016<\/span><\/a><\/li>\n<\/ul>\n","protected":false},"excerpt":{"rendered":"<p>Actualit\u00e9s 2020 Actualit\u00e9s 2019 Actualit\u00e9s 2018 Challenge 94 &#8211; Saison 2018-2019 Actualit\u00e9s 2017 Challenge 94 &#8211; Saison 2017-2018 Actualit\u00e9s 2016<\/p>\n","protected":false},"author":1,"featured_media":0,"parent":0,"menu_order":0,"comment_status":"closed","ping_status":"closed","template":"page-templates\/page_fullwidth.php","meta":{"_mc_calendar":[]},"_links":{"self":[{"href":"https:\/\/www.1ciedarcdevincennes.fr\/index.php\/wp-json\/wp\/v2\/pages\/1155"}],"collection":[{"href":"https:\/\/www.1ciedarcdevincennes.fr\/index.php\/wp-json\/wp\/v2\/pages"}],"about":[{"href":"https:\/\/www.1ciedarcdevincennes.fr\/index.php\/wp-json\/wp\/v2\/types\/page"}],"author":[{"embeddable":true,"href":"https:\/\/www.1ciedarcdevincennes.fr\/index.php\/wp-json\/wp\/v2\/users\/1"}],"replies":[{"embeddable":true,"href":"https:\/\/www.1ciedarcdevincennes.fr\/index.php\/wp-json\/wp\/v2\/comments?post=1155"}],"version-history":[{"count":11,"href":"https:\/\/www.1ciedarcdevincennes.fr\/index.php\/wp-json\/wp\/v2\/pages\/1155\/revisions"}],"predecessor-version":[{"id":2229,"href":"https:\/\/www.1ciedarcdevincennes.fr\/index.php\/wp-json\/wp\/v2\/pages\/1155\/revisions\/2229"}],"wp:attachment":[{"href":"https:\/\/www.1ciedarcdevincennes.fr\/index.php\/wp-json\/wp\/v2\/media?parent=1155"}],"curies":[{"name":"wp","href":"https:\/\/api.w.org\/{rel}","templated":true}]}}