{"id":1161,"date":"2017-12-03T21:52:32","date_gmt":"2017-12-03T20:52:32","guid":{"rendered":"http:\/\/www.1ciedarcdevincennes.fr\/?page_id=1161"},"modified":"2017-12-19T09:59:44","modified_gmt":"2017-12-19T08:59:44","slug":"challenge-94-chevilly-recoit-vincennes-le-27-novembre-2017","status":"publish","type":"page","link":"https:\/\/www.1ciedarcdevincennes.fr\/index.php\/challenge-94-saison-2017-2018\/challenge-94-chevilly-recoit-vincennes-le-27-novembre-2017\/","title":{"rendered":"Challenge 94 : Elan Chevilly-Larue re\u00e7oit Vincennes le 27 Novembre 2017"},"content":{"rendered":"<p style=\"text-align: center;\"><img loading=\"lazy\" class=\" wp-image-1164 alignleft\" src=\"https:\/\/www.1ciedarcdevincennes.fr\/wp-content\/uploads\/2017\/12\/Match-Aller-Chevilly-1-e1512334216961-300x162.jpg\" alt=\"Match Aller Chevilly 1\" width=\"396\" height=\"214\" srcset=\"https:\/\/www.1ciedarcdevincennes.fr\/wp-content\/uploads\/2017\/12\/Match-Aller-Chevilly-1-e1512334216961-300x162.jpg 300w, https:\/\/www.1ciedarcdevincennes.fr\/wp-content\/uploads\/2017\/12\/Match-Aller-Chevilly-1-e1512334216961-768x415.jpg 768w, https:\/\/www.1ciedarcdevincennes.fr\/wp-content\/uploads\/2017\/12\/Match-Aller-Chevilly-1-e1512334216961-1024x554.jpg 1024w, https:\/\/www.1ciedarcdevincennes.fr\/wp-content\/uploads\/2017\/12\/Match-Aller-Chevilly-1-e1512334216961-830x449.jpg 830w, https:\/\/www.1ciedarcdevincennes.fr\/wp-content\/uploads\/2017\/12\/Match-Aller-Chevilly-1-e1512334216961-230x124.jpg 230w, https:\/\/www.1ciedarcdevincennes.fr\/wp-content\/uploads\/2017\/12\/Match-Aller-Chevilly-1-e1512334216961-350x189.jpg 350w, https:\/\/www.1ciedarcdevincennes.fr\/wp-content\/uploads\/2017\/12\/Match-Aller-Chevilly-1-e1512334216961-480x260.jpg 480w\" sizes=\"(max-width: 396px) 100vw, 396px\" \/><img loading=\"lazy\" class=\"wp-image-1166 alignright\" src=\"https:\/\/www.1ciedarcdevincennes.fr\/wp-content\/uploads\/2017\/12\/Match-Aller-Chevilly-2-e1512334143931-296x300.jpg\" alt=\"Match Aller Chevilly 2\" width=\"211\" height=\"214\" srcset=\"https:\/\/www.1ciedarcdevincennes.fr\/wp-content\/uploads\/2017\/12\/Match-Aller-Chevilly-2-e1512334143931-296x300.jpg 296w, https:\/\/www.1ciedarcdevincennes.fr\/wp-content\/uploads\/2017\/12\/Match-Aller-Chevilly-2-e1512334143931-768x778.jpg 768w, https:\/\/www.1ciedarcdevincennes.fr\/wp-content\/uploads\/2017\/12\/Match-Aller-Chevilly-2-e1512334143931-1011x1024.jpg 1011w, https:\/\/www.1ciedarcdevincennes.fr\/wp-content\/uploads\/2017\/12\/Match-Aller-Chevilly-2-e1512334143931-830x841.jpg 830w, https:\/\/www.1ciedarcdevincennes.fr\/wp-content\/uploads\/2017\/12\/Match-Aller-Chevilly-2-e1512334143931-230x233.jpg 230w, https:\/\/www.1ciedarcdevincennes.fr\/wp-content\/uploads\/2017\/12\/Match-Aller-Chevilly-2-e1512334143931-350x355.jpg 350w, https:\/\/www.1ciedarcdevincennes.fr\/wp-content\/uploads\/2017\/12\/Match-Aller-Chevilly-2-e1512334143931-480x486.jpg 480w, https:\/\/www.1ciedarcdevincennes.fr\/wp-content\/uploads\/2017\/12\/Match-Aller-Chevilly-2-e1512334143931.jpg 1836w\" sizes=\"(max-width: 211px) 100vw, 211px\" \/><\/p>\n<p style=\"text-align: center;\"><span style=\"font-family: comic sans ms,sans-serif; font-size: 14pt;\">Lundi 27 Novembre la Compagnie d&rsquo;Elan Chevilly-Larue \u00e0 re\u00e7u Vincennes pour le match aller dans le cadre du challenge 94.<\/span><\/p>\n<p style=\"text-align: center;\"><span style=\"font-family: comic sans ms,sans-serif; font-size: 14pt;\">Vincennes obtient une victoire avec 40 \u00e0 32. Un grand bravo a nos archers J\u00e9r\u00f4me Thomasson, Michel Allam et Rodolphe Choquet pour leur r\u00e9ussite !\u00a0<\/span><\/p>\n<p style=\"text-align: center;\"><span style=\"font-family: comic sans ms,sans-serif; font-size: 14pt;\">Rendez vous Mardi 12 D\u00e9cembre pour le match retour \u00e0 Vincennes.<\/span><\/p>\n","protected":false},"excerpt":{"rendered":"<p>Lundi 27 Novembre la Compagnie d&rsquo;Elan Chevilly-Larue \u00e0 re\u00e7u Vincennes pour le match aller dans le cadre du challenge 94. Vincennes obtient [&hellip;]<\/p>\n","protected":false},"author":1,"featured_media":0,"parent":1175,"menu_order":0,"comment_status":"closed","ping_status":"closed","template":"page-templates\/page_fullwidth.php","meta":{"_mc_calendar":[]},"_links":{"self":[{"href":"https:\/\/www.1ciedarcdevincennes.fr\/index.php\/wp-json\/wp\/v2\/pages\/1161"}],"collection":[{"href":"https:\/\/www.1ciedarcdevincennes.fr\/index.php\/wp-json\/wp\/v2\/pages"}],"about":[{"href":"https:\/\/www.1ciedarcdevincennes.fr\/index.php\/wp-json\/wp\/v2\/types\/page"}],"author":[{"embeddable":true,"href":"https:\/\/www.1ciedarcdevincennes.fr\/index.php\/wp-json\/wp\/v2\/users\/1"}],"replies":[{"embeddable":true,"href":"https:\/\/www.1ciedarcdevincennes.fr\/index.php\/wp-json\/wp\/v2\/comments?post=1161"}],"version-history":[{"count":9,"href":"https:\/\/www.1ciedarcdevincennes.fr\/index.php\/wp-json\/wp\/v2\/pages\/1161\/revisions"}],"predecessor-version":[{"id":1184,"href":"https:\/\/www.1ciedarcdevincennes.fr\/index.php\/wp-json\/wp\/v2\/pages\/1161\/revisions\/1184"}],"up":[{"embeddable":true,"href":"https:\/\/www.1ciedarcdevincennes.fr\/index.php\/wp-json\/wp\/v2\/pages\/1175"}],"wp:attachment":[{"href":"https:\/\/www.1ciedarcdevincennes.fr\/index.php\/wp-json\/wp\/v2\/media?parent=1161"}],"curies":[{"name":"wp","href":"https:\/\/api.w.org\/{rel}","templated":true}]}}