{"id":1175,"date":"2017-12-19T09:54:16","date_gmt":"2017-12-19T08:54:16","guid":{"rendered":"http:\/\/www.1ciedarcdevincennes.fr\/?page_id=1175"},"modified":"2018-02-19T19:35:05","modified_gmt":"2018-02-19T18:35:05","slug":"challenge-94-saison-2017-2018","status":"publish","type":"page","link":"https:\/\/www.1ciedarcdevincennes.fr\/index.php\/challenge-94-saison-2017-2018\/","title":{"rendered":"Challenge 94 &#8211; Saison 2017-2018"},"content":{"rendered":"<ul>\n<li><span style=\"font-family: 'comic sans ms', sans-serif; color: #000000;\"><a style=\"color: #000000;\" title=\"Challenge 94 : participation \u00e0 la finale du 17 f\u00e9vrier 2018\" href=\"https:\/\/www.1ciedarcdevincennes.fr\/index.php\/challenge-94-saison-2017-2018\/finale-du-challenge-interclubs-94\/\"><span style=\"font-size: 18pt;\">Challenge 94 : participation \u00e0 la finale du 17 f\u00e9vrier 2018<\/span><\/a><\/span><\/li>\n<\/ul>\n<p>&nbsp;<\/p>\n<ul>\n<li><span style=\"font-size: 18pt; font-family: 'comic sans ms', sans-serif; color: #000000;\"><a style=\"color: #000000;\" title=\"Challenge 94 : Vincennes recevait Villiers le 6 f\u00e9vrier 2018\" href=\"https:\/\/www.1ciedarcdevincennes.fr\/index.php\/challenge-94-saison-2017-2018\/challenge-94-vincennes-recevait-villiers-le-6-fevrier-2018\/\">Challenge 94 : Vincennes recevait Villiers le 6 f\u00e9vrier 2018<\/a><\/span><\/li>\n<\/ul>\n<p>&nbsp;<\/p>\n<ul>\n<li><span style=\"color: #000000;\"><a style=\"color: #000000;\" href=\"https:\/\/www.1ciedarcdevincennes.fr\/index.php\/challenge-94-saison-2017-2018\/challenge-94-vincennes-recoit-elan-chevilly-larue-le-12-decembre-2017\"><span style=\"font-family: comic sans ms,sans-serif; font-size: 18pt;\">Challenge 94 : Vincennes re\u00e7oit Elan Chevilly-Larue le 12 D\u00e9cembre 2017<\/span><\/a><\/span><\/li>\n<\/ul>\n<p>&nbsp;<\/p>\n<ul>\n<li><span style=\"color: #000000; font-family: comic sans ms,sans-serif; font-size: 18pt;\"><a class=\"row-title\" style=\"color: #000000;\" href=\"https:\/\/www.1ciedarcdevincennes.fr\/index.php\/challenge-94-saison-2017-2018\/challenge-94-chevilly-recoit-vincennes-le-27-novembre-2017\">Challenge 94 : Elan Chevilly-Larue re\u00e7oit Vincennes le 27 Novembre 2017<\/a><\/span><\/li>\n<\/ul>\n<p>&nbsp;<\/p>\n<ul>\n<li><span style=\"color: #000000; font-family: comic sans ms,sans-serif; font-size: 18pt;\"><a class=\"row-title\" style=\"color: #000000;\" href=\"https:\/\/www.1ciedarcdevincennes.fr\/index.php\/challenge-94-saison-2017-2018\/challenge-94-villiers-recoit-vincennes-le-16-novembre-2017\">Challenge 94 : Villiers re\u00e7oit Vincennes le 16 Novembre 2017<\/a><\/span><\/li>\n<\/ul>\n<p>&nbsp;<\/p>\n<ul>\n<li><span style=\"color: #000000; font-family: comic sans ms,sans-serif; font-size: 18pt;\"><a class=\"row-title\" style=\"color: #000000;\" href=\"https:\/\/www.1ciedarcdevincennes.fr\/index.php\/challenge-94-saison-2017-2018\/challenge-94-vincennes-recoit-vitry-le-2-novembre-2017\">Challenge 94 : Vincennes re\u00e7oit Vitry le 2 Novembre 2017<\/a><\/span><\/li>\n<\/ul>\n","protected":false},"excerpt":{"rendered":"<p>Challenge 94 : participation \u00e0 la finale du 17 f\u00e9vrier 2018 &nbsp; Challenge 94 : Vincennes recevait Villiers le 6 f\u00e9vrier 2018 [&hellip;]<\/p>\n","protected":false},"author":1,"featured_media":0,"parent":0,"menu_order":0,"comment_status":"closed","ping_status":"closed","template":"page-templates\/page_fullwidth.php","meta":{"_mc_calendar":[]},"_links":{"self":[{"href":"https:\/\/www.1ciedarcdevincennes.fr\/index.php\/wp-json\/wp\/v2\/pages\/1175"}],"collection":[{"href":"https:\/\/www.1ciedarcdevincennes.fr\/index.php\/wp-json\/wp\/v2\/pages"}],"about":[{"href":"https:\/\/www.1ciedarcdevincennes.fr\/index.php\/wp-json\/wp\/v2\/types\/page"}],"author":[{"embeddable":true,"href":"https:\/\/www.1ciedarcdevincennes.fr\/index.php\/wp-json\/wp\/v2\/users\/1"}],"replies":[{"embeddable":true,"href":"https:\/\/www.1ciedarcdevincennes.fr\/index.php\/wp-json\/wp\/v2\/comments?post=1175"}],"version-history":[{"count":11,"href":"https:\/\/www.1ciedarcdevincennes.fr\/index.php\/wp-json\/wp\/v2\/pages\/1175\/revisions"}],"predecessor-version":[{"id":1390,"href":"https:\/\/www.1ciedarcdevincennes.fr\/index.php\/wp-json\/wp\/v2\/pages\/1175\/revisions\/1390"}],"wp:attachment":[{"href":"https:\/\/www.1ciedarcdevincennes.fr\/index.php\/wp-json\/wp\/v2\/media?parent=1175"}],"curies":[{"name":"wp","href":"https:\/\/api.w.org\/{rel}","templated":true}]}}