{"id":1177,"date":"2017-12-19T09:55:44","date_gmt":"2017-12-19T08:55:44","guid":{"rendered":"http:\/\/www.1ciedarcdevincennes.fr\/?page_id=1177"},"modified":"2017-12-19T10:05:55","modified_gmt":"2017-12-19T09:05:55","slug":"challenge-94-vincennes-recoit-elan-chevilly-larue-le-12-decembre-2017","status":"publish","type":"page","link":"https:\/\/www.1ciedarcdevincennes.fr\/index.php\/challenge-94-saison-2017-2018\/challenge-94-vincennes-recoit-elan-chevilly-larue-le-12-decembre-2017\/","title":{"rendered":"Challenge 94 : Vincennes re\u00e7oit Elan Chevilly-Larue le 12 D\u00e9cembre 2017"},"content":{"rendered":"<p style=\"text-align: justify;\"><span style=\"font-family: comic sans ms,sans-serif; font-size: 14pt;\"><img loading=\"lazy\" class=\"wp-image-1180 alignleft\" src=\"https:\/\/www.1ciedarcdevincennes.fr\/wp-content\/uploads\/2017\/12\/Challenge-94_-Chevilly-Match-retour-e1513674062274-267x300.png\" alt=\"Challenge 94_ Chevilly Match retour\" width=\"362\" height=\"407\" srcset=\"https:\/\/www.1ciedarcdevincennes.fr\/wp-content\/uploads\/2017\/12\/Challenge-94_-Chevilly-Match-retour-e1513674062274-267x300.png 267w, https:\/\/www.1ciedarcdevincennes.fr\/wp-content\/uploads\/2017\/12\/Challenge-94_-Chevilly-Match-retour-e1513674062274-768x864.png 768w, https:\/\/www.1ciedarcdevincennes.fr\/wp-content\/uploads\/2017\/12\/Challenge-94_-Chevilly-Match-retour-e1513674062274-910x1024.png 910w, https:\/\/www.1ciedarcdevincennes.fr\/wp-content\/uploads\/2017\/12\/Challenge-94_-Chevilly-Match-retour-e1513674062274-830x934.png 830w, https:\/\/www.1ciedarcdevincennes.fr\/wp-content\/uploads\/2017\/12\/Challenge-94_-Chevilly-Match-retour-e1513674062274-230x259.png 230w, https:\/\/www.1ciedarcdevincennes.fr\/wp-content\/uploads\/2017\/12\/Challenge-94_-Chevilly-Match-retour-e1513674062274-350x394.png 350w, https:\/\/www.1ciedarcdevincennes.fr\/wp-content\/uploads\/2017\/12\/Challenge-94_-Chevilly-Match-retour-e1513674062274-480x540.png 480w\" sizes=\"(max-width: 362px) 100vw, 362px\" \/><\/span><\/p>\n<p style=\"text-align: justify;\"><span style=\"color: #ffffff;\">&#8211;<\/span><\/p>\n<p style=\"text-align: justify;\"><span style=\"font-family: comic sans ms,sans-serif; font-size: 14pt;\">Mardi 12 d\u00e9cembre, nous avons eu le plaisir de recevoir pour le match retour les archers d\u2019Elan Chevilly-Larue dans le cadre du challenge 94 (division D2B).<\/span><\/p>\n<p style=\"text-align: justify;\"><span style=\"color: #ffffff;\">&#8211;<\/span><\/p>\n<p style=\"text-align: justify;\"><span style=\"font-family: comic sans ms,sans-serif; font-size: 14pt;\">Belle victoire de Vincennes (52 \u00e0 20) lors de ce match \u00e0 Benedetti\u00a0!<\/span><\/p>\n<p style=\"text-align: justify;\"><span style=\"font-family: comic sans ms,sans-serif; font-size: 14pt;\">Bravo \u00e0 Luck, Julien et J\u00e9r\u00f4me qui ont tr\u00e8s bien perform\u00e9 sur le tir ainsi qu\u2019\u00e0 Emilie et Anthony qui ont pr\u00e9par\u00e9 l\u2019excellent repas d\u00e9gust\u00e9 apr\u00e8s le match dans la bonne humeur au logis.<\/span><\/p>\n<p style=\"text-align: justify;\"><span style=\"color: #ffffff;\">&#8211;<\/span><\/p>\n<p style=\"text-align: justify;\"><span style=\"font-family: comic sans ms,sans-serif; font-size: 14pt;\">Sur 4 matchs d\u00e9j\u00e0 r\u00e9alis\u00e9s nous en avons gagn\u00e9 2.<\/span><\/p>\n<p style=\"text-align: justify;\"><span style=\"font-family: comic sans ms,sans-serif; font-size: 14pt;\">Il reste donc \u00e0 perform\u00e9 sur les 2 derniers matchs retour pr\u00e9vus en janvier 2018, l\u2019un avec VITRY o\u00f9 nous nous rendrons, \u00a0l\u2019autre avec VILLIERS que nous recevrons.<\/span><\/p>\n","protected":false},"excerpt":{"rendered":"<p>&#8211; Mardi 12 d\u00e9cembre, nous avons eu le plaisir de recevoir pour le match retour les archers d\u2019Elan Chevilly-Larue dans le cadre [&hellip;]<\/p>\n","protected":false},"author":1,"featured_media":0,"parent":1175,"menu_order":0,"comment_status":"closed","ping_status":"closed","template":"page-templates\/page_fullwidth.php","meta":{"_mc_calendar":[]},"_links":{"self":[{"href":"https:\/\/www.1ciedarcdevincennes.fr\/index.php\/wp-json\/wp\/v2\/pages\/1177"}],"collection":[{"href":"https:\/\/www.1ciedarcdevincennes.fr\/index.php\/wp-json\/wp\/v2\/pages"}],"about":[{"href":"https:\/\/www.1ciedarcdevincennes.fr\/index.php\/wp-json\/wp\/v2\/types\/page"}],"author":[{"embeddable":true,"href":"https:\/\/www.1ciedarcdevincennes.fr\/index.php\/wp-json\/wp\/v2\/users\/1"}],"replies":[{"embeddable":true,"href":"https:\/\/www.1ciedarcdevincennes.fr\/index.php\/wp-json\/wp\/v2\/comments?post=1177"}],"version-history":[{"count":5,"href":"https:\/\/www.1ciedarcdevincennes.fr\/index.php\/wp-json\/wp\/v2\/pages\/1177\/revisions"}],"predecessor-version":[{"id":1189,"href":"https:\/\/www.1ciedarcdevincennes.fr\/index.php\/wp-json\/wp\/v2\/pages\/1177\/revisions\/1189"}],"up":[{"embeddable":true,"href":"https:\/\/www.1ciedarcdevincennes.fr\/index.php\/wp-json\/wp\/v2\/pages\/1175"}],"wp:attachment":[{"href":"https:\/\/www.1ciedarcdevincennes.fr\/index.php\/wp-json\/wp\/v2\/media?parent=1177"}],"curies":[{"name":"wp","href":"https:\/\/api.w.org\/{rel}","templated":true}]}}