{"id":1202,"date":"2018-01-04T19:59:57","date_gmt":"2018-01-04T18:59:57","guid":{"rendered":"http:\/\/www.1ciedarcdevincennes.fr\/?page_id=1202"},"modified":"2018-01-04T20:10:47","modified_gmt":"2018-01-04T19:10:47","slug":"les-fleches","status":"publish","type":"page","link":"https:\/\/www.1ciedarcdevincennes.fr\/index.php\/decouverte-du-tir-a-larc\/les-fleches\/","title":{"rendered":"Les fl\u00e8ches"},"content":{"rendered":"<p style=\"text-align: justify;\"><span style=\"font-family: 'comic sans ms', sans-serif; font-size: 14pt;\">Avec l&rsquo;aimable autorisation de la FFTA<\/span><\/p>\n<p style=\"text-align: justify;\"><span style=\"font-family: 'comic sans ms', sans-serif; font-size: 14pt;\"><em>Source<\/em> <a href=\"http:\/\/www.ffta.fr\/pratiquer\/le-materiel\/les-fleches\" target=\"_blank\">http:\/\/www.ffta.fr\/pratiquer\/le-materiel\/les-fleches<\/a><\/span><\/p>\n<h3><span class=\"content\" style=\"font-family: 'comic sans ms', sans-serif; font-size: 14pt;\">Anatomie d&rsquo;une fl\u00e8che<\/span><\/h3>\n<p style=\"text-align: justify;\"><img loading=\"lazy\" class=\"aligncenter size-full wp-image-1203\" src=\"https:\/\/www.1ciedarcdevincennes.fr\/wp-content\/uploads\/2017\/12\/materiel-fleches.jpg\" alt=\"materiel-fleches\" width=\"811\" height=\"274\" srcset=\"https:\/\/www.1ciedarcdevincennes.fr\/wp-content\/uploads\/2017\/12\/materiel-fleches.jpg 811w, https:\/\/www.1ciedarcdevincennes.fr\/wp-content\/uploads\/2017\/12\/materiel-fleches-300x101.jpg 300w, https:\/\/www.1ciedarcdevincennes.fr\/wp-content\/uploads\/2017\/12\/materiel-fleches-768x259.jpg 768w, https:\/\/www.1ciedarcdevincennes.fr\/wp-content\/uploads\/2017\/12\/materiel-fleches-230x78.jpg 230w, https:\/\/www.1ciedarcdevincennes.fr\/wp-content\/uploads\/2017\/12\/materiel-fleches-350x118.jpg 350w, https:\/\/www.1ciedarcdevincennes.fr\/wp-content\/uploads\/2017\/12\/materiel-fleches-480x162.jpg 480w\" sizes=\"(max-width: 811px) 100vw, 811px\" \/><\/p>\n<p style=\"text-align: justify;\"><span style=\"font-family: 'comic sans ms', sans-serif; font-size: 14pt;\">Une fl\u00e8che, telle qu&rsquo;elle est utilis\u00e9e au tir \u00e0 l&rsquo;arc, comprend\u00a0<strong>4 accessoires indissociables<\/strong>\u00a0:\u00a0<\/span><\/p>\n<ol style=\"text-align: justify;\">\n<li><span style=\"font-family: 'comic sans ms', sans-serif; font-size: 14pt;\"><strong>Une encoche<\/strong>. Elle permet de clipser la fl\u00e8che sur la corde. En plastique, elle se trouve \u00e0 l&rsquo;extr\u00e9mit\u00e9 de la fl\u00e8che.<\/span><\/li>\n<li><span style=\"font-family: 'comic sans ms', sans-serif; font-size: 14pt;\"><strong>Des plumes (trois)<\/strong>. Coll\u00e9es directement sur le tube, elles servent de gouvernail \u00e0 la fl\u00e8che lorsque celle-ci est propuls\u00e9e vers la cible.\u00a0<\/span><\/li>\n<li><span style=\"font-family: 'comic sans ms', sans-serif; font-size: 14pt;\"><strong>Un tube<\/strong>. C&rsquo;est le coeur de la fl\u00e8che et\u00a0sa longueur est d\u00e9termin\u00e9e le plus souvent par l&rsquo;allonge de l&rsquo;archer.<\/span><\/li>\n<li><span style=\"font-family: 'comic sans ms', sans-serif; font-size: 14pt;\"><strong>Une pointe<\/strong>. De forme conique, ins\u00e9r\u00e9e ou coll\u00e9e dans le tube,\u00a0c&rsquo;est la partie de la fl\u00e8che qui p\u00e9n\u00e8tre\u00a0la cible en premier.<\/span><\/li>\n<\/ol>\n<h3 class=\"col-xs-12 entity entity-paragraphs-item paragraphs-item-title-h3\" style=\"text-align: justify;\"><span class=\"content\" style=\"font-family: 'comic sans ms', sans-serif; font-size: 14pt;\">Les principaux mat\u00e9riaux<\/span><\/h3>\n<div class=\"col-xs-12 entity entity-paragraphs-item paragraphs-item-wysiwyg\">\n<p style=\"text-align: justify;\"><span style=\"font-family: 'comic sans ms', sans-serif; font-size: 14pt;\">Plut\u00f4t que de parler imm\u00e9diatement de \u00ab\u00a0fl\u00e8che\u00a0\u00bb, utilisons plut\u00f4t le terme de \u00ab\u00a0tube\u00a0\u00bb ou de \u00ab\u00a0f\u00fbt\u00a0\u00bb, c&rsquo;est-\u00e0-dire une fl\u00e8che sans ses plumes, sa pointe et son encoche. Ces accessoires seront ajout\u00e9s apr\u00e8s : mises \u00e0 part les fl\u00e8ches achet\u00e9es toutes pr\u00eates en magasin, plut\u00f4t destin\u00e9es \u00e0 l&rsquo;initiation et \u00e0 l&rsquo;apprentissage,\u00a0les archers pr\u00e9f\u00e9rent s&rsquo;occuper\u00a0eux-m\u00eames de combiner tous ces accessoires avec leurs couleurs.<\/span><\/p>\n<p style=\"text-align: justify;\"><span style=\"font-family: 'comic sans ms', sans-serif; font-size: 14pt;\">On distingue 4 mat\u00e9riaux principaux\u00a0utilis\u00e9s pour la fabrication des tubes\u00a0:\u00a0<\/span><\/p>\n<ul style=\"text-align: justify;\">\n<li><span style=\"font-family: 'comic sans ms', sans-serif; font-size: 14pt;\"><strong>En bois<\/strong>, plut\u00f4t utilis\u00e9 par les archers qui tirent en \u00ab\u00a0arc droit\u00a0\u00bb.<\/span><\/li>\n<li><span style=\"font-family: 'comic sans ms', sans-serif; font-size: 14pt;\"><strong>En aluminium<\/strong>, pour le tir en salle de pr\u00e9f\u00e9rence et \u00e9ventuellement pour l&rsquo;initiation.<\/span><\/li>\n<li><span style=\"font-family: 'comic sans ms', sans-serif; font-size: 14pt;\"><strong>En carbone<\/strong>, pour toutes les disciplines et \u00e9ventuellement pour l&rsquo;initiation.<\/span><\/li>\n<li><span style=\"font-family: 'comic sans ms', sans-serif; font-size: 14pt;\"><strong>En aluminium-carbone<\/strong>\u00a0pour toutes les disciplines, pour les tireurs confirm\u00e9s de pr\u00e9f\u00e9rence.<\/span><\/li>\n<\/ul>\n<h3 class=\"col-xs-12 entity entity-paragraphs-item paragraphs-item-title-h3\" style=\"text-align: justify;\"><img loading=\"lazy\" class=\"aligncenter size-full wp-image-1205\" src=\"https:\/\/www.1ciedarcdevincennes.fr\/wp-content\/uploads\/2017\/12\/types-fleches.jpg\" alt=\"types-fleches\" width=\"831\" height=\"755\" srcset=\"https:\/\/www.1ciedarcdevincennes.fr\/wp-content\/uploads\/2017\/12\/types-fleches.jpg 831w, https:\/\/www.1ciedarcdevincennes.fr\/wp-content\/uploads\/2017\/12\/types-fleches-300x273.jpg 300w, https:\/\/www.1ciedarcdevincennes.fr\/wp-content\/uploads\/2017\/12\/types-fleches-768x698.jpg 768w, https:\/\/www.1ciedarcdevincennes.fr\/wp-content\/uploads\/2017\/12\/types-fleches-830x754.jpg 830w, https:\/\/www.1ciedarcdevincennes.fr\/wp-content\/uploads\/2017\/12\/types-fleches-230x209.jpg 230w, https:\/\/www.1ciedarcdevincennes.fr\/wp-content\/uploads\/2017\/12\/types-fleches-350x318.jpg 350w, https:\/\/www.1ciedarcdevincennes.fr\/wp-content\/uploads\/2017\/12\/types-fleches-480x436.jpg 480w\" sizes=\"(max-width: 831px) 100vw, 831px\" \/><\/h3>\n<h3 class=\"col-xs-12 entity entity-paragraphs-item paragraphs-item-title-h3\" style=\"text-align: justify;\"><span class=\"content\" style=\"font-family: 'comic sans ms', sans-serif; font-size: 14pt;\">Les accessoires de la fl\u00e8che<\/span><\/h3>\n<div class=\"col-xs-12 entity entity-paragraphs-item paragraphs-item-wysiwyg\" style=\"text-align: justify;\">\n<p>&nbsp;<\/p>\n<p><span style=\"font-family: 'comic sans ms', sans-serif; font-size: 14pt;\"><strong>L&rsquo;encoche<\/strong><\/span><\/p>\n<p><span style=\"font-family: 'comic sans ms', sans-serif; font-size: 14pt;\">L\u2019encoche, cette petite partie en plastique, est suppos\u00e9e transmettre \u00e0 la fl\u00e8che une quantit\u00e9 d\u2019\u00e9nergie, identique \u00e0 chaque tir, n\u00e9cessaire pour la guider dans la m\u00eame direction, encore et encore. Les encoches doivent donc avoir des caract\u00e9ristiques de forme et de duret\u00e9 tr\u00e8s pr\u00e9cises, r\u00e9sister aux chocs, \u00eatre efficaces dans des conditions de chaleur et de froid, mais elles doivent surtout prot\u00e9ger vos tubes \u2013 tr\u00e8s couteux \u2013 des impacts arri\u00e8res.<\/span><\/p>\n<p><span style=\"font-family: 'comic sans ms', sans-serif; font-size: 14pt;\">A l\u2019heure actuelle, les encoches de premi\u00e8re qualit\u00e9\u00a0sont un v\u00e9ritable concentr\u00e9 d\u2019ing\u00e9nierie utilisant les mat\u00e9riaux les plus avanc\u00e9s en termes de technologie, vous apportant l\u2019assurance des meilleurs groupements possibles en cible.<\/span><\/p>\n<p><span style=\"font-family: 'comic sans ms', sans-serif; font-size: 14pt;\">Bien que les encoches sont fabriqu\u00e9es pour r\u00e9sister \u00e0 des forces importantes, elles ne sont pas pour autant indestructibles. Une inspection minutieuse apr\u00e8s chaque entrainement, chaque comp\u00e9tition, et apr\u00e8s chaque choc, est n\u00e9cessaire. Ensuite, il ne faut surtout pas exposer vos encoches (qui sont faites en polycarbonate) \u00e0 des produits chimiques type solvant, essence&#8230; Les pinces et autres outils (vos dents par exemple\u00a0!) ne doivent pas vous servir \u00e0 installer ou \u00e0 tourner vos encoches dans vos fl\u00e8ches.<\/span><\/p>\n<p>&nbsp;<\/p>\n<\/div>\n<div class=\"col-xs-12 entity entity-paragraphs-item paragraphs-item-wysiwyg\">\n<p style=\"text-align: justify;\"><span style=\"font-family: 'comic sans ms', sans-serif; font-size: 14pt;\"><strong>Les plumes<\/strong><\/span><\/p>\n<p style=\"text-align: justify;\"><span style=\"font-family: 'comic sans ms', sans-serif; font-size: 14pt;\">Au nombre de 3 et directement coll\u00e9es sur le tube \u00e0 \u00e9quidistance, les plumes servent de gouvernail. Autrement dit, tirer une fl\u00e8che sans ses plumes \u00e9quivaut \u00e0 un vol erratique\u00a0vers la cible. On distingue deux mati\u00e8res principales \u00e0 la base de la fabrication des plumes : les plumes d&rsquo;oiseaux sinon\u00a0synth\u00e9tiques ou le plastique.\u00a0<\/span><\/p>\n<p style=\"text-align: justify;\"><span style=\"font-family: 'comic sans ms', sans-serif; font-size: 14pt;\">Lorsqu&rsquo;on d\u00e9bute, les archers apprennent \u00e0 distinguer la\u00a0<strong>plume coq<\/strong>\u00a0des\u00a0<strong>plumes poules<\/strong>. D&rsquo;une mani\u00e8re g\u00e9n\u00e9rale, pour l&rsquo;initiation, la plume coq et les plumes poules ne sont pas de la m\u00eame couleur. Cette disposition sp\u00e9cifique permet \u00e0 la fl\u00e8che, lorsqu&rsquo;elle est encoch\u00e9e sur la corde, de se d\u00e9gager parfaitement de la fen\u00eatre de l&rsquo;arc. Cette distinction est basique car\u00a0peu d&rsquo;archers,\u00a0une fois leur initiation termin\u00e9e, cherchent \u00e0 diff\u00e9rencier encore la couleur de la plume coq des couleurs des plumes poules.<\/span><\/p>\n<p style=\"text-align: justify;\"><img loading=\"lazy\" class=\"aligncenter size-full wp-image-1207\" src=\"https:\/\/www.1ciedarcdevincennes.fr\/wp-content\/uploads\/2017\/12\/types-de-plumes.jpg\" alt=\"types-de-plumes\" width=\"813\" height=\"255\" srcset=\"https:\/\/www.1ciedarcdevincennes.fr\/wp-content\/uploads\/2017\/12\/types-de-plumes.jpg 813w, https:\/\/www.1ciedarcdevincennes.fr\/wp-content\/uploads\/2017\/12\/types-de-plumes-300x94.jpg 300w, https:\/\/www.1ciedarcdevincennes.fr\/wp-content\/uploads\/2017\/12\/types-de-plumes-768x241.jpg 768w, https:\/\/www.1ciedarcdevincennes.fr\/wp-content\/uploads\/2017\/12\/types-de-plumes-230x72.jpg 230w, https:\/\/www.1ciedarcdevincennes.fr\/wp-content\/uploads\/2017\/12\/types-de-plumes-350x110.jpg 350w, https:\/\/www.1ciedarcdevincennes.fr\/wp-content\/uploads\/2017\/12\/types-de-plumes-480x151.jpg 480w\" sizes=\"(max-width: 813px) 100vw, 813px\" \/><\/p>\n<p style=\"text-align: justify;\"><span style=\"font-family: 'comic sans ms', sans-serif; font-size: 14pt;\">Pour choisir correctement ses plumes, il est important de savoir comment chaque type agit sur la fl\u00e8che. Lorsqu\u2019elle quitte l\u2019arc, la fl\u00e8che ne part jamais dans un axe droit pour plusieurs raisons comme le manque de r\u00e9gularit\u00e9 dans la fa\u00e7on de tirer ou bien \u00e0 cause du paradoxe de l\u2019archer pour un arc classique. Les plumes vont alors servir \u00e0 stabiliser la fl\u00e8che dans la bonne direction gr\u00e2ce aux forces de frottements qui vont s\u2019appliquer. On en d\u00e9duit alors facilement que plus les plumes ont une grande surface, mieux et plus vite les fl\u00e8ches se stabiliseront. Mais, d\u2019un autre c\u00f4t\u00e9, il n\u2019est pas n\u00e9cessaire ni recommand\u00e9 de tout le temps utiliser de grandes plumes puisqu\u2019il faut aussi adapter ces derni\u00e8res \u00e0 la discipline que l\u2019on pratique.<\/span><\/p>\n<ul style=\"text-align: justify;\">\n<li><span style=\"font-family: 'comic sans ms', sans-serif; font-size: 14pt;\">Concernant les diff\u00e9rents types de plumes, celles en\u00a0<strong>plastique<\/strong>\u00a0sont celles de base, elles remplissent leur r\u00f4le qui est de stabiliser la fl\u00e8che sans en faire plus.<\/span><\/li>\n<li><span style=\"font-family: 'comic sans ms', sans-serif; font-size: 14pt;\">Les\u00a0<strong>plumes naturelles\u00a0<\/strong>ont cette particularit\u00e9 de ne pas avoir de surface aussi lisse\u00a0que celles en plastique. L\u2019air s\u2019\u00e9coulera donc moins facilement le long des plumes, ce qui aura pour effet de ralentir un petit peu plus la fl\u00e8che et donc lui donner plus de temps pour se stabiliser.<\/span><\/li>\n<li><span style=\"font-family: 'comic sans ms', sans-serif; font-size: 14pt;\">Pour finir, les plumes dites\u00a0<strong>spiral\u00e9es<\/strong>\u00a0vont faire tourner la fl\u00e8che beaucoup plus rapidement et donc la stabiliser plus vite.<\/span><\/li>\n<\/ul>\n<\/div>\n<p style=\"text-align: justify;\"><img loading=\"lazy\" class=\"aligncenter size-full wp-image-1208\" src=\"https:\/\/www.1ciedarcdevincennes.fr\/wp-content\/uploads\/2017\/12\/vol_fleches-e1514022600221.jpg\" alt=\"vol_fleches\" width=\"450\" height=\"300\" \/><\/p>\n<div class=\"col-xs-12 entity entity-paragraphs-item paragraphs-item-wysiwyg\">\n<p style=\"text-align: justify;\"><span style=\"font-family: 'comic sans ms', sans-serif; font-size: 14pt;\"><strong>Lors d\u2019un tir en salle<\/strong>, le temps de vol de la fl\u00e8che est tr\u00e8s court en raison de la courte distance\u00a0: 18 m\u00e8tres. Il est alors important de stabiliser cette derni\u00e8re au plus vite (en cas d\u2019erreur de tir) car si elle ne l\u2019est pas avant d\u2019atteindre la cible, vous perdrez de pr\u00e9cieux points. L\u2019utilisation de grandes plumes est alors fortement recommand\u00e9e. Pour les arcs tr\u00e8s rapides (arc \u00e0 poulies, arc classique tr\u00e8s puissant) l\u2019utilisation de plumes naturelles aura un avantage pas toujours n\u00e9gligeable pour les raisons cit\u00e9es plus haut. N\u00e9anmoins, l\u2019utilisation de petites plumes peut se faire \u00e0 condition d\u2019avoir un tir r\u00e9gulier et un arc tr\u00e8s bien r\u00e9gl\u00e9. Dans ce dernier, l\u2019utilisation de plumes spiral\u00e9es compensera en partie leur petite taille.<\/span><\/p>\n<p style=\"text-align: justify;\"><span style=\"font-family: 'comic sans ms', sans-serif; font-size: 14pt;\"><strong>En ext\u00e9rieur (4 distances, 70m, 50m)<\/strong>, avoir de grandes plumes devient g\u00eanant pour deux raisons\u00a0: leur masse qui fait perdre de la vitesse \u00e0 la fl\u00e8che mais aussi la prise au vent importante qui risque de d\u00e9vier fortement\u00a0les fl\u00e8ches. Dans ce type de discipline, utiliser de petites plumes en plastique ou bien spiral\u00e9es est le meilleur choix.<\/span><\/p>\n<p style=\"text-align: justify;\"><span style=\"font-family: 'comic sans ms', sans-serif; font-size: 14pt;\"><strong>Pour les disciplines de parcours<\/strong>, les distances variant beaucoup (de 5 \u00e0 60m) il sera alors n\u00e9cessaire de bien prendre en compte votre niveau de tir pour trouver le meilleur compromis possible, dans le but d\u2019avoir des fl\u00e8ches bien stabilis\u00e9es sur les courtes distances tout en ayant des plumes relativement petites et donc de ne pas \u00eatre p\u00e9nalis\u00e9 lors de mauvaises conditions m\u00e9t\u00e9orologiques.<\/span><\/p>\n<p style=\"text-align: justify;\"><span style=\"font-family: 'comic sans ms', sans-serif; font-size: 14pt;\"><strong>La pointe<\/strong><\/span><\/p>\n<p style=\"text-align: justify;\"><span style=\"font-family: 'comic sans ms', sans-serif; font-size: 14pt;\">Situ\u00e9e \u00e0 l&rsquo;extr\u00e9mit\u00e9 de la fl\u00e8che (et \u00e0 l&rsquo;oppos\u00e9e de l&rsquo;encoche), la pointe est la partie de la fl\u00e8che qui p\u00e9n\u00e9trera la cible en premier. Contrairement aux id\u00e9es re\u00e7ues, les pointes\u00a0n&rsquo;ont pas besoin d&rsquo;\u00eatre affut\u00e9es, comme cela peut \u00eatre le cas en chasse \u00e0 l&rsquo;arc.\u00a0<\/span><\/p>\n<p style=\"text-align: justify;\"><span style=\"font-family: 'comic sans ms', sans-serif; font-size: 14pt;\">Ins\u00e9r\u00e9es directement dans le\u00a0tube \u00e0 l&rsquo;aide de r\u00e9sine, de colle,\u00a0ou bien vis\u00e9es \u00e0 un insert qui sera coll\u00e9 dans le tube, le poids d&rsquo;une pointe est variable d&rsquo;un jeu de fl\u00e8ches \u00e0 l&rsquo;autre. Lors de l&rsquo;achat de vos premiers tubes &#8211; nus &#8211; il faudra donc consid\u00e9rer le poids de la pointe : plus une pointe est l\u00e9g\u00e8re, plus elle aura tendance \u00e0 rigidifier le tube de la fl\u00e8che en vol.<\/span><\/p>\n<p style=\"text-align: justify;\"><img loading=\"lazy\" class=\"aligncenter size-full wp-image-1209\" src=\"https:\/\/www.1ciedarcdevincennes.fr\/wp-content\/uploads\/2017\/12\/exemples-de-pointes-e1514022552955.jpg\" alt=\"exemples-de-pointes\" width=\"450\" height=\"300\" \/><\/p>\n<p style=\"text-align: justify;\"><span style=\"font-family: 'comic sans ms', sans-serif; font-size: 14pt;\"><strong>Pourquoi utiliser des pointes qui p\u00e8sent environ 30% de la masse totale de la fl\u00e8che\u00a0?<\/strong><\/span><\/p>\n<p style=\"text-align: justify;\"><span style=\"font-family: 'comic sans ms', sans-serif; font-size: 14pt;\">Commen\u00e7ons par casser un mythe\u00a0: chercher \u00e0 avoir la fl\u00e8che la plus l\u00e9g\u00e8re possible afin d\u2019obtenir la plus grande vitesse possible n\u2019est pas primordial. Plus la vitesse de la fl\u00e8che est importante, plus le temps durant lequel elle est soumise \u00e0 conditions ext\u00e9rieures (vents, pluie \u2026) va \u00eatre court\u00a0: on va gagner en stabilit\u00e9. Mais la vitesse ne fait pas tout dans la mesure o\u00f9 la masse joue aussi son r\u00f4le car elle va augmenter l\u2019inertie\u00a0de la fl\u00e8che. Le but va \u00eatre de trouver le meilleur compromis au niveau de la masse totale de la fl\u00e8che en modulant la pointe pour avoir suffisamment d\u2019inertie sans perdre trop de vitesse, ce qui lui permettra de mieux r\u00e9sister \u00e0 la prise au vent.<\/span><\/p>\n<p style=\"text-align: justify;\"><span style=\"font-family: 'comic sans ms', sans-serif; font-size: 14pt;\">Seconde raison pour laquelle la masse de la pointe pr\u00e9sente avantage\u00a0: l\u2019\u00e9quilibre de la fl\u00e8che. Sans pointe, le point d\u2019\u00e9quilibre de la fl\u00e8che se trouve presque en son centre (un peu en arri\u00e8re \u00e0 cause du poids de l\u2019encoche et des plumes). Rajouter une pointe \u2013 donc de la masse \u00e0 l\u2019avant \u2013 va d\u00e9placer le point d\u2019\u00e9quilibre de la fl\u00e8che vers l\u2019avant. Ce nouvel \u00e9quilibre va apporter plus de stabilit\u00e9 \u00e0 la fl\u00e8che durant son vol.<\/span><\/p>\n<p style=\"text-align: justify;\"><span style=\"font-family: 'comic sans ms', sans-serif; font-size: 14pt;\">Ajoutons \u00e9galement que la masse de la pointe a son importance quant au calibre du tube\u00a0: plus votre pointe est lourde, plus votre fl\u00e8che sera souple et inversement. Mis \u00e0 part quelques exceptions, il est conseill\u00e9 de suivre les indications de la charte indiqu\u00e9e par le fabricant des fl\u00e8ches que vous utilisez.<\/span><\/p>\n<h3 class=\"col-xs-12 entity entity-paragraphs-item paragraphs-item-title-h3\" style=\"text-align: justify;\"><span class=\"content\" style=\"font-family: 'comic sans ms', sans-serif; font-size: 14pt;\">Les expressions autour de la fl\u00e8che<\/span><\/h3>\n<div class=\"col-xs-12 entity entity-paragraphs-item paragraphs-item-wysiwyg\" style=\"text-align: justify;\">\n<p><span style=\"font-family: 'comic sans ms', sans-serif; font-size: 14pt;\"><strong>&#8211; Faire une paille, faire une taupe :\u00a0<\/strong>c&rsquo;est l&rsquo;expression la plus courante pour un archer ! L&rsquo;une ou l&rsquo;autre signifie que la fl\u00e8che a manqu\u00e9 la cible. C&rsquo;est 0 ! Sur la feuille de marques on note \u00ab\u00a0M\u00a0\u00bb ou \u00ab\u00a00\u00a0\u00bb.\u00a0<\/span><\/p>\n<p><span style=\"font-family: 'comic sans ms', sans-serif; font-size: 14pt;\"><strong>&#8211; Faire un Robin<\/strong>\u00a0: vous connaissez sans aucun doute Robin des Bois ? Cette expression est utilis\u00e9e lorsqu&rsquo;un archer tire une fl\u00e8che dans une autre d\u00e9j\u00e0 plant\u00e9e en cible. La valeur de cette fl\u00e8che sera identique !<\/span><\/p>\n<p><span style=\"font-family: 'comic sans ms', sans-serif; font-size: 14pt;\"><strong>&#8211; Faire un refus<\/strong>\u00a0: Il arrive parfois &#8211; c&rsquo;est tout de m\u00eame assez rare ! qu&rsquo;une fl\u00e8che rebondisse sur une cible apr\u00e8s qu&rsquo;elle ait \u00e9t\u00e9 tir\u00e9e. Rien de grave \u00e0 l&rsquo;entrainement ; en revanche, en comp\u00e9tition, il est demand\u00e9 aux archers de cocher les impacts de fl\u00e8ches en cible. Si une fl\u00e8che rebondit, l&rsquo;impact non coch\u00e9 sera retrouv\u00e9 et la valeur de la fl\u00e8che attribu\u00e9e.<\/span><\/p>\n<\/div>\n<div class=\"col-xs-12 black-bg entity entity-paragraphs-item paragraphs-item-wysiwyg\">\n<p style=\"text-align: justify;\"><span style=\"font-family: 'comic sans ms', sans-serif; font-size: 14pt;\"><strong>La s\u00e9curit\u00e9 avant tout !\u00a0<\/strong><\/span><\/p>\n<p style=\"text-align: justify;\"><span style=\"font-family: 'comic sans ms', sans-serif; font-size: 14pt;\">&#8211; Lorsqu&rsquo;elle est tir\u00e9e, peu importe la distance,\u00a0une fl\u00e8che peut avoir un effet l\u00e9tal. Ce n&rsquo;est pas un jouet. Il est donc obligatoire de respecter les consignes basiques de s\u00e9curit\u00e9 et de s&rsquo;assurer que personne ne se trouve dans le champ de tir. M\u00eame lorsque l&rsquo;arc est au repos sur la ligne de tir.\u00a0<\/span><\/p>\n<p style=\"text-align: justify;\"><span style=\"font-family: 'comic sans ms', sans-serif; font-size: 14pt;\">&#8211; Des cas fr\u00e9quents (et \u00e9vitables !)\u00a0de blessures sont rapport\u00e9s : assurez-vous que personne ne se trouve derri\u00e8re vous lorsque vous retirez vos fl\u00e8ches en cible, l&rsquo;encoche pourrait blesser l&rsquo;archer qui se trouve \u00e0 proximit\u00e9.\u00a0<\/span><\/p>\n<p style=\"text-align: justify;\"><span style=\"font-family: 'comic sans ms', sans-serif; font-size: 14pt;\">&#8211; Assurez-vous, en toutes circonstances, de tirer avec des fl\u00e8ches bien entretenues. Une pr\u00e9caution particuli\u00e8re est \u00e0 observer pour les fl\u00e8ches en carbone. Une fl\u00e8che cass\u00e9e peut vous blesser.\u00a0<\/span><\/p>\n<p style=\"text-align: justify;\"><span style=\"font-family: 'comic sans ms', sans-serif; font-size: 14pt;\"><strong>&#8211; Sacril\u00e8ge<\/strong>\u00a0: on ne vise JAMAIS une personne avec une fl\u00e8che !<\/span><\/p>\n<p style=\"text-align: justify;\"><span style=\"font-family: 'comic sans ms', sans-serif; font-size: 14pt;\">Voir aussi :<\/span><\/p>\n<ul>\n<li style=\"text-align: justify;\"><span style=\"font-family: 'comic sans ms', sans-serif; font-size: 14pt;\"><a title=\"Les accessoires de base\" href=\"https:\/\/www.1ciedarcdevincennes.fr\/index.php\/decouverte-du-tir-a-larc\/les-accessoires-de-base\/\">Les accessoires de base<\/a><\/span><\/li>\n<li style=\"text-align: justify;\"><span style=\"font-family: 'comic sans ms', sans-serif; font-size: 14pt;\"><a title=\"Les diff\u00e9rents types d'arcs\" href=\"https:\/\/www.1ciedarcdevincennes.fr\/index.php\/decouverte-du-tir-a-larc\/les-differents-types-darcs\/\">Les diff\u00e9rents types d&rsquo;arcs<\/a><\/span><\/li>\n<\/ul>\n<\/div>\n<\/div>\n<\/div>\n","protected":false},"excerpt":{"rendered":"<p>Avec l&rsquo;aimable autorisation de la FFTA Source http:\/\/www.ffta.fr\/pratiquer\/le-materiel\/les-fleches Anatomie d&rsquo;une fl\u00e8che Une fl\u00e8che, telle qu&rsquo;elle est utilis\u00e9e au tir \u00e0 l&rsquo;arc, comprend\u00a04 [&hellip;]<\/p>\n","protected":false},"author":1,"featured_media":0,"parent":73,"menu_order":0,"comment_status":"closed","ping_status":"closed","template":"page-templates\/page_fullwidth.php","meta":{"_mc_calendar":[]},"_links":{"self":[{"href":"https:\/\/www.1ciedarcdevincennes.fr\/index.php\/wp-json\/wp\/v2\/pages\/1202"}],"collection":[{"href":"https:\/\/www.1ciedarcdevincennes.fr\/index.php\/wp-json\/wp\/v2\/pages"}],"about":[{"href":"https:\/\/www.1ciedarcdevincennes.fr\/index.php\/wp-json\/wp\/v2\/types\/page"}],"author":[{"embeddable":true,"href":"https:\/\/www.1ciedarcdevincennes.fr\/index.php\/wp-json\/wp\/v2\/users\/1"}],"replies":[{"embeddable":true,"href":"https:\/\/www.1ciedarcdevincennes.fr\/index.php\/wp-json\/wp\/v2\/comments?post=1202"}],"version-history":[{"count":6,"href":"https:\/\/www.1ciedarcdevincennes.fr\/index.php\/wp-json\/wp\/v2\/pages\/1202\/revisions"}],"predecessor-version":[{"id":1241,"href":"https:\/\/www.1ciedarcdevincennes.fr\/index.php\/wp-json\/wp\/v2\/pages\/1202\/revisions\/1241"}],"up":[{"embeddable":true,"href":"https:\/\/www.1ciedarcdevincennes.fr\/index.php\/wp-json\/wp\/v2\/pages\/73"}],"wp:attachment":[{"href":"https:\/\/www.1ciedarcdevincennes.fr\/index.php\/wp-json\/wp\/v2\/media?parent=1202"}],"curies":[{"name":"wp","href":"https:\/\/api.w.org\/{rel}","templated":true}]}}