{"id":1212,"date":"2017-12-27T11:33:55","date_gmt":"2017-12-27T10:33:55","guid":{"rendered":"http:\/\/www.1ciedarcdevincennes.fr\/?page_id=1212"},"modified":"2017-12-27T11:33:55","modified_gmt":"2017-12-27T10:33:55","slug":"le-mot-du-capitaine","status":"publish","type":"page","link":"https:\/\/www.1ciedarcdevincennes.fr\/index.php\/actualites\/actualites-2017\/le-mot-du-capitaine\/","title":{"rendered":"Le mot du Capitaine"},"content":{"rendered":"<p style=\"font-weight: 400;\">Mes chers Amies et Amis,<\/p>\n<p style=\"font-weight: 400;\">Cette ann\u00e9e qui s&rsquo;ach\u00e8ve nous aura mobilis\u00e9 au travers de manifestations cons\u00e9quentes, telles que l&rsquo;organisation de la Coupe Pag\u00e8s, des Eliminatoires et de la Finale du Prix de la Famille de Beaut\u00e9, de l&rsquo;ouverture de notre Prix G\u00e9n\u00e9ral, de notre Concours Salle, sans compter la Saint S\u00e9bastien, le Bouquet Provincial, nos Prix de Compagnie et les nombreux concours, auxquels vous avez particip\u00e9 avec succ\u00e8s.<\/p>\n<p style=\"font-weight: 400;\">Tout ceci n&rsquo;aurait pu se faire sans votre concours et je sais combien le travail fut intense surtout sur la fin de cette ann\u00e9e. Je mesure bien tout ce qui a \u00e9t\u00e9 accompli et je vous remercie de m&rsquo;avoir aussi bien entour\u00e9 pour mener \u00e0 bien toutes ces manifestations.<\/p>\n<p style=\"font-weight: 400;\">\u00a0Mais il faut vivre ces instants, car ce sont de tels moments qui permettent une coh\u00e9sion et une bonne entente au sein de notre Compagnie, en privil\u00e9giant les rapports humains, dans un climat d&rsquo;amiti\u00e9 partag\u00e9e et de saine \u00e9mulation.<\/p>\n<p style=\"font-weight: 400;\">Le programme des manifestations qui nous attendent en 2018 fera une fois encore appel \u00e0 votre disponibilit\u00e9 et je vous en remercie par avance.<\/p>\n<p style=\"font-weight: 400;\">Je forme beaucoup d&rsquo;espoir dans votre investissement et dans votre capacit\u00e9 \u00e0 devenir les meilleurs dans ce sport qui nous rassemble et si les r\u00e9sultats devaient ne pas \u00eatre \u00e0 la hauteur de vos esp\u00e9rances, soyez assur\u00e9 que la grande famille que nous formons \u00e0 la 1<sup>\u00e8re<\/sup> Compagnie d&rsquo;Arc de Vincennes sera toujours \u00e0 vos c\u00f4t\u00e9s pour vous soutenir.<\/p>\n<p style=\"font-weight: 400;\">A l&rsquo;approche de cette nouvelle ann\u00e9e et des f\u00eates qui l&rsquo;accompagnent g\u00e9n\u00e9ralement, je voudrais vous dire, combien je suis fi\u00e8re d&rsquo;\u00eatre \u00e0 la t\u00eate de notre Compagnie, dans laquelle nous partageons et vivons des moments aussi forts en amiti\u00e9.<\/p>\n<p style=\"font-weight: 400;\">Il me reste \u00e0 vous souhaiter \u00e0 tous, la r\u00e9ussite de vos projets tout au long de cette nouvelle ann\u00e9e, en esp\u00e9rant qu&rsquo;elle vous apporte tout ce que 2017 aurait pu oublier.<\/p>\n<p style=\"font-weight: 400;\">Passez de bonnes f\u00eates de fin d&rsquo;ann\u00e9e en famille.<\/p>\n<p style=\"font-weight: 400;\">Votre Capitaine, Michel Rougetet.<\/p>\n","protected":false},"excerpt":{"rendered":"<p>Mes chers Amies et Amis, Cette ann\u00e9e qui s&rsquo;ach\u00e8ve nous aura mobilis\u00e9 au travers de manifestations cons\u00e9quentes, telles que l&rsquo;organisation de la [&hellip;]<\/p>\n","protected":false},"author":1,"featured_media":0,"parent":1130,"menu_order":0,"comment_status":"closed","ping_status":"closed","template":"page-templates\/page_fullwidth.php","meta":{"_mc_calendar":[]},"_links":{"self":[{"href":"https:\/\/www.1ciedarcdevincennes.fr\/index.php\/wp-json\/wp\/v2\/pages\/1212"}],"collection":[{"href":"https:\/\/www.1ciedarcdevincennes.fr\/index.php\/wp-json\/wp\/v2\/pages"}],"about":[{"href":"https:\/\/www.1ciedarcdevincennes.fr\/index.php\/wp-json\/wp\/v2\/types\/page"}],"author":[{"embeddable":true,"href":"https:\/\/www.1ciedarcdevincennes.fr\/index.php\/wp-json\/wp\/v2\/users\/1"}],"replies":[{"embeddable":true,"href":"https:\/\/www.1ciedarcdevincennes.fr\/index.php\/wp-json\/wp\/v2\/comments?post=1212"}],"version-history":[{"count":1,"href":"https:\/\/www.1ciedarcdevincennes.fr\/index.php\/wp-json\/wp\/v2\/pages\/1212\/revisions"}],"predecessor-version":[{"id":1213,"href":"https:\/\/www.1ciedarcdevincennes.fr\/index.php\/wp-json\/wp\/v2\/pages\/1212\/revisions\/1213"}],"up":[{"embeddable":true,"href":"https:\/\/www.1ciedarcdevincennes.fr\/index.php\/wp-json\/wp\/v2\/pages\/1130"}],"wp:attachment":[{"href":"https:\/\/www.1ciedarcdevincennes.fr\/index.php\/wp-json\/wp\/v2\/media?parent=1212"}],"curies":[{"name":"wp","href":"https:\/\/api.w.org\/{rel}","templated":true}]}}