{"id":1222,"date":"2018-01-04T19:59:25","date_gmt":"2018-01-04T18:59:25","guid":{"rendered":"http:\/\/www.1ciedarcdevincennes.fr\/?page_id=1222"},"modified":"2018-01-04T20:08:11","modified_gmt":"2018-01-04T19:08:11","slug":"les-accessoires-de-base","status":"publish","type":"page","link":"https:\/\/www.1ciedarcdevincennes.fr\/index.php\/decouverte-du-tir-a-larc\/les-accessoires-de-base\/","title":{"rendered":"Les accessoires de base"},"content":{"rendered":"<p style=\"text-align: justify;\"><span style=\"font-family: 'comic sans ms', sans-serif; font-size: 14pt;\">Avec l&rsquo;aimable autorisation de la FFTA<\/span><\/p>\n<p style=\"text-align: justify;\"><span style=\"font-family: 'comic sans ms', sans-serif; font-size: 14pt;\">Source <a href=\"http:\/\/www.ffta.fr\/pratiquer\/le-materiel\/les-accessoires-de-base\" target=\"_blank\">http:\/\/www.ffta.fr\/pratiquer\/le-materiel\/les-accessoires-de-base<\/a><\/span><\/p>\n<h3 style=\"text-align: justify;\"><span style=\"font-family: 'comic sans ms', sans-serif; font-size: 14pt;\">Pour l&rsquo;arc classique : la palette<\/span><\/h3>\n<p style=\"text-align: justify;\"><img loading=\"lazy\" class=\"aligncenter size-full wp-image-1224\" src=\"https:\/\/www.1ciedarcdevincennes.fr\/wp-content\/uploads\/2018\/01\/palette.jpg\" alt=\"palette\" width=\"806\" height=\"325\" srcset=\"https:\/\/www.1ciedarcdevincennes.fr\/wp-content\/uploads\/2018\/01\/palette.jpg 806w, https:\/\/www.1ciedarcdevincennes.fr\/wp-content\/uploads\/2018\/01\/palette-300x121.jpg 300w, https:\/\/www.1ciedarcdevincennes.fr\/wp-content\/uploads\/2018\/01\/palette-768x310.jpg 768w, https:\/\/www.1ciedarcdevincennes.fr\/wp-content\/uploads\/2018\/01\/palette-230x93.jpg 230w, https:\/\/www.1ciedarcdevincennes.fr\/wp-content\/uploads\/2018\/01\/palette-350x141.jpg 350w, https:\/\/www.1ciedarcdevincennes.fr\/wp-content\/uploads\/2018\/01\/palette-480x194.jpg 480w\" sizes=\"(max-width: 806px) 100vw, 806px\" \/><\/p>\n<p style=\"text-align: justify;\"><strong><span style=\"font-family: 'comic sans ms', sans-serif; font-size: 14pt;\">Contrairement aux id\u00e9es re\u00e7ues,\u00a0les doigts de l&rsquo;archer &#8211; en arc classique &#8211; sont prot\u00e9g\u00e9s par une palette ou un gant en cuir.<\/span><\/strong><\/p>\n<p style=\"text-align: justify;\"><span style=\"font-family: 'comic sans ms', sans-serif; font-size: 14pt;\">La palette est un accessoire personnel mont\u00e9 avec des morceaux de cuir d\u00e9coup\u00e9s \u00e0 la taille des doigts. Autrement dit, l&rsquo;archer ne pose pas ses doigts directement sur la corde, la palette est une protection contre la friction r\u00e9p\u00e9t\u00e9e de la corde. Les images ci-dessus montrent une prise de corde avec l&rsquo;index plac\u00e9 au-dessus de la fl\u00e8che, le majeur et l&rsquo;annulaire sont pos\u00e9s dessous. Il s&rsquo;agit de la prise \u00ab\u00a0m\u00e9diterran\u00e9enne\u00a0\u00bb.<\/span><\/p>\n<h3 style=\"text-align: justify;\"><span style=\"font-family: 'comic sans ms', sans-serif; font-size: 14pt;\">Pour l&rsquo;arc \u00e0 poulies : le d\u00e9cocheur<\/span><\/h3>\n<p style=\"text-align: justify;\"><img loading=\"lazy\" class=\"aligncenter size-full wp-image-1225\" src=\"https:\/\/www.1ciedarcdevincennes.fr\/wp-content\/uploads\/2018\/01\/decocheur.jpg\" alt=\"decocheur\" width=\"806\" height=\"276\" srcset=\"https:\/\/www.1ciedarcdevincennes.fr\/wp-content\/uploads\/2018\/01\/decocheur.jpg 806w, https:\/\/www.1ciedarcdevincennes.fr\/wp-content\/uploads\/2018\/01\/decocheur-300x103.jpg 300w, https:\/\/www.1ciedarcdevincennes.fr\/wp-content\/uploads\/2018\/01\/decocheur-768x263.jpg 768w, https:\/\/www.1ciedarcdevincennes.fr\/wp-content\/uploads\/2018\/01\/decocheur-230x79.jpg 230w, https:\/\/www.1ciedarcdevincennes.fr\/wp-content\/uploads\/2018\/01\/decocheur-350x120.jpg 350w, https:\/\/www.1ciedarcdevincennes.fr\/wp-content\/uploads\/2018\/01\/decocheur-480x164.jpg 480w\" sizes=\"(max-width: 806px) 100vw, 806px\" \/><\/p>\n<p style=\"text-align: justify;\"><strong><span style=\"font-family: 'comic sans ms', sans-serif; font-size: 14pt;\">A la diff\u00e9rence de l&rsquo;arc classique, les doigts d&rsquo;un tireur arc \u00e0 poulies\u00a0ne sont pas en contact avec la corde. Il utilise un d\u00e9cocheur.<\/span><\/strong><\/p>\n<p style=\"text-align: justify;\"><span style=\"font-family: 'comic sans ms', sans-serif; font-size: 14pt;\">Bas\u00e9 sur le m\u00eame principe qu&rsquo;une g\u00e2chette sur une arme \u00e0 feu, cet accessoire s&rsquo;utilise plac\u00e9 au creux de la main. Le syst\u00e8me d&rsquo;armement est simple : la s\u00e9curit\u00e9, l&rsquo;armement et la pression sur la g\u00e2chette pour lib\u00e9rer la corde. Sans entrer dans la technique pure, l&rsquo;utilisation d&rsquo;un d\u00e9cocheur n\u00e9cessite une connaissance basique de sa m\u00e9canique et de sa fa\u00e7on de l&rsquo;utiliser. En effet, certains m\u00e9canismes diff\u00e8rent d&rsquo;un mod\u00e8le \u00e0 un autre : pression, relachement, \u00e0 index, rotation&#8230; etc.<\/span><\/p>\n<h3 style=\"text-align: justify;\"><span style=\"font-family: 'comic sans ms', sans-serif; font-size: 14pt;\">Le carquois<\/span><\/h3>\n<p style=\"text-align: justify;\"><img loading=\"lazy\" class=\"aligncenter size-full wp-image-1226\" src=\"https:\/\/www.1ciedarcdevincennes.fr\/wp-content\/uploads\/2018\/01\/carquois.jpg\" alt=\"carquois\" width=\"801\" height=\"274\" srcset=\"https:\/\/www.1ciedarcdevincennes.fr\/wp-content\/uploads\/2018\/01\/carquois.jpg 801w, https:\/\/www.1ciedarcdevincennes.fr\/wp-content\/uploads\/2018\/01\/carquois-300x103.jpg 300w, https:\/\/www.1ciedarcdevincennes.fr\/wp-content\/uploads\/2018\/01\/carquois-768x263.jpg 768w, https:\/\/www.1ciedarcdevincennes.fr\/wp-content\/uploads\/2018\/01\/carquois-230x79.jpg 230w, https:\/\/www.1ciedarcdevincennes.fr\/wp-content\/uploads\/2018\/01\/carquois-350x120.jpg 350w, https:\/\/www.1ciedarcdevincennes.fr\/wp-content\/uploads\/2018\/01\/carquois-480x164.jpg 480w\" sizes=\"(max-width: 801px) 100vw, 801px\" \/><\/p>\n<p style=\"text-align: justify;\"><span style=\"font-family: 'comic sans ms', sans-serif; font-size: 14pt;\">Un archer sans carquois c&rsquo;est comme un footballeur sans chaussures&#8230;<\/span><\/p>\n<p style=\"text-align: justify;\"><span style=\"font-family: 'comic sans ms', sans-serif; font-size: 14pt;\">Indissociable de tout archer, le carquois se fixe \u00e0 la ceinture (\u00e0 droite pour les droitiers, \u00e0 gauche pour les gauchers) et il permet de ranger ses fl\u00e8ches, de les trier entre deux vol\u00e9es. Mais pas que : on peut y mettre des outils de r\u00e9paration, y accrocher ses distinctions&#8230; etc. C&rsquo;est un accessoire tr\u00e8s personnel, qui ne se pr\u00eate pas. On le trouve en diff\u00e9rentes formes, diff\u00e9rentes couleurs, de diff\u00e9rents mat\u00e9riaux, en cuir le plus souvent.<\/span><\/p>\n<h3 style=\"text-align: justify;\"><span style=\"font-family: 'comic sans ms', sans-serif; font-size: 14pt;\">La dragonne<\/span><\/h3>\n<p style=\"text-align: justify;\"><img loading=\"lazy\" class=\"aligncenter size-full wp-image-1227\" src=\"https:\/\/www.1ciedarcdevincennes.fr\/wp-content\/uploads\/2018\/01\/dragonne.jpg\" alt=\"dragonne\" width=\"414\" height=\"283\" srcset=\"https:\/\/www.1ciedarcdevincennes.fr\/wp-content\/uploads\/2018\/01\/dragonne.jpg 414w, https:\/\/www.1ciedarcdevincennes.fr\/wp-content\/uploads\/2018\/01\/dragonne-300x205.jpg 300w, https:\/\/www.1ciedarcdevincennes.fr\/wp-content\/uploads\/2018\/01\/dragonne-230x157.jpg 230w, https:\/\/www.1ciedarcdevincennes.fr\/wp-content\/uploads\/2018\/01\/dragonne-350x239.jpg 350w\" sizes=\"(max-width: 414px) 100vw, 414px\" \/><\/p>\n<p style=\"text-align: justify;\"><strong><span style=\"font-family: 'comic sans ms', sans-serif; font-size: 14pt;\">Avez-vous remarqu\u00e9 le lacet bleu qui relie le pouce et l&rsquo;index de la main droite de cet archer sur la photo ? Petit accessoire s&rsquo;il en est, la dragonne n&rsquo;en est pas moins utile \u00e0 l&rsquo;archer. Elle s&rsquo;utilise avec tous les types d&rsquo;arcs.<\/span><\/strong><\/p>\n<p style=\"text-align: justify;\"><span style=\"font-family: 'comic sans ms', sans-serif; font-size: 14pt;\">Le r\u00f4le de la dragonne est assez simple. Maintenir l&rsquo;arc en main une fois la fl\u00e8che tir\u00e9e. Techniquement parlant, elle a une autre vertu qui consiste \u00e0 ne pas serrer la main d&rsquo;arc dans le grip lorsque l&rsquo;archer est en position. La main d&rsquo;arc doit rester le plus souple possible, la dragonne agissant comme une sorte de filet de s\u00e9curit\u00e9 pour l&rsquo;archer &#8211; pour emp\u00eacher la chute de l&rsquo;arc lors de l&rsquo;\u00e9chappement.\u00a0<\/span><\/p>\n<p style=\"text-align: justify;\"><span style=\"font-family: 'comic sans ms', sans-serif; font-size: 14pt;\">Ci-dessous, cette s\u00e9rie de trois photos montre pr\u00e9cis\u00e9ment le r\u00f4le de la dragonne au d\u00e9part de la fl\u00e8che. L&rsquo;arc s&rsquo;\u00e9jecte naturellement de la main d&rsquo;arc, le poignet reste immobile et l&rsquo;arc r\u00e9alise un mouvement de balancier. La dragonne joue son r\u00f4le \u00e0 plein :<\/span><\/p>\n<p style=\"text-align: justify;\"><img loading=\"lazy\" class=\"aligncenter size-full wp-image-1228\" src=\"https:\/\/www.1ciedarcdevincennes.fr\/wp-content\/uploads\/2018\/01\/dragonne-et-poignet.jpg\" alt=\"dragonne-et-poignet\" width=\"797\" height=\"171\" srcset=\"https:\/\/www.1ciedarcdevincennes.fr\/wp-content\/uploads\/2018\/01\/dragonne-et-poignet.jpg 797w, https:\/\/www.1ciedarcdevincennes.fr\/wp-content\/uploads\/2018\/01\/dragonne-et-poignet-300x64.jpg 300w, https:\/\/www.1ciedarcdevincennes.fr\/wp-content\/uploads\/2018\/01\/dragonne-et-poignet-768x165.jpg 768w, https:\/\/www.1ciedarcdevincennes.fr\/wp-content\/uploads\/2018\/01\/dragonne-et-poignet-230x49.jpg 230w, https:\/\/www.1ciedarcdevincennes.fr\/wp-content\/uploads\/2018\/01\/dragonne-et-poignet-350x75.jpg 350w, https:\/\/www.1ciedarcdevincennes.fr\/wp-content\/uploads\/2018\/01\/dragonne-et-poignet-480x103.jpg 480w\" sizes=\"(max-width: 797px) 100vw, 797px\" \/><\/p>\n<h3 style=\"text-align: justify;\"><span style=\"font-family: 'comic sans ms', sans-serif; font-size: 14pt;\">Le prot\u00e8ge-bras<\/span><\/h3>\n<p style=\"text-align: justify;\"><img loading=\"lazy\" class=\"aligncenter size-full wp-image-1229\" src=\"https:\/\/www.1ciedarcdevincennes.fr\/wp-content\/uploads\/2018\/01\/protege-bras.jpg\" alt=\"protege-bras\" width=\"396\" height=\"327\" srcset=\"https:\/\/www.1ciedarcdevincennes.fr\/wp-content\/uploads\/2018\/01\/protege-bras.jpg 396w, https:\/\/www.1ciedarcdevincennes.fr\/wp-content\/uploads\/2018\/01\/protege-bras-300x248.jpg 300w, https:\/\/www.1ciedarcdevincennes.fr\/wp-content\/uploads\/2018\/01\/protege-bras-230x190.jpg 230w, https:\/\/www.1ciedarcdevincennes.fr\/wp-content\/uploads\/2018\/01\/protege-bras-350x289.jpg 350w\" sizes=\"(max-width: 396px) 100vw, 396px\" \/><\/p>\n<p style=\"text-align: justify;\"><strong><span style=\"font-family: 'comic sans ms', sans-serif; font-size: 14pt;\">Quel archer ou apprenti-archer n&rsquo;a jamais fait l&rsquo;exp\u00e9rience &#8211; douloureuse ! &#8211; de la corde qui frotte excessivement sur le bras lors du d\u00e9part de la fl\u00e8che ?<\/span><\/strong><\/p>\n<p style=\"text-align: justify;\"><span style=\"font-family: 'comic sans ms', sans-serif; font-size: 14pt;\">Sans rentrer dans les d\u00e9tails techniques qui permettent de pr\u00e9venir un incident de ce type, le prot\u00e8ge-bras est un accessoire tr\u00e8s largement utilis\u00e9 par les archers de tous les niveaux. Un peu \u00e0 la fa\u00e7on du plastron, il a le r\u00f4le de pr\u00e9venir les frottements de la corde sur la peau ou les v\u00eatements. D&rsquo;un autre c\u00f4t\u00e9, quand la corde frotte excessivement sur le bras d&rsquo;arc, on n&rsquo;y reprendra pas un archer \u00e0 deux fois !\u00a0En initiation, c&rsquo;est le m\u00e9tier qui rentre ; pour un archer aguerri, c&rsquo;est le signe d&rsquo;un mauvais placement.\u00a0<\/span><\/p>\n<h3 style=\"text-align: justify;\"><span style=\"font-family: 'comic sans ms', sans-serif; font-size: 14pt;\">Le plastron<\/span><\/h3>\n<p style=\"text-align: justify;\"><img loading=\"lazy\" class=\"aligncenter size-full wp-image-1230\" src=\"https:\/\/www.1ciedarcdevincennes.fr\/wp-content\/uploads\/2018\/01\/plastron.jpg\" alt=\"plastron\" width=\"798\" height=\"256\" srcset=\"https:\/\/www.1ciedarcdevincennes.fr\/wp-content\/uploads\/2018\/01\/plastron.jpg 798w, https:\/\/www.1ciedarcdevincennes.fr\/wp-content\/uploads\/2018\/01\/plastron-300x96.jpg 300w, https:\/\/www.1ciedarcdevincennes.fr\/wp-content\/uploads\/2018\/01\/plastron-768x246.jpg 768w, https:\/\/www.1ciedarcdevincennes.fr\/wp-content\/uploads\/2018\/01\/plastron-230x74.jpg 230w, https:\/\/www.1ciedarcdevincennes.fr\/wp-content\/uploads\/2018\/01\/plastron-350x112.jpg 350w, https:\/\/www.1ciedarcdevincennes.fr\/wp-content\/uploads\/2018\/01\/plastron-480x154.jpg 480w\" sizes=\"(max-width: 798px) 100vw, 798px\" \/><\/p>\n<p style=\"text-align: justify;\"><strong><span style=\"font-family: 'comic sans ms', sans-serif; font-size: 14pt;\">Le plastron est un accessoire qui se porte au niveau du torse. Son utilisation n&rsquo;est pas obligatoire mais lorsque la corde entre en frottement sur la poitrine ou sur des v\u00eatements amples, son utilisation est fortement recommand\u00e9e.<\/span><\/strong><\/p>\n<p style=\"text-align: justify;\"><span style=\"font-family: 'comic sans ms', sans-serif; font-size: 14pt;\">En effet, lorsque l&rsquo;archer l\u00e2che la corde de son arc, cette derni\u00e8re doit \u00eatre libre de toute obstruction ou frottement particulier. Le plastron est utilis\u00e9 aussi bien par les femmes que les hommes. Il peut \u00eatre de diff\u00e9rentes couleurs, voire totalement customis\u00e9 ! Presque un accessoire de mode&#8230;<\/span><\/p>\n<p style=\"text-align: justify;\"><span style=\"font-family: 'comic sans ms', sans-serif; font-size: 14pt;\">Voir aussi :<\/span><\/p>\n<ul>\n<li style=\"text-align: justify;\"><span style=\"font-family: 'comic sans ms', sans-serif; font-size: 14pt;\"><a title=\"Les fl\u00e8ches\" href=\"https:\/\/www.1ciedarcdevincennes.fr\/index.php\/decouverte-du-tir-a-larc\/les-fleches\/\">Les fl\u00e8ches<\/a><\/span><\/li>\n<li style=\"text-align: justify;\"><span style=\"font-family: 'comic sans ms', sans-serif; font-size: 14pt;\"><a title=\"Les diff\u00e9rents types d'arcs\" href=\"https:\/\/www.1ciedarcdevincennes.fr\/index.php\/decouverte-du-tir-a-larc\/les-differents-types-darcs\/\">Les diff\u00e9rents types d&rsquo;arcs<\/a><\/span><\/li>\n<\/ul>\n","protected":false},"excerpt":{"rendered":"<p>Avec l&rsquo;aimable autorisation de la FFTA Source http:\/\/www.ffta.fr\/pratiquer\/le-materiel\/les-accessoires-de-base Pour l&rsquo;arc classique : la palette Contrairement aux id\u00e9es re\u00e7ues,\u00a0les doigts de l&rsquo;archer &#8211; [&hellip;]<\/p>\n","protected":false},"author":1,"featured_media":0,"parent":73,"menu_order":0,"comment_status":"closed","ping_status":"closed","template":"page-templates\/page_fullwidth.php","meta":{"_mc_calendar":[]},"_links":{"self":[{"href":"https:\/\/www.1ciedarcdevincennes.fr\/index.php\/wp-json\/wp\/v2\/pages\/1222"}],"collection":[{"href":"https:\/\/www.1ciedarcdevincennes.fr\/index.php\/wp-json\/wp\/v2\/pages"}],"about":[{"href":"https:\/\/www.1ciedarcdevincennes.fr\/index.php\/wp-json\/wp\/v2\/types\/page"}],"author":[{"embeddable":true,"href":"https:\/\/www.1ciedarcdevincennes.fr\/index.php\/wp-json\/wp\/v2\/users\/1"}],"replies":[{"embeddable":true,"href":"https:\/\/www.1ciedarcdevincennes.fr\/index.php\/wp-json\/wp\/v2\/comments?post=1222"}],"version-history":[{"count":5,"href":"https:\/\/www.1ciedarcdevincennes.fr\/index.php\/wp-json\/wp\/v2\/pages\/1222\/revisions"}],"predecessor-version":[{"id":1238,"href":"https:\/\/www.1ciedarcdevincennes.fr\/index.php\/wp-json\/wp\/v2\/pages\/1222\/revisions\/1238"}],"up":[{"embeddable":true,"href":"https:\/\/www.1ciedarcdevincennes.fr\/index.php\/wp-json\/wp\/v2\/pages\/73"}],"wp:attachment":[{"href":"https:\/\/www.1ciedarcdevincennes.fr\/index.php\/wp-json\/wp\/v2\/media?parent=1222"}],"curies":[{"name":"wp","href":"https:\/\/api.w.org\/{rel}","templated":true}]}}