{"id":1293,"date":"2018-01-25T13:49:34","date_gmt":"2018-01-25T12:49:34","guid":{"rendered":"http:\/\/www.1ciedarcdevincennes.fr\/?page_id=1293"},"modified":"2018-01-25T14:20:51","modified_gmt":"2018-01-25T13:20:51","slug":"saint-sebastien-2018","status":"publish","type":"page","link":"https:\/\/www.1ciedarcdevincennes.fr\/index.php\/actualites\/actualites-2018\/saint-sebastien-2018\/","title":{"rendered":"Saint S\u00e9bastien 2018"},"content":{"rendered":"<p style=\"text-align: justify;\"><span style=\"font-family: comic sans ms,sans-serif; font-size: 14pt;\">Ce d<img loading=\"lazy\" class=\" wp-image-1297 alignleft\" style=\"margin: 9.33px 18.66px 9.33px 0px; height: 266px; text-align: left; color: #333333; text-transform: none; text-indent: 0px; letter-spacing: normal; font-family: comic sans ms,sans-serif; font-size: 18.66px; font-style: normal; font-variant: normal; font-weight: 400; text-decoration: none; word-spacing: 0px; white-space: normal; max-width: 1060px; orphans: 2; float: left; -webkit-text-stroke-width: 0px; background-color: transparent;\" src=\"https:\/\/www.1ciedarcdevincennes.fr\/wp-content\/uploads\/2018\/01\/AA13610-248x300.jpg\" alt=\"OLYMPUS DIGITAL CAMERA\" width=\"220\" height=\"260\" \/>imanche 21 Janvier 2018 s\u2019est tenu une tr\u00e8s belle manifestation en l\u2019honneur de notre Saint Patron avec 34 Archers venus braver le mauvais temps. Ils \u00e9taient 12 \u00e0 15m, 9 \u00e0 25m et 13 \u00e0 50m. De tr\u00e8s beaux tirs ont \u00e9t\u00e9 r\u00e9alis\u00e9s et des r\u00e9compenses ont \u00e9t\u00e9 distribu\u00e9s:<\/span><\/p>\n<p style=\"text-align: justify;\"><span style=\"color: #ffffff; font-family: comic sans ms,sans-serif; font-size: 14pt;\">&#8211;<\/span><\/p>\n<ul style=\"text-align: justify; list-style-type: circle;\">\n<li><span style=\"font-family: comic sans ms,sans-serif; font-size: 14pt;\">&#8211; Notre Roi, Olivier Paradis, a \u00e9t\u00e9 une fois de plus le plus adroit de tous \u00e0 50m et a \u00e9t\u00e9 sacr\u00e9 Saint S\u00e9bastien 2018 avec un noir mesur\u00e9 \u00e0 20mm48.<\/span><\/li>\n<li><span style=\"color: #ffffff; font-family: comic sans ms,sans-serif; font-size: 14pt;\">&#8211;<\/span><\/li>\n<li><span style=\"font-family: comic sans ms,sans-serif; font-size: 14pt;\">&#8211; Vient ensuite le 1er prix \u00e0 50m d\u00e9cern\u00e9 \u00e0 Christian Boudinet avec un coup mesur\u00e9 \u00e0 30mm95, le 1er prix des 15m revient \u00e0 Cl\u00e9ment Sillart avec un coup \u00e0 10mm22 et le prix des 25m est d\u00e9cern\u00e9 \u00e0 Julie Roy avec un coup \u00e0 29mm15.<\/span><\/li>\n<\/ul>\n<p style=\"text-align: justify;\"><span style=\"color: #ffffff; font-family: comic sans ms,sans-serif; font-size: 14pt;\">&#8211;<\/span><\/p>\n<p style=\"text-align: justify;\"><span style=\"color: #ffffff; font-family: comic sans ms,sans-serif; font-size: 14pt;\">&#8211;<\/span><\/p>\n<p style=\"text-align: justify;\"><span style=\"font-family: comic sans ms,sans-serif; font-size: 14pt;\"><img loading=\"lazy\" class=\" wp-image-1310 alignright\" src=\"https:\/\/www.1ciedarcdevincennes.fr\/wp-content\/uploads\/2018\/01\/AA13658-1-225x300.jpg\" alt=\"OLYMPUS DIGITAL CAMERA\" width=\"215\" height=\"287\" srcset=\"https:\/\/www.1ciedarcdevincennes.fr\/wp-content\/uploads\/2018\/01\/AA13658-1-225x300.jpg 225w, https:\/\/www.1ciedarcdevincennes.fr\/wp-content\/uploads\/2018\/01\/AA13658-1-768x1024.jpg 768w, https:\/\/www.1ciedarcdevincennes.fr\/wp-content\/uploads\/2018\/01\/AA13658-1-830x1107.jpg 830w, https:\/\/www.1ciedarcdevincennes.fr\/wp-content\/uploads\/2018\/01\/AA13658-1-230x307.jpg 230w, https:\/\/www.1ciedarcdevincennes.fr\/wp-content\/uploads\/2018\/01\/AA13658-1-350x467.jpg 350w, https:\/\/www.1ciedarcdevincennes.fr\/wp-content\/uploads\/2018\/01\/AA13658-1-480x640.jpg 480w, https:\/\/www.1ciedarcdevincennes.fr\/wp-content\/uploads\/2018\/01\/AA13658-1.jpg 900w\" sizes=\"(max-width: 215px) 100vw, 215px\" \/>Cette manifestation \u00e0 \u00e9galement \u00e9t\u00e9 l\u2019occasion de remettre \u00e0 d\u2019autres archers des distinctions F\u00e9d\u00e9rales ainsi que le Challenge \u2018\u2019 Christian Chatelain \u2018\u2019 qui r\u00e9compense l\u2019archer de la Cie qui a r\u00e9alis\u00e9 le meilleur noir des Prix G\u00e9n\u00e9raux de la saison derni\u00e8re. Ce prix revient \u00e0 Michel Jean Claude avec un coup mesur\u00e9 \u00e0 2mm50.<\/span><\/p>\n<figure id=\"attachment_1310\" class=\"wp-caption alignright\" style=\"text-align: justify;\"><figcaption class=\"wp-caption-text\"><span style=\"font-family: comic sans ms,sans-serif; font-size: 14pt;\"><b><\/b><i><\/i><u><\/u><br \/>\n<\/span><\/figcaption><\/figure>\n<p style=\"text-align: justify;\"><span style=\"font-family: comic sans ms,sans-serif; font-size: 14pt;\">Dans le cadre de sa r\u00e9ception et selon les traditions en vigueur dans la Chevalerie d\u2019Arc, Mr Michel Allam nous a remis \u00e0 l\u2019occasion de cette Saint S\u00e9bastien, son chef d\u2019\u0153uvre, r\u00e9alis\u00e9 avec ces deux Parrains et retra\u00e7ant sa carri\u00e8re professionnelle.<\/span><\/p>\n<p style=\"text-align: justify;\"><span style=\"font-family: comic sans ms,sans-serif; font-size: 14pt;\">Cette journ\u00e9e festive c\u2019est poursuivie en partageant un bon moment autour d\u2019un excellent d\u00e9jeuner au restaurant l\u2019Absolu o\u00f9 nous avons \u00e9t\u00e9 accueilli avec beaucoup de gentillesse et de professionnalisme.<\/span><\/p>\n<p style=\"text-align: justify;\"><span style=\"color: #ffffff;\">&#8211;<\/span><\/p>\n<p style=\"text-align: justify;\"><span style=\"font-family: comic sans ms,sans-serif; font-size: 14pt;\">Egalement \u00e0 d\u00e9couvrir:<\/span><\/p>\n<p style=\"text-align: justify;\"><span style=\"font-family: comic sans ms,sans-serif; font-size: 14pt;\"><a title=\"Saint S\u00e9bastien\" href=\"https:\/\/www.1ciedarcdevincennes.fr\/index.php\/histoire-et-traditions\/saint-sebastien\/\">Saint S\u00e9bastien<\/a><\/span><\/p>\n<p style=\"text-align: justify;\"><span style=\"color: #ffffff;\">&#8211;<\/span><\/p>\n<p style=\"text-align: justify;\"><span style=\"font-family: comic sans ms,sans-serif; font-size: 14pt;\"><a href=\"https:\/\/www.1ciedarcdevincennes.fr\/index.php\/saint-sebastien-2018\/\">Plus de photos ici<\/a><\/span><\/p>\n","protected":false},"excerpt":{"rendered":"<p>Ce dimanche 21 Janvier 2018 s\u2019est tenu une tr\u00e8s belle manifestation en l\u2019honneur de notre Saint Patron avec 34 Archers venus braver [&hellip;]<\/p>\n","protected":false},"author":1,"featured_media":0,"parent":1298,"menu_order":0,"comment_status":"closed","ping_status":"closed","template":"page-templates\/page_fullwidth.php","meta":{"_mc_calendar":[]},"_links":{"self":[{"href":"https:\/\/www.1ciedarcdevincennes.fr\/index.php\/wp-json\/wp\/v2\/pages\/1293"}],"collection":[{"href":"https:\/\/www.1ciedarcdevincennes.fr\/index.php\/wp-json\/wp\/v2\/pages"}],"about":[{"href":"https:\/\/www.1ciedarcdevincennes.fr\/index.php\/wp-json\/wp\/v2\/types\/page"}],"author":[{"embeddable":true,"href":"https:\/\/www.1ciedarcdevincennes.fr\/index.php\/wp-json\/wp\/v2\/users\/1"}],"replies":[{"embeddable":true,"href":"https:\/\/www.1ciedarcdevincennes.fr\/index.php\/wp-json\/wp\/v2\/comments?post=1293"}],"version-history":[{"count":7,"href":"https:\/\/www.1ciedarcdevincennes.fr\/index.php\/wp-json\/wp\/v2\/pages\/1293\/revisions"}],"predecessor-version":[{"id":1346,"href":"https:\/\/www.1ciedarcdevincennes.fr\/index.php\/wp-json\/wp\/v2\/pages\/1293\/revisions\/1346"}],"up":[{"embeddable":true,"href":"https:\/\/www.1ciedarcdevincennes.fr\/index.php\/wp-json\/wp\/v2\/pages\/1298"}],"wp:attachment":[{"href":"https:\/\/www.1ciedarcdevincennes.fr\/index.php\/wp-json\/wp\/v2\/media?parent=1293"}],"curies":[{"name":"wp","href":"https:\/\/api.w.org\/{rel}","templated":true}]}}