{"id":1298,"date":"2018-01-25T13:47:20","date_gmt":"2018-01-25T12:47:20","guid":{"rendered":"http:\/\/www.1ciedarcdevincennes.fr\/?page_id=1298"},"modified":"2018-12-29T10:43:17","modified_gmt":"2018-12-29T09:43:17","slug":"actualites-2018","status":"publish","type":"page","link":"https:\/\/www.1ciedarcdevincennes.fr\/index.php\/actualites\/actualites-2018\/","title":{"rendered":"Actualit\u00e9s 2018"},"content":{"rendered":"<ul>\n<li><span style=\"text-decoration: underline;\"><span style=\"font-family: comic sans ms, sans-serif; font-size: 18pt; color: #000000;\"><a style=\"color: #000000; text-decoration: underline;\" title=\"Hommage \u00e0 Aim\u00e9 EDMONT\" href=\"https:\/\/www.1ciedarcdevincennes.fr\/index.php\/hommage-a-aime-edmont\/\">Hommage \u00e0 Aim\u00e9 EDMONT<\/a><\/span><\/span><\/li>\n<\/ul>\n<p>&nbsp;<\/p>\n<ul>\n<li><span style=\"text-decoration: underline;\"><span style=\"font-family: comic sans ms, sans-serif; font-size: 18pt; color: #000000;\"><a style=\"color: #000000; text-decoration: underline;\" title=\"Le mot du Capitaine\" href=\"https:\/\/www.1ciedarcdevincennes.fr\/index.php\/actualites\/actualites-2018\/le-mot-du-capitaine\/\">Le mot du Capitaine<\/a><\/span><\/span><\/li>\n<\/ul>\n<p>&nbsp;<\/p>\n<ul>\n<li><span style=\"text-decoration: underline; color: #000000;\"><span style=\"font-family: comic sans ms, sans-serif; font-size: 18pt;\"><a style=\"color: #000000; text-decoration: underline;\" title=\"Concours d\u00e9butants des 3 Lys\" href=\"https:\/\/www.1ciedarcdevincennes.fr\/index.php\/actualites\/actualites-2018\/concours-debutants-des-3-lys\/\">Concours d\u00e9butants des 3 Lys<\/a><\/span><\/span><\/li>\n<\/ul>\n<p>&nbsp;<\/p>\n<ul>\n<li><span style=\"text-decoration: underline;\"><span style=\"font-size: 18pt; font-family: comic sans ms, sans-serif; color: #000000;\"><a style=\"color: #000000; text-decoration: underline;\" title=\"Prix du Roi 2018\" href=\"https:\/\/www.1ciedarcdevincennes.fr\/index.php\/actualites\/actualites-2018\/prix-du-roi-2018\/\">Prix du Roi<\/a><\/span><\/span><\/li>\n<\/ul>\n<p>&nbsp;<\/p>\n<ul>\n<li><span style=\"text-decoration: underline; color: #000000;\"><span style=\"font-family: comic sans ms, sans-serif; font-size: 18pt;\"><a style=\"color: #000000; text-decoration: underline;\" title=\"Prix d\u2019Hiver du dimanche 25 novembre\" href=\"https:\/\/www.1ciedarcdevincennes.fr\/index.php\/actualites\/actualites-2018\/prix-dhiver-du-dimanche-25-novembre\/\">Prix d\u2019Hiver du dimanche 25 novembre<\/a><\/span><\/span><\/li>\n<\/ul>\n<p>&nbsp;<\/p>\n<ul>\n<li><span style=\"text-decoration: underline; color: #000000;\"><span style=\"font-size: 18pt; font-family: comic sans ms, sans-serif;\"><a style=\"color: #000000; text-decoration: underline;\" title=\"R\u00e9sultats du concours de Vincennes, r\u00e9cit de ce week-end et remerciements\" href=\"https:\/\/www.1ciedarcdevincennes.fr\/index.php\/actualites\/actualites-2018\/resultats-du-concours-de-vincennes\/\">R\u00e9sultats du concours de Vincennes, et r\u00e9cit du week-end<\/a><\/span><\/span><\/li>\n<\/ul>\n<p>&nbsp;<\/p>\n<ul>\n<li><span style=\"text-decoration: underline; color: #000000;\"><span style=\"font-family: comic sans ms, sans-serif; font-size: 18pt;\"><a style=\"color: #000000; text-decoration: underline;\" href=\"https:\/\/www.1ciedarcdevincennes.fr\/index.php\/actualites\/actualites-2018\/concours-en-salle-3-et-4-novembre-2018\/\">Mandat du Concours en salle de Vincennes les 3 et 4\/11 <\/a><\/span><\/span><\/li>\n<\/ul>\n<p>&nbsp;<\/p>\n<ul>\n<li><span style=\"text-decoration: underline;\"><span style=\"font-family: comic sans ms, sans-serif; font-size: 18pt; color: #000000;\"><a style=\"color: #000000; text-decoration: underline;\" title=\"Mini raid du 14 0ctobre 2018\" href=\"https:\/\/www.1ciedarcdevincennes.fr\/index.php\/actualites\/actualites-2018\/premiere-compagnie-darc-de-vincennes-mini-raid-du-14-0ctobre-2018\/\">Mini raid du 14 0ctobre 2018<\/a><\/span><\/span><\/li>\n<\/ul>\n<p>&nbsp;<\/p>\n<ul>\n<li><span style=\"text-decoration: underline; color: #000000;\"><span style=\"font-family: comic sans ms, sans-serif; font-size: 18pt;\"><a style=\"color: #000000; text-decoration: underline;\" title=\"Rentr\u00e9e sportive 2018-2019\" href=\"https:\/\/www.1ciedarcdevincennes.fr\/index.php\/actualites\/actualites-2018\/rentree-sportive-2018-2019\/\">Rentr\u00e9e sportive 2018-2019<\/a><\/span><\/span><\/li>\n<\/ul>\n<p>&nbsp;<\/p>\n<ul>\n<li><span style=\"text-decoration: underline;\"><span style=\"font-family: comic sans ms, sans-serif; font-size: 18pt; color: #000000;\"><a style=\"color: #000000; text-decoration: underline;\" title=\"Journ\u00e9e des Associations le samedi 8 septembre 2018\" href=\"https:\/\/www.1ciedarcdevincennes.fr\/index.php\/actualites\/actualites-2018\/journee-des-associations\">Journ\u00e9e des Associations le samedi 8 septembre 2018<\/a><\/span><\/span><\/li>\n<\/ul>\n<p>&nbsp;<\/p>\n<ul>\n<li><span style=\"text-decoration: underline;\"><span style=\"font-family: comic sans ms, sans-serif; font-size: 18pt; color: #000000;\"><a style=\"color: #000000; text-decoration: underline;\" title=\"Prix G\u00e9n\u00e9ral de la Cie de Vincennes, du 25 ao\u00fbt au 16 septembre 2018\" href=\"https:\/\/www.1ciedarcdevincennes.fr\/index.php\/actualites\/actualites-2018\/prix-general-de-la-cie-de-vincennes\">Prix G\u00e9n\u00e9ral de la Cie de Vincennes, du 25 ao\u00fbt au 16 septembre 2018<\/a><\/span><\/span><\/li>\n<\/ul>\n<p>&nbsp;<\/p>\n<ul>\n<li><span style=\"text-decoration: underline; color: #000000;\"><span style=\"font-size: 18pt; font-family: comic sans ms, sans-serif;\"><a style=\"color: #000000; text-decoration: underline;\" title=\"La 1\u00e8re Cie d\u2019Arc de Vincennes a particip\u00e9 \u00e0 la finale nationale du Troph\u00e9e des Mixtes\" href=\"https:\/\/www.1ciedarcdevincennes.fr\/index.php\/actualites\/actualites-2018\/la-1ere-compagnie-darc-de-vincennes-a-participe-a-la-finale-nationale-du-trophee-des-mixtes\/\">La 1\u00e8re Compagnie d\u2019Arc de Vincennes a particip\u00e9 \u00e0 la finale nationale du Troph\u00e9e des Mixtes<\/a><\/span><\/span><\/li>\n<\/ul>\n<p>&nbsp;<\/p>\n<ul>\n<li><span style=\"text-decoration: underline;\"><span style=\"font-size: 18pt; font-family: comic sans ms, sans-serif; color: #000000;\"><a style=\"color: #000000; text-decoration: underline;\" title=\"Les tirs Beursault se poursuivent en juin\" href=\"https:\/\/www.1ciedarcdevincennes.fr\/index.php\/actualites\/actualites-2018\/les-tirs-beursault-se-poursuivent-en-juin\/\">Les tirs Beursault se poursuivent en juin<\/a><\/span><\/span><\/li>\n<\/ul>\n<p>&nbsp;<\/p>\n<ul>\n<li><span style=\"text-decoration: underline; color: #000000;\"><span style=\"font-family: comic sans ms, sans-serif; font-size: 18pt;\"><a style=\"color: #000000; text-decoration: underline;\" title=\"Tir Beursault pour les 150 ans de la 2\u00e8me Cie d'Arc de Noisy le Grand\" href=\"https:\/\/www.1ciedarcdevincennes.fr\/index.php\/actualites\/actualites-2018\/tir-beursault-pour-les-150-ans-de-la-2eme-cie-darc-de-noisy-le-grand\/\">Tir Beursault pour les 150 ans de la 2\u00e8me Cie d&rsquo;Arc de Noisy le Grand<\/a><\/span><\/span><\/li>\n<\/ul>\n<p>&nbsp;<\/p>\n<ul>\n<li><span style=\"text-decoration: underline;\"><span style=\"font-family: comic sans ms, sans-serif; font-size: 18pt; color: #000000;\"><a style=\"color: #000000; text-decoration: underline;\" title=\"La Cie pr\u00e9sente au bouquet provincial \u00e0 Angy le 20 mai 2018\" href=\"https:\/\/www.1ciedarcdevincennes.fr\/index.php\/actualites\/actualites-2018\/la-cie-presente-au-bouquet-provincial-a-angy-le-20-mai-2018\/\">La Cie pr\u00e9sente au bouquet provincial \u00e0 Angy le 20 mai 2018<\/a><\/span><\/span><\/li>\n<\/ul>\n<p>&nbsp;<\/p>\n<ul>\n<li><span style=\"text-decoration: underline;\"><span style=\"font-family: 'comic sans ms', sans-serif; font-size: 18pt; color: #000000;\"><a style=\"color: #000000; text-decoration: underline;\" title=\"La 1\u00e8re Cie d\u2019Arc de Vincennes participe au Troph\u00e9e des Mixtes \" href=\"https:\/\/www.1ciedarcdevincennes.fr\/index.php\/actualites\/actualites-2018\/la-1ere-compagnie-darc-de-vincennes-participe-au-trophee-des-mixtes\">La 1\u00e8re Cie d\u2019Arc de Vincennes participe au Troph\u00e9e des Mixtes<\/a><\/span><\/span><\/li>\n<\/ul>\n<p>&nbsp;<\/p>\n<ul>\n<li><span style=\"text-decoration: underline;\"><span style=\"font-family: 'comic sans ms', sans-serif; font-size: 18pt; color: #000000;\"><a style=\"color: #000000; text-decoration: underline;\" title=\"Bouquet Provincial le 20 Mai 2018\" href=\"https:\/\/www.1ciedarcdevincennes.fr\/index.php\/actualites\/actualites-2018\/bouquet-provincial-le-20-mai-2018\/\">Programme du Bouquet Provincial le 20 Mai 2018<\/a><\/span><\/span><\/li>\n<\/ul>\n<p>&nbsp;<\/p>\n<ul>\n<li><span style=\"text-decoration: underline;\"><span style=\"font-family: 'comic sans ms', sans-serif; font-size: 18pt; color: #000000;\"><a style=\"color: #000000; text-decoration: underline;\" title=\"Travaux \u00e0 la compagnie pendant les vacances de printemps\" href=\"https:\/\/www.1ciedarcdevincennes.fr\/index.php\/actualites\/actualites-2018\/travaux-a-la-cie-pendant-les-vacances-de-printemps\/\">Travaux \u00e0 la compagnie pendant les vacances de printemps<\/a><\/span><\/span><\/li>\n<\/ul>\n<p>&nbsp;<\/p>\n<ul>\n<li><span style=\"text-decoration: underline;\"><span style=\"font-family: 'comic sans ms', sans-serif; font-size: 18pt; color: #000000;\"><a style=\"color: #000000; text-decoration: underline;\" title=\"Championnat d\u00e9partemental Beursault 7 et 8 avril 2018\" href=\"https:\/\/www.1ciedarcdevincennes.fr\/index.php\/actualites\/actualites-2018\/championnat-departemental-beursault-7-et-8-avril-2018\/\">Championnat d\u00e9partemental Beursault 7 et 8 avril 2018<\/a><\/span><\/span><\/li>\n<\/ul>\n<p>&nbsp;<\/p>\n<ul>\n<li><span style=\"text-decoration: underline;\"><span style=\"font-family: comic\\ sans\\ ms, sans-serif; font-size: 18pt; color: #000000;\"><a style=\"color: #000000; text-decoration: underline;\" title=\"Concours d\u00e9butants de Bagneux, 18 mars 2018\" href=\"https:\/\/www.1ciedarcdevincennes.fr\/index.php\/actualites\/actualites-2018\/concours-debutants-de-bagneux-18-mars-2018\/\">Concours d\u00e9butants de Bagneux, 18 mars 2018<\/a><\/span><\/span><\/li>\n<\/ul>\n<p>&nbsp;<\/p>\n<ul>\n<li><span style=\"text-decoration: underline;\"><span style=\"font-size: 18pt; font-family: 'comic sans ms', sans-serif; color: #000000; text-decoration: underline;\"><a style=\"color: #000000; text-decoration: underline;\" title=\"a M\u00e9daille de la Jeunesse et des Sports d\u00e9cern\u00e9e \u00e0 Jean-Claude\" href=\"https:\/\/www.1ciedarcdevincennes.fr\/index.php\/actualites\/actualites-2018\/la-medaille-de-la-jeunesse-et-des-sports-decernee-a-jean-claude\">La m\u00e9daille de la Jeunesse et des Sports d\u00e9cern\u00e9e \u00e0 Jean-Claude<\/a>\u00a0le 16 mars\u00a0<\/span><\/span><\/li>\n<\/ul>\n<p>&nbsp;<\/p>\n<ul>\n<li><span style=\"text-decoration: underline;\"><span style=\"font-size: 18pt; font-family: 'comic sans ms', sans-serif; color: #000000;\"><a style=\"color: #000000; text-decoration: underline;\" title=\"Tirs du Roitelet et l'Abat-Oiseau du 11 et 11 mars 2018\" href=\"https:\/\/www.1ciedarcdevincennes.fr\/index.php\/actualites\/actualites-2018\/tirs-du-roitelet-et-de-labat-oiseau-du-10-et-11-mars-2018\/\">Tirs du Roitelet et l&rsquo;Abat-Oiseau du 10 et 11 mars 2018<\/a><\/span><\/span><\/li>\n<\/ul>\n<p>&nbsp;<\/p>\n<ul>\n<li><span style=\"text-decoration: underline;\"><span style=\"font-family: 'comic sans ms', sans-serif; font-size: 18pt; color: #000000;\"><a style=\"color: #000000; text-decoration: underline;\" title=\"Prix G\u00e9n\u00e9raux du 3 mars au 16 septembre 2018\" href=\"https:\/\/www.1ciedarcdevincennes.fr\/index.php\/actualites\/actualites-2018\/prix-generaux-2018\/\">Prix G\u00e9n\u00e9raux du 3 mars au 16 septembre 2018<\/a><\/span><\/span><\/li>\n<\/ul>\n<p>&nbsp;<\/p>\n<ul>\n<li><span style=\"text-decoration: underline;\"><span style=\"font-size: 18pt; font-family: 'comic sans ms', sans-serif; color: #000000;\"><a style=\"color: #000000; text-decoration: underline;\" title=\"Coupe Pag\u00e8s le 4 f\u00e9vrier 2018\" href=\" https:\/\/www.1ciedarcdevincennes.fr\/index.php\/actualites\/actualites-2018\/coupe-pages-le-4-fevrier-2018\/\">Coupe Pag\u00e8s le 4 f\u00e9vrier 2018<\/a><\/span><\/span><\/li>\n<\/ul>\n<p>&nbsp;<\/p>\n<ul>\n<li><span style=\"color: #000000; text-decoration: underline;\"><span style=\"font-family: comic sans ms,sans-serif; font-size: 18pt;\"><a style=\"color: #000000; text-decoration: underline;\" title=\"Saint S\u00e9bastien 2018\" href=\"https:\/\/www.1ciedarcdevincennes.fr\/index.php\/actualites\/actualites-2018\/saint-sebastien-2018\/\">Saint S\u00e9bastien 2018<\/a><\/span><\/span><\/li>\n<\/ul>\n","protected":false},"excerpt":{"rendered":"<p>Hommage \u00e0 Aim\u00e9 EDMONT &nbsp; Le mot du Capitaine &nbsp; Concours d\u00e9butants des 3 Lys &nbsp; Prix du Roi &nbsp; Prix d\u2019Hiver [&hellip;]<\/p>\n","protected":false},"author":1,"featured_media":0,"parent":1155,"menu_order":0,"comment_status":"closed","ping_status":"closed","template":"page-templates\/page_fullwidth.php","meta":{"_mc_calendar":[]},"_links":{"self":[{"href":"https:\/\/www.1ciedarcdevincennes.fr\/index.php\/wp-json\/wp\/v2\/pages\/1298"}],"collection":[{"href":"https:\/\/www.1ciedarcdevincennes.fr\/index.php\/wp-json\/wp\/v2\/pages"}],"about":[{"href":"https:\/\/www.1ciedarcdevincennes.fr\/index.php\/wp-json\/wp\/v2\/types\/page"}],"author":[{"embeddable":true,"href":"https:\/\/www.1ciedarcdevincennes.fr\/index.php\/wp-json\/wp\/v2\/users\/1"}],"replies":[{"embeddable":true,"href":"https:\/\/www.1ciedarcdevincennes.fr\/index.php\/wp-json\/wp\/v2\/comments?post=1298"}],"version-history":[{"count":36,"href":"https:\/\/www.1ciedarcdevincennes.fr\/index.php\/wp-json\/wp\/v2\/pages\/1298\/revisions"}],"predecessor-version":[{"id":1758,"href":"https:\/\/www.1ciedarcdevincennes.fr\/index.php\/wp-json\/wp\/v2\/pages\/1298\/revisions\/1758"}],"up":[{"embeddable":true,"href":"https:\/\/www.1ciedarcdevincennes.fr\/index.php\/wp-json\/wp\/v2\/pages\/1155"}],"wp:attachment":[{"href":"https:\/\/www.1ciedarcdevincennes.fr\/index.php\/wp-json\/wp\/v2\/media?parent=1298"}],"curies":[{"name":"wp","href":"https:\/\/api.w.org\/{rel}","templated":true}]}}