{"id":1371,"date":"2018-02-15T19:24:54","date_gmt":"2018-02-15T18:24:54","guid":{"rendered":"http:\/\/www.1ciedarcdevincennes.fr\/?page_id=1371"},"modified":"2018-02-15T19:24:54","modified_gmt":"2018-02-15T18:24:54","slug":"coupe-pages-le-4-fevrier-2018","status":"publish","type":"page","link":"https:\/\/www.1ciedarcdevincennes.fr\/index.php\/actualites\/actualites-2018\/coupe-pages-le-4-fevrier-2018\/","title":{"rendered":"Coupe Pag\u00e8s le 4 f\u00e9vrier 2018"},"content":{"rendered":"<p style=\"text-align: justify;\"><img loading=\"lazy\" class=\"aligncenter size-full wp-image-1377\" src=\"https:\/\/www.1ciedarcdevincennes.fr\/wp-content\/uploads\/2018\/02\/blasons-coupe-pages.jpg\" alt=\"blasons-coupe-pages\" width=\"894\" height=\"168\" srcset=\"https:\/\/www.1ciedarcdevincennes.fr\/wp-content\/uploads\/2018\/02\/blasons-coupe-pages.jpg 894w, https:\/\/www.1ciedarcdevincennes.fr\/wp-content\/uploads\/2018\/02\/blasons-coupe-pages-300x56.jpg 300w, https:\/\/www.1ciedarcdevincennes.fr\/wp-content\/uploads\/2018\/02\/blasons-coupe-pages-768x144.jpg 768w, https:\/\/www.1ciedarcdevincennes.fr\/wp-content\/uploads\/2018\/02\/blasons-coupe-pages-830x156.jpg 830w, https:\/\/www.1ciedarcdevincennes.fr\/wp-content\/uploads\/2018\/02\/blasons-coupe-pages-230x43.jpg 230w, https:\/\/www.1ciedarcdevincennes.fr\/wp-content\/uploads\/2018\/02\/blasons-coupe-pages-350x66.jpg 350w, https:\/\/www.1ciedarcdevincennes.fr\/wp-content\/uploads\/2018\/02\/blasons-coupe-pages-480x90.jpg 480w\" sizes=\"(max-width: 894px) 100vw, 894px\" \/><\/p>\n<p style=\"text-align: justify;\"><span style=\"font-size: 14pt; font-family: 'comic sans ms', sans-serif;\">Le dimanche 4 f\u00e9vrier 2018 a eu lieu la Coupe Pag\u00e8s, une comp\u00e9tition annuelle qui r\u00e9unit les archers confirm\u00e9s et les d\u00e9butants de cinq compagnies d\u2019arc dans le but de remporter la fameuse Coupe Pag\u00e8s.<\/span><\/p>\n<p><span style=\"font-size: 14pt; font-family: 'comic sans ms', sans-serif;\">Cette ann\u00e9e, Vincennes fut repr\u00e9sent\u00e9 par 37 archers sur les 146 que pr\u00e9sentaient les 5 Cies.<\/span><\/p>\n<p>&nbsp;<\/p>\n<p><span style=\"font-size: 14pt; font-family: 'comic sans ms', sans-serif;\">Vincennes a obtenu plusieurs podiums (3 premi\u00e8res places) :<\/span><\/p>\n<p>&nbsp;<\/p>\n<p><span style=\"font-size: 14pt; font-family: 'comic sans ms', sans-serif;\">D\u00e9butant adulte homme : Charles 1er<\/span><\/p>\n<p><span style=\"font-size: 14pt; font-family: 'comic sans ms', sans-serif;\">D\u00e9butant jeune femme : Aur\u00e9lie\u00a0 1\u00e8re<\/span><\/p>\n<p><span style=\"font-size: 14pt; font-family: 'comic sans ms', sans-serif;\">D\u00e9butant jeune homme : Ivan 1er, Noah 2\u00e8me<\/span><\/p>\n<p><img loading=\"lazy\" class=\"aligncenter size-full wp-image-1373\" src=\"https:\/\/www.1ciedarcdevincennes.fr\/wp-content\/uploads\/2018\/02\/laureats-coupe-pages-2018-1.jpg\" alt=\"laureats-coupe-pages-2018-1\" width=\"900\" height=\"500\" srcset=\"https:\/\/www.1ciedarcdevincennes.fr\/wp-content\/uploads\/2018\/02\/laureats-coupe-pages-2018-1.jpg 900w, https:\/\/www.1ciedarcdevincennes.fr\/wp-content\/uploads\/2018\/02\/laureats-coupe-pages-2018-1-300x167.jpg 300w, https:\/\/www.1ciedarcdevincennes.fr\/wp-content\/uploads\/2018\/02\/laureats-coupe-pages-2018-1-768x427.jpg 768w, https:\/\/www.1ciedarcdevincennes.fr\/wp-content\/uploads\/2018\/02\/laureats-coupe-pages-2018-1-450x250.jpg 450w, https:\/\/www.1ciedarcdevincennes.fr\/wp-content\/uploads\/2018\/02\/laureats-coupe-pages-2018-1-830x461.jpg 830w, https:\/\/www.1ciedarcdevincennes.fr\/wp-content\/uploads\/2018\/02\/laureats-coupe-pages-2018-1-230x128.jpg 230w, https:\/\/www.1ciedarcdevincennes.fr\/wp-content\/uploads\/2018\/02\/laureats-coupe-pages-2018-1-350x194.jpg 350w, https:\/\/www.1ciedarcdevincennes.fr\/wp-content\/uploads\/2018\/02\/laureats-coupe-pages-2018-1-480x267.jpg 480w\" sizes=\"(max-width: 900px) 100vw, 900px\" \/><\/p>\n<p><span style=\"font-size: 14pt; font-family: 'comic sans ms', sans-serif;\">CADETTES DAMES ARC CLASSIQUE : Artemia 1\u00e8re, Maria 2\u00e8me<\/span><\/p>\n<p><span style=\"font-size: 14pt; font-family: 'comic sans ms', sans-serif;\">CADETS HOMMES ARC CLASSIQUE : Cl\u00e9ment 3\u00e8me<\/span><\/p>\n<p><span style=\"font-size: 14pt; font-family: 'comic sans ms', sans-serif;\">JUNIORS HOMMES ARC CLASSIQUE : Fran\u00e7ois C 2\u00e8me et Octave 3\u00e8me<\/span><\/p>\n<p><span style=\"font-size: 14pt; font-family: 'comic sans ms', sans-serif;\">SENIORS HOMMES ARC CLASSIQUE : Gauthier 1er, Rodolphe 2\u00e8me<\/span><\/p>\n<p><span style=\"font-size: 14pt; font-family: 'comic sans ms', sans-serif;\">SUPER VETERANS HOMMES ARC A POULIES : Michel A 2\u00e8me<\/span><\/p>\n<p><img loading=\"lazy\" class=\"aligncenter size-full wp-image-1374\" src=\"https:\/\/www.1ciedarcdevincennes.fr\/wp-content\/uploads\/2018\/02\/laureats-coupe-pages2018-2.jpg\" alt=\"laureats-coupe-pages2018-2\" width=\"900\" height=\"500\" srcset=\"https:\/\/www.1ciedarcdevincennes.fr\/wp-content\/uploads\/2018\/02\/laureats-coupe-pages2018-2.jpg 900w, https:\/\/www.1ciedarcdevincennes.fr\/wp-content\/uploads\/2018\/02\/laureats-coupe-pages2018-2-300x167.jpg 300w, https:\/\/www.1ciedarcdevincennes.fr\/wp-content\/uploads\/2018\/02\/laureats-coupe-pages2018-2-768x427.jpg 768w, https:\/\/www.1ciedarcdevincennes.fr\/wp-content\/uploads\/2018\/02\/laureats-coupe-pages2018-2-450x250.jpg 450w, https:\/\/www.1ciedarcdevincennes.fr\/wp-content\/uploads\/2018\/02\/laureats-coupe-pages2018-2-830x461.jpg 830w, https:\/\/www.1ciedarcdevincennes.fr\/wp-content\/uploads\/2018\/02\/laureats-coupe-pages2018-2-230x128.jpg 230w, https:\/\/www.1ciedarcdevincennes.fr\/wp-content\/uploads\/2018\/02\/laureats-coupe-pages2018-2-350x194.jpg 350w, https:\/\/www.1ciedarcdevincennes.fr\/wp-content\/uploads\/2018\/02\/laureats-coupe-pages2018-2-480x267.jpg 480w\" sizes=\"(max-width: 900px) 100vw, 900px\" \/><\/p>\n<p><span style=\"font-size: 14pt; font-family: 'comic sans ms', sans-serif;\">N\u2019oublions pas que de beaux scores ont aussi \u00e9t\u00e9 r\u00e9alis\u00e9s en dehors de ces podiums.<\/span><\/p>\n<p>&nbsp;<\/p>\n<p style=\"text-align: justify;\"><span style=\"font-size: 14pt; font-family: 'comic sans ms', sans-serif;\">Pour l&rsquo;attribution de la Coupe, Vincennes est 3\u00e8me avec 21 points soit seulement 1 point de moins que les 2 premiers qui ont 22 points chacun d\u00e9partag\u00e9s au nombre de 10, ce qui donne Villiers 1er devant Chennevi\u00e8res.<\/span><\/p>\n<p>&nbsp;<\/p>\n<p><span style=\"font-size: 14pt; font-family: 'comic sans ms', sans-serif;\">Ce fut serr\u00e9, comme quoi toutes les fl\u00e8ches comptent !<\/span><\/p>\n<p>&nbsp;<\/p>\n<p><span style=\"font-size: 14pt; font-family: 'comic sans ms', sans-serif;\"><a title=\"Voir les RESULTATS DE LA COUPE PAGES 2018\" href=\"https:\/\/www.1ciedarcdevincennes.fr\/wp-content\/uploads\/2018\/02\/R%C3%A9sultats-coupe-Pages-2018.pdf\">Voir les RESULTATS DE LA COUPE PAGES 2018<\/a><\/span><\/p>\n","protected":false},"excerpt":{"rendered":"<p>Le dimanche 4 f\u00e9vrier 2018 a eu lieu la Coupe Pag\u00e8s, une comp\u00e9tition annuelle qui r\u00e9unit les archers confirm\u00e9s et les d\u00e9butants [&hellip;]<\/p>\n","protected":false},"author":1,"featured_media":0,"parent":1298,"menu_order":0,"comment_status":"closed","ping_status":"closed","template":"page-templates\/page_fullwidth.php","meta":{"_mc_calendar":[]},"_links":{"self":[{"href":"https:\/\/www.1ciedarcdevincennes.fr\/index.php\/wp-json\/wp\/v2\/pages\/1371"}],"collection":[{"href":"https:\/\/www.1ciedarcdevincennes.fr\/index.php\/wp-json\/wp\/v2\/pages"}],"about":[{"href":"https:\/\/www.1ciedarcdevincennes.fr\/index.php\/wp-json\/wp\/v2\/types\/page"}],"author":[{"embeddable":true,"href":"https:\/\/www.1ciedarcdevincennes.fr\/index.php\/wp-json\/wp\/v2\/users\/1"}],"replies":[{"embeddable":true,"href":"https:\/\/www.1ciedarcdevincennes.fr\/index.php\/wp-json\/wp\/v2\/comments?post=1371"}],"version-history":[{"count":5,"href":"https:\/\/www.1ciedarcdevincennes.fr\/index.php\/wp-json\/wp\/v2\/pages\/1371\/revisions"}],"predecessor-version":[{"id":1379,"href":"https:\/\/www.1ciedarcdevincennes.fr\/index.php\/wp-json\/wp\/v2\/pages\/1371\/revisions\/1379"}],"up":[{"embeddable":true,"href":"https:\/\/www.1ciedarcdevincennes.fr\/index.php\/wp-json\/wp\/v2\/pages\/1298"}],"wp:attachment":[{"href":"https:\/\/www.1ciedarcdevincennes.fr\/index.php\/wp-json\/wp\/v2\/media?parent=1371"}],"curies":[{"name":"wp","href":"https:\/\/api.w.org\/{rel}","templated":true}]}}