{"id":1383,"date":"2018-02-19T19:29:27","date_gmt":"2018-02-19T18:29:27","guid":{"rendered":"http:\/\/www.1ciedarcdevincennes.fr\/?page_id=1383"},"modified":"2018-02-19T19:29:27","modified_gmt":"2018-02-19T18:29:27","slug":"finale-du-challenge-interclubs-94","status":"publish","type":"page","link":"https:\/\/www.1ciedarcdevincennes.fr\/index.php\/challenge-94-saison-2017-2018\/finale-du-challenge-interclubs-94\/","title":{"rendered":"Finale du challenge interclubs 94"},"content":{"rendered":"<p style=\"text-align: justify;\"><img loading=\"lazy\" class=\"aligncenter size-full wp-image-1384\" src=\"https:\/\/www.1ciedarcdevincennes.fr\/wp-content\/uploads\/2018\/02\/en-tete-interclub-2018.jpg\" alt=\"entete-interclub-2018\" width=\"600\" height=\"200\" \/><\/p>\n<p style=\"text-align: left;\"><span style=\"font-family: 'comic sans ms', sans-serif; font-size: 14pt;\">La 1\u00e8re Compagnie d&rsquo;Arc de Vincennes a pu participer \u00e0 la finale de la division 2 du Challenge 94, le 17 f\u00e9vrier au CTS Arc, gr\u00e2ce en particulier \u00e0 nos jeunes tireurs Th\u00e9ophane et Cl\u00e9ment ainsi qu&rsquo;\u00e0 nos encore jeunes tireurs Michel et Fran\u00e7ois.<\/span><\/p>\n<p style=\"text-align: justify;\">\n<p style=\"text-align: justify;\"><img loading=\"lazy\" class=\"aligncenter size-full wp-image-1385\" src=\"https:\/\/www.1ciedarcdevincennes.fr\/wp-content\/uploads\/2018\/02\/arches-finale-interclub-2018.jpg\" alt=\"arches-finale-interclub-2018\" width=\"376\" height=\"248\" srcset=\"https:\/\/www.1ciedarcdevincennes.fr\/wp-content\/uploads\/2018\/02\/arches-finale-interclub-2018.jpg 376w, https:\/\/www.1ciedarcdevincennes.fr\/wp-content\/uploads\/2018\/02\/arches-finale-interclub-2018-300x198.jpg 300w, https:\/\/www.1ciedarcdevincennes.fr\/wp-content\/uploads\/2018\/02\/arches-finale-interclub-2018-230x152.jpg 230w, https:\/\/www.1ciedarcdevincennes.fr\/wp-content\/uploads\/2018\/02\/arches-finale-interclub-2018-350x231.jpg 350w\" sizes=\"(max-width: 376px) 100vw, 376px\" \/><\/p>\n<p style=\"text-align: justify;\">\n<p style=\"text-align: left;\"><span style=\"font-family: 'comic sans ms', sans-serif; font-size: 14pt;\">Bravo \u00e0 tous. Nous restons en D2, ce qui est bien car c&rsquo;est une division qui int\u00e8gre plus facilement des archers r\u00e9cents.<\/span><\/p>\n","protected":false},"excerpt":{"rendered":"<p>La 1\u00e8re Compagnie d&rsquo;Arc de Vincennes a pu participer \u00e0 la finale de la division 2 du Challenge 94, le 17 f\u00e9vrier [&hellip;]<\/p>\n","protected":false},"author":1,"featured_media":0,"parent":1175,"menu_order":0,"comment_status":"closed","ping_status":"closed","template":"page-templates\/page_fullwidth.php","meta":{"_mc_calendar":[]},"_links":{"self":[{"href":"https:\/\/www.1ciedarcdevincennes.fr\/index.php\/wp-json\/wp\/v2\/pages\/1383"}],"collection":[{"href":"https:\/\/www.1ciedarcdevincennes.fr\/index.php\/wp-json\/wp\/v2\/pages"}],"about":[{"href":"https:\/\/www.1ciedarcdevincennes.fr\/index.php\/wp-json\/wp\/v2\/types\/page"}],"author":[{"embeddable":true,"href":"https:\/\/www.1ciedarcdevincennes.fr\/index.php\/wp-json\/wp\/v2\/users\/1"}],"replies":[{"embeddable":true,"href":"https:\/\/www.1ciedarcdevincennes.fr\/index.php\/wp-json\/wp\/v2\/comments?post=1383"}],"version-history":[{"count":2,"href":"https:\/\/www.1ciedarcdevincennes.fr\/index.php\/wp-json\/wp\/v2\/pages\/1383\/revisions"}],"predecessor-version":[{"id":1387,"href":"https:\/\/www.1ciedarcdevincennes.fr\/index.php\/wp-json\/wp\/v2\/pages\/1383\/revisions\/1387"}],"up":[{"embeddable":true,"href":"https:\/\/www.1ciedarcdevincennes.fr\/index.php\/wp-json\/wp\/v2\/pages\/1175"}],"wp:attachment":[{"href":"https:\/\/www.1ciedarcdevincennes.fr\/index.php\/wp-json\/wp\/v2\/media?parent=1383"}],"curies":[{"name":"wp","href":"https:\/\/api.w.org\/{rel}","templated":true}]}}