{"id":1394,"date":"2018-03-04T12:14:18","date_gmt":"2018-03-04T11:14:18","guid":{"rendered":"http:\/\/www.1ciedarcdevincennes.fr\/?page_id=1394"},"modified":"2018-03-04T12:14:18","modified_gmt":"2018-03-04T11:14:18","slug":"prix-generaux-2018","status":"publish","type":"page","link":"https:\/\/www.1ciedarcdevincennes.fr\/index.php\/actualites\/actualites-2018\/prix-generaux-2018\/","title":{"rendered":"Prix g\u00e9n\u00e9raux 2018"},"content":{"rendered":"<p><img loading=\"lazy\" class=\"aligncenter size-full wp-image-1395\" src=\"https:\/\/www.1ciedarcdevincennes.fr\/wp-content\/uploads\/2018\/03\/prix-generaux-2018-entete.jpg\" alt=\"prix-generaux-2018-entete\" width=\"893\" height=\"260\" \/><\/p>\n<p style=\"text-align: center;\"><span style=\"font-family: 'comic sans ms', sans-serif; font-size: 14pt;\">Les Prix G\u00e9n\u00e9raux se d\u00e9rouleront du 3 mars au 16 septembre 2018.<\/span><\/p>\n<p>&nbsp;<\/p>\n<p><span style=\"font-family: 'comic sans ms', sans-serif; font-size: 18pt;\">Voir le\u00a0<a href=\"https:\/\/www.1ciedarcdevincennes.fr\/wp-content\/uploads\/2018\/02\/Mandat-Famille-de-Beaute-2018.pdf\">Mandat de la Famille de Beaut\u00e9<\/a><\/span><\/p>\n<p>&nbsp;<\/p>\n<p><span style=\"font-family: 'comic sans ms', sans-serif; font-size: 14pt;\">Le Prix G\u00e9n\u00e9ral, un tir traditionnel dans les compagnies d\u2019arc<\/span><\/p>\n<p><span style=\"font-family: 'comic sans ms', sans-serif; font-size: 14pt;\">Chaque Compagnie d\u2019arc se doit de rendre tous les ans un Prix g\u00e9n\u00e9ral, c\u2019est-\u00e0-dire qu\u2019elle organise un tir amical o\u00f9 tous les archers des autres compagnies sont cordialement invit\u00e9s \u00e0 participer. Ce prix consiste \u00e0 tirer la plus belle fl\u00e8che \u00e0 50 m\u00e8tres, sur une carte Beursault, principalement en 30 haltes (60 fl\u00e8ches) sur le jeu d\u2019arc de la compagnie organisatrice.<\/span><\/p>\n<p><span style=\"font-family: 'comic sans ms', sans-serif; font-size: 14pt;\">Le prix g\u00e9n\u00e9ral reste l\u2019un des tirs les plus embl\u00e9matiques d\u2019une compagnie d\u2019arc, et il offre aujourd\u2019hui encore plusieurs occasions aux tireurs\u00a0 de renforcer ou de cr\u00e9er des liens amicaux en se rendant sur le jeu d\u2019arc de diff\u00e9rentes compagnies.<\/span><\/p>\n<p><img loading=\"lazy\" class=\"aligncenter size-full wp-image-1397\" src=\"https:\/\/www.1ciedarcdevincennes.fr\/wp-content\/uploads\/2018\/03\/jeu-arc-vincennes-1.jpg\" alt=\"jeu arc vincennes\" width=\"653\" height=\"489\" srcset=\"https:\/\/www.1ciedarcdevincennes.fr\/wp-content\/uploads\/2018\/03\/jeu-arc-vincennes-1.jpg 653w, https:\/\/www.1ciedarcdevincennes.fr\/wp-content\/uploads\/2018\/03\/jeu-arc-vincennes-1-300x225.jpg 300w, https:\/\/www.1ciedarcdevincennes.fr\/wp-content\/uploads\/2018\/03\/jeu-arc-vincennes-1-230x172.jpg 230w, https:\/\/www.1ciedarcdevincennes.fr\/wp-content\/uploads\/2018\/03\/jeu-arc-vincennes-1-350x262.jpg 350w, https:\/\/www.1ciedarcdevincennes.fr\/wp-content\/uploads\/2018\/03\/jeu-arc-vincennes-1-480x359.jpg 480w\" sizes=\"(max-width: 653px) 100vw, 653px\" \/><\/p>\n<p>&nbsp;<\/p>\n<p><span style=\"font-family: 'comic sans ms', sans-serif; font-size: 14pt;\">Les Prix G\u00e9n\u00e9raux de la Famille de Beaut\u00e9<\/span><\/p>\n<p><span style=\"font-family: 'comic sans ms', sans-serif; font-size: 14pt;\">La Famille de Beaut\u00e9 fut cr\u00e9\u00e9e en 1859, elle regroupe plusieurs compagnies dont la 1\u00e8re\u00a0Cie d\u2019Arc de Vincennes. Parmi ses attributions, figurent le maintien des traditions et l\u2019organisation des Prix G\u00e9n\u00e9raux. A l\u2019issue des Prix G\u00e9n\u00e9raux, la Famille de Beaut\u00e9 organise le Prix de la Famille, dont les Eliminatoires et la Finale auront lieu cette ann\u00e9e \u00e0 la Compagnie de L\u2019Hay Les Roses.<\/span><\/p>\n<p>&nbsp;<\/p>\n<p><span style=\"font-family: 'comic sans ms', sans-serif; font-size: 14pt;\">Egalement \u00e0 d\u00e9couvrir\u00a0:<\/span><span style=\"font-family: 'comic sans ms', sans-serif; font-size: 14pt;\">\u00a0<\/span><\/p>\n<ul>\n<li><span style=\"font-family: 'comic sans ms', sans-serif; font-size: 14pt;\">le\u00a0<a href=\"https:\/\/www.1ciedarcdevincennes.fr\/index.php\/histoire-et-traditions\/le-tir-beursault\/\">tir Beursault<\/a><\/span><\/li>\n<li><span style=\"font-family: 'comic sans ms', sans-serif; font-size: 14pt;\">les\u00a0<a href=\"https:\/\/www.1ciedarcdevincennes.fr\/index.php\/histoire-et-traditions\/us-et-coutumes\/\">us et coutumes<\/a><\/span><\/li>\n<\/ul>\n","protected":false},"excerpt":{"rendered":"<p>Les Prix G\u00e9n\u00e9raux se d\u00e9rouleront du 3 mars au 16 septembre 2018. &nbsp; Voir le\u00a0Mandat de la Famille de Beaut\u00e9 &nbsp; Le [&hellip;]<\/p>\n","protected":false},"author":1,"featured_media":0,"parent":1298,"menu_order":0,"comment_status":"closed","ping_status":"closed","template":"page-templates\/page_fullwidth.php","meta":{"_mc_calendar":[]},"_links":{"self":[{"href":"https:\/\/www.1ciedarcdevincennes.fr\/index.php\/wp-json\/wp\/v2\/pages\/1394"}],"collection":[{"href":"https:\/\/www.1ciedarcdevincennes.fr\/index.php\/wp-json\/wp\/v2\/pages"}],"about":[{"href":"https:\/\/www.1ciedarcdevincennes.fr\/index.php\/wp-json\/wp\/v2\/types\/page"}],"author":[{"embeddable":true,"href":"https:\/\/www.1ciedarcdevincennes.fr\/index.php\/wp-json\/wp\/v2\/users\/1"}],"replies":[{"embeddable":true,"href":"https:\/\/www.1ciedarcdevincennes.fr\/index.php\/wp-json\/wp\/v2\/comments?post=1394"}],"version-history":[{"count":4,"href":"https:\/\/www.1ciedarcdevincennes.fr\/index.php\/wp-json\/wp\/v2\/pages\/1394\/revisions"}],"predecessor-version":[{"id":1401,"href":"https:\/\/www.1ciedarcdevincennes.fr\/index.php\/wp-json\/wp\/v2\/pages\/1394\/revisions\/1401"}],"up":[{"embeddable":true,"href":"https:\/\/www.1ciedarcdevincennes.fr\/index.php\/wp-json\/wp\/v2\/pages\/1298"}],"wp:attachment":[{"href":"https:\/\/www.1ciedarcdevincennes.fr\/index.php\/wp-json\/wp\/v2\/media?parent=1394"}],"curies":[{"name":"wp","href":"https:\/\/api.w.org\/{rel}","templated":true}]}}