{"id":1405,"date":"2018-03-23T19:33:16","date_gmt":"2018-03-23T18:33:16","guid":{"rendered":"http:\/\/www.1ciedarcdevincennes.fr\/?page_id=1405"},"modified":"2018-10-07T18:50:30","modified_gmt":"2018-10-07T16:50:30","slug":"tirs-du-roitelet-et-de-labat-oiseau-du-10-et-11-mars-2018","status":"publish","type":"page","link":"https:\/\/www.1ciedarcdevincennes.fr\/index.php\/actualites\/actualites-2018\/tirs-du-roitelet-et-de-labat-oiseau-du-10-et-11-mars-2018\/","title":{"rendered":"Tirs du Roitelet et de l&rsquo;Abat-Oiseau du 10 et 11 mars 2018"},"content":{"rendered":"<p><span style=\"font-size: 14pt;\"><strong><span style=\"font-family: 'comic sans ms', sans-serif;\">Tir du Roitelet mars 2018 \u2013 indomptable oiseau\u00a0!<\/span><\/strong><\/span><\/p>\n<p><span style=\"font-family: 'comic sans ms', sans-serif; font-size: 14pt;\">Et oui, il aura fallu deux \u00e9pisodes \u00e0 nos jeunes pour que l\u2019oiseau soit abattu lors du tir du Roitelet 2018\u00a0!<\/span><\/p>\n<p><span style=\"font-family: 'comic sans ms', sans-serif; font-size: 14pt;\">Premier \u00e9pisode \u00e0 la date programm\u00e9e du samedi 10 mars\u00a0:<\/span><\/p>\n<p><img loading=\"lazy\" class=\"aligncenter size-full wp-image-1406\" src=\"https:\/\/www.1ciedarcdevincennes.fr\/wp-content\/uploads\/2018\/03\/roiteltet-2018-1.jpg\" alt=\"roitelet-2018-1\" width=\"472\" height=\"629\" srcset=\"https:\/\/www.1ciedarcdevincennes.fr\/wp-content\/uploads\/2018\/03\/roiteltet-2018-1.jpg 472w, https:\/\/www.1ciedarcdevincennes.fr\/wp-content\/uploads\/2018\/03\/roiteltet-2018-1-225x300.jpg 225w, https:\/\/www.1ciedarcdevincennes.fr\/wp-content\/uploads\/2018\/03\/roiteltet-2018-1-230x307.jpg 230w, https:\/\/www.1ciedarcdevincennes.fr\/wp-content\/uploads\/2018\/03\/roiteltet-2018-1-350x466.jpg 350w\" sizes=\"(max-width: 472px) 100vw, 472px\" \/><\/p>\n<p><span style=\"font-family: 'comic sans ms', sans-serif; font-size: 14pt;\">Huit jeunes de moins de 18 ans, aptes \u00e0 tirer \u00e0 30 m\u00e8tres, sont venus dans l\u2019espoir de remporter le titre de Roitelet. Derri\u00e8re Octave, notre Roitelet 2017,\u00a0 selon un tirage au sort, Mathilde, Aur\u00e9lie, Thomas, Alice C, Th\u00e9ophane, Gw\u00e9na\u00eblle et Guillaume se sont battu pendant 3 heures et quart (!) pour tenter de faire tomber l\u2019oiseau. Ils n\u2019y sont h\u00e9las pas parvenus malgr\u00e9 de superbes fl\u00e8ches auxquelles l\u2019oiseau, \u00e0 peine bless\u00e9, a r\u00e9sist\u00e9 sto\u00efquement !<\/span><\/p>\n<p><img loading=\"lazy\" class=\"aligncenter size-full wp-image-1407\" src=\"https:\/\/www.1ciedarcdevincennes.fr\/wp-content\/uploads\/2018\/03\/roitelet-2018-2.jpg\" alt=\"roitelet-2018-2\" width=\"1002\" height=\"846\" srcset=\"https:\/\/www.1ciedarcdevincennes.fr\/wp-content\/uploads\/2018\/03\/roitelet-2018-2.jpg 1002w, https:\/\/www.1ciedarcdevincennes.fr\/wp-content\/uploads\/2018\/03\/roitelet-2018-2-300x253.jpg 300w, https:\/\/www.1ciedarcdevincennes.fr\/wp-content\/uploads\/2018\/03\/roitelet-2018-2-768x648.jpg 768w, https:\/\/www.1ciedarcdevincennes.fr\/wp-content\/uploads\/2018\/03\/roitelet-2018-2-830x701.jpg 830w, https:\/\/www.1ciedarcdevincennes.fr\/wp-content\/uploads\/2018\/03\/roitelet-2018-2-230x194.jpg 230w, https:\/\/www.1ciedarcdevincennes.fr\/wp-content\/uploads\/2018\/03\/roitelet-2018-2-350x296.jpg 350w, https:\/\/www.1ciedarcdevincennes.fr\/wp-content\/uploads\/2018\/03\/roitelet-2018-2-480x405.jpg 480w\" sizes=\"(max-width: 1002px) 100vw, 1002px\" \/><\/p>\n<p><span style=\"font-family: 'comic sans ms', sans-serif; font-size: 14pt;\">Deuxi\u00e8me \u00e9pisode le mercredi suivant 14 mars\u00a0:<\/span><\/p>\n<p><img loading=\"lazy\" class=\"aligncenter size-full wp-image-1408\" src=\"https:\/\/www.1ciedarcdevincennes.fr\/wp-content\/uploads\/2018\/03\/roitelet-2018-3.jpg\" alt=\"roitelet-2018-3\" width=\"458\" height=\"564\" srcset=\"https:\/\/www.1ciedarcdevincennes.fr\/wp-content\/uploads\/2018\/03\/roitelet-2018-3.jpg 458w, https:\/\/www.1ciedarcdevincennes.fr\/wp-content\/uploads\/2018\/03\/roitelet-2018-3-244x300.jpg 244w, https:\/\/www.1ciedarcdevincennes.fr\/wp-content\/uploads\/2018\/03\/roitelet-2018-3-230x283.jpg 230w, https:\/\/www.1ciedarcdevincennes.fr\/wp-content\/uploads\/2018\/03\/roitelet-2018-3-350x431.jpg 350w\" sizes=\"(max-width: 458px) 100vw, 458px\" \/><\/p>\n<p><span style=\"font-family: 'comic sans ms', sans-serif; font-size: 14pt;\">Il fallait bien-s\u00fbr revenir pour en d\u00e9coudre et pour cela Octave, Thomas, Guillaume, Aur\u00e9lie et Th\u00e9ophane n\u2019auront pas attendu cette fois bien longtemps. Au retour de la deuxi\u00e8me halte, l\u2019oiseau tombe sous la fl\u00e8che d\u2019Aur\u00e9lie, frapp\u00e9 en plein centre\u00a0! (photo avec oiseau remis en place).<\/span><\/p>\n<p><img loading=\"lazy\" class=\"aligncenter size-full wp-image-1409\" src=\"https:\/\/www.1ciedarcdevincennes.fr\/wp-content\/uploads\/2018\/03\/roitelet-2018-4.jpg\" alt=\"roitelet-2018-4\" width=\"614\" height=\"461\" srcset=\"https:\/\/www.1ciedarcdevincennes.fr\/wp-content\/uploads\/2018\/03\/roitelet-2018-4.jpg 614w, https:\/\/www.1ciedarcdevincennes.fr\/wp-content\/uploads\/2018\/03\/roitelet-2018-4-300x225.jpg 300w, https:\/\/www.1ciedarcdevincennes.fr\/wp-content\/uploads\/2018\/03\/roitelet-2018-4-230x173.jpg 230w, https:\/\/www.1ciedarcdevincennes.fr\/wp-content\/uploads\/2018\/03\/roitelet-2018-4-350x263.jpg 350w, https:\/\/www.1ciedarcdevincennes.fr\/wp-content\/uploads\/2018\/03\/roitelet-2018-4-480x360.jpg 480w\" sizes=\"(max-width: 614px) 100vw, 614px\" \/><\/p>\n<p><span style=\"font-family: 'comic sans ms', sans-serif; font-size: 14pt;\">Aur\u00e9lie, seule jeune d\u00e9butante de cette saison autoris\u00e9e \u00e0 tirer \u00e0 30 m, s\u2019est ainsi vu remettre l\u2019\u00e9charpe jaune et les r\u00e9compenses du Roitelet, et a \u00e9t\u00e9 chaleureusement f\u00e9licit\u00e9e, selon la tradition, par l\u2019encadrement et les autres jeunes archers.<\/span><\/p>\n<p><img loading=\"lazy\" class=\"aligncenter size-full wp-image-1410\" src=\"https:\/\/www.1ciedarcdevincennes.fr\/wp-content\/uploads\/2018\/03\/roitelet-2018-5.jpg\" alt=\"roitelet-2018-5\" width=\"936\" height=\"891\" srcset=\"https:\/\/www.1ciedarcdevincennes.fr\/wp-content\/uploads\/2018\/03\/roitelet-2018-5.jpg 936w, https:\/\/www.1ciedarcdevincennes.fr\/wp-content\/uploads\/2018\/03\/roitelet-2018-5-300x286.jpg 300w, https:\/\/www.1ciedarcdevincennes.fr\/wp-content\/uploads\/2018\/03\/roitelet-2018-5-768x731.jpg 768w, https:\/\/www.1ciedarcdevincennes.fr\/wp-content\/uploads\/2018\/03\/roitelet-2018-5-830x790.jpg 830w, https:\/\/www.1ciedarcdevincennes.fr\/wp-content\/uploads\/2018\/03\/roitelet-2018-5-230x219.jpg 230w, https:\/\/www.1ciedarcdevincennes.fr\/wp-content\/uploads\/2018\/03\/roitelet-2018-5-350x333.jpg 350w, https:\/\/www.1ciedarcdevincennes.fr\/wp-content\/uploads\/2018\/03\/roitelet-2018-5-480x457.jpg 480w\" sizes=\"(max-width: 936px) 100vw, 936px\" \/><\/p>\n<p><span style=\"font-family: 'comic sans ms', sans-serif; font-size: 14pt;\">Bravo \u00e0 Aur\u00e9lie qui confirme sa belle progression dans le tir \u00e0 l\u2019arc par ce coup splendide et bravo \u00e0 tous ceux qui sont venus participer.<\/span><\/p>\n<p>&nbsp;<\/p>\n<p><strong><span style=\"font-family: 'comic sans ms', sans-serif; font-size: 14pt;\">Abat-oiseau pour la d\u00e9signation du Roy, suspens en perspective\u00a0!<\/span><\/strong><\/p>\n<p><img loading=\"lazy\" class=\"aligncenter size-full wp-image-1411\" src=\"https:\/\/www.1ciedarcdevincennes.fr\/wp-content\/uploads\/2018\/03\/roy-2018-11.jpg\" alt=\"roy-2018-11\" width=\"691\" height=\"518\" srcset=\"https:\/\/www.1ciedarcdevincennes.fr\/wp-content\/uploads\/2018\/03\/roy-2018-11.jpg 691w, https:\/\/www.1ciedarcdevincennes.fr\/wp-content\/uploads\/2018\/03\/roy-2018-11-300x225.jpg 300w, https:\/\/www.1ciedarcdevincennes.fr\/wp-content\/uploads\/2018\/03\/roy-2018-11-230x172.jpg 230w, https:\/\/www.1ciedarcdevincennes.fr\/wp-content\/uploads\/2018\/03\/roy-2018-11-350x262.jpg 350w, https:\/\/www.1ciedarcdevincennes.fr\/wp-content\/uploads\/2018\/03\/roy-2018-11-480x360.jpg 480w\" sizes=\"(max-width: 691px) 100vw, 691px\" \/><\/p>\n<p><span style=\"font-family: 'comic sans ms', sans-serif; font-size: 14pt;\">Plus de 20 archers se sont regroup\u00e9s \u00e0 la Compagnie le dimanche 11 mars en d\u00e9but d\u2019apr\u00e8s midi pour le traditionnel abat-oiseau \u00e0 50 m qui pr\u00e9c\u00e8de l\u2019Assembl\u00e9e G\u00e9n\u00e9rale . Comme celle-ci ne peut avoir lieu que si l\u2019oiseau est abattu, il faut dire qu\u2019il y avait quelques inqui\u00e9tudes au lendemain de l\u2019\u00e9pisode infructueux du Roitelet. Le tir dura en effet assez longtemps avec toujours un oiseau qui se laissait \u00e0 peine fr\u00f4ler, jusqu\u2019au moment ou le Roy 2017, Olivier parvint \u00e0 l\u2019abattre.<\/span><\/p>\n<p><img loading=\"lazy\" class=\"aligncenter size-full wp-image-1412\" src=\"https:\/\/www.1ciedarcdevincennes.fr\/wp-content\/uploads\/2018\/03\/121314.jpg\" alt=\"\" width=\"1075\" height=\"720\" srcset=\"https:\/\/www.1ciedarcdevincennes.fr\/wp-content\/uploads\/2018\/03\/121314.jpg 1075w, https:\/\/www.1ciedarcdevincennes.fr\/wp-content\/uploads\/2018\/03\/121314-300x201.jpg 300w, https:\/\/www.1ciedarcdevincennes.fr\/wp-content\/uploads\/2018\/03\/121314-768x514.jpg 768w, https:\/\/www.1ciedarcdevincennes.fr\/wp-content\/uploads\/2018\/03\/121314-1024x686.jpg 1024w, https:\/\/www.1ciedarcdevincennes.fr\/wp-content\/uploads\/2018\/03\/121314-830x556.jpg 830w, https:\/\/www.1ciedarcdevincennes.fr\/wp-content\/uploads\/2018\/03\/121314-230x154.jpg 230w, https:\/\/www.1ciedarcdevincennes.fr\/wp-content\/uploads\/2018\/03\/121314-350x234.jpg 350w, https:\/\/www.1ciedarcdevincennes.fr\/wp-content\/uploads\/2018\/03\/121314-480x321.jpg 480w\" sizes=\"(max-width: 1075px) 100vw, 1075px\" \/><\/p>\n<p><span style=\"font-family: 'comic sans ms', sans-serif; font-size: 14pt;\">Bravo \u00e0 Olivier, \u00e0 nouveau Roy cette ann\u00e9e. Deux ann\u00e9es de suite, cel\u00e0 lui offre la possibilit\u00e9 d\u2019\u00e9tendre son royaume en empire s\u2019il r\u00e9cidive en 2019. Suspens dans un an\u00a0!<\/span><\/p>\n<p><img loading=\"lazy\" class=\"aligncenter size-full wp-image-1413\" src=\"https:\/\/www.1ciedarcdevincennes.fr\/wp-content\/uploads\/2018\/03\/photo15.jpg\" alt=\"photo15\" width=\"802\" height=\"713\" srcset=\"https:\/\/www.1ciedarcdevincennes.fr\/wp-content\/uploads\/2018\/03\/photo15.jpg 802w, https:\/\/www.1ciedarcdevincennes.fr\/wp-content\/uploads\/2018\/03\/photo15-300x267.jpg 300w, https:\/\/www.1ciedarcdevincennes.fr\/wp-content\/uploads\/2018\/03\/photo15-768x683.jpg 768w, https:\/\/www.1ciedarcdevincennes.fr\/wp-content\/uploads\/2018\/03\/photo15-230x204.jpg 230w, https:\/\/www.1ciedarcdevincennes.fr\/wp-content\/uploads\/2018\/03\/photo15-350x311.jpg 350w, https:\/\/www.1ciedarcdevincennes.fr\/wp-content\/uploads\/2018\/03\/photo15-480x427.jpg 480w\" sizes=\"(max-width: 802px) 100vw, 802px\" \/><\/p>\n<p><span style=\"font-family: comic sans ms, sans-serif; font-size: 14pt;\">Christian<\/span><\/p>\n","protected":false},"excerpt":{"rendered":"<p>Tir du Roitelet mars 2018 \u2013 indomptable oiseau\u00a0! Et oui, il aura fallu deux \u00e9pisodes \u00e0 nos jeunes pour que l\u2019oiseau soit [&hellip;]<\/p>\n","protected":false},"author":1,"featured_media":0,"parent":1298,"menu_order":0,"comment_status":"closed","ping_status":"closed","template":"page-templates\/page_fullwidth.php","meta":{"_mc_calendar":[]},"_links":{"self":[{"href":"https:\/\/www.1ciedarcdevincennes.fr\/index.php\/wp-json\/wp\/v2\/pages\/1405"}],"collection":[{"href":"https:\/\/www.1ciedarcdevincennes.fr\/index.php\/wp-json\/wp\/v2\/pages"}],"about":[{"href":"https:\/\/www.1ciedarcdevincennes.fr\/index.php\/wp-json\/wp\/v2\/types\/page"}],"author":[{"embeddable":true,"href":"https:\/\/www.1ciedarcdevincennes.fr\/index.php\/wp-json\/wp\/v2\/users\/1"}],"replies":[{"embeddable":true,"href":"https:\/\/www.1ciedarcdevincennes.fr\/index.php\/wp-json\/wp\/v2\/comments?post=1405"}],"version-history":[{"count":3,"href":"https:\/\/www.1ciedarcdevincennes.fr\/index.php\/wp-json\/wp\/v2\/pages\/1405\/revisions"}],"predecessor-version":[{"id":1597,"href":"https:\/\/www.1ciedarcdevincennes.fr\/index.php\/wp-json\/wp\/v2\/pages\/1405\/revisions\/1597"}],"up":[{"embeddable":true,"href":"https:\/\/www.1ciedarcdevincennes.fr\/index.php\/wp-json\/wp\/v2\/pages\/1298"}],"wp:attachment":[{"href":"https:\/\/www.1ciedarcdevincennes.fr\/index.php\/wp-json\/wp\/v2\/media?parent=1405"}],"curies":[{"name":"wp","href":"https:\/\/api.w.org\/{rel}","templated":true}]}}