{"id":1419,"date":"2018-03-23T22:00:46","date_gmt":"2018-03-23T21:00:46","guid":{"rendered":"http:\/\/www.1ciedarcdevincennes.fr\/?page_id=1419"},"modified":"2018-03-23T22:00:46","modified_gmt":"2018-03-23T21:00:46","slug":"la-medaille-de-la-jeunesse-et-des-sports-decernee-a-jean-claude","status":"publish","type":"page","link":"https:\/\/www.1ciedarcdevincennes.fr\/index.php\/actualites\/actualites-2018\/la-medaille-de-la-jeunesse-et-des-sports-decernee-a-jean-claude\/","title":{"rendered":"La M\u00e9daille de la Jeunesse et des Sports d\u00e9cern\u00e9e \u00e0 Jean-Claude"},"content":{"rendered":"<p style=\"text-align: center;\"><span style=\"font-family: 'comic sans ms', sans-serif; font-size: 14pt;\">F\u00e9licitations \u00e0 Jean-Claude, qui a re\u00e7u la M\u00e9daille de la Jeunesse et des Sports.<\/span><\/p>\n<p>&nbsp;<\/p>\n<p><span style=\"font-family: 'comic sans ms', sans-serif; font-size: 14pt;\">La m\u00e9daille de Bronze lui a \u00e9t\u00e9 d\u00e9cern\u00e9e par la Municipalit\u00e9 de Vincennes ce vendredi 16 mars en reconnaissance de ses nombreuses ann\u00e9es de b\u00e9n\u00e9volat dans le domaine de l&rsquo;enseignement et de l&rsquo;encadrement du tir \u00e0 l&rsquo;arc.<\/span><\/p>\n<p>&nbsp;<\/p>\n<p>&nbsp;<\/p>\n<p><span style=\"font-family: 'comic sans ms', sans-serif; font-size: 14pt;\"><img loading=\"lazy\" class=\"aligncenter size-full wp-image-1420\" src=\"https:\/\/www.1ciedarcdevincennes.fr\/wp-content\/uploads\/2018\/03\/remise-medaille-sports-vincennes.jpg\" alt=\"medaille-sports-vincennes\" width=\"619\" height=\"348\" srcset=\"https:\/\/www.1ciedarcdevincennes.fr\/wp-content\/uploads\/2018\/03\/remise-medaille-sports-vincennes.jpg 619w, https:\/\/www.1ciedarcdevincennes.fr\/wp-content\/uploads\/2018\/03\/remise-medaille-sports-vincennes-300x169.jpg 300w, https:\/\/www.1ciedarcdevincennes.fr\/wp-content\/uploads\/2018\/03\/remise-medaille-sports-vincennes-230x129.jpg 230w, https:\/\/www.1ciedarcdevincennes.fr\/wp-content\/uploads\/2018\/03\/remise-medaille-sports-vincennes-350x197.jpg 350w, https:\/\/www.1ciedarcdevincennes.fr\/wp-content\/uploads\/2018\/03\/remise-medaille-sports-vincennes-480x270.jpg 480w\" sizes=\"(max-width: 619px) 100vw, 619px\" \/><\/span><\/p>\n<p>&nbsp;<\/p>\n","protected":false},"excerpt":{"rendered":"<p>F\u00e9licitations \u00e0 Jean-Claude, qui a re\u00e7u la M\u00e9daille de la Jeunesse et des Sports. &nbsp; La m\u00e9daille de Bronze lui a \u00e9t\u00e9 [&hellip;]<\/p>\n","protected":false},"author":1,"featured_media":0,"parent":1298,"menu_order":0,"comment_status":"closed","ping_status":"closed","template":"page-templates\/page_fullwidth.php","meta":{"_mc_calendar":[]},"_links":{"self":[{"href":"https:\/\/www.1ciedarcdevincennes.fr\/index.php\/wp-json\/wp\/v2\/pages\/1419"}],"collection":[{"href":"https:\/\/www.1ciedarcdevincennes.fr\/index.php\/wp-json\/wp\/v2\/pages"}],"about":[{"href":"https:\/\/www.1ciedarcdevincennes.fr\/index.php\/wp-json\/wp\/v2\/types\/page"}],"author":[{"embeddable":true,"href":"https:\/\/www.1ciedarcdevincennes.fr\/index.php\/wp-json\/wp\/v2\/users\/1"}],"replies":[{"embeddable":true,"href":"https:\/\/www.1ciedarcdevincennes.fr\/index.php\/wp-json\/wp\/v2\/comments?post=1419"}],"version-history":[{"count":4,"href":"https:\/\/www.1ciedarcdevincennes.fr\/index.php\/wp-json\/wp\/v2\/pages\/1419\/revisions"}],"predecessor-version":[{"id":1424,"href":"https:\/\/www.1ciedarcdevincennes.fr\/index.php\/wp-json\/wp\/v2\/pages\/1419\/revisions\/1424"}],"up":[{"embeddable":true,"href":"https:\/\/www.1ciedarcdevincennes.fr\/index.php\/wp-json\/wp\/v2\/pages\/1298"}],"wp:attachment":[{"href":"https:\/\/www.1ciedarcdevincennes.fr\/index.php\/wp-json\/wp\/v2\/media?parent=1419"}],"curies":[{"name":"wp","href":"https:\/\/api.w.org\/{rel}","templated":true}]}}