{"id":1429,"date":"2018-04-12T10:49:02","date_gmt":"2018-04-12T08:49:02","guid":{"rendered":"http:\/\/www.1ciedarcdevincennes.fr\/?page_id=1429"},"modified":"2018-04-12T17:13:31","modified_gmt":"2018-04-12T15:13:31","slug":"championnat-departemental-beursault-7-et-8-avril-2018","status":"publish","type":"page","link":"https:\/\/www.1ciedarcdevincennes.fr\/index.php\/actualites\/actualites-2018\/championnat-departemental-beursault-7-et-8-avril-2018\/","title":{"rendered":"Championnat d\u00e9partemental Beursault 7 et 8 avril 2018"},"content":{"rendered":"<p style=\"text-align: justify;\"><span style=\"font-family: 'comic sans ms', sans-serif; font-size: 14pt;\">La 1\u00e8re Compagnie d\u2019Arc de Vincennes a \u00e9t\u00e9 heureuse d\u2019accueillir ces 7 et 8 avril les archers qui ont particip\u00e9 au Championnat D\u00e9partemental Beursault, organis\u00e9 par la 2\u00e8me Compagnie d\u2019Arc de Fontenay-sous-Bois et le Comit\u00e9 d\u00e9partemental de Tir \u00e0 l\u2019arc du Val de Marne.<\/span><\/p>\n<p>&nbsp;<\/p>\n<p style=\"text-align: justify;\"><span style=\"font-family: 'comic sans ms', sans-serif; font-size: 14pt;\"><img loading=\"lazy\" class=\"alignleft wp-image-1430 size-medium\" src=\"https:\/\/www.1ciedarcdevincennes.fr\/wp-content\/uploads\/2018\/04\/vice-champion-deptl-beursault-2018-298x300.jpg\" alt=\"vice-champion-deptl-beursault-2018\" width=\"298\" height=\"300\" srcset=\"https:\/\/www.1ciedarcdevincennes.fr\/wp-content\/uploads\/2018\/04\/vice-champion-deptl-beursault-2018-298x300.jpg 298w, https:\/\/www.1ciedarcdevincennes.fr\/wp-content\/uploads\/2018\/04\/vice-champion-deptl-beursault-2018-150x150.jpg 150w, https:\/\/www.1ciedarcdevincennes.fr\/wp-content\/uploads\/2018\/04\/vice-champion-deptl-beursault-2018-230x232.jpg 230w, https:\/\/www.1ciedarcdevincennes.fr\/wp-content\/uploads\/2018\/04\/vice-champion-deptl-beursault-2018-350x353.jpg 350w, https:\/\/www.1ciedarcdevincennes.fr\/wp-content\/uploads\/2018\/04\/vice-champion-deptl-beursault-2018.jpg 364w\" sizes=\"(max-width: 298px) 100vw, 298px\" \/><\/span><\/p>\n<p><span style=\"font-family: 'comic sans ms', sans-serif; font-size: 14pt;\">Bravo \u00e0 notre Vice-champion au d\u00e9partemental Beursault 94 : Michel en SVHCO.<\/span><\/p>\n<p><span style=\"font-family: 'comic sans ms', sans-serif; font-size: 14pt;\">C\u2019est gr\u00e2ce \u00e0 son bon score de 40 honneurs et 13 douleurs qu&rsquo;il a vaillamment gagn\u00e9 sa 2 \u00e8me place et la m\u00e9daille d&rsquo;argent.<\/span><\/p>\n<p>&nbsp;<\/p>\n<p style=\"text-align: justify;\"><span style=\"font-family: 'comic sans ms', sans-serif; font-size: 14pt;\">F\u00e9licitations \u00e9galement \u00e0 tous les archers qui ont particip\u00e9 \u00e0 cet \u00e9v\u00e9nement, et que nous avons \u00e9t\u00e9 heureux de recevoir au sein de notre jeu d\u2019arc.<\/span><\/p>\n<p>&nbsp;<\/p>\n<p>&nbsp;<\/p>\n<p>&nbsp;<\/p>\n<p>&nbsp;<\/p>\n<p>&nbsp;<\/p>\n<p><span style=\"font-family: 'comic sans ms', sans-serif; font-size: 14pt;\">Voir aussi\u00a0 :<\/span><\/p>\n<ul>\n<li><span style=\"font-family: 'comic sans ms', sans-serif; font-size: 14pt;\"><a title=\"R\u00e9sultats du Championnat d\u00e9partemental (94) Beursault 7 et 8 avril 2018\" href=\"https:\/\/www.1ciedarcdevincennes.fr\/wp-content\/uploads\/2018\/04\/Classement-Qualificatif-Departemental-94-2018.pdf\">R\u00e9sultats du Championnat d\u00e9partemental (94) Beursault 7 et 8 avril 2018<\/a><\/span><\/li>\n<\/ul>\n<p>&nbsp;<\/p>\n<ul>\n<li><span style=\"font-family: 'comic sans ms', sans-serif; font-size: 14pt;\"><a title=\"Classement des Equipes Championnat d\u00e9partemental (94) Beursault\" href=\"https:\/\/www.1ciedarcdevincennes.fr\/wp-content\/uploads\/2018\/04\/Classement-des-Equipes-departemental94-2018.pdf\">Classement des Equipes Championnat d\u00e9partemental (94) Beursault<\/a><\/span><\/li>\n<\/ul>\n<p>&nbsp;<\/p>\n<p><span style=\"font-family: 'comic sans ms', sans-serif; font-size: 14pt;\">En savoir plus sur\u00a0:<\/span><\/p>\n<ul>\n<li><span style=\"font-size: 14pt; font-family: 'comic sans ms', sans-serif;\"><a title=\"Le tir beursault\" href=\"https:\/\/www.1ciedarcdevincennes.fr\/index.php\/histoire-et-traditions\/le-tir-beursault\/\">Le tir beursault<\/a><\/span><\/li>\n<\/ul>\n","protected":false},"excerpt":{"rendered":"<p>La 1\u00e8re Compagnie d\u2019Arc de Vincennes a \u00e9t\u00e9 heureuse d\u2019accueillir ces 7 et 8 avril les archers qui ont particip\u00e9 au Championnat [&hellip;]<\/p>\n","protected":false},"author":1,"featured_media":0,"parent":1298,"menu_order":0,"comment_status":"closed","ping_status":"closed","template":"page-templates\/page_fullwidth.php","meta":{"_mc_calendar":[]},"_links":{"self":[{"href":"https:\/\/www.1ciedarcdevincennes.fr\/index.php\/wp-json\/wp\/v2\/pages\/1429"}],"collection":[{"href":"https:\/\/www.1ciedarcdevincennes.fr\/index.php\/wp-json\/wp\/v2\/pages"}],"about":[{"href":"https:\/\/www.1ciedarcdevincennes.fr\/index.php\/wp-json\/wp\/v2\/types\/page"}],"author":[{"embeddable":true,"href":"https:\/\/www.1ciedarcdevincennes.fr\/index.php\/wp-json\/wp\/v2\/users\/1"}],"replies":[{"embeddable":true,"href":"https:\/\/www.1ciedarcdevincennes.fr\/index.php\/wp-json\/wp\/v2\/comments?post=1429"}],"version-history":[{"count":10,"href":"https:\/\/www.1ciedarcdevincennes.fr\/index.php\/wp-json\/wp\/v2\/pages\/1429\/revisions"}],"predecessor-version":[{"id":1448,"href":"https:\/\/www.1ciedarcdevincennes.fr\/index.php\/wp-json\/wp\/v2\/pages\/1429\/revisions\/1448"}],"up":[{"embeddable":true,"href":"https:\/\/www.1ciedarcdevincennes.fr\/index.php\/wp-json\/wp\/v2\/pages\/1298"}],"wp:attachment":[{"href":"https:\/\/www.1ciedarcdevincennes.fr\/index.php\/wp-json\/wp\/v2\/media?parent=1429"}],"curies":[{"name":"wp","href":"https:\/\/api.w.org\/{rel}","templated":true}]}}