{"id":1449,"date":"2018-04-13T10:06:40","date_gmt":"2018-04-13T08:06:40","guid":{"rendered":"http:\/\/www.1ciedarcdevincennes.fr\/?page_id=1449"},"modified":"2018-10-07T18:52:18","modified_gmt":"2018-10-07T16:52:18","slug":"concours-debutants-de-bagneux-18-mars-2018","status":"publish","type":"page","link":"https:\/\/www.1ciedarcdevincennes.fr\/index.php\/actualites\/actualites-2018\/concours-debutants-de-bagneux-18-mars-2018\/","title":{"rendered":"Concours d\u00e9butants de Bagneux, 18 mars 2018"},"content":{"rendered":"<p><span style=\"font-family: comic\\ sans\\ ms, sans-serif; font-size: 14pt;\">Six de nos archers d\u00e9butants ont particip\u00e9 avec enthousiasme, dimanche 18 mars, au 16\u00e8me Concours de Bagneux r\u00e9serv\u00e9 aux archers en 1\u00e8re ann\u00e9e de licence.<\/span><\/p>\n<p><span style=\"font-family: comic\\ sans\\ ms, sans-serif; font-size: 14pt;\">Manuel, Edward, Ivan, Charles, Chantal et Aur\u00e9lie ont perform\u00e9 \u00e0 15 m sur blason de 60, sous les conseils des accompagnateurs, Michel R, Julien, Christian B, et Michel A (de gauche \u00e0 droite sur la photo).<\/span><\/p>\n<p><img loading=\"lazy\" class=\"aligncenter size-full wp-image-1450\" src=\"https:\/\/www.1ciedarcdevincennes.fr\/wp-content\/uploads\/2018\/04\/bagneux-2018-1.jpg\" alt=\"bagneux-2018-1\" width=\"819\" height=\"586\" srcset=\"https:\/\/www.1ciedarcdevincennes.fr\/wp-content\/uploads\/2018\/04\/bagneux-2018-1.jpg 819w, https:\/\/www.1ciedarcdevincennes.fr\/wp-content\/uploads\/2018\/04\/bagneux-2018-1-300x215.jpg 300w, https:\/\/www.1ciedarcdevincennes.fr\/wp-content\/uploads\/2018\/04\/bagneux-2018-1-768x550.jpg 768w, https:\/\/www.1ciedarcdevincennes.fr\/wp-content\/uploads\/2018\/04\/bagneux-2018-1-230x165.jpg 230w, https:\/\/www.1ciedarcdevincennes.fr\/wp-content\/uploads\/2018\/04\/bagneux-2018-1-350x250.jpg 350w, https:\/\/www.1ciedarcdevincennes.fr\/wp-content\/uploads\/2018\/04\/bagneux-2018-1-480x343.jpg 480w\" sizes=\"(max-width: 819px) 100vw, 819px\" \/><\/p>\n<p style=\"text-align: justify;\"><span style=\"font-family: comic\\ sans\\ ms, sans-serif; font-size: 14pt;\">Quatre m\u00e9dailles ont \u00e9t\u00e9 obtenues : Or pour Aur\u00e9lie (JFCL) et Ivan (CHCL), Argent pour Chantal (SVHCL), Bronze pour Charles (SHCL).<\/span><\/p>\n<p>&nbsp;<\/p>\n<p><img loading=\"lazy\" class=\"aligncenter size-full wp-image-1455\" src=\"https:\/\/www.1ciedarcdevincennes.fr\/wp-content\/uploads\/2018\/04\/PB2.jpg\" alt=\"PB2\" width=\"618\" height=\"567\" srcset=\"https:\/\/www.1ciedarcdevincennes.fr\/wp-content\/uploads\/2018\/04\/PB2.jpg 618w, https:\/\/www.1ciedarcdevincennes.fr\/wp-content\/uploads\/2018\/04\/PB2-300x275.jpg 300w, https:\/\/www.1ciedarcdevincennes.fr\/wp-content\/uploads\/2018\/04\/PB2-230x211.jpg 230w, https:\/\/www.1ciedarcdevincennes.fr\/wp-content\/uploads\/2018\/04\/PB2-350x321.jpg 350w, https:\/\/www.1ciedarcdevincennes.fr\/wp-content\/uploads\/2018\/04\/PB2-480x440.jpg 480w\" sizes=\"(max-width: 618px) 100vw, 618px\" \/><\/p>\n<p>&nbsp;<\/p>\n<p>&nbsp;<\/p>\n<p style=\"text-align: justify;\"><span style=\"font-family: comic\\ sans\\ ms, sans-serif; font-size: 14pt;\">Ce n\u2019est pas tout. Notre Compagnie a gagn\u00e9 la r\u00e9compense de la meilleure \u00e9quipe, gr\u00e2ce \u00e0 celle form\u00e9e par Aur\u00e9lie, Charles et Edward\u00a0!<\/span><\/p>\n<p>&nbsp;<\/p>\n<p><img loading=\"lazy\" class=\"aligncenter size-full wp-image-1452\" src=\"https:\/\/www.1ciedarcdevincennes.fr\/wp-content\/uploads\/2018\/04\/PB3.jpg\" alt=\"PB3\" width=\"717\" height=\"538\" srcset=\"https:\/\/www.1ciedarcdevincennes.fr\/wp-content\/uploads\/2018\/04\/PB3.jpg 717w, https:\/\/www.1ciedarcdevincennes.fr\/wp-content\/uploads\/2018\/04\/PB3-300x225.jpg 300w, https:\/\/www.1ciedarcdevincennes.fr\/wp-content\/uploads\/2018\/04\/PB3-230x173.jpg 230w, https:\/\/www.1ciedarcdevincennes.fr\/wp-content\/uploads\/2018\/04\/PB3-350x263.jpg 350w, https:\/\/www.1ciedarcdevincennes.fr\/wp-content\/uploads\/2018\/04\/PB3-480x360.jpg 480w\" sizes=\"(max-width: 717px) 100vw, 717px\" \/><\/p>\n<p style=\"text-align: justify;\"><span style=\"font-family: comic\\ sans\\ ms, sans-serif; font-size: 14pt;\">Bravo \u00e0 tous. Nous continuerons certainement \u00e0 nous rendre chaque ann\u00e9e \u00e0 ce sympathique concours de Bagneux et bien s\u00fbr \u00e0 revenir toujours charg\u00e9s de r\u00e9compenses.<\/span><\/p>\n<p style=\"text-align: justify;\">\n<p style=\"text-align: justify;\"><span style=\"font-family: comic sans ms, sans-serif; font-size: 14pt;\">Christian<\/span><\/p>\n","protected":false},"excerpt":{"rendered":"<p>Six de nos archers d\u00e9butants ont particip\u00e9 avec enthousiasme, dimanche 18 mars, au 16\u00e8me Concours de Bagneux r\u00e9serv\u00e9 aux archers en 1\u00e8re [&hellip;]<\/p>\n","protected":false},"author":1,"featured_media":0,"parent":1298,"menu_order":0,"comment_status":"closed","ping_status":"closed","template":"page-templates\/page_fullwidth.php","meta":{"_mc_calendar":[]},"_links":{"self":[{"href":"https:\/\/www.1ciedarcdevincennes.fr\/index.php\/wp-json\/wp\/v2\/pages\/1449"}],"collection":[{"href":"https:\/\/www.1ciedarcdevincennes.fr\/index.php\/wp-json\/wp\/v2\/pages"}],"about":[{"href":"https:\/\/www.1ciedarcdevincennes.fr\/index.php\/wp-json\/wp\/v2\/types\/page"}],"author":[{"embeddable":true,"href":"https:\/\/www.1ciedarcdevincennes.fr\/index.php\/wp-json\/wp\/v2\/users\/1"}],"replies":[{"embeddable":true,"href":"https:\/\/www.1ciedarcdevincennes.fr\/index.php\/wp-json\/wp\/v2\/comments?post=1449"}],"version-history":[{"count":7,"href":"https:\/\/www.1ciedarcdevincennes.fr\/index.php\/wp-json\/wp\/v2\/pages\/1449\/revisions"}],"predecessor-version":[{"id":1598,"href":"https:\/\/www.1ciedarcdevincennes.fr\/index.php\/wp-json\/wp\/v2\/pages\/1449\/revisions\/1598"}],"up":[{"embeddable":true,"href":"https:\/\/www.1ciedarcdevincennes.fr\/index.php\/wp-json\/wp\/v2\/pages\/1298"}],"wp:attachment":[{"href":"https:\/\/www.1ciedarcdevincennes.fr\/index.php\/wp-json\/wp\/v2\/media?parent=1449"}],"curies":[{"name":"wp","href":"https:\/\/api.w.org\/{rel}","templated":true}]}}