{"id":1483,"date":"2018-05-13T18:39:03","date_gmt":"2018-05-13T16:39:03","guid":{"rendered":"http:\/\/www.1ciedarcdevincennes.fr\/?page_id=1483"},"modified":"2018-10-07T18:54:16","modified_gmt":"2018-10-07T16:54:16","slug":"la-1ere-compagnie-darc-de-vincennes-participe-au-trophee-des-mixtes","status":"publish","type":"page","link":"https:\/\/www.1ciedarcdevincennes.fr\/index.php\/actualites\/actualites-2018\/la-1ere-compagnie-darc-de-vincennes-participe-au-trophee-des-mixtes\/","title":{"rendered":"La 1\u00e8re Compagnie d\u2019Arc de Vincennes participe au Troph\u00e9e des Mixtes"},"content":{"rendered":"<p><span style=\"font-family: 'comic sans ms', sans-serif; font-size: 14pt;\">Cette nouvelle comp\u00e9tition, \u00e0 l\u2019initiative de la FFTA, consiste \u00e0 faire concourir des \u00e9quipes constitu\u00e9es chacune d\u2019une femme et d\u2019un homme d\u2019un m\u00eame club ou compagnie. Trente-six d\u00e9partements ont propos\u00e9 des \u00e9quipes r\u00e9parties dans des groupes \u00ab\u00a0d\u00e9butants\u00a0\u00bb et \u00ab\u00a0confirm\u00e9s\u00a0\u00bb. Les meilleures \u00e9quipes des d\u00e9partements seront convi\u00e9es \u00e0 la finale nationale qui aura lieu les 30 juin et 1er juillet.<\/span><\/p>\n<p><span style=\"font-family: 'comic sans ms', sans-serif; font-size: 14pt;\">Le 12 mai 2018 a eu lieu au CTS de Chennevi\u00e8res, l\u2019\u00e9tape d\u00e9partementale du Val de Marne mettant en comp\u00e9tition sept \u00e9quipes \u00ab\u00a0d\u00e9butants\u00a0\u00bb et treize \u00e9quipes \u00ab\u00a0confirm\u00e9s\u00a0\u00bb.<\/span><\/p>\n<p><img loading=\"lazy\" class=\"aligncenter size-medium wp-image-1484\" src=\"https:\/\/www.1ciedarcdevincennes.fr\/wp-content\/uploads\/2018\/05\/trophee-mixtes-2018-300x225.jpg\" alt=\"trophee-mixtes-2018\" width=\"300\" height=\"225\" srcset=\"https:\/\/www.1ciedarcdevincennes.fr\/wp-content\/uploads\/2018\/05\/trophee-mixtes-2018-300x225.jpg 300w, https:\/\/www.1ciedarcdevincennes.fr\/wp-content\/uploads\/2018\/05\/trophee-mixtes-2018-230x173.jpg 230w, https:\/\/www.1ciedarcdevincennes.fr\/wp-content\/uploads\/2018\/05\/trophee-mixtes-2018-350x263.jpg 350w, https:\/\/www.1ciedarcdevincennes.fr\/wp-content\/uploads\/2018\/05\/trophee-mixtes-2018.jpg 412w\" sizes=\"(max-width: 300px) 100vw, 300px\" \/><\/p>\n<p><span style=\"font-family: 'comic sans ms', sans-serif; font-size: 14pt;\">Notre Compagnie a pr\u00e9sent\u00e9 une \u00e9quipe \u00ab\u00a0d\u00e9butants\u00a0\u00bb (tir \u00e0 30 m) avec Aur\u00e9lie et Charles ainsi qu\u2019une \u00e9quipe \u00ab\u00a0confirm\u00e9s\u00a0\u00bb (tir \u00e0 50 m) avec Pauline et Gauthier.<\/span><\/p>\n<p><span style=\"font-family: 'comic sans ms', sans-serif; font-size: 14pt;\">Tant\u00f4t sous le soleil, tant\u00f4t sous de rudes averses orageuses, les comp\u00e9titeurs ont enchain\u00e9 courageusement les tirs. Au final, l\u2019\u00e9quipe d\u00e9butante Vincennoise remporte la troisi\u00e8me place (m\u00e9daille de bronze) et l\u2019\u00e9quipe \u00abconfirm\u00e9s\u00a0\u00bb la sixi\u00e8me place. Bravos \u00e0 tous\u00a0!<\/span><\/p>\n<p><img loading=\"lazy\" class=\"aligncenter size-medium wp-image-1486\" src=\"https:\/\/www.1ciedarcdevincennes.fr\/wp-content\/uploads\/2018\/05\/equipe-vincennes-trophee-mixtes-169x300.jpg\" alt=\"equipe-vincennes-trophee-mixtes\" width=\"169\" height=\"300\" srcset=\"https:\/\/www.1ciedarcdevincennes.fr\/wp-content\/uploads\/2018\/05\/equipe-vincennes-trophee-mixtes-169x300.jpg 169w, https:\/\/www.1ciedarcdevincennes.fr\/wp-content\/uploads\/2018\/05\/equipe-vincennes-trophee-mixtes-230x408.jpg 230w, https:\/\/www.1ciedarcdevincennes.fr\/wp-content\/uploads\/2018\/05\/equipe-vincennes-trophee-mixtes.jpg 348w\" sizes=\"(max-width: 169px) 100vw, 169px\" \/><\/p>\n<p><span style=\"font-family: 'comic sans ms', sans-serif; font-size: 14pt;\">A noter que la finale nationale sera \u00e9galement organis\u00e9e par le CD 94 au CTS de Chennevi\u00e8res. <\/span><\/p>\n<p><span style=\"font-family: 'comic sans ms', sans-serif; font-size: 14pt;\">Christian<br \/>\n<\/span><\/p>\n","protected":false},"excerpt":{"rendered":"<p>Cette nouvelle comp\u00e9tition, \u00e0 l\u2019initiative de la FFTA, consiste \u00e0 faire concourir des \u00e9quipes constitu\u00e9es chacune d\u2019une femme et d\u2019un homme d\u2019un [&hellip;]<\/p>\n","protected":false},"author":1,"featured_media":0,"parent":1298,"menu_order":0,"comment_status":"closed","ping_status":"closed","template":"page-templates\/page_fullwidth.php","meta":{"_mc_calendar":[]},"_links":{"self":[{"href":"https:\/\/www.1ciedarcdevincennes.fr\/index.php\/wp-json\/wp\/v2\/pages\/1483"}],"collection":[{"href":"https:\/\/www.1ciedarcdevincennes.fr\/index.php\/wp-json\/wp\/v2\/pages"}],"about":[{"href":"https:\/\/www.1ciedarcdevincennes.fr\/index.php\/wp-json\/wp\/v2\/types\/page"}],"author":[{"embeddable":true,"href":"https:\/\/www.1ciedarcdevincennes.fr\/index.php\/wp-json\/wp\/v2\/users\/1"}],"replies":[{"embeddable":true,"href":"https:\/\/www.1ciedarcdevincennes.fr\/index.php\/wp-json\/wp\/v2\/comments?post=1483"}],"version-history":[{"count":2,"href":"https:\/\/www.1ciedarcdevincennes.fr\/index.php\/wp-json\/wp\/v2\/pages\/1483\/revisions"}],"predecessor-version":[{"id":1599,"href":"https:\/\/www.1ciedarcdevincennes.fr\/index.php\/wp-json\/wp\/v2\/pages\/1483\/revisions\/1599"}],"up":[{"embeddable":true,"href":"https:\/\/www.1ciedarcdevincennes.fr\/index.php\/wp-json\/wp\/v2\/pages\/1298"}],"wp:attachment":[{"href":"https:\/\/www.1ciedarcdevincennes.fr\/index.php\/wp-json\/wp\/v2\/media?parent=1483"}],"curies":[{"name":"wp","href":"https:\/\/api.w.org\/{rel}","templated":true}]}}