{"id":1524,"date":"2018-06-26T19:40:11","date_gmt":"2018-06-26T17:40:11","guid":{"rendered":"http:\/\/www.1ciedarcdevincennes.fr\/?page_id=1524"},"modified":"2018-06-26T19:41:28","modified_gmt":"2018-06-26T17:41:28","slug":"les-tirs-beursault-se-poursuivent-en-juin","status":"publish","type":"page","link":"https:\/\/www.1ciedarcdevincennes.fr\/index.php\/actualites\/actualites-2018\/les-tirs-beursault-se-poursuivent-en-juin\/","title":{"rendered":"Les tirs Beursault se poursuivent en juin"},"content":{"rendered":"<p style=\"text-align: justify;\"><span style=\"font-family: comic sans ms, sans-serif; font-size: 14pt;\">Les tirs Beursault se poursuivent en juin dans les compagnies d\u2019arc qui organisent ce tir traditionnel.<\/span><\/p>\n<p style=\"text-align: justify;\"><span style=\"font-family: comic sans ms, sans-serif; font-size: 14pt;\">Lors du concours beursault organis\u00e9 \u00e0 Sainte Genevi\u00e8ve des Bois, le dimanche 10 juin, plusieurs archers de Vincennes ont particip\u00e9 \u00e0 ce tir s\u00e9lectif pour le Championnat de France Beursault. Bravo \u00e0 tous les participants, en particulier \u00e0 Rodolphe qui obtient la 3<sup>\u00e8me<\/sup> place (SHCL) en arc classique.<\/span><\/p>\n<p style=\"text-align: justify;\"><span style=\"font-family: comic sans ms, sans-serif; font-size: 14pt;\">Et f\u00e9licitations \u00e0 J\u00e9r\u00f4me, qui finit 1<sup>er<\/sup> de cette m\u00eame cat\u00e9gorie, et dont le r\u00e9sultat lui permet de se qualifier au Championnat de France Beursault.<\/span><\/p>\n<p style=\"text-align: justify;\"><span style=\"font-family: comic sans ms, sans-serif; font-size: 14pt;\">Le\u00a0Championnat de France Beursault avait r\u00e9uni l\u2019ann\u00e9e derni\u00e8re 537 archers dans diff\u00e9rents jeux d\u2019arc, en 2018 elle se d\u00e9roulera d\u00e9but octobre.<\/span><\/p>\n","protected":false},"excerpt":{"rendered":"<p>Les tirs Beursault se poursuivent en juin dans les compagnies d\u2019arc qui organisent ce tir traditionnel. Lors du concours beursault organis\u00e9 \u00e0 [&hellip;]<\/p>\n","protected":false},"author":1,"featured_media":0,"parent":1298,"menu_order":0,"comment_status":"closed","ping_status":"closed","template":"page-templates\/page_fullwidth.php","meta":{"_mc_calendar":[]},"_links":{"self":[{"href":"https:\/\/www.1ciedarcdevincennes.fr\/index.php\/wp-json\/wp\/v2\/pages\/1524"}],"collection":[{"href":"https:\/\/www.1ciedarcdevincennes.fr\/index.php\/wp-json\/wp\/v2\/pages"}],"about":[{"href":"https:\/\/www.1ciedarcdevincennes.fr\/index.php\/wp-json\/wp\/v2\/types\/page"}],"author":[{"embeddable":true,"href":"https:\/\/www.1ciedarcdevincennes.fr\/index.php\/wp-json\/wp\/v2\/users\/1"}],"replies":[{"embeddable":true,"href":"https:\/\/www.1ciedarcdevincennes.fr\/index.php\/wp-json\/wp\/v2\/comments?post=1524"}],"version-history":[{"count":3,"href":"https:\/\/www.1ciedarcdevincennes.fr\/index.php\/wp-json\/wp\/v2\/pages\/1524\/revisions"}],"predecessor-version":[{"id":1542,"href":"https:\/\/www.1ciedarcdevincennes.fr\/index.php\/wp-json\/wp\/v2\/pages\/1524\/revisions\/1542"}],"up":[{"embeddable":true,"href":"https:\/\/www.1ciedarcdevincennes.fr\/index.php\/wp-json\/wp\/v2\/pages\/1298"}],"wp:attachment":[{"href":"https:\/\/www.1ciedarcdevincennes.fr\/index.php\/wp-json\/wp\/v2\/media?parent=1524"}],"curies":[{"name":"wp","href":"https:\/\/api.w.org\/{rel}","templated":true}]}}