{"id":1531,"date":"2018-06-26T19:11:15","date_gmt":"2018-06-26T17:11:15","guid":{"rendered":"http:\/\/www.1ciedarcdevincennes.fr\/?page_id=1531"},"modified":"2018-06-26T19:17:58","modified_gmt":"2018-06-26T17:17:58","slug":"tir-beursault-pour-les-150-ans-de-la-2eme-cie-darc-de-noisy-le-grand","status":"publish","type":"page","link":"https:\/\/www.1ciedarcdevincennes.fr\/index.php\/actualites\/actualites-2018\/tir-beursault-pour-les-150-ans-de-la-2eme-cie-darc-de-noisy-le-grand\/","title":{"rendered":"Tir Beursault pour les 150 ans de la 2\u00e8me Cie d&rsquo;Arc de Noisy le Grand"},"content":{"rendered":"<p><span style=\"font-size: 14pt; font-family: comic sans ms, sans-serif;\">A l\u2019occasion de ses 150 ans, la 2\u00e8me Compagnie d&rsquo;Arc de Noisy le Grand a organis\u00e9 un tir Beursault \u00e0 50 m\u00e8tres les 9 et 10 juin.<\/span><\/p>\n<p><img loading=\"lazy\" class=\"aligncenter size-full wp-image-1532\" src=\"https:\/\/www.1ciedarcdevincennes.fr\/wp-content\/uploads\/2018\/06\/carte-150ans-noisy-le-grand.jpg\" alt=\"carte-150ans-noisy-le-grand\" width=\"480\" height=\"640\" srcset=\"https:\/\/www.1ciedarcdevincennes.fr\/wp-content\/uploads\/2018\/06\/carte-150ans-noisy-le-grand.jpg 480w, https:\/\/www.1ciedarcdevincennes.fr\/wp-content\/uploads\/2018\/06\/carte-150ans-noisy-le-grand-225x300.jpg 225w, https:\/\/www.1ciedarcdevincennes.fr\/wp-content\/uploads\/2018\/06\/carte-150ans-noisy-le-grand-230x307.jpg 230w, https:\/\/www.1ciedarcdevincennes.fr\/wp-content\/uploads\/2018\/06\/carte-150ans-noisy-le-grand-350x467.jpg 350w\" sizes=\"(max-width: 480px) 100vw, 480px\" \/><\/p>\n<p><span style=\"font-size: 14pt; font-family: comic sans ms, sans-serif;\">Tout comme la Cie de Vincennes, la 2\u00e8me Compagnie d&rsquo;Arc de Noisy le Grand fait partie de la Famille de Beaut\u00e9. Cette derni\u00e8re repr\u00e9sente l\u2019une des unions locales des compagnies d&rsquo;arc.<\/span><\/p>\n<p>&nbsp;<\/p>\n<p><span style=\"font-size: 14pt; font-family: comic sans ms, sans-serif;\">En cette journ\u00e9e festive, la Cie de Vincennes \u00e9tait pr\u00e9sente pour ce tir qui se jouait \u00e0 la meilleure noire, soit la fl\u00e8che qui touche ou est dans le noir (un cercle de 40 mm de diam\u00e8tre).<\/span><\/p>\n<p><img loading=\"lazy\" class=\"aligncenter size-full wp-image-1533\" src=\"https:\/\/www.1ciedarcdevincennes.fr\/wp-content\/uploads\/2018\/06\/michel.jpg\" alt=\"michel\" width=\"418\" height=\"557\" srcset=\"https:\/\/www.1ciedarcdevincennes.fr\/wp-content\/uploads\/2018\/06\/michel.jpg 418w, https:\/\/www.1ciedarcdevincennes.fr\/wp-content\/uploads\/2018\/06\/michel-225x300.jpg 225w, https:\/\/www.1ciedarcdevincennes.fr\/wp-content\/uploads\/2018\/06\/michel-230x306.jpg 230w, https:\/\/www.1ciedarcdevincennes.fr\/wp-content\/uploads\/2018\/06\/michel-350x466.jpg 350w\" sizes=\"(max-width: 418px) 100vw, 418px\" \/><\/p>\n<p style=\"text-align: center;\"><span style=\"font-size: 14pt; font-family: comic sans ms, sans-serif;\">Encore merci \u00e0 la 2\u00e8me Cie d&rsquo;Arc de Noisy le Grand pour son accueil chaleureux\u00a0!<\/span><\/p>\n","protected":false},"excerpt":{"rendered":"<p>A l\u2019occasion de ses 150 ans, la 2\u00e8me Compagnie d&rsquo;Arc de Noisy le Grand a organis\u00e9 un tir Beursault \u00e0 50 m\u00e8tres [&hellip;]<\/p>\n","protected":false},"author":1,"featured_media":0,"parent":1298,"menu_order":0,"comment_status":"closed","ping_status":"closed","template":"page-templates\/page_fullwidth.php","meta":{"_mc_calendar":[]},"_links":{"self":[{"href":"https:\/\/www.1ciedarcdevincennes.fr\/index.php\/wp-json\/wp\/v2\/pages\/1531"}],"collection":[{"href":"https:\/\/www.1ciedarcdevincennes.fr\/index.php\/wp-json\/wp\/v2\/pages"}],"about":[{"href":"https:\/\/www.1ciedarcdevincennes.fr\/index.php\/wp-json\/wp\/v2\/types\/page"}],"author":[{"embeddable":true,"href":"https:\/\/www.1ciedarcdevincennes.fr\/index.php\/wp-json\/wp\/v2\/users\/1"}],"replies":[{"embeddable":true,"href":"https:\/\/www.1ciedarcdevincennes.fr\/index.php\/wp-json\/wp\/v2\/comments?post=1531"}],"version-history":[{"count":5,"href":"https:\/\/www.1ciedarcdevincennes.fr\/index.php\/wp-json\/wp\/v2\/pages\/1531\/revisions"}],"predecessor-version":[{"id":1539,"href":"https:\/\/www.1ciedarcdevincennes.fr\/index.php\/wp-json\/wp\/v2\/pages\/1531\/revisions\/1539"}],"up":[{"embeddable":true,"href":"https:\/\/www.1ciedarcdevincennes.fr\/index.php\/wp-json\/wp\/v2\/pages\/1298"}],"wp:attachment":[{"href":"https:\/\/www.1ciedarcdevincennes.fr\/index.php\/wp-json\/wp\/v2\/media?parent=1531"}],"curies":[{"name":"wp","href":"https:\/\/api.w.org\/{rel}","templated":true}]}}