{"id":1560,"date":"2018-07-03T21:38:53","date_gmt":"2018-07-03T19:38:53","guid":{"rendered":"http:\/\/www.1ciedarcdevincennes.fr\/?page_id=1560"},"modified":"2018-10-07T18:55:50","modified_gmt":"2018-10-07T16:55:50","slug":"la-1ere-compagnie-darc-de-vincennes-a-participe-a-la-finale-nationale-du-trophee-des-mixtes","status":"publish","type":"page","link":"https:\/\/www.1ciedarcdevincennes.fr\/index.php\/actualites\/actualites-2018\/la-1ere-compagnie-darc-de-vincennes-a-participe-a-la-finale-nationale-du-trophee-des-mixtes\/","title":{"rendered":"La 1\u00e8re Compagnie d\u2019Arc de Vincennes a particip\u00e9 \u00e0 la finale nationale du Troph\u00e9e des Mixtes"},"content":{"rendered":"<p style=\"text-align: justify;\"><img loading=\"lazy\" class=\"aligncenter size-full wp-image-1561\" src=\"https:\/\/www.1ciedarcdevincennes.fr\/wp-content\/uploads\/2018\/07\/groupe-finale-trophee-mixtes.jpg\" alt=\"groupe-finale-trophee-mixtes\" width=\"819\" height=\"419\" srcset=\"https:\/\/www.1ciedarcdevincennes.fr\/wp-content\/uploads\/2018\/07\/groupe-finale-trophee-mixtes.jpg 819w, https:\/\/www.1ciedarcdevincennes.fr\/wp-content\/uploads\/2018\/07\/groupe-finale-trophee-mixtes-300x153.jpg 300w, https:\/\/www.1ciedarcdevincennes.fr\/wp-content\/uploads\/2018\/07\/groupe-finale-trophee-mixtes-768x393.jpg 768w, https:\/\/www.1ciedarcdevincennes.fr\/wp-content\/uploads\/2018\/07\/groupe-finale-trophee-mixtes-230x118.jpg 230w, https:\/\/www.1ciedarcdevincennes.fr\/wp-content\/uploads\/2018\/07\/groupe-finale-trophee-mixtes-350x179.jpg 350w, https:\/\/www.1ciedarcdevincennes.fr\/wp-content\/uploads\/2018\/07\/groupe-finale-trophee-mixtes-480x246.jpg 480w\" sizes=\"(max-width: 819px) 100vw, 819px\" \/><\/p>\n<p style=\"text-align: justify;\"><span style=\"font-family: comic sans ms, sans-serif; font-size: 14pt;\">Sous la forte chaleur mais dans la bonne humeur et avec un grand enthousiasme sportif, notre \u00e9quipe mixte \u00ab\u00a0arc classique 1\u00e8re ann\u00e9e\u00a0\u00bb, constitu\u00e9e d&rsquo;Aur\u00e9lie et Charles, a brillamment particip\u00e9 \u00e0 la finale nationale du \u00ab\u00a0troph\u00e9e des mixtes\u00a0\u00bb (comp\u00e9tition entre des \u00e9quipes constitu\u00e9s de deux archers homme et femme).<\/span><\/p>\n<p style=\"text-align: justify;\"><span style=\"font-family: comic sans ms, sans-serif; font-size: 14pt;\">Class\u00e9e auparavant 3\u00e8me \u00e0 l&rsquo;\u00e9tape d\u00e9partementale du val-de marne des 12 et 13 mai, l&rsquo;\u00e9quipe vincennoise de 1\u00e8re ann\u00e9e avait \u00e9t\u00e9 en effet retenue pour le niveau national des 30 juin et 1er juillet \u00e0 Chennevi\u00e8res.<\/span><\/p>\n<p style=\"text-align: justify;\"><span style=\"font-family: comic sans ms, sans-serif; font-size: 14pt;\">Au niveau national, c&rsquo;est bien s\u00fbr plus difficile lorsque l&rsquo;on rencontre les meilleurs venus des quatre coins de France mais cel\u00e0 n&rsquo;a pas emp\u00each\u00e9 notre \u00e9quipe d&rsquo;\u00eatre premi\u00e8re de sa poule samedi et deuxi\u00e8me de sa poule dimanche et donc d&rsquo;\u00eatre qualifi\u00e9e pour le \u00ab\u00a0big shoot off\u00a0\u00bb destin\u00e9 \u00e0 d\u00e9partager les 6 meilleures \u00e9quipes sur les 22 \u00e9quipes de \u00ab\u00a01\u00e8re ann\u00e9e\u00a0\u00bb au total qui ont particip\u00e9. \u00a0<\/span><\/p>\n<p style=\"text-align: justify;\"><span style=\"font-family: comic sans ms, sans-serif; font-size: 14pt;\">Au final l&rsquo;\u00e9quipe Aur\u00e9lie-Charles finit 5\u00e8me sur 22 au niveau national mais on peut noter 1\u00e8re du Val de Marne et 1\u00e8re de l&rsquo;Ile de France !<\/span><\/p>\n<p style=\"text-align: justify;\"><img loading=\"lazy\" class=\"aligncenter size-full wp-image-1562\" src=\"https:\/\/www.1ciedarcdevincennes.fr\/wp-content\/uploads\/2018\/07\/trophee-mixtes-equipe-vincennes.jpg\" alt=\"trophee-mixtes-equipe-vincennes\" width=\"578\" height=\"687\" srcset=\"https:\/\/www.1ciedarcdevincennes.fr\/wp-content\/uploads\/2018\/07\/trophee-mixtes-equipe-vincennes.jpg 578w, https:\/\/www.1ciedarcdevincennes.fr\/wp-content\/uploads\/2018\/07\/trophee-mixtes-equipe-vincennes-252x300.jpg 252w, https:\/\/www.1ciedarcdevincennes.fr\/wp-content\/uploads\/2018\/07\/trophee-mixtes-equipe-vincennes-230x273.jpg 230w, https:\/\/www.1ciedarcdevincennes.fr\/wp-content\/uploads\/2018\/07\/trophee-mixtes-equipe-vincennes-350x416.jpg 350w, https:\/\/www.1ciedarcdevincennes.fr\/wp-content\/uploads\/2018\/07\/trophee-mixtes-equipe-vincennes-480x571.jpg 480w\" sizes=\"(max-width: 578px) 100vw, 578px\" \/><\/p>\n<p style=\"text-align: justify;\"><span style=\"font-family: comic sans ms, sans-serif; font-size: 14pt;\">Nos comp\u00e9titeurs ont \u00e9t\u00e9 vaincus par une seule \u00e9quipe, celle de Mirande qui a remport\u00e9 le Troph\u00e9e des \u00ab\u00a01\u00e8re ann\u00e9e\u00a0\u00bb. Une tr\u00e8s jeune \u00e9quipe venue du Gers (sans doute la plus jeune du tournoi) qui a bien m\u00e9rit\u00e9 sa victoire et avec laquelle Aur\u00e9lie et Charles n&rsquo;ont pas h\u00e9sit\u00e9 \u00e0 se faire photographier de m\u00eame qu&rsquo;ils ont pu le faire avec Jean-Charles Valladont, vice-champion Olympique venu honorer de sa pr\u00e9sence ce premier troph\u00e9e national des mixtes.<\/span><\/p>\n<p style=\"text-align: justify;\"><span style=\"font-family: comic sans ms, sans-serif; font-size: 14pt;\">Nous pouvons f\u00e9liciter nos comp\u00e9titeurs et remercier tous ceux qui les ont accompagn\u00e9s pendant ce m\u00e9morable week-end, de m\u00eame que ceux qui ont organis\u00e9 (tout \u00e9tait parfait), notamment le Comit\u00e9 D\u00e9partemental de tir \u00e0 l\u2019arc du 94 \u00a0(organisateur en titre) qui a pu compter sur de nombreux archers du d\u00e9partement dont des archers de notre Compagnie.<\/span><\/p>\n<p style=\"text-align: justify;\"><span style=\"font-family: comic sans ms, sans-serif; font-size: 14pt;\">Une telle mobilisation, bien r\u00e9ussie,\u00a0 est \u00e0 reprendre pour l&rsquo;an prochain. Elle oblige \u00e0 une parit\u00e9 hommes-femmes et montre que le loisir et la comp\u00e9tition peuvent agr\u00e9ablement se c\u00f4toyer.<\/span><\/p>\n<p style=\"text-align: justify;\"><span style=\"font-family: comic sans ms, sans-serif; font-size: 14pt;\"><a title=\" R\u00e9sultats du Troph\u00e9e des Mixtes 2018\" href=\"https:\/\/www.1ciedarcdevincennes.fr\/wp-content\/uploads\/2018\/07\/TROPHEEMIXTES2018-resultats.pdf\" target=\"_blank\">Voir les r\u00e9sultats du Troph\u00e9e des Mixtes<\/a><\/span><\/p>\n<p style=\"text-align: justify;\">\u00a0<div id=\"grid-gallery-11-15591\" data-gg-id=\"11\" data-title=\"Trophee des mixtes 2018\" data-grid-type=\"0\" data-offset=\"5.3\" data-area-position=\"center\" data-icons=\"false\" data-preloader=\"\" data-width=\"215\" data-height=\"215\" data-padding=\"\" data-quicksand=\"disabled\" data-quicksand-duration=\"none\" data-popup-theme=\"theme_6\" data-popup-type=\"pretty-photo\" data-popup-image-text=\"title\" data-popup-widthsize=\"auto\" data-popup-heightsize=\"auto\" data-popup-i18n-words=\"{&quot;close&quot;:&quot;fermer&quot;,&quot;next&quot;:&quot;suivant&quot;,&quot;previous&quot;:&quot;pr\\u00e9c\\u00e9dent&quot;,&quot;start_slideshow&quot;:&quot;d\\u00e9marrer le diaporama&quot;,&quot;stop_slideshow&quot;:&quot;arr\\u00e9ter le diaporama&quot;,&quot;image&quot;:&quot;image&quot;,&quot;of&quot;:&quot;de&quot;,&quot;prev&quot;:&quot;pr\\u00e9c.&quot;,&quot;cExpand&quot;:&quot;Agrandir&quot;,&quot;cPrevious&quot;:&quot;Pr\\u00e9c\\u00e9dent&quot;,&quot;cNext&quot;:&quot;Suivant&quot;,&quot;cExpandStr&quot;:&quot;Agrandir l&#039;image&quot;,&quot;cRotate&quot;:&quot;Pivoter&quot;,&quot;cDetails&quot;:&quot;Details&quot;}\" data-popup-slideshow=\"false\" data-popup-slideshow-speed=\"2500\" data-popup-hoverstop=\"true\" data-popup-slideshow-auto=\"false\" data-popup-background=\"\" data-popup-transparency=\"30\" data-popup-disable-history=\"\" data-popup-disable-changed-url=\"\" data-popup-border-type=\"\" data-popup-border-color=\"\" data-popup-border-width=\"\" data-popup-border-enable=\"\" data-fullscreen=\"false\" data-hide-tooltip=\"\" data-caption-font-family=\"\" data-caption-text-size=\"14px\" data-is-mobile=\"0\" data-caption-mobile=\"false\" data-hide-long-tltp-title=\"0\" data-caption-disabled-on-mobile=\"false\" data-popup-placement-type=\"0\" data-social-sharing=\"{&quot;enabled&quot;:null,&quot;gallerySharing&quot;:{&quot;enabled&quot;:null,&quot;position&quot;:null},&quot;imageSharing&quot;:{&quot;enabled&quot;:null,&quot;wrapperClass&quot;:&quot; vertical \\n &quot;},&quot;popupSharing&quot;:{&quot;enabled&quot;:null,&quot;wrapperClass&quot;:&quot; vertical \\n &quot;}}\" class=\"grid-gallery grid-gallery-fixed \" style=\" width:100%; height:auto ; margin-left:auto; margin-right:auto; position:relative;\" > <div class=\"gallery-loading\"> <div class=\"blocks\"> <div class=\"block\"><\/div> <div class=\"block\"><\/div> <div class=\"block\"><\/div> <div class=\"block\"><\/div> <\/div> <\/div> <div class=\"gallery-sharing-top\"><\/div> <div id=\"photos-11\" class=\"grid-gallery-photos \" > <a id=\"gg-11-161\" class=\"gg-link \" data-attachment-id=\"1566\" href=\"https:\/\/www.1ciedarcdevincennes.fr\/wp-content\/uploads\/2018\/07\/trophee-mixtes-epreuve.jpg?gid=11\" target=\"_self\" title=\"trophee-mixtes-epreuve\" data-rel=\"prettyPhoto[pp_gal]\" style=\"border-radius: 0px;\" ><FIGURE class=\"grid-gallery-caption \" data-grid-gallery-type=\"quarter-slide-up\" data-index=\"0\" style=\"display:none;border-radius: 0px; ; margin: 5.3px; width:215px;\" ><div class=\"crop \" style=\" width:215px; height:215px; overflow:hidden; \"><img src=\"http:\/\/www.1ciedarcdevincennes.fr\/wp-content\/uploads\/2018\/07\/trophee-mixtes-epreuve-215x215.jpg\" class=\"ggImg\" alt=\"trophee-mixtes-epreuve\" title=\"trophee-mixtes-epreuve\" data-description=\"trophee-mixtes-epreuve\" data-caption=\"trophee-mixtes-epreuve\" data-title=\"trophee-mixtes-epreuve\" style=\" width:215px; height:215px; \" \/><\/div><FIGCAPTION class=\"\" data-alpha=\"5\" style=\"color:#ffffff; background-color:#6f0000; font-size:14px; text-align:2; font-family:;\" ><div class=\"grid-gallery-figcaption-wrap\" style=\" vertical-align:; \"><\/div><\/FIGCAPTION><\/FIGURE><\/a> <a id=\"gg-11-162\" class=\"gg-link \" data-attachment-id=\"1567\" href=\"https:\/\/www.1ciedarcdevincennes.fr\/wp-content\/uploads\/2018\/07\/trophee-mixtes-epreuve2.jpg?gid=11\" target=\"_self\" title=\"trophee-mixtes-epreuve2\" data-rel=\"prettyPhoto[pp_gal]\" style=\"border-radius: 0px;\" ><FIGURE class=\"grid-gallery-caption \" data-grid-gallery-type=\"quarter-slide-up\" data-index=\"1\" style=\"display:none;border-radius: 0px; ; margin: 5.3px; width:215px;\" ><div class=\"crop \" style=\" width:215px; height:215px; overflow:hidden; \"><img src=\"http:\/\/www.1ciedarcdevincennes.fr\/wp-content\/uploads\/2018\/07\/trophee-mixtes-epreuve2-215x215.jpg\" class=\"ggImg\" alt=\"trophee-mixtes-epreuve2\" title=\"trophee-mixtes-epreuve2\" data-description=\"trophee-mixtes-epreuve2\" data-caption=\"trophee-mixtes-epreuve2\" data-title=\"trophee-mixtes-epreuve2\" style=\" width:215px; height:215px; \" \/><\/div><FIGCAPTION class=\"\" data-alpha=\"5\" style=\"color:#ffffff; background-color:#6f0000; font-size:14px; text-align:2; font-family:;\" ><div class=\"grid-gallery-figcaption-wrap\" style=\" vertical-align:; \"><\/div><\/FIGCAPTION><\/FIGURE><\/a> <a id=\"gg-11-163\" class=\"gg-link \" data-attachment-id=\"1568\" href=\"https:\/\/www.1ciedarcdevincennes.fr\/wp-content\/uploads\/2018\/07\/suite-trophee-mixtes.jpg?gid=11\" target=\"_self\" title=\"suite-trophee-mixtes\" data-rel=\"prettyPhoto[pp_gal]\" style=\"border-radius: 0px;\" ><FIGURE class=\"grid-gallery-caption \" data-grid-gallery-type=\"quarter-slide-up\" data-index=\"2\" style=\"display:none;border-radius: 0px; ; margin: 5.3px; width:215px;\" ><div class=\"crop \" style=\" width:215px; height:215px; overflow:hidden; \"><img src=\"http:\/\/www.1ciedarcdevincennes.fr\/wp-content\/uploads\/2018\/07\/suite-trophee-mixtes-215x215.jpg\" class=\"ggImg\" alt=\"suite-trophee-mixtes\" title=\"suite-trophee-mixtes\" data-description=\"suite-trophee-mixtes\" data-caption=\"suite-trophee-mixtes\" data-title=\"suite-trophee-mixtes\" style=\" width:215px; height:215px; \" \/><\/div><FIGCAPTION class=\"\" data-alpha=\"5\" style=\"color:#ffffff; background-color:#6f0000; font-size:14px; text-align:2; font-family:;\" ><div class=\"grid-gallery-figcaption-wrap\" style=\" vertical-align:; \"><\/div><\/FIGCAPTION><\/FIGURE><\/a> <a id=\"gg-11-164\" class=\"gg-link \" data-attachment-id=\"1569\" href=\"https:\/\/www.1ciedarcdevincennes.fr\/wp-content\/uploads\/2018\/07\/epreuve-trophee-mixtes.jpg?gid=11\" target=\"_self\" title=\"epreuve-trophee-mixtes\" data-rel=\"prettyPhoto[pp_gal]\" style=\"border-radius: 0px;\" ><FIGURE class=\"grid-gallery-caption \" data-grid-gallery-type=\"quarter-slide-up\" data-index=\"3\" style=\"display:none;border-radius: 0px; ; margin: 5.3px; width:215px;\" ><div class=\"crop \" style=\" width:215px; height:215px; overflow:hidden; \"><img src=\"http:\/\/www.1ciedarcdevincennes.fr\/wp-content\/uploads\/2018\/07\/epreuve-trophee-mixtes-215x215.jpg\" class=\"ggImg\" alt=\"epreuve-trophee-mixtes\" title=\"epreuve-trophee-mixtes\" data-description=\"epreuve-trophee-mixtes\" data-caption=\"epreuve-trophee-mixtes\" data-title=\"epreuve-trophee-mixtes\" style=\" width:215px; height:215px; \" \/><\/div><FIGCAPTION class=\"\" data-alpha=\"5\" style=\"color:#ffffff; background-color:#6f0000; font-size:14px; text-align:2; font-family:;\" ><div class=\"grid-gallery-figcaption-wrap\" style=\" vertical-align:; \"><\/div><\/FIGCAPTION><\/FIGURE><\/a> <div class=\"grid-gallery-clearfix\"><\/div> <\/div> <div class=\"gallery-sharing-bottom\"><\/div> <div class=\"grid-gallery-clearfix\"><\/div> <\/div> <!-- Gallery by Supsystic plugin 1.15.11 --><\/p>\n<p style=\"text-align: justify;\"><span style=\"font-family: comic sans ms, sans-serif; font-size: 14pt;\">Christian<\/span><\/p>\n","protected":false},"excerpt":{"rendered":"<p>Sous la forte chaleur mais dans la bonne humeur et avec un grand enthousiasme sportif, notre \u00e9quipe mixte \u00ab\u00a0arc classique 1\u00e8re ann\u00e9e\u00a0\u00bb, [&hellip;]<\/p>\n","protected":false},"author":1,"featured_media":0,"parent":1298,"menu_order":0,"comment_status":"closed","ping_status":"closed","template":"page-templates\/page_fullwidth.php","meta":{"_mc_calendar":[]},"_links":{"self":[{"href":"https:\/\/www.1ciedarcdevincennes.fr\/index.php\/wp-json\/wp\/v2\/pages\/1560"}],"collection":[{"href":"https:\/\/www.1ciedarcdevincennes.fr\/index.php\/wp-json\/wp\/v2\/pages"}],"about":[{"href":"https:\/\/www.1ciedarcdevincennes.fr\/index.php\/wp-json\/wp\/v2\/types\/page"}],"author":[{"embeddable":true,"href":"https:\/\/www.1ciedarcdevincennes.fr\/index.php\/wp-json\/wp\/v2\/users\/1"}],"replies":[{"embeddable":true,"href":"https:\/\/www.1ciedarcdevincennes.fr\/index.php\/wp-json\/wp\/v2\/comments?post=1560"}],"version-history":[{"count":5,"href":"https:\/\/www.1ciedarcdevincennes.fr\/index.php\/wp-json\/wp\/v2\/pages\/1560\/revisions"}],"predecessor-version":[{"id":1600,"href":"https:\/\/www.1ciedarcdevincennes.fr\/index.php\/wp-json\/wp\/v2\/pages\/1560\/revisions\/1600"}],"up":[{"embeddable":true,"href":"https:\/\/www.1ciedarcdevincennes.fr\/index.php\/wp-json\/wp\/v2\/pages\/1298"}],"wp:attachment":[{"href":"https:\/\/www.1ciedarcdevincennes.fr\/index.php\/wp-json\/wp\/v2\/media?parent=1560"}],"curies":[{"name":"wp","href":"https:\/\/api.w.org\/{rel}","templated":true}]}}