{"id":1579,"date":"2018-08-21T19:30:03","date_gmt":"2018-08-21T17:30:03","guid":{"rendered":"http:\/\/www.1ciedarcdevincennes.fr\/?page_id=1579"},"modified":"2018-08-21T19:41:10","modified_gmt":"2018-08-21T17:41:10","slug":"prix-general-de-la-cie-de-vincennes","status":"publish","type":"page","link":"https:\/\/www.1ciedarcdevincennes.fr\/index.php\/actualites\/actualites-2018\/prix-general-de-la-cie-de-vincennes\/","title":{"rendered":"Prix G\u00e9n\u00e9ral de la Cie de Vincennes"},"content":{"rendered":"<p><img loading=\"lazy\" class=\"wp-image-1580 alignleft\" src=\"https:\/\/www.1ciedarcdevincennes.fr\/wp-content\/uploads\/2018\/08\/Prix-general-cie-arc-vincennes.jpg\" alt=\"Prix-general-cie-arc-vincennes\" width=\"317\" height=\"422\" srcset=\"https:\/\/www.1ciedarcdevincennes.fr\/wp-content\/uploads\/2018\/08\/Prix-general-cie-arc-vincennes.jpg 684w, https:\/\/www.1ciedarcdevincennes.fr\/wp-content\/uploads\/2018\/08\/Prix-general-cie-arc-vincennes-225x300.jpg 225w, https:\/\/www.1ciedarcdevincennes.fr\/wp-content\/uploads\/2018\/08\/Prix-general-cie-arc-vincennes-230x307.jpg 230w, https:\/\/www.1ciedarcdevincennes.fr\/wp-content\/uploads\/2018\/08\/Prix-general-cie-arc-vincennes-350x467.jpg 350w, https:\/\/www.1ciedarcdevincennes.fr\/wp-content\/uploads\/2018\/08\/Prix-general-cie-arc-vincennes-480x640.jpg 480w\" sizes=\"(max-width: 317px) 100vw, 317px\" \/><\/p>\n<p style=\"text-align: center;\"><span style=\"font-family: comic sans ms, sans-serif; font-size: 14pt;\">Prix G\u00e9n\u00e9ral de la Cie de Vincennes, <\/span><\/p>\n<p style=\"text-align: center;\"><span style=\"font-family: comic sans ms, sans-serif; font-size: 14pt;\">du 25 ao\u00fbt au 16 septembre 2018<\/span><\/p>\n<p>&nbsp;<\/p>\n<p><span style=\"font-family: comic sans ms, sans-serif; font-size: 14pt;\">La 1\u00e8re Compagnie d\u2019Arc de Vincennes ouvrira son prix g\u00e9n\u00e9ral le samedi 25 ao\u00fbt.<\/span><\/p>\n<p><span style=\"font-family: comic sans ms, sans-serif; font-size: 14pt;\">Ce Prix G\u00e9n\u00e9ral se d\u00e9roulera jusqu\u2019au 16 septembre, la remise des r\u00e9compenses aura lieu ce m\u00eame jour \u00e0 18h30 et sera suivie d\u2019un pot de l\u2019amiti\u00e9.<\/span><\/p>\n<p><span style=\"font-family: comic sans ms, sans-serif; font-size: 14pt;\">Pour plus d\u2019informations, cliquer sur le lien du <a href=\"https:\/\/www.1ciedarcdevincennes.fr\/wp-content\/uploads\/2018\/06\/Mandat-2018-Prix-general-Vincennes.pdf\" target=\"_blank\">Mandat du Prix G\u00e9n\u00e9ral 1\u00e8re Cie de Vincennes.<\/a><\/span><\/p>\n<p><span style=\"font-family: comic sans ms, sans-serif; font-size: 14pt;\">Nous aurons \u00e9galement le plaisir de vous recevoir pour notre concours en salle le samedi 3 et dimanche 4 Novembre.<\/span><\/p>\n","protected":false},"excerpt":{"rendered":"<p>Prix G\u00e9n\u00e9ral de la Cie de Vincennes, du 25 ao\u00fbt au 16 septembre 2018 &nbsp; La 1\u00e8re Compagnie d\u2019Arc de Vincennes ouvrira [&hellip;]<\/p>\n","protected":false},"author":1,"featured_media":0,"parent":1298,"menu_order":0,"comment_status":"closed","ping_status":"closed","template":"page-templates\/page_fullwidth.php","meta":{"_mc_calendar":[]},"_links":{"self":[{"href":"https:\/\/www.1ciedarcdevincennes.fr\/index.php\/wp-json\/wp\/v2\/pages\/1579"}],"collection":[{"href":"https:\/\/www.1ciedarcdevincennes.fr\/index.php\/wp-json\/wp\/v2\/pages"}],"about":[{"href":"https:\/\/www.1ciedarcdevincennes.fr\/index.php\/wp-json\/wp\/v2\/types\/page"}],"author":[{"embeddable":true,"href":"https:\/\/www.1ciedarcdevincennes.fr\/index.php\/wp-json\/wp\/v2\/users\/1"}],"replies":[{"embeddable":true,"href":"https:\/\/www.1ciedarcdevincennes.fr\/index.php\/wp-json\/wp\/v2\/comments?post=1579"}],"version-history":[{"count":4,"href":"https:\/\/www.1ciedarcdevincennes.fr\/index.php\/wp-json\/wp\/v2\/pages\/1579\/revisions"}],"predecessor-version":[{"id":1589,"href":"https:\/\/www.1ciedarcdevincennes.fr\/index.php\/wp-json\/wp\/v2\/pages\/1579\/revisions\/1589"}],"up":[{"embeddable":true,"href":"https:\/\/www.1ciedarcdevincennes.fr\/index.php\/wp-json\/wp\/v2\/pages\/1298"}],"wp:attachment":[{"href":"https:\/\/www.1ciedarcdevincennes.fr\/index.php\/wp-json\/wp\/v2\/media?parent=1579"}],"curies":[{"name":"wp","href":"https:\/\/api.w.org\/{rel}","templated":true}]}}