{"id":1591,"date":"2018-09-23T15:15:56","date_gmt":"2018-09-23T13:15:56","guid":{"rendered":"http:\/\/www.1ciedarcdevincennes.fr\/?page_id=1591"},"modified":"2018-09-23T15:15:56","modified_gmt":"2018-09-23T13:15:56","slug":"rentree-sportive-2018-2019","status":"publish","type":"page","link":"https:\/\/www.1ciedarcdevincennes.fr\/index.php\/actualites\/actualites-2018\/rentree-sportive-2018-2019\/","title":{"rendered":"Rentr\u00e9e sportive 2018-2019"},"content":{"rendered":"<p><span style=\"font-family: comic sans ms, sans-serif; font-size: 14pt;\">Bienvenue aux nouveaux adh\u00e9rents qui rejoignent la 1\u00e8re Compagnie d\u2019Arc de Vincennes.<\/span><\/p>\n<p>&nbsp;<\/p>\n<p><span style=\"font-family: comic sans ms, sans-serif; font-size: 14pt;\">La rentr\u00e9e sportive a d\u00e9but\u00e9, et les premiers cours pour les archers d\u00e9butants et confirm\u00e9s ont d\u00e9j\u00e0 commenc\u00e9s.<\/span><\/p>\n<p>&nbsp;<\/p>\n<p><span style=\"font-family: comic sans ms, sans-serif; font-size: 14pt;\">La saison sportive 2018-2019 est ouverte ! Archers \u00e0 vos arcs !<\/span><\/p>\n<p>&nbsp;<\/p>\n<p><span style=\"font-family: comic sans ms, sans-serif; font-size: 14pt;\">Voici les principaux \u00e9v\u00e8nements de cet automne :<\/span><\/p>\n<p><img loading=\"lazy\" class=\"aligncenter size-full wp-image-1592\" src=\"https:\/\/www.1ciedarcdevincennes.fr\/wp-content\/uploads\/2018\/09\/rentree-automne.jpg\" alt=\"rentree-automne\" width=\"1300\" height=\"662\" srcset=\"https:\/\/www.1ciedarcdevincennes.fr\/wp-content\/uploads\/2018\/09\/rentree-automne.jpg 1300w, https:\/\/www.1ciedarcdevincennes.fr\/wp-content\/uploads\/2018\/09\/rentree-automne-300x153.jpg 300w, https:\/\/www.1ciedarcdevincennes.fr\/wp-content\/uploads\/2018\/09\/rentree-automne-768x391.jpg 768w, https:\/\/www.1ciedarcdevincennes.fr\/wp-content\/uploads\/2018\/09\/rentree-automne-1024x521.jpg 1024w, https:\/\/www.1ciedarcdevincennes.fr\/wp-content\/uploads\/2018\/09\/rentree-automne-830x423.jpg 830w, https:\/\/www.1ciedarcdevincennes.fr\/wp-content\/uploads\/2018\/09\/rentree-automne-230x117.jpg 230w, https:\/\/www.1ciedarcdevincennes.fr\/wp-content\/uploads\/2018\/09\/rentree-automne-350x178.jpg 350w, https:\/\/www.1ciedarcdevincennes.fr\/wp-content\/uploads\/2018\/09\/rentree-automne-480x244.jpg 480w\" sizes=\"(max-width: 1300px) 100vw, 1300px\" \/><\/p>\n<p>&nbsp;<\/p>\n<p>&nbsp;<\/p>\n","protected":false},"excerpt":{"rendered":"<p>Bienvenue aux nouveaux adh\u00e9rents qui rejoignent la 1\u00e8re Compagnie d\u2019Arc de Vincennes. &nbsp; La rentr\u00e9e sportive a d\u00e9but\u00e9, et les premiers cours [&hellip;]<\/p>\n","protected":false},"author":1,"featured_media":0,"parent":1298,"menu_order":0,"comment_status":"closed","ping_status":"closed","template":"page-templates\/page_fullwidth.php","meta":{"_mc_calendar":[]},"_links":{"self":[{"href":"https:\/\/www.1ciedarcdevincennes.fr\/index.php\/wp-json\/wp\/v2\/pages\/1591"}],"collection":[{"href":"https:\/\/www.1ciedarcdevincennes.fr\/index.php\/wp-json\/wp\/v2\/pages"}],"about":[{"href":"https:\/\/www.1ciedarcdevincennes.fr\/index.php\/wp-json\/wp\/v2\/types\/page"}],"author":[{"embeddable":true,"href":"https:\/\/www.1ciedarcdevincennes.fr\/index.php\/wp-json\/wp\/v2\/users\/1"}],"replies":[{"embeddable":true,"href":"https:\/\/www.1ciedarcdevincennes.fr\/index.php\/wp-json\/wp\/v2\/comments?post=1591"}],"version-history":[{"count":2,"href":"https:\/\/www.1ciedarcdevincennes.fr\/index.php\/wp-json\/wp\/v2\/pages\/1591\/revisions"}],"predecessor-version":[{"id":1594,"href":"https:\/\/www.1ciedarcdevincennes.fr\/index.php\/wp-json\/wp\/v2\/pages\/1591\/revisions\/1594"}],"up":[{"embeddable":true,"href":"https:\/\/www.1ciedarcdevincennes.fr\/index.php\/wp-json\/wp\/v2\/pages\/1298"}],"wp:attachment":[{"href":"https:\/\/www.1ciedarcdevincennes.fr\/index.php\/wp-json\/wp\/v2\/media?parent=1591"}],"curies":[{"name":"wp","href":"https:\/\/api.w.org\/{rel}","templated":true}]}}