{"id":1601,"date":"2018-10-07T19:01:19","date_gmt":"2018-10-07T17:01:19","guid":{"rendered":"http:\/\/www.1ciedarcdevincennes.fr\/?page_id=1601"},"modified":"2018-10-07T19:01:19","modified_gmt":"2018-10-07T17:01:19","slug":"concours-en-salle-3-et-4-novembre-2018","status":"publish","type":"page","link":"https:\/\/www.1ciedarcdevincennes.fr\/index.php\/actualites\/actualites-2018\/concours-en-salle-3-et-4-novembre-2018\/","title":{"rendered":"Concours en salle 3 et 4 Novembre 2018"},"content":{"rendered":"<p><img loading=\"lazy\" class=\"size-full wp-image-1602 aligncenter\" src=\"https:\/\/www.1ciedarcdevincennes.fr\/wp-content\/uploads\/2018\/10\/tir-en-salle-2018.jpg\" alt=\"tir-en-salle-2018\" width=\"724\" height=\"758\" srcset=\"https:\/\/www.1ciedarcdevincennes.fr\/wp-content\/uploads\/2018\/10\/tir-en-salle-2018.jpg 724w, https:\/\/www.1ciedarcdevincennes.fr\/wp-content\/uploads\/2018\/10\/tir-en-salle-2018-287x300.jpg 287w, https:\/\/www.1ciedarcdevincennes.fr\/wp-content\/uploads\/2018\/10\/tir-en-salle-2018-230x241.jpg 230w, https:\/\/www.1ciedarcdevincennes.fr\/wp-content\/uploads\/2018\/10\/tir-en-salle-2018-350x366.jpg 350w, https:\/\/www.1ciedarcdevincennes.fr\/wp-content\/uploads\/2018\/10\/tir-en-salle-2018-480x503.jpg 480w\" sizes=\"(max-width: 724px) 100vw, 724px\" \/><\/p>\n<p><span style=\"font-family: comic sans ms, sans-serif; font-size: 14pt;\">La 1\u00e8re Compagnie d\u2019Arc de Vincennes a le plaisir de vous recevoir pour son concours en salle 2\u00d718 m\u00e8tres Target.<\/span><\/p>\n<p><span style=\"font-family: comic sans ms, sans-serif; font-size: 14pt;\">Cette comp\u00e9tition de tir \u00e0 l\u2019arc aura lieu le samedi 3 et dimanche 4 Novembre 2018.<\/span><\/p>\n<p><span style=\"font-family: comic sans ms, sans-serif; font-size: 14pt;\">Comme chaque ann\u00e9e le concours se tiendra au Centre Sportif Georges Pompidou (accessible \u00e0 pied depuis le M\u00e9tro ligne 1 ou RER A).<\/span><\/p>\n<p><span style=\"font-family: comic sans ms, sans-serif; font-size: 14pt;\">Pour plus d\u2019informations cliquez sur le lien du <a href=\"https:\/\/www.1ciedarcdevincennes.fr\/wp-content\/uploads\/2018\/08\/Mandat-tir-en-salle-2018.pdf\" target=\"_blank\">mandat<\/a>.<\/span><\/p>\n<p><span style=\"font-family: comic sans ms, sans-serif; font-size: 14pt;\">N\u2019h\u00e9sitez pas \u00e0 partager l\u2019\u00e9v\u00e9nement via notre page <a href=\"https:\/\/www.facebook.com\/1%C3%A8re-Compagnie-dArc-de-Vincennes-343213092793838\" target=\"_blank\">Facebook<\/a><\/span><\/p>\n","protected":false},"excerpt":{"rendered":"<p>La 1\u00e8re Compagnie d\u2019Arc de Vincennes a le plaisir de vous recevoir pour son concours en salle 2\u00d718 m\u00e8tres Target. Cette comp\u00e9tition [&hellip;]<\/p>\n","protected":false},"author":1,"featured_media":0,"parent":1298,"menu_order":0,"comment_status":"closed","ping_status":"closed","template":"page-templates\/page_fullwidth.php","meta":{"_mc_calendar":[]},"_links":{"self":[{"href":"https:\/\/www.1ciedarcdevincennes.fr\/index.php\/wp-json\/wp\/v2\/pages\/1601"}],"collection":[{"href":"https:\/\/www.1ciedarcdevincennes.fr\/index.php\/wp-json\/wp\/v2\/pages"}],"about":[{"href":"https:\/\/www.1ciedarcdevincennes.fr\/index.php\/wp-json\/wp\/v2\/types\/page"}],"author":[{"embeddable":true,"href":"https:\/\/www.1ciedarcdevincennes.fr\/index.php\/wp-json\/wp\/v2\/users\/1"}],"replies":[{"embeddable":true,"href":"https:\/\/www.1ciedarcdevincennes.fr\/index.php\/wp-json\/wp\/v2\/comments?post=1601"}],"version-history":[{"count":5,"href":"https:\/\/www.1ciedarcdevincennes.fr\/index.php\/wp-json\/wp\/v2\/pages\/1601\/revisions"}],"predecessor-version":[{"id":1607,"href":"https:\/\/www.1ciedarcdevincennes.fr\/index.php\/wp-json\/wp\/v2\/pages\/1601\/revisions\/1607"}],"up":[{"embeddable":true,"href":"https:\/\/www.1ciedarcdevincennes.fr\/index.php\/wp-json\/wp\/v2\/pages\/1298"}],"wp:attachment":[{"href":"https:\/\/www.1ciedarcdevincennes.fr\/index.php\/wp-json\/wp\/v2\/media?parent=1601"}],"curies":[{"name":"wp","href":"https:\/\/api.w.org\/{rel}","templated":true}]}}