{"id":1625,"date":"2018-11-08T21:04:54","date_gmt":"2018-11-08T20:04:54","guid":{"rendered":"http:\/\/www.1ciedarcdevincennes.fr\/?page_id=1625"},"modified":"2018-11-08T21:19:56","modified_gmt":"2018-11-08T20:19:56","slug":"premiere-compagnie-darc-de-vincennes-mini-raid-du-14-0ctobre-2018","status":"publish","type":"page","link":"https:\/\/www.1ciedarcdevincennes.fr\/index.php\/actualites\/actualites-2018\/premiere-compagnie-darc-de-vincennes-mini-raid-du-14-0ctobre-2018\/","title":{"rendered":"Premi\u00e8re Compagnie d\u2019Arc de Vincennes Mini raid du 14 0ctobre 2018"},"content":{"rendered":"<p><span style=\"font-family: comic sans ms, sans-serif; font-size: 14pt;\">Le 14 octobre dernier, comme chaque ann\u00e9e, la Ville de Vincennes organisait son traditionnel mini-raid offrant aux jeunes de 9 \u00e0 15 ans l\u2019occasion d\u2019un parcours sportif dans la ville sur plusieurs activit\u00e9s.<\/span><\/p>\n<p>&nbsp;<\/p>\n<p><span style=\"font-family: comic sans ms, sans-serif; font-size: 14pt;\">La 1\u00e8re Compagnie\u00a0 d\u2019Arc de Vincennes qui organise depuis de nombreuses ann\u00e9es l\u2019\u00e9preuve de tir \u00e0 l\u2019arc, a accueilli les jeunes dans son jeu d\u2019arc rue Defrance.<\/span><\/p>\n<p>&nbsp;<\/p>\n<p><span style=\"font-family: comic sans ms, sans-serif; font-size: 14pt;\">Plus d\u2019une centaine de jeunes ont ainsi pu d\u00e9couvrir, ou retrouver pour certains, la Compagnie, son logis, sa cour et son jeu d\u2019arc avec ses deux magnifiques all\u00e9es de tir fleuries.<\/span><\/p>\n<p>&nbsp;<\/p>\n<p><span style=\"font-family: comic sans ms, sans-serif; font-size: 14pt;\">Encadr\u00e9s par les archers b\u00e9n\u00e9voles de la Compagnie, les comp\u00e9titeurs du mini-raid, r\u00e9partis par \u00e9quipes sur les quatre buttes du jeu d\u2019arc, ont tir\u00e9 leurs fl\u00e8ches, les premi\u00e8res de leur vie pour nombre d\u2019entre eux. Apr\u00e8s des tirs d\u2019essais, le tir compt\u00e9 pour le classement du miniraid a \u00e9t\u00e9 au c\u0153ur de l\u2019\u00e9preuve, agr\u00e9ablement suivi par un tir de d\u00e9tente pour transpercer quelques ballons.<\/span><\/p>\n<p>&nbsp;<\/p>\n<p>&nbsp;<\/p>\n<p><span style=\"font-family: comic sans ms, sans-serif; font-size: 14pt;\">Gr\u00e2ce \u00e0 la contribution des accompagnateurs de l\u2019Espace Jeunes et de nos b\u00e9n\u00e9voles, l\u2019activit\u00e9 a \u00e9t\u00e9 pleinement r\u00e9ussie dans la bonne humeur et avec la chance d\u2019une m\u00e9t\u00e9o agr\u00e9able, comme chaque ann\u00e9e. Que chacun en soit remerci\u00e9.<\/span><\/p>\n<p>&nbsp;<\/p>\n<p style=\"text-align: right;\"><span style=\"font-family: comic sans ms, sans-serif; font-size: 14pt;\">Christian<\/span><\/p>\n<p style=\"text-align: left;\"><div id=\"grid-gallery-12-73880\" data-gg-id=\"12\" data-title=\"Mini raid 2018\" data-grid-type=\"0\" data-offset=\"5.3\" data-area-position=\"center\" data-icons=\"false\" data-preloader=\"\" data-width=\"215\" data-height=\"215\" data-padding=\"\" data-quicksand=\"disabled\" data-quicksand-duration=\"none\" data-popup-theme=\"theme_6\" data-popup-type=\"pretty-photo\" data-popup-image-text=\"title\" data-popup-widthsize=\"auto\" data-popup-heightsize=\"auto\" data-popup-i18n-words=\"{&quot;close&quot;:&quot;fermer&quot;,&quot;next&quot;:&quot;suivant&quot;,&quot;previous&quot;:&quot;pr\\u00e9c\\u00e9dent&quot;,&quot;start_slideshow&quot;:&quot;d\\u00e9marrer le diaporama&quot;,&quot;stop_slideshow&quot;:&quot;arr\\u00e9ter le diaporama&quot;,&quot;image&quot;:&quot;image&quot;,&quot;of&quot;:&quot;de&quot;,&quot;prev&quot;:&quot;pr\\u00e9c.&quot;,&quot;cExpand&quot;:&quot;Agrandir&quot;,&quot;cPrevious&quot;:&quot;Pr\\u00e9c\\u00e9dent&quot;,&quot;cNext&quot;:&quot;Suivant&quot;,&quot;cExpandStr&quot;:&quot;Agrandir l&#039;image&quot;,&quot;cRotate&quot;:&quot;Pivoter&quot;,&quot;cDetails&quot;:&quot;Details&quot;}\" data-popup-slideshow=\"false\" data-popup-slideshow-speed=\"2500\" data-popup-hoverstop=\"true\" data-popup-slideshow-auto=\"false\" data-popup-background=\"\" data-popup-transparency=\"30\" data-popup-disable-history=\"\" data-popup-disable-changed-url=\"\" data-popup-border-type=\"\" data-popup-border-color=\"\" data-popup-border-width=\"\" data-popup-border-enable=\"\" data-fullscreen=\"false\" data-hide-tooltip=\"\" data-caption-font-family=\"\" data-caption-text-size=\"14px\" data-is-mobile=\"0\" data-caption-mobile=\"false\" data-hide-long-tltp-title=\"0\" data-caption-disabled-on-mobile=\"false\" data-popup-placement-type=\"0\" data-social-sharing=\"{&quot;enabled&quot;:null,&quot;gallerySharing&quot;:{&quot;enabled&quot;:null,&quot;position&quot;:null},&quot;imageSharing&quot;:{&quot;enabled&quot;:null,&quot;wrapperClass&quot;:&quot; vertical \\n &quot;},&quot;popupSharing&quot;:{&quot;enabled&quot;:null,&quot;wrapperClass&quot;:&quot; vertical \\n &quot;}}\" class=\"grid-gallery grid-gallery-fixed \" style=\" width:100%; height:auto ; margin-left:auto; margin-right:auto; position:relative;\" > <div class=\"gallery-loading\"> <div class=\"blocks\"> <div class=\"block\"><\/div> <div class=\"block\"><\/div> <div class=\"block\"><\/div> <div class=\"block\"><\/div> <\/div> <\/div> <div class=\"gallery-sharing-top\"><\/div> <div id=\"photos-12\" class=\"grid-gallery-photos \" > <a id=\"gg-12-169\" class=\"gg-link \" data-attachment-id=\"1628\" href=\"https:\/\/www.1ciedarcdevincennes.fr\/wp-content\/uploads\/2018\/11\/MR-2018-1.jpg?gid=12\" target=\"_self\" title=\"MR-2018-1\" data-rel=\"prettyPhoto[pp_gal]\" style=\"border-radius: 0px;\" ><FIGURE class=\"grid-gallery-caption \" data-grid-gallery-type=\"quarter-slide-up\" data-index=\"0\" style=\"display:none;border-radius: 0px; ; margin: 5.3px; width:215px;\" ><div class=\"crop \" style=\" width:215px; height:215px; overflow:hidden; \"><img src=\"http:\/\/www.1ciedarcdevincennes.fr\/wp-content\/uploads\/2018\/11\/MR-2018-1-215x215.jpg\" class=\"ggImg\" alt=\"MR-2018-1\" title=\"MR-2018-1\" data-description=\"MR-2018-1\" data-caption=\"MR-2018-1\" data-title=\"MR-2018-1\" style=\" width:215px; height:215px; \" \/><\/div><FIGCAPTION class=\"\" data-alpha=\"5\" style=\"color:#ffffff; background-color:#6f0000; font-size:14px; text-align:2; font-family:;\" ><div class=\"grid-gallery-figcaption-wrap\" style=\" vertical-align:; \"><\/div><\/FIGCAPTION><\/FIGURE><\/a> <a id=\"gg-12-165\" class=\"gg-link \" data-attachment-id=\"1629\" href=\"https:\/\/www.1ciedarcdevincennes.fr\/wp-content\/uploads\/2018\/11\/MR-2018-2.jpg?gid=12\" target=\"_self\" title=\"MR-2018-2\" data-rel=\"prettyPhoto[pp_gal]\" style=\"border-radius: 0px;\" ><FIGURE class=\"grid-gallery-caption \" data-grid-gallery-type=\"quarter-slide-up\" data-index=\"1\" style=\"display:none;border-radius: 0px; ; margin: 5.3px; width:215px;\" ><div class=\"crop \" style=\" width:215px; height:215px; overflow:hidden; \"><img src=\"http:\/\/www.1ciedarcdevincennes.fr\/wp-content\/uploads\/2018\/11\/MR-2018-2-215x215.jpg\" class=\"ggImg\" alt=\"MR-2018-2\" title=\"MR-2018-2\" data-description=\"MR-2018-2\" data-caption=\"MR-2018-2\" data-title=\"MR-2018-2\" style=\" width:215px; height:215px; \" \/><\/div><FIGCAPTION class=\"\" data-alpha=\"5\" style=\"color:#ffffff; background-color:#6f0000; font-size:14px; text-align:2; font-family:;\" ><div class=\"grid-gallery-figcaption-wrap\" style=\" vertical-align:; \"><\/div><\/FIGCAPTION><\/FIGURE><\/a> <a id=\"gg-12-166\" class=\"gg-link \" data-attachment-id=\"1630\" href=\"https:\/\/www.1ciedarcdevincennes.fr\/wp-content\/uploads\/2018\/11\/MR-2018-3.jpg?gid=12\" target=\"_self\" title=\"MR-2018-3\" data-rel=\"prettyPhoto[pp_gal]\" style=\"border-radius: 0px;\" ><FIGURE class=\"grid-gallery-caption \" data-grid-gallery-type=\"quarter-slide-up\" data-index=\"2\" style=\"display:none;border-radius: 0px; ; margin: 5.3px; width:215px;\" ><div class=\"crop \" style=\" width:215px; height:215px; overflow:hidden; \"><img src=\"http:\/\/www.1ciedarcdevincennes.fr\/wp-content\/uploads\/2018\/11\/MR-2018-3-215x215.jpg\" class=\"ggImg\" alt=\"MR-2018-3\" title=\"MR-2018-3\" data-description=\"MR-2018-3\" data-caption=\"MR-2018-3\" data-title=\"MR-2018-3\" style=\" width:215px; height:215px; \" \/><\/div><FIGCAPTION class=\"\" data-alpha=\"5\" style=\"color:#ffffff; background-color:#6f0000; font-size:14px; text-align:2; font-family:;\" ><div class=\"grid-gallery-figcaption-wrap\" style=\" vertical-align:; \"><\/div><\/FIGCAPTION><\/FIGURE><\/a> <a id=\"gg-12-167\" class=\"gg-link \" data-attachment-id=\"1631\" href=\"https:\/\/www.1ciedarcdevincennes.fr\/wp-content\/uploads\/2018\/11\/MR-2018-4.jpg?gid=12\" target=\"_self\" title=\"MR-2018-4\" data-rel=\"prettyPhoto[pp_gal]\" style=\"border-radius: 0px;\" ><FIGURE class=\"grid-gallery-caption \" data-grid-gallery-type=\"quarter-slide-up\" data-index=\"3\" style=\"display:none;border-radius: 0px; ; margin: 5.3px; width:215px;\" ><div class=\"crop \" style=\" width:215px; height:215px; overflow:hidden; \"><img src=\"http:\/\/www.1ciedarcdevincennes.fr\/wp-content\/uploads\/2018\/11\/MR-2018-4-215x215.jpg\" class=\"ggImg\" alt=\"MR-2018-4\" title=\"MR-2018-4\" data-description=\"MR-2018-4\" data-caption=\"MR-2018-4\" data-title=\"MR-2018-4\" style=\" width:215px; height:215px; \" \/><\/div><FIGCAPTION class=\"\" data-alpha=\"5\" style=\"color:#ffffff; background-color:#6f0000; font-size:14px; text-align:2; font-family:;\" ><div class=\"grid-gallery-figcaption-wrap\" style=\" vertical-align:; \"><\/div><\/FIGCAPTION><\/FIGURE><\/a> <a id=\"gg-12-168\" class=\"gg-link \" data-attachment-id=\"1632\" href=\"https:\/\/www.1ciedarcdevincennes.fr\/wp-content\/uploads\/2018\/11\/MR-2018-5.jpg?gid=12\" target=\"_self\" title=\"MR-2018-5\" data-rel=\"prettyPhoto[pp_gal]\" style=\"border-radius: 0px;\" ><FIGURE class=\"grid-gallery-caption \" data-grid-gallery-type=\"quarter-slide-up\" data-index=\"4\" style=\"display:none;border-radius: 0px; ; margin: 5.3px; width:215px;\" ><div class=\"crop \" style=\" width:215px; height:215px; overflow:hidden; \"><img src=\"http:\/\/www.1ciedarcdevincennes.fr\/wp-content\/uploads\/2018\/11\/MR-2018-5-215x215.jpg\" class=\"ggImg\" alt=\"MR-2018-5\" title=\"MR-2018-5\" data-description=\"MR-2018-5\" data-caption=\"MR-2018-5\" data-title=\"MR-2018-5\" style=\" width:215px; height:215px; \" \/><\/div><FIGCAPTION class=\"\" data-alpha=\"5\" style=\"color:#ffffff; background-color:#6f0000; font-size:14px; text-align:2; font-family:;\" ><div class=\"grid-gallery-figcaption-wrap\" style=\" vertical-align:; \"><\/div><\/FIGCAPTION><\/FIGURE><\/a> <div class=\"grid-gallery-clearfix\"><\/div> <\/div> <div class=\"gallery-sharing-bottom\"><\/div> <div class=\"grid-gallery-clearfix\"><\/div> <\/div> <!-- Gallery by Supsystic plugin 1.15.11 --><\/p>\n","protected":false},"excerpt":{"rendered":"<p>Le 14 octobre dernier, comme chaque ann\u00e9e, la Ville de Vincennes organisait son traditionnel mini-raid offrant aux jeunes de 9 \u00e0 15 [&hellip;]<\/p>\n","protected":false},"author":1,"featured_media":0,"parent":1298,"menu_order":0,"comment_status":"closed","ping_status":"closed","template":"page-templates\/page_fullwidth.php","meta":{"_mc_calendar":[]},"_links":{"self":[{"href":"https:\/\/www.1ciedarcdevincennes.fr\/index.php\/wp-json\/wp\/v2\/pages\/1625"}],"collection":[{"href":"https:\/\/www.1ciedarcdevincennes.fr\/index.php\/wp-json\/wp\/v2\/pages"}],"about":[{"href":"https:\/\/www.1ciedarcdevincennes.fr\/index.php\/wp-json\/wp\/v2\/types\/page"}],"author":[{"embeddable":true,"href":"https:\/\/www.1ciedarcdevincennes.fr\/index.php\/wp-json\/wp\/v2\/users\/1"}],"replies":[{"embeddable":true,"href":"https:\/\/www.1ciedarcdevincennes.fr\/index.php\/wp-json\/wp\/v2\/comments?post=1625"}],"version-history":[{"count":4,"href":"https:\/\/www.1ciedarcdevincennes.fr\/index.php\/wp-json\/wp\/v2\/pages\/1625\/revisions"}],"predecessor-version":[{"id":1643,"href":"https:\/\/www.1ciedarcdevincennes.fr\/index.php\/wp-json\/wp\/v2\/pages\/1625\/revisions\/1643"}],"up":[{"embeddable":true,"href":"https:\/\/www.1ciedarcdevincennes.fr\/index.php\/wp-json\/wp\/v2\/pages\/1298"}],"wp:attachment":[{"href":"https:\/\/www.1ciedarcdevincennes.fr\/index.php\/wp-json\/wp\/v2\/media?parent=1625"}],"curies":[{"name":"wp","href":"https:\/\/api.w.org\/{rel}","templated":true}]}}