{"id":1635,"date":"2018-11-08T21:10:22","date_gmt":"2018-11-08T20:10:22","guid":{"rendered":"http:\/\/www.1ciedarcdevincennes.fr\/?page_id=1635"},"modified":"2018-11-08T21:10:22","modified_gmt":"2018-11-08T20:10:22","slug":"challenge-94-vincennes-recevait-st-maur-le-6-novembre-2018","status":"publish","type":"page","link":"https:\/\/www.1ciedarcdevincennes.fr\/index.php\/actualites\/actualites-2018\/challenge-94-vincennes-recevait-st-maur-le-6-novembre-2018\/","title":{"rendered":"Challenge 94 : Vincennes recevait St Maur le 6 novembre 2018"},"content":{"rendered":"<p><img loading=\"lazy\" class=\"aligncenter  wp-image-1636\" src=\"https:\/\/www.1ciedarcdevincennes.fr\/wp-content\/uploads\/2018\/11\/challenge-94-2018-vincennes-st-maur.jpg\" alt=\"challenge-94-2018-vincennes-st-maur\" width=\"366\" height=\"206\" srcset=\"https:\/\/www.1ciedarcdevincennes.fr\/wp-content\/uploads\/2018\/11\/challenge-94-2018-vincennes-st-maur.jpg 480w, https:\/\/www.1ciedarcdevincennes.fr\/wp-content\/uploads\/2018\/11\/challenge-94-2018-vincennes-st-maur-300x169.jpg 300w, https:\/\/www.1ciedarcdevincennes.fr\/wp-content\/uploads\/2018\/11\/challenge-94-2018-vincennes-st-maur-230x129.jpg 230w, https:\/\/www.1ciedarcdevincennes.fr\/wp-content\/uploads\/2018\/11\/challenge-94-2018-vincennes-st-maur-350x197.jpg 350w\" sizes=\"(max-width: 366px) 100vw, 366px\" \/><\/p>\n<p><span style=\"font-family: comic sans ms, sans-serif; font-size: 14pt;\">Nous avons \u00e9t\u00e9 heureux de recevoir les archers de St Maur pour cette 2\u00e8me rencontre du Challenge 94.<\/span><\/p>\n<p><span style=\"font-family: comic sans ms, sans-serif; font-size: 14pt;\">Bravo \u00e0 l\u2019\u00e9quipe de Vincennes, qui l\u2019emporte 41 contre 31, et rendez-vous prochainement pour le match retour !<\/span><\/p>\n<p><span style=\"font-family: comic sans ms, sans-serif; font-size: 14pt;\">F\u00e9licitations \u00e0 tous les archers, dont Michel A. (arc \u00e0 poulies), Julien (Bare bow, ou arc nu) et J\u00e9r\u00f4me (arc classique), pour ces duels courts par \u00e9quipe. Nos compliments \u00e0 Christian pour l\u2019arbitrage, \u00e0 Rodolphe pour son aide, et \u00e0 Julie, pour les d\u00e9licieuses lasagnes cuisin\u00e9es pour les participants apr\u00e8s le match, au logis de la Cie.<\/span><\/p>\n<p><span style=\"font-family: comic sans ms, sans-serif; font-size: 14pt;\">Prochaine rencontre d\u00e9but d\u00e9cembre contre Villiers sur Marne.<\/span><\/p>\n","protected":false},"excerpt":{"rendered":"<p>Nous avons \u00e9t\u00e9 heureux de recevoir les archers de St Maur pour cette 2\u00e8me rencontre du Challenge 94. Bravo \u00e0 l\u2019\u00e9quipe de [&hellip;]<\/p>\n","protected":false},"author":1,"featured_media":0,"parent":1298,"menu_order":0,"comment_status":"closed","ping_status":"closed","template":"page-templates\/page_fullwidth.php","meta":{"_mc_calendar":[]},"_links":{"self":[{"href":"https:\/\/www.1ciedarcdevincennes.fr\/index.php\/wp-json\/wp\/v2\/pages\/1635"}],"collection":[{"href":"https:\/\/www.1ciedarcdevincennes.fr\/index.php\/wp-json\/wp\/v2\/pages"}],"about":[{"href":"https:\/\/www.1ciedarcdevincennes.fr\/index.php\/wp-json\/wp\/v2\/types\/page"}],"author":[{"embeddable":true,"href":"https:\/\/www.1ciedarcdevincennes.fr\/index.php\/wp-json\/wp\/v2\/users\/1"}],"replies":[{"embeddable":true,"href":"https:\/\/www.1ciedarcdevincennes.fr\/index.php\/wp-json\/wp\/v2\/comments?post=1635"}],"version-history":[{"count":3,"href":"https:\/\/www.1ciedarcdevincennes.fr\/index.php\/wp-json\/wp\/v2\/pages\/1635\/revisions"}],"predecessor-version":[{"id":1639,"href":"https:\/\/www.1ciedarcdevincennes.fr\/index.php\/wp-json\/wp\/v2\/pages\/1635\/revisions\/1639"}],"up":[{"embeddable":true,"href":"https:\/\/www.1ciedarcdevincennes.fr\/index.php\/wp-json\/wp\/v2\/pages\/1298"}],"wp:attachment":[{"href":"https:\/\/www.1ciedarcdevincennes.fr\/index.php\/wp-json\/wp\/v2\/media?parent=1635"}],"curies":[{"name":"wp","href":"https:\/\/api.w.org\/{rel}","templated":true}]}}