{"id":1681,"date":"2018-11-24T14:22:42","date_gmt":"2018-11-24T13:22:42","guid":{"rendered":"http:\/\/www.1ciedarcdevincennes.fr\/?page_id=1681"},"modified":"2018-11-24T14:22:42","modified_gmt":"2018-11-24T13:22:42","slug":"bouquet-provincial-2018","status":"publish","type":"page","link":"https:\/\/www.1ciedarcdevincennes.fr\/index.php\/galerie-de-photos\/bouquet-provincial-2018\/","title":{"rendered":"Bouquet provincial 2018"},"content":{"rendered":"<p><span style=\"font-family: comic sans ms, sans-serif; font-size: 14pt;\">En savoir plus sur :<\/span><\/p>\n<ul>\n<li><span style=\"font-family: comic sans ms, sans-serif; font-size: 14pt;\"><a title=\"Bouquet provincial 2018 \u00e0 Angy \" href=\"https:\/\/www.1ciedarcdevincennes.fr\/index.php\/actualites\/actualites-2018\/la-cie-presente-au-bouquet-provincial-a-angy-le-20-mai-2018\/\">l&rsquo;\u00e9dition 2018 \u00e0 Angy<\/a><\/span><\/li>\n<li><span style=\"font-family: comic sans ms, sans-serif; font-size: 14pt;\"><a title=\"Le Bouquet Provincial\" href=\"https:\/\/www.1ciedarcdevincennes.fr\/index.php\/histoire-et-traditions\/bouquet-provincial\/\">Le Bouquet Provincial<\/a><\/span><\/li>\n<\/ul>\n<div id=\"grid-gallery-10-20356\" data-gg-id=\"10\" data-title=\"Bouquet provincial 2018\" data-grid-type=\"0\" data-offset=\"5.3\" data-area-position=\"center\" data-icons=\"false\" data-preloader=\"\" data-width=\"215\" data-height=\"215\" data-padding=\"\" data-quicksand=\"disabled\" data-quicksand-duration=\"none\" data-popup-theme=\"theme_6\" data-popup-type=\"pretty-photo\" data-popup-image-text=\"title\" data-popup-widthsize=\"auto\" data-popup-heightsize=\"auto\" data-popup-i18n-words=\"{&quot;close&quot;:&quot;fermer&quot;,&quot;next&quot;:&quot;suivant&quot;,&quot;previous&quot;:&quot;pr\\u00e9c\\u00e9dent&quot;,&quot;start_slideshow&quot;:&quot;d\\u00e9marrer le diaporama&quot;,&quot;stop_slideshow&quot;:&quot;arr\\u00e9ter le diaporama&quot;,&quot;image&quot;:&quot;image&quot;,&quot;of&quot;:&quot;de&quot;,&quot;prev&quot;:&quot;pr\\u00e9c.&quot;,&quot;cExpand&quot;:&quot;Agrandir&quot;,&quot;cPrevious&quot;:&quot;Pr\\u00e9c\\u00e9dent&quot;,&quot;cNext&quot;:&quot;Suivant&quot;,&quot;cExpandStr&quot;:&quot;Agrandir l&#039;image&quot;,&quot;cRotate&quot;:&quot;Pivoter&quot;,&quot;cDetails&quot;:&quot;Details&quot;}\" data-popup-slideshow=\"false\" data-popup-slideshow-speed=\"2500\" data-popup-hoverstop=\"true\" data-popup-slideshow-auto=\"false\" data-popup-background=\"\" data-popup-transparency=\"30\" data-popup-disable-history=\"\" data-popup-disable-changed-url=\"\" data-popup-border-type=\"\" data-popup-border-color=\"\" data-popup-border-width=\"\" data-popup-border-enable=\"\" data-fullscreen=\"false\" data-hide-tooltip=\"\" data-caption-font-family=\"\" data-caption-text-size=\"14px\" data-is-mobile=\"0\" data-caption-mobile=\"false\" data-hide-long-tltp-title=\"0\" data-caption-disabled-on-mobile=\"false\" data-popup-placement-type=\"0\" data-social-sharing=\"{&quot;enabled&quot;:null,&quot;gallerySharing&quot;:{&quot;enabled&quot;:null,&quot;position&quot;:null},&quot;imageSharing&quot;:{&quot;enabled&quot;:null,&quot;wrapperClass&quot;:&quot; vertical \\n &quot;},&quot;popupSharing&quot;:{&quot;enabled&quot;:null,&quot;wrapperClass&quot;:&quot; vertical \\n &quot;}}\" class=\"grid-gallery grid-gallery-fixed \" style=\" width:100%; height:auto ; margin-left:auto; margin-right:auto; position:relative;\" > <div class=\"gallery-loading\"> <div class=\"blocks\"> <div class=\"block\"><\/div> <div class=\"block\"><\/div> <div class=\"block\"><\/div> <div class=\"block\"><\/div> <\/div> <\/div> <div class=\"gallery-sharing-top\"><\/div> <div id=\"photos-10\" class=\"grid-gallery-photos \" > <a id=\"gg-10-151\" class=\"gg-link \" data-attachment-id=\"1491\" href=\"https:\/\/www.1ciedarcdevincennes.fr\/wp-content\/uploads\/2018\/06\/A.jpg?gid=10\" target=\"_self\" title=\"A\" data-rel=\"prettyPhoto[pp_gal]\" style=\"border-radius: 0px;\" ><FIGURE class=\"grid-gallery-caption \" data-grid-gallery-type=\"quarter-slide-up\" data-index=\"0\" style=\"display:none;border-radius: 0px; ; margin: 5.3px; width:215px;\" ><div class=\"crop \" style=\" width:215px; height:215px; overflow:hidden; \"><img src=\"http:\/\/www.1ciedarcdevincennes.fr\/wp-content\/uploads\/2018\/06\/A-215x215.jpg\" class=\"ggImg\" alt=\"A\" title=\"A\" data-description=\"A\" data-caption=\"D\u00e9part du d\u00e9fil\u00e9 pour le bouquet provincial\" data-title=\"A\" style=\" width:215px; height:215px; \" \/><\/div><FIGCAPTION class=\"\" data-alpha=\"5\" style=\"color:#ffffff; background-color:#6f0000; font-size:14px; text-align:2; font-family:;\" ><div class=\"grid-gallery-figcaption-wrap\" style=\" vertical-align:; \"><div class=\"gg-image-caption fitvidsignore \" style=\"font-size:14px;\"><object type=\"none\/none\"> D\u00e9part du d\u00e9fil\u00e9 pour le bouquet provincial <\/object><\/div><\/div><\/FIGCAPTION><\/FIGURE><\/a> <a id=\"gg-10-152\" class=\"gg-link \" data-attachment-id=\"1492\" href=\"https:\/\/www.1ciedarcdevincennes.fr\/wp-content\/uploads\/2018\/06\/B.jpg?gid=10\" target=\"_self\" title=\"B\" data-rel=\"prettyPhoto[pp_gal]\" style=\"border-radius: 0px;\" ><FIGURE class=\"grid-gallery-caption \" data-grid-gallery-type=\"quarter-slide-up\" data-index=\"1\" style=\"display:none;border-radius: 0px; ; margin: 5.3px; width:215px;\" ><div class=\"crop \" style=\" width:215px; height:215px; overflow:hidden; \"><img src=\"http:\/\/www.1ciedarcdevincennes.fr\/wp-content\/uploads\/2018\/06\/B-215x215.jpg\" class=\"ggImg\" alt=\"B\" title=\"B\" data-description=\"B\" data-caption=\"Avec la cie de Noisy, sur le d\u00e9part matinal de la parade au bord des champs d&amp;#039;Angy\" data-title=\"B\" style=\" width:215px; height:215px; \" \/><\/div><FIGCAPTION class=\"\" data-alpha=\"5\" style=\"color:#ffffff; background-color:#6f0000; font-size:14px; text-align:2; font-family:;\" ><div class=\"grid-gallery-figcaption-wrap\" style=\" vertical-align:; \"><div class=\"gg-image-caption fitvidsignore \" style=\"font-size:14px;\"><object type=\"none\/none\"> Avec la cie de Noisy, sur le d\u00e9part matinal de la parade au bord des champs d&amp;#039;Angy <\/object><\/div><\/div><\/FIGCAPTION><\/FIGURE><\/a> <a id=\"gg-10-153\" class=\"gg-link \" data-attachment-id=\"1494\" href=\"https:\/\/www.1ciedarcdevincennes.fr\/wp-content\/uploads\/2018\/06\/B3.jpg?gid=10\" target=\"_self\" title=\"B3\" data-rel=\"prettyPhoto[pp_gal]\" style=\"border-radius: 0px;\" ><FIGURE class=\"grid-gallery-caption \" data-grid-gallery-type=\"quarter-slide-up\" data-index=\"2\" style=\"display:none;border-radius: 0px; ; margin: 5.3px; width:215px;\" ><div class=\"crop \" style=\" width:215px; height:215px; overflow:hidden; \"><img src=\"http:\/\/www.1ciedarcdevincennes.fr\/wp-content\/uploads\/2018\/06\/B3-215x215.jpg\" class=\"ggImg\" alt=\"B3\" title=\"B3\" data-description=\"B3\" data-caption=\"Les rues d&amp;#039;Angy d\u00e9cor\u00e9es pour l&amp;#039;\u00e9v\u00e8nement\" data-title=\"B3\" style=\" width:215px; height:215px; \" \/><\/div><FIGCAPTION class=\"\" data-alpha=\"5\" style=\"color:#ffffff; background-color:#6f0000; font-size:14px; text-align:2; font-family:;\" ><div class=\"grid-gallery-figcaption-wrap\" style=\" vertical-align:; \"><div class=\"gg-image-caption fitvidsignore \" style=\"font-size:14px;\"><object type=\"none\/none\"> Les rues d&amp;#039;Angy d\u00e9cor\u00e9es pour l&amp;#039;\u00e9v\u00e8nement <\/object><\/div><\/div><\/FIGCAPTION><\/FIGURE><\/a> <a id=\"gg-10-154\" class=\"gg-link \" data-attachment-id=\"1495\" href=\"https:\/\/www.1ciedarcdevincennes.fr\/wp-content\/uploads\/2018\/06\/B4.jpg?gid=10\" target=\"_self\" title=\"B4\" data-rel=\"prettyPhoto[pp_gal]\" style=\"border-radius: 0px;\" ><FIGURE class=\"grid-gallery-caption \" data-grid-gallery-type=\"quarter-slide-up\" data-index=\"3\" style=\"display:none;border-radius: 0px; ; margin: 5.3px; width:215px;\" ><div class=\"crop \" style=\" width:215px; height:215px; overflow:hidden; \"><img src=\"http:\/\/www.1ciedarcdevincennes.fr\/wp-content\/uploads\/2018\/06\/B4-215x215.jpg\" class=\"ggImg\" alt=\"B4\" title=\"B4\" data-description=\"B4\" data-caption=\"L&amp;#039;avant du cort\u00e8ge que l&amp;#039;on distingue \u00e0 peine, Vincennes est en 34\u00e8me place \" data-title=\"B4\" style=\" width:215px; height:215px; \" \/><\/div><FIGCAPTION class=\"\" data-alpha=\"5\" style=\"color:#ffffff; background-color:#6f0000; font-size:14px; text-align:2; font-family:;\" ><div class=\"grid-gallery-figcaption-wrap\" style=\" vertical-align:; \"><div class=\"gg-image-caption fitvidsignore \" style=\"font-size:14px;\"><object type=\"none\/none\"> L&amp;#039;avant du cort\u00e8ge que l&amp;#039;on distingue \u00e0 peine, Vincennes est en 34\u00e8me place <\/object><\/div><\/div><\/FIGCAPTION><\/FIGURE><\/a> <a id=\"gg-10-155\" class=\"gg-link \" data-attachment-id=\"1496\" href=\"https:\/\/www.1ciedarcdevincennes.fr\/wp-content\/uploads\/2018\/06\/B5.jpg?gid=10\" target=\"_self\" title=\"B5\" data-rel=\"prettyPhoto[pp_gal]\" style=\"border-radius: 0px;\" ><FIGURE class=\"grid-gallery-caption \" data-grid-gallery-type=\"quarter-slide-up\" data-index=\"4\" style=\"display:none;border-radius: 0px; ; margin: 5.3px; width:215px;\" ><div class=\"crop \" style=\" width:215px; height:215px; overflow:hidden; \"><img src=\"http:\/\/www.1ciedarcdevincennes.fr\/wp-content\/uploads\/2018\/06\/B5-215x215.jpg\" class=\"ggImg\" alt=\"B5\" title=\"B5\" data-description=\"B5\" data-caption=\"B5\" data-title=\"B5\" style=\" width:215px; height:215px; \" \/><\/div><FIGCAPTION class=\"\" data-alpha=\"5\" style=\"color:#ffffff; background-color:#6f0000; font-size:14px; text-align:2; font-family:;\" ><div class=\"grid-gallery-figcaption-wrap\" style=\" vertical-align:; \"><\/div><\/FIGCAPTION><\/FIGURE><\/a> <a id=\"gg-10-156\" class=\"gg-link \" data-attachment-id=\"1497\" href=\"https:\/\/www.1ciedarcdevincennes.fr\/wp-content\/uploads\/2018\/06\/B6.jpg?gid=10\" target=\"_self\" title=\"B6\" data-rel=\"prettyPhoto[pp_gal]\" style=\"border-radius: 0px;\" ><FIGURE class=\"grid-gallery-caption \" data-grid-gallery-type=\"quarter-slide-up\" data-index=\"5\" style=\"display:none;border-radius: 0px; ; margin: 5.3px; width:215px;\" ><div class=\"crop \" style=\" width:215px; height:215px; overflow:hidden; \"><img src=\"http:\/\/www.1ciedarcdevincennes.fr\/wp-content\/uploads\/2018\/06\/B6-215x215.jpg\" class=\"ggImg\" alt=\"B6\" title=\"B6\" data-description=\"B6\" data-caption=\"B6\" data-title=\"B6\" style=\" width:215px; height:215px; \" \/><\/div><FIGCAPTION class=\"\" data-alpha=\"5\" style=\"color:#ffffff; background-color:#6f0000; font-size:14px; text-align:2; font-family:;\" ><div class=\"grid-gallery-figcaption-wrap\" style=\" vertical-align:; \"><\/div><\/FIGCAPTION><\/FIGURE><\/a> <a id=\"gg-10-157\" class=\"gg-link \" data-attachment-id=\"1498\" href=\"https:\/\/www.1ciedarcdevincennes.fr\/wp-content\/uploads\/2018\/06\/C.jpg?gid=10\" target=\"_self\" title=\"C\" data-rel=\"prettyPhoto[pp_gal]\" style=\"border-radius: 0px;\" ><FIGURE class=\"grid-gallery-caption \" data-grid-gallery-type=\"quarter-slide-up\" data-index=\"6\" style=\"display:none;border-radius: 0px; ; margin: 5.3px; width:215px;\" ><div class=\"crop \" style=\" width:215px; height:215px; overflow:hidden; \"><img src=\"http:\/\/www.1ciedarcdevincennes.fr\/wp-content\/uploads\/2018\/06\/C-215x215.jpg\" class=\"ggImg\" alt=\"C\" title=\"C\" data-description=\"C\" data-caption=\"C\" data-title=\"C\" style=\" width:215px; height:215px; \" \/><\/div><FIGCAPTION class=\"\" data-alpha=\"5\" style=\"color:#ffffff; background-color:#6f0000; font-size:14px; text-align:2; font-family:;\" ><div class=\"grid-gallery-figcaption-wrap\" style=\" vertical-align:; \"><\/div><\/FIGCAPTION><\/FIGURE><\/a> <a id=\"gg-10-158\" class=\"gg-link \" data-attachment-id=\"1499\" href=\"https:\/\/www.1ciedarcdevincennes.fr\/wp-content\/uploads\/2018\/06\/D.jpg?gid=10\" target=\"_self\" title=\"D\" data-rel=\"prettyPhoto[pp_gal]\" style=\"border-radius: 0px;\" ><FIGURE class=\"grid-gallery-caption \" data-grid-gallery-type=\"quarter-slide-up\" data-index=\"7\" style=\"display:none;border-radius: 0px; ; margin: 5.3px; width:215px;\" ><div class=\"crop \" style=\" width:215px; height:215px; overflow:hidden; \"><img src=\"http:\/\/www.1ciedarcdevincennes.fr\/wp-content\/uploads\/2018\/06\/D-215x215.jpg\" class=\"ggImg\" alt=\"D\" title=\"D\" data-description=\"D\" data-caption=\"Les vases du Bouquet provincial, lors des discours officiels apr\u00e8s la messe\" data-title=\"D\" style=\" width:215px; height:215px; \" \/><\/div><FIGCAPTION class=\"\" data-alpha=\"5\" style=\"color:#ffffff; background-color:#6f0000; font-size:14px; text-align:2; font-family:;\" ><div class=\"grid-gallery-figcaption-wrap\" style=\" vertical-align:; \"><div class=\"gg-image-caption fitvidsignore \" style=\"font-size:14px;\"><object type=\"none\/none\"> Les vases du Bouquet provincial, lors des discours officiels apr\u00e8s la messe <\/object><\/div><\/div><\/FIGCAPTION><\/FIGURE><\/a> <a id=\"gg-10-159\" class=\"gg-link \" data-attachment-id=\"1500\" href=\"https:\/\/www.1ciedarcdevincennes.fr\/wp-content\/uploads\/2018\/06\/E.jpg?gid=10\" target=\"_self\" title=\"E\" data-rel=\"prettyPhoto[pp_gal]\" style=\"border-radius: 0px;\" ><FIGURE class=\"grid-gallery-caption \" data-grid-gallery-type=\"quarter-slide-up\" data-index=\"8\" style=\"display:none;border-radius: 0px; ; margin: 5.3px; width:215px;\" ><div class=\"crop \" style=\" width:215px; height:215px; overflow:hidden; \"><img src=\"http:\/\/www.1ciedarcdevincennes.fr\/wp-content\/uploads\/2018\/06\/E-215x215.jpg\" class=\"ggImg\" alt=\"E\" title=\"E\" data-description=\"E\" data-caption=\"E\" data-title=\"E\" style=\" width:215px; height:215px; \" \/><\/div><FIGCAPTION class=\"\" data-alpha=\"5\" style=\"color:#ffffff; background-color:#6f0000; font-size:14px; text-align:2; font-family:;\" ><div class=\"grid-gallery-figcaption-wrap\" style=\" vertical-align:; \"><\/div><\/FIGCAPTION><\/FIGURE><\/a> <a id=\"gg-10-160\" class=\"gg-link \" data-attachment-id=\"1501\" href=\"https:\/\/www.1ciedarcdevincennes.fr\/wp-content\/uploads\/2018\/06\/F.jpg?gid=10\" target=\"_self\" title=\"F\" data-rel=\"prettyPhoto[pp_gal]\" style=\"border-radius: 0px;\" ><FIGURE class=\"grid-gallery-caption \" data-grid-gallery-type=\"quarter-slide-up\" data-index=\"9\" style=\"display:none;border-radius: 0px; ; margin: 5.3px; width:215px;\" ><div class=\"crop \" style=\" width:215px; height:215px; overflow:hidden; \"><img src=\"http:\/\/www.1ciedarcdevincennes.fr\/wp-content\/uploads\/2018\/06\/F-215x215.jpg\" class=\"ggImg\" alt=\"F\" title=\"F\" data-description=\"F\" data-caption=\"F\" data-title=\"F\" style=\" width:215px; height:215px; \" \/><\/div><FIGCAPTION class=\"\" data-alpha=\"5\" style=\"color:#ffffff; background-color:#6f0000; font-size:14px; text-align:2; font-family:;\" ><div class=\"grid-gallery-figcaption-wrap\" style=\" vertical-align:; \"><\/div><\/FIGCAPTION><\/FIGURE><\/a> <div class=\"grid-gallery-clearfix\"><\/div> <\/div> <div class=\"gallery-sharing-bottom\"><\/div> <div class=\"grid-gallery-clearfix\"><\/div> <\/div> <!-- Gallery by Supsystic plugin 1.15.11 -->\n","protected":false},"excerpt":{"rendered":"<p>En savoir plus sur : l&rsquo;\u00e9dition 2018 \u00e0 Angy Le Bouquet Provincial<\/p>\n","protected":false},"author":1,"featured_media":0,"parent":167,"menu_order":0,"comment_status":"closed","ping_status":"closed","template":"page-templates\/page_fullwidth.php","meta":{"_mc_calendar":[]},"_links":{"self":[{"href":"https:\/\/www.1ciedarcdevincennes.fr\/index.php\/wp-json\/wp\/v2\/pages\/1681"}],"collection":[{"href":"https:\/\/www.1ciedarcdevincennes.fr\/index.php\/wp-json\/wp\/v2\/pages"}],"about":[{"href":"https:\/\/www.1ciedarcdevincennes.fr\/index.php\/wp-json\/wp\/v2\/types\/page"}],"author":[{"embeddable":true,"href":"https:\/\/www.1ciedarcdevincennes.fr\/index.php\/wp-json\/wp\/v2\/users\/1"}],"replies":[{"embeddable":true,"href":"https:\/\/www.1ciedarcdevincennes.fr\/index.php\/wp-json\/wp\/v2\/comments?post=1681"}],"version-history":[{"count":2,"href":"https:\/\/www.1ciedarcdevincennes.fr\/index.php\/wp-json\/wp\/v2\/pages\/1681\/revisions"}],"predecessor-version":[{"id":1683,"href":"https:\/\/www.1ciedarcdevincennes.fr\/index.php\/wp-json\/wp\/v2\/pages\/1681\/revisions\/1683"}],"up":[{"embeddable":true,"href":"https:\/\/www.1ciedarcdevincennes.fr\/index.php\/wp-json\/wp\/v2\/pages\/167"}],"wp:attachment":[{"href":"https:\/\/www.1ciedarcdevincennes.fr\/index.php\/wp-json\/wp\/v2\/media?parent=1681"}],"curies":[{"name":"wp","href":"https:\/\/api.w.org\/{rel}","templated":true}]}}