{"id":1688,"date":"2018-11-26T20:34:38","date_gmt":"2018-11-26T19:34:38","guid":{"rendered":"http:\/\/www.1ciedarcdevincennes.fr\/?page_id=1688"},"modified":"2018-11-26T20:34:38","modified_gmt":"2018-11-26T19:34:38","slug":"prix-dhiver-du-dimanche-25-novembre","status":"publish","type":"page","link":"https:\/\/www.1ciedarcdevincennes.fr\/index.php\/actualites\/actualites-2018\/prix-dhiver-du-dimanche-25-novembre\/","title":{"rendered":"Prix d\u2019Hiver du dimanche 25 novembre"},"content":{"rendered":"<p><span style=\"font-family: comic sans ms, sans-serif; font-size: 14pt;\">Le prix d\u2019hiver s\u2019est tenu le dimanche 25 novembre, et les archers ont pu tirer sous un temps de saison, mais \u00e9pargn\u00e9s par la pluie.<\/span><\/p>\n<p><span style=\"font-family: comic sans ms, sans-serif; font-size: 14pt;\">Dans une ambiance chaleureuse, la comp\u00e9tition s\u2019est d\u00e9roul\u00e9e sur une carte Beursault d\u00e9cor\u00e9e, en aller-retour.<\/span><\/p>\n<p><img loading=\"lazy\" class=\"aligncenter size-full wp-image-1689\" src=\"https:\/\/www.1ciedarcdevincennes.fr\/wp-content\/uploads\/2018\/11\/Prix-hiver-2018.jpg\" alt=\"Prix hiver 2018\" width=\"1200\" height=\"700\" srcset=\"https:\/\/www.1ciedarcdevincennes.fr\/wp-content\/uploads\/2018\/11\/Prix-hiver-2018.jpg 1200w, https:\/\/www.1ciedarcdevincennes.fr\/wp-content\/uploads\/2018\/11\/Prix-hiver-2018-300x175.jpg 300w, https:\/\/www.1ciedarcdevincennes.fr\/wp-content\/uploads\/2018\/11\/Prix-hiver-2018-768x448.jpg 768w, https:\/\/www.1ciedarcdevincennes.fr\/wp-content\/uploads\/2018\/11\/Prix-hiver-2018-1024x597.jpg 1024w, https:\/\/www.1ciedarcdevincennes.fr\/wp-content\/uploads\/2018\/11\/Prix-hiver-2018-830x484.jpg 830w, https:\/\/www.1ciedarcdevincennes.fr\/wp-content\/uploads\/2018\/11\/Prix-hiver-2018-230x134.jpg 230w, https:\/\/www.1ciedarcdevincennes.fr\/wp-content\/uploads\/2018\/11\/Prix-hiver-2018-350x204.jpg 350w, https:\/\/www.1ciedarcdevincennes.fr\/wp-content\/uploads\/2018\/11\/Prix-hiver-2018-480x280.jpg 480w\" sizes=\"(max-width: 1200px) 100vw, 1200px\" \/><\/p>\n<p><span style=\"font-family: comic sans ms, sans-serif; font-size: 14pt;\">Coiff\u00e9s d\u2019un couvre-chef, et apr\u00e8s avoir salu\u00e9, les archers ont commenc\u00e9 ce tir qui comprend une seule fl\u00e8che \u00e0 chaque fois.<\/span><\/p>\n<p><span style=\"font-family: comic sans ms, sans-serif; font-size: 14pt;\">Les plus jeunes archers, Alice, Art\u00e9mia et Thomas, ont particip\u00e9 avec d\u00e9termination, non sans une dose de bonne humeur.<\/span><\/p>\n<p><span style=\"font-family: comic sans ms, sans-serif; font-size: 14pt;\">Aux c\u00f4t\u00e9s des archers pour assurer la marque, Michel R. et Patrick ont compt\u00e9 les points, d\u00e9partageant les noirs et les chapelets, et arbitrant les fl\u00e8ches pr\u00e8s du cordon.<\/span><\/p>\n<p><img loading=\"lazy\" class=\"aligncenter size-full wp-image-1690\" src=\"https:\/\/www.1ciedarcdevincennes.fr\/wp-content\/uploads\/2018\/11\/prix-hiver-2018-A-50-metres.jpg\" alt=\"prix hiver 2018 A 50 metres\" width=\"691\" height=\"518\" srcset=\"https:\/\/www.1ciedarcdevincennes.fr\/wp-content\/uploads\/2018\/11\/prix-hiver-2018-A-50-metres.jpg 691w, https:\/\/www.1ciedarcdevincennes.fr\/wp-content\/uploads\/2018\/11\/prix-hiver-2018-A-50-metres-300x225.jpg 300w, https:\/\/www.1ciedarcdevincennes.fr\/wp-content\/uploads\/2018\/11\/prix-hiver-2018-A-50-metres-230x172.jpg 230w, https:\/\/www.1ciedarcdevincennes.fr\/wp-content\/uploads\/2018\/11\/prix-hiver-2018-A-50-metres-350x262.jpg 350w, https:\/\/www.1ciedarcdevincennes.fr\/wp-content\/uploads\/2018\/11\/prix-hiver-2018-A-50-metres-480x360.jpg 480w\" sizes=\"(max-width: 691px) 100vw, 691px\" \/><\/p>\n<p><span style=\"font-family: comic sans ms, sans-serif; font-size: 14pt;\">Bravo \u00e0 tous les participants, qui ont su r\u00e9chauffer cet apr\u00e8s-midi de novembre, par de belles fl\u00e8ches, tant en arcs classiques avec ou sans viseur, qu\u2019en arcs \u00e0 poulies.<\/span><\/p>\n<p><span style=\"font-family: comic sans ms, sans-serif; font-size: 14pt;\">Apr\u00e8s ce tir, et une fois les r\u00e9compenses d\u00fbment distribu\u00e9es, de r\u00e9confortantes boissons accompagnaient une belle table bien garnie, merci Michel A.\u00a0!<\/span><\/p>\n<p><img loading=\"lazy\" class=\"aligncenter size-full wp-image-1691\" src=\"https:\/\/www.1ciedarcdevincennes.fr\/wp-content\/uploads\/2018\/11\/Prix-hiver-6-2018.jpg\" alt=\"Prix-hiver-6 2018\" width=\"836\" height=\"582\" srcset=\"https:\/\/www.1ciedarcdevincennes.fr\/wp-content\/uploads\/2018\/11\/Prix-hiver-6-2018.jpg 836w, https:\/\/www.1ciedarcdevincennes.fr\/wp-content\/uploads\/2018\/11\/Prix-hiver-6-2018-300x209.jpg 300w, https:\/\/www.1ciedarcdevincennes.fr\/wp-content\/uploads\/2018\/11\/Prix-hiver-6-2018-768x535.jpg 768w, https:\/\/www.1ciedarcdevincennes.fr\/wp-content\/uploads\/2018\/11\/Prix-hiver-6-2018-830x578.jpg 830w, https:\/\/www.1ciedarcdevincennes.fr\/wp-content\/uploads\/2018\/11\/Prix-hiver-6-2018-230x160.jpg 230w, https:\/\/www.1ciedarcdevincennes.fr\/wp-content\/uploads\/2018\/11\/Prix-hiver-6-2018-350x244.jpg 350w, https:\/\/www.1ciedarcdevincennes.fr\/wp-content\/uploads\/2018\/11\/Prix-hiver-6-2018-480x334.jpg 480w\" sizes=\"(max-width: 836px) 100vw, 836px\" \/><\/p>\n<p><span style=\"font-family: comic sans ms, sans-serif; font-size: 14pt;\">Prochain tir\u00a0traditionnel\u00a0: le tir de la Saint-S\u00e9bastien<\/span><\/p>\n<p>&nbsp;<\/p>\n<p><span style=\"font-family: comic sans ms, sans-serif; font-size: 14pt;\">En savoir plus sur\u00a0:<\/span><\/p>\n<ul>\n<li><span style=\"font-family: comic sans ms, sans-serif; font-size: 14pt;\"><a href=\"https:\/\/www.1ciedarcdevincennes.fr\/index.php\/histoire-et-traditions\/le-tir-beursault\/\">Le tir beursault<\/a><\/span><\/li>\n<li><span style=\"font-family: comic sans ms, sans-serif; font-size: 14pt;\"><a href=\"https:\/\/www.1ciedarcdevincennes.fr\/index.php\/histoire-et-traditions\/saint-sebastien\/\">Saint-S\u00e9bastien<\/a><\/span><\/li>\n<\/ul>\n<p>&nbsp;<\/p>\n<div id=\"grid-gallery-14-14810\" data-gg-id=\"14\" data-title=\"Prix d&amp;#039;hiver 2018\" data-grid-type=\"0\" data-offset=\"5.3\" data-area-position=\"center\" data-icons=\"false\" data-preloader=\"\" data-width=\"215\" data-height=\"215\" data-padding=\"\" data-quicksand=\"disabled\" data-quicksand-duration=\"none\" data-popup-theme=\"theme_6\" data-popup-type=\"pretty-photo\" data-popup-image-text=\"title\" data-popup-widthsize=\"auto\" data-popup-heightsize=\"auto\" data-popup-i18n-words=\"{&quot;close&quot;:&quot;fermer&quot;,&quot;next&quot;:&quot;suivant&quot;,&quot;previous&quot;:&quot;pr\\u00e9c\\u00e9dent&quot;,&quot;start_slideshow&quot;:&quot;d\\u00e9marrer le diaporama&quot;,&quot;stop_slideshow&quot;:&quot;arr\\u00e9ter le diaporama&quot;,&quot;image&quot;:&quot;image&quot;,&quot;of&quot;:&quot;de&quot;,&quot;prev&quot;:&quot;pr\\u00e9c.&quot;,&quot;cExpand&quot;:&quot;Agrandir&quot;,&quot;cPrevious&quot;:&quot;Pr\\u00e9c\\u00e9dent&quot;,&quot;cNext&quot;:&quot;Suivant&quot;,&quot;cExpandStr&quot;:&quot;Agrandir l&#039;image&quot;,&quot;cRotate&quot;:&quot;Pivoter&quot;,&quot;cDetails&quot;:&quot;Details&quot;}\" data-popup-slideshow=\"false\" data-popup-slideshow-speed=\"2500\" data-popup-hoverstop=\"true\" data-popup-slideshow-auto=\"false\" data-popup-background=\"\" data-popup-transparency=\"30\" data-popup-disable-history=\"\" data-popup-disable-changed-url=\"\" data-popup-border-type=\"\" data-popup-border-color=\"\" data-popup-border-width=\"\" data-popup-border-enable=\"\" data-fullscreen=\"false\" data-hide-tooltip=\"\" data-caption-font-family=\"\" data-caption-text-size=\"14px\" data-is-mobile=\"0\" data-caption-mobile=\"false\" data-hide-long-tltp-title=\"0\" data-caption-disabled-on-mobile=\"false\" data-popup-placement-type=\"0\" data-social-sharing=\"{&quot;enabled&quot;:null,&quot;gallerySharing&quot;:{&quot;enabled&quot;:null,&quot;position&quot;:null},&quot;imageSharing&quot;:{&quot;enabled&quot;:null,&quot;wrapperClass&quot;:&quot; vertical \\n &quot;},&quot;popupSharing&quot;:{&quot;enabled&quot;:null,&quot;wrapperClass&quot;:&quot; vertical \\n &quot;}}\" class=\"grid-gallery grid-gallery-fixed \" style=\" width:100%; height:auto ; margin-left:auto; margin-right:auto; position:relative;\" > <div class=\"gallery-loading\"> <div class=\"blocks\"> <div class=\"block\"><\/div> <div class=\"block\"><\/div> <div class=\"block\"><\/div> <div class=\"block\"><\/div> <\/div> <\/div> <div class=\"gallery-sharing-top\"><\/div> <div id=\"photos-14\" class=\"grid-gallery-photos \" > <a id=\"gg-14-180\" class=\"gg-link \" data-attachment-id=\"1693\" href=\"https:\/\/www.1ciedarcdevincennes.fr\/wp-content\/uploads\/2018\/11\/prix-hiver-1.jpg?gid=14\" target=\"_self\" title=\"prix-hiver-1\" data-rel=\"prettyPhoto[pp_gal]\" style=\"border-radius: 0px;\" ><FIGURE class=\"grid-gallery-caption \" data-grid-gallery-type=\"quarter-slide-up\" data-index=\"0\" style=\"display:none;border-radius: 0px; ; margin: 5.3px; width:215px;\" ><div class=\"crop \" style=\" width:215px; height:215px; overflow:hidden; \"><img src=\"http:\/\/www.1ciedarcdevincennes.fr\/wp-content\/uploads\/2018\/11\/prix-hiver-1-215x215.jpg\" class=\"ggImg\" alt=\"prix-hiver-1\" title=\"prix-hiver-1\" data-description=\"prix-hiver-1\" data-caption=\"prix-hiver-1\" data-title=\"prix-hiver-1\" style=\" width:215px; height:215px; \" \/><\/div><FIGCAPTION class=\"\" data-alpha=\"5\" style=\"color:#ffffff; background-color:#6f0000; font-size:14px; text-align:2; font-family:;\" ><div class=\"grid-gallery-figcaption-wrap\" style=\" vertical-align:; \"><\/div><\/FIGCAPTION><\/FIGURE><\/a> <a id=\"gg-14-181\" class=\"gg-link \" data-attachment-id=\"1694\" href=\"https:\/\/www.1ciedarcdevincennes.fr\/wp-content\/uploads\/2018\/11\/Prix-hiver-2-2018.jpg?gid=14\" target=\"_self\" title=\"Prix-hiver-2-2018\" data-rel=\"prettyPhoto[pp_gal]\" style=\"border-radius: 0px;\" ><FIGURE class=\"grid-gallery-caption \" data-grid-gallery-type=\"quarter-slide-up\" data-index=\"1\" style=\"display:none;border-radius: 0px; ; margin: 5.3px; width:215px;\" ><div class=\"crop \" style=\" width:215px; height:215px; overflow:hidden; \"><img src=\"http:\/\/www.1ciedarcdevincennes.fr\/wp-content\/uploads\/2018\/11\/Prix-hiver-2-2018-215x215.jpg\" class=\"ggImg\" alt=\"Prix-hiver-2-2018\" title=\"Prix-hiver-2-2018\" data-description=\"Prix-hiver-2-2018\" data-caption=\"Prix-hiver-2-2018\" data-title=\"Prix-hiver-2-2018\" style=\" width:215px; height:215px; \" \/><\/div><FIGCAPTION class=\"\" data-alpha=\"5\" style=\"color:#ffffff; background-color:#6f0000; font-size:14px; text-align:2; font-family:;\" ><div class=\"grid-gallery-figcaption-wrap\" style=\" vertical-align:; \"><\/div><\/FIGCAPTION><\/FIGURE><\/a> <a id=\"gg-14-182\" class=\"gg-link \" data-attachment-id=\"1695\" href=\"https:\/\/www.1ciedarcdevincennes.fr\/wp-content\/uploads\/2018\/11\/prix-hiver-3.jpg?gid=14\" target=\"_self\" title=\"prix-hiver-3\" data-rel=\"prettyPhoto[pp_gal]\" style=\"border-radius: 0px;\" ><FIGURE class=\"grid-gallery-caption \" data-grid-gallery-type=\"quarter-slide-up\" data-index=\"2\" style=\"display:none;border-radius: 0px; ; margin: 5.3px; width:215px;\" ><div class=\"crop \" style=\" width:215px; height:215px; overflow:hidden; \"><img src=\"http:\/\/www.1ciedarcdevincennes.fr\/wp-content\/uploads\/2018\/11\/prix-hiver-3-215x215.jpg\" class=\"ggImg\" alt=\"prix-hiver-3\" title=\"prix-hiver-3\" data-description=\"prix-hiver-3\" data-caption=\"prix-hiver-3\" data-title=\"prix-hiver-3\" style=\" width:215px; height:215px; \" \/><\/div><FIGCAPTION class=\"\" data-alpha=\"5\" style=\"color:#ffffff; background-color:#6f0000; font-size:14px; text-align:2; font-family:;\" ><div class=\"grid-gallery-figcaption-wrap\" style=\" vertical-align:; \"><\/div><\/FIGCAPTION><\/FIGURE><\/a> <a id=\"gg-14-183\" class=\"gg-link \" data-attachment-id=\"1696\" href=\"https:\/\/www.1ciedarcdevincennes.fr\/wp-content\/uploads\/2018\/11\/Prix-hiver-4-2018.jpg?gid=14\" target=\"_self\" title=\"Prix-hiver-4-2018\" data-rel=\"prettyPhoto[pp_gal]\" style=\"border-radius: 0px;\" ><FIGURE class=\"grid-gallery-caption \" data-grid-gallery-type=\"quarter-slide-up\" data-index=\"3\" style=\"display:none;border-radius: 0px; ; margin: 5.3px; width:215px;\" ><div class=\"crop \" style=\" width:215px; height:215px; overflow:hidden; \"><img src=\"http:\/\/www.1ciedarcdevincennes.fr\/wp-content\/uploads\/2018\/11\/Prix-hiver-4-2018-215x215.jpg\" class=\"ggImg\" alt=\"Prix-hiver-4-2018\" title=\"Prix-hiver-4-2018\" data-description=\"Prix-hiver-4-2018\" data-caption=\"Prix-hiver-4-2018\" data-title=\"Prix-hiver-4-2018\" style=\" width:215px; height:215px; \" \/><\/div><FIGCAPTION class=\"\" data-alpha=\"5\" style=\"color:#ffffff; background-color:#6f0000; font-size:14px; text-align:2; font-family:;\" ><div class=\"grid-gallery-figcaption-wrap\" style=\" vertical-align:; \"><\/div><\/FIGCAPTION><\/FIGURE><\/a> <a id=\"gg-14-184\" class=\"gg-link \" data-attachment-id=\"1697\" href=\"https:\/\/www.1ciedarcdevincennes.fr\/wp-content\/uploads\/2018\/11\/Prix-hiver-5-2018.jpg?gid=14\" target=\"_self\" title=\"Prix-hiver-5-2018\" data-rel=\"prettyPhoto[pp_gal]\" style=\"border-radius: 0px;\" ><FIGURE class=\"grid-gallery-caption \" data-grid-gallery-type=\"quarter-slide-up\" data-index=\"4\" style=\"display:none;border-radius: 0px; ; margin: 5.3px; width:215px;\" ><div class=\"crop \" style=\" width:215px; height:215px; overflow:hidden; \"><img src=\"http:\/\/www.1ciedarcdevincennes.fr\/wp-content\/uploads\/2018\/11\/Prix-hiver-5-2018-215x215.jpg\" class=\"ggImg\" alt=\"Prix-hiver-5-2018\" title=\"Prix-hiver-5-2018\" data-description=\"Prix-hiver-5-2018\" data-caption=\"Prix-hiver-5-2018\" data-title=\"Prix-hiver-5-2018\" style=\" width:215px; height:215px; \" \/><\/div><FIGCAPTION class=\"\" data-alpha=\"5\" style=\"color:#ffffff; background-color:#6f0000; font-size:14px; text-align:2; font-family:;\" ><div class=\"grid-gallery-figcaption-wrap\" style=\" vertical-align:; \"><\/div><\/FIGCAPTION><\/FIGURE><\/a> <div class=\"grid-gallery-clearfix\"><\/div> <\/div> <div class=\"gallery-sharing-bottom\"><\/div> <div class=\"grid-gallery-clearfix\"><\/div> <\/div> <!-- Gallery by Supsystic plugin 1.15.11 -->\n","protected":false},"excerpt":{"rendered":"<p>Le prix d\u2019hiver s\u2019est tenu le dimanche 25 novembre, et les archers ont pu tirer sous un temps de saison, mais \u00e9pargn\u00e9s [&hellip;]<\/p>\n","protected":false},"author":1,"featured_media":0,"parent":1298,"menu_order":0,"comment_status":"closed","ping_status":"closed","template":"page-templates\/page_fullwidth.php","meta":{"_mc_calendar":[]},"_links":{"self":[{"href":"https:\/\/www.1ciedarcdevincennes.fr\/index.php\/wp-json\/wp\/v2\/pages\/1688"}],"collection":[{"href":"https:\/\/www.1ciedarcdevincennes.fr\/index.php\/wp-json\/wp\/v2\/pages"}],"about":[{"href":"https:\/\/www.1ciedarcdevincennes.fr\/index.php\/wp-json\/wp\/v2\/types\/page"}],"author":[{"embeddable":true,"href":"https:\/\/www.1ciedarcdevincennes.fr\/index.php\/wp-json\/wp\/v2\/users\/1"}],"replies":[{"embeddable":true,"href":"https:\/\/www.1ciedarcdevincennes.fr\/index.php\/wp-json\/wp\/v2\/comments?post=1688"}],"version-history":[{"count":3,"href":"https:\/\/www.1ciedarcdevincennes.fr\/index.php\/wp-json\/wp\/v2\/pages\/1688\/revisions"}],"predecessor-version":[{"id":1699,"href":"https:\/\/www.1ciedarcdevincennes.fr\/index.php\/wp-json\/wp\/v2\/pages\/1688\/revisions\/1699"}],"up":[{"embeddable":true,"href":"https:\/\/www.1ciedarcdevincennes.fr\/index.php\/wp-json\/wp\/v2\/pages\/1298"}],"wp:attachment":[{"href":"https:\/\/www.1ciedarcdevincennes.fr\/index.php\/wp-json\/wp\/v2\/media?parent=1688"}],"curies":[{"name":"wp","href":"https:\/\/api.w.org\/{rel}","templated":true}]}}