{"id":1703,"date":"2018-12-09T17:11:27","date_gmt":"2018-12-09T16:11:27","guid":{"rendered":"http:\/\/www.1ciedarcdevincennes.fr\/?page_id=1703"},"modified":"2018-12-09T17:11:27","modified_gmt":"2018-12-09T16:11:27","slug":"challenge-94-villiers-sur-marne-recevait-vincennes-le-6-decembre-2018","status":"publish","type":"page","link":"https:\/\/www.1ciedarcdevincennes.fr\/index.php\/challenge-94-saison-2018-2019\/challenge-94-villiers-sur-marne-recevait-vincennes-le-6-decembre-2018\/","title":{"rendered":"Challenge 94 : Villiers sur Marne recevait Vincennes le 6 d\u00e9cembre 2018"},"content":{"rendered":"<p><span style=\"font-family: comic sans ms, sans-serif; font-size: 14pt;\">Ce jeudi 6 d\u00e9cembre, c\u2019\u00e9tait au tour de l\u2019\u00e9quipe de Vincennes de se rendre \u00e0 Villiers sur Marne, pour le match aller du Challenge 94. Apr\u00e8s un agr\u00e9able trajet effectu\u00e9 en covoiturage avec Michel A. au volant, les archers de Vincennes ont pu arriver sans encombre pour disputer les duels par \u00e9quipe.<\/span><\/p>\n<p><span style=\"font-family: comic sans ms, sans-serif; font-size: 14pt;\">Bravo \u00e0 Vincennes, qui l\u2019emporte 50 contre 22, et rendez-vous prochainement pour le match retour !<\/span><\/p>\n<p><span style=\"font-family: comic sans ms, sans-serif; font-size: 14pt;\">F\u00e9licitations \u00e0 tous les archers, dont Olivier, J\u00e9r\u00f4me (arcs classiques), et Michel (arc \u00e0 poulies), pour l\u2019\u00e9quipe de Vincennes.<\/span><\/p>\n<p><span style=\"font-family: comic sans ms, sans-serif; font-size: 14pt;\">Nous remercions les archers de Villiers sur Marne pour leur accueil chaleureux, et le repas qui suivit.<\/span><\/p>\n<p><span style=\"font-family: comic sans ms, sans-serif; font-size: 14pt;\">Prochaine rencontre juste avant les vacances de No\u00ebl, pour le match retour contre Cr\u00e9teil.<\/span><\/p>\n","protected":false},"excerpt":{"rendered":"<p>Ce jeudi 6 d\u00e9cembre, c\u2019\u00e9tait au tour de l\u2019\u00e9quipe de Vincennes de se rendre \u00e0 Villiers sur Marne, pour le match aller [&hellip;]<\/p>\n","protected":false},"author":1,"featured_media":0,"parent":1611,"menu_order":0,"comment_status":"closed","ping_status":"closed","template":"page-templates\/page_fullwidth.php","meta":{"_mc_calendar":[]},"_links":{"self":[{"href":"https:\/\/www.1ciedarcdevincennes.fr\/index.php\/wp-json\/wp\/v2\/pages\/1703"}],"collection":[{"href":"https:\/\/www.1ciedarcdevincennes.fr\/index.php\/wp-json\/wp\/v2\/pages"}],"about":[{"href":"https:\/\/www.1ciedarcdevincennes.fr\/index.php\/wp-json\/wp\/v2\/types\/page"}],"author":[{"embeddable":true,"href":"https:\/\/www.1ciedarcdevincennes.fr\/index.php\/wp-json\/wp\/v2\/users\/1"}],"replies":[{"embeddable":true,"href":"https:\/\/www.1ciedarcdevincennes.fr\/index.php\/wp-json\/wp\/v2\/comments?post=1703"}],"version-history":[{"count":2,"href":"https:\/\/www.1ciedarcdevincennes.fr\/index.php\/wp-json\/wp\/v2\/pages\/1703\/revisions"}],"predecessor-version":[{"id":1705,"href":"https:\/\/www.1ciedarcdevincennes.fr\/index.php\/wp-json\/wp\/v2\/pages\/1703\/revisions\/1705"}],"up":[{"embeddable":true,"href":"https:\/\/www.1ciedarcdevincennes.fr\/index.php\/wp-json\/wp\/v2\/pages\/1611"}],"wp:attachment":[{"href":"https:\/\/www.1ciedarcdevincennes.fr\/index.php\/wp-json\/wp\/v2\/media?parent=1703"}],"curies":[{"name":"wp","href":"https:\/\/api.w.org\/{rel}","templated":true}]}}