{"id":1731,"date":"2018-12-19T19:06:40","date_gmt":"2018-12-19T18:06:40","guid":{"rendered":"http:\/\/www.1ciedarcdevincennes.fr\/?page_id=1731"},"modified":"2018-12-19T19:23:35","modified_gmt":"2018-12-19T18:23:35","slug":"concours-debutants-des-3-lys","status":"publish","type":"page","link":"https:\/\/www.1ciedarcdevincennes.fr\/index.php\/actualites\/actualites-2018\/concours-debutants-des-3-lys\/","title":{"rendered":"Concours d\u00e9butants des 3 Lys"},"content":{"rendered":"<p><span style=\"font-family: comic sans ms, sans-serif; font-size: 14pt;\">3 coupes pour 3 archers !<\/span><\/p>\n<p><span style=\"font-family: comic sans ms, sans-serif; font-size: 14pt;\">Trois archers d\u00e9butants de notre Compagnie ont d\u00e9j\u00e0 tent\u00e9 leur premi\u00e8re comp\u00e9tition, apr\u00e8s seulement deux mois d&rsquo;initiation, en se rendant au d\u00e9part \u00ab\u00a0d\u00e9butants\u00a0\u00bb du concours salle des Archers des 3 Lys le 16 d\u00e9cembre 2018.<\/span><\/p>\n<p><span style=\"font-family: comic sans ms, sans-serif; font-size: 14pt;\">Une bonne exp\u00e9rience pour d\u00e9couvrir la comp\u00e9tition accompagn\u00e9s par leur coachs, couronn\u00e9e de la joie de repartir chacun avec une coupe : Zo\u00e9 premi\u00e8re MF, Cassiop\u00e9e deuxi\u00e8me JF et Maxence deuxi\u00e8me JH.<\/span><\/p>\n<p><img loading=\"lazy\" class=\"aligncenter wp-image-1735\" src=\"https:\/\/www.1ciedarcdevincennes.fr\/wp-content\/uploads\/2018\/12\/Gene-6.jpg\" alt=\"Gene-6\" width=\"727\" height=\"493\" srcset=\"https:\/\/www.1ciedarcdevincennes.fr\/wp-content\/uploads\/2018\/12\/Gene-6.jpg 824w, https:\/\/www.1ciedarcdevincennes.fr\/wp-content\/uploads\/2018\/12\/Gene-6-300x204.jpg 300w, https:\/\/www.1ciedarcdevincennes.fr\/wp-content\/uploads\/2018\/12\/Gene-6-768x521.jpg 768w, https:\/\/www.1ciedarcdevincennes.fr\/wp-content\/uploads\/2018\/12\/Gene-6-230x156.jpg 230w, https:\/\/www.1ciedarcdevincennes.fr\/wp-content\/uploads\/2018\/12\/Gene-6-350x237.jpg 350w, https:\/\/www.1ciedarcdevincennes.fr\/wp-content\/uploads\/2018\/12\/Gene-6-480x326.jpg 480w\" sizes=\"(max-width: 727px) 100vw, 727px\" \/><\/p>\n<p><span style=\"font-family: comic sans ms, sans-serif; font-size: 14pt;\">Bravo \u00e0 nos jeunes comp\u00e9titeurs et merci aux Archers des 3 Lys de leur avoir offert l&rsquo;occasion de participer \u00e0 ce sympathique premier concours dans des conditions totalement repr\u00e9sentatives de leur futurs concours qualificatifs. <\/span><\/p>\n<p style=\"text-align: right;\"><span style=\"font-family: comic sans ms, sans-serif; font-size: 14pt;\">Christian<br \/>\n<\/span><\/p>\n","protected":false},"excerpt":{"rendered":"<p>3 coupes pour 3 archers ! Trois archers d\u00e9butants de notre Compagnie ont d\u00e9j\u00e0 tent\u00e9 leur premi\u00e8re comp\u00e9tition, apr\u00e8s seulement deux mois [&hellip;]<\/p>\n","protected":false},"author":1,"featured_media":0,"parent":1298,"menu_order":0,"comment_status":"closed","ping_status":"closed","template":"page-templates\/page_fullwidth.php","meta":{"_mc_calendar":[]},"_links":{"self":[{"href":"https:\/\/www.1ciedarcdevincennes.fr\/index.php\/wp-json\/wp\/v2\/pages\/1731"}],"collection":[{"href":"https:\/\/www.1ciedarcdevincennes.fr\/index.php\/wp-json\/wp\/v2\/pages"}],"about":[{"href":"https:\/\/www.1ciedarcdevincennes.fr\/index.php\/wp-json\/wp\/v2\/types\/page"}],"author":[{"embeddable":true,"href":"https:\/\/www.1ciedarcdevincennes.fr\/index.php\/wp-json\/wp\/v2\/users\/1"}],"replies":[{"embeddable":true,"href":"https:\/\/www.1ciedarcdevincennes.fr\/index.php\/wp-json\/wp\/v2\/comments?post=1731"}],"version-history":[{"count":6,"href":"https:\/\/www.1ciedarcdevincennes.fr\/index.php\/wp-json\/wp\/v2\/pages\/1731\/revisions"}],"predecessor-version":[{"id":1741,"href":"https:\/\/www.1ciedarcdevincennes.fr\/index.php\/wp-json\/wp\/v2\/pages\/1731\/revisions\/1741"}],"up":[{"embeddable":true,"href":"https:\/\/www.1ciedarcdevincennes.fr\/index.php\/wp-json\/wp\/v2\/pages\/1298"}],"wp:attachment":[{"href":"https:\/\/www.1ciedarcdevincennes.fr\/index.php\/wp-json\/wp\/v2\/media?parent=1731"}],"curies":[{"name":"wp","href":"https:\/\/api.w.org\/{rel}","templated":true}]}}