{"id":1747,"date":"2018-12-14T10:29:24","date_gmt":"2018-12-14T09:29:24","guid":{"rendered":"http:\/\/www.1ciedarcdevincennes.fr\/?page_id=1747"},"modified":"2018-12-29T10:29:57","modified_gmt":"2018-12-29T09:29:57","slug":"le-mot-du-capitaine","status":"publish","type":"page","link":"https:\/\/www.1ciedarcdevincennes.fr\/index.php\/actualites\/actualites-2018\/le-mot-du-capitaine\/","title":{"rendered":"Le mot du Capitaine"},"content":{"rendered":"<p><span style=\"font-family: comic sans ms, sans-serif; font-size: 14pt;\">Mes chers Amies et Amis,<\/span><\/p>\n<p><span style=\"font-family: comic sans ms, sans-serif; font-size: 14pt;\">Une nouvelle ann\u00e9e s\u2019ach\u00e8ve et c\u2019est le moment de faire le point de ce que nous avons v\u00e9cu ensemble, dans cette Compagnie qui nous accueille et nous rassemble.<\/span><\/p>\n<p><span style=\"font-family: comic sans ms, sans-serif; font-size: 14pt;\">Nous sommes et devons rester une grande famille et que chacun y trouve sa place dans la pratique du sport que nous partageons<\/span><\/p>\n<p><span style=\"font-family: comic sans ms, sans-serif; font-size: 14pt;\">Si le quotidien n\u2019apporte pas toujours la r\u00e9ussite attendue, les efforts que chacun d\u2019entre nous met en \u0153uvre pour faire vivre la Compagnie et la faire progresser dans le respect des traditions, sont les gages de l\u2019importance qu\u2019elle repr\u00e9sente pour l\u2019ensemble de ses adh\u00e9rents, en privil\u00e9giant, au-del\u00e0 des r\u00e9sultats sportifs, les rapports humains dans un climat d\u2019amiti\u00e9 partag\u00e9e.<\/span><\/p>\n<p><span style=\"font-family: comic sans ms, sans-serif; font-size: 14pt;\">Cette ann\u00e9e 2018 nous aura une fois encore mobilis\u00e9 avec succ\u00e8s, dans l\u2019organisation des manifestations traditionnelles telles que la Saint S\u00e9bastien, le Bouquet Provincial, nos Prix de Compagnie, notre Prix G\u00e9n\u00e9ral, le Concours Salle sans oublier les nombreux concours officiels auxquels un grand nombre d\u2019entre vous a particip\u00e9 avec succ\u00e8s.<\/span><\/p>\n<p><span style=\"font-family: comic sans ms, sans-serif; font-size: 14pt;\">Mais cette ann\u00e9e a vu \u00e9galement l\u2019aboutissement du projet d\u2019une nouvelle organisation que j\u2019ai souhait\u00e9 mettre en place autour du Comit\u00e9 Directeur et du Conseil des Chevaliers.<\/span><\/p>\n<p><span style=\"font-family: comic sans ms, sans-serif; font-size: 14pt;\">C\u2019est ainsi que la Commission Sportive s\u2019est vu attribuer des responsabilit\u00e9s \u00e9tendues afin de permettre d\u2019autres orientations et de d\u00e9finir de nouvelles strat\u00e9gies.<\/span><\/p>\n<p><span style=\"font-family: comic sans ms, sans-serif; font-size: 14pt;\">Beaucoup de choses ont d\u00e9j\u00e0 \u00e9t\u00e9 mises en \u0153uvre, mais il reste encore beaucoup \u00e0 faire pour que cette transition se passe dans les meilleures conditions possibles, dans la continuit\u00e9 de nos institutions.<\/span><\/p>\n<p><span style=\"font-family: comic sans ms, sans-serif; font-size: 14pt;\">La r\u00e9ussite de ce projet ne pourra se faire qu\u2019avec la contribution de chacun.<\/span><\/p>\n<p><span style=\"font-family: comic sans ms, sans-serif; font-size: 14pt;\">C\u2019est l\u2019occasion de vous exprimer pleinement et de prendre les responsabilit\u00e9s qui s\u2019imposent en vous impliquant dans le fonctionnement des diff\u00e9rents ateliers qui ressortent de ce projet et je forme beaucoup d\u2019espoir dans votre participation.<\/span><\/p>\n<p><span style=\"font-family: comic sans ms, sans-serif; font-size: 14pt;\">Il me reste \u00e0 vous souhaiter \u00e0 tous, une bonne ann\u00e9e 2019, qu\u2019elle voit la r\u00e9ussite de vos projets et qu\u2019elle vous apporte la paix et le bonheur en partage.<\/span><\/p>\n<p><span style=\"font-family: comic sans ms, sans-serif; font-size: 14pt;\">Passez de bonnes f\u00eates de fin d\u2019ann\u00e9e en famille.<\/span><\/p>\n<p><span style=\"font-family: comic sans ms, sans-serif; font-size: 14pt;\">Votre Capitaine, Michel Rougetet.<\/span><\/p>\n<p><span style=\"font-family: comic sans ms, sans-serif; font-size: 14pt;\">Vincennes le 14 d\u00e9cembre 2018<\/span><\/p>\n","protected":false},"excerpt":{"rendered":"<p>Mes chers Amies et Amis, Une nouvelle ann\u00e9e s\u2019ach\u00e8ve et c\u2019est le moment de faire le point de ce que nous avons [&hellip;]<\/p>\n","protected":false},"author":1,"featured_media":0,"parent":1298,"menu_order":0,"comment_status":"closed","ping_status":"closed","template":"page-templates\/page_fullwidth.php","meta":{"_mc_calendar":[]},"_links":{"self":[{"href":"https:\/\/www.1ciedarcdevincennes.fr\/index.php\/wp-json\/wp\/v2\/pages\/1747"}],"collection":[{"href":"https:\/\/www.1ciedarcdevincennes.fr\/index.php\/wp-json\/wp\/v2\/pages"}],"about":[{"href":"https:\/\/www.1ciedarcdevincennes.fr\/index.php\/wp-json\/wp\/v2\/types\/page"}],"author":[{"embeddable":true,"href":"https:\/\/www.1ciedarcdevincennes.fr\/index.php\/wp-json\/wp\/v2\/users\/1"}],"replies":[{"embeddable":true,"href":"https:\/\/www.1ciedarcdevincennes.fr\/index.php\/wp-json\/wp\/v2\/comments?post=1747"}],"version-history":[{"count":3,"href":"https:\/\/www.1ciedarcdevincennes.fr\/index.php\/wp-json\/wp\/v2\/pages\/1747\/revisions"}],"predecessor-version":[{"id":1750,"href":"https:\/\/www.1ciedarcdevincennes.fr\/index.php\/wp-json\/wp\/v2\/pages\/1747\/revisions\/1750"}],"up":[{"embeddable":true,"href":"https:\/\/www.1ciedarcdevincennes.fr\/index.php\/wp-json\/wp\/v2\/pages\/1298"}],"wp:attachment":[{"href":"https:\/\/www.1ciedarcdevincennes.fr\/index.php\/wp-json\/wp\/v2\/media?parent=1747"}],"curies":[{"name":"wp","href":"https:\/\/api.w.org\/{rel}","templated":true}]}}