{"id":1753,"date":"2018-12-29T10:39:58","date_gmt":"2018-12-29T09:39:58","guid":{"rendered":"http:\/\/www.1ciedarcdevincennes.fr\/?page_id=1753"},"modified":"2018-12-29T10:39:58","modified_gmt":"2018-12-29T09:39:58","slug":"hommage-a-aime-edmont","status":"publish","type":"page","link":"https:\/\/www.1ciedarcdevincennes.fr\/index.php\/hommage-a-aime-edmont\/","title":{"rendered":"Hommage \u00e0 Aim\u00e9 EDMONT"},"content":{"rendered":"<p><img loading=\"lazy\" class=\"aligncenter wp-image-1754 size-large\" src=\"https:\/\/www.1ciedarcdevincennes.fr\/wp-content\/uploads\/2018\/12\/Aim\u00e9-1024x768.jpg\" alt=\"Aim\u00e9\" width=\"1024\" height=\"768\" srcset=\"https:\/\/www.1ciedarcdevincennes.fr\/wp-content\/uploads\/2018\/12\/Aim\u00e9-1024x768.jpg 1024w, https:\/\/www.1ciedarcdevincennes.fr\/wp-content\/uploads\/2018\/12\/Aim\u00e9-300x225.jpg 300w, https:\/\/www.1ciedarcdevincennes.fr\/wp-content\/uploads\/2018\/12\/Aim\u00e9-768x576.jpg 768w, https:\/\/www.1ciedarcdevincennes.fr\/wp-content\/uploads\/2018\/12\/Aim\u00e9-830x623.jpg 830w, https:\/\/www.1ciedarcdevincennes.fr\/wp-content\/uploads\/2018\/12\/Aim\u00e9-230x173.jpg 230w, https:\/\/www.1ciedarcdevincennes.fr\/wp-content\/uploads\/2018\/12\/Aim\u00e9-350x263.jpg 350w, https:\/\/www.1ciedarcdevincennes.fr\/wp-content\/uploads\/2018\/12\/Aim\u00e9-480x360.jpg 480w, https:\/\/www.1ciedarcdevincennes.fr\/wp-content\/uploads\/2018\/12\/Aim\u00e9.jpg 1920w\" sizes=\"(max-width: 1024px) 100vw, 1024px\" \/><\/p>\n<p><span style=\"font-family: comic sans ms, sans-serif; font-size: 14pt;\">Nous venons d\u2019apprendre le d\u00e9c\u00e8s de notre ami et Chevalier Aim\u00e9 EDMONT.<\/span><\/p>\n<p><span style=\"font-family: comic sans ms, sans-serif; font-size: 14pt;\">Son d\u00e9part brutal ce vendredi 28 d\u00e9cembre 2018 alors qu\u2019il approchait de ses 82 ans nous a tous terriblement attrist\u00e9 et cette nouvelle nous laisse dans la peine.<\/span><\/p>\n<p><span style=\"font-family: comic sans ms, sans-serif; font-size: 14pt;\">Entr\u00e9 \u00e0 la Compagnie en janvier 1980, il a pratiqu\u00e9 sans relache et avec succ\u00e8s le tir \u00e0 l\u2019arc depuis cette date, que ce soit en arc classique ou en arc \u00e0 poulies, mais toujours en pratiquant le tir traditionnel sur carte Beursault, en d\u00e9crochant m\u00eame en octobre 2012, le titre de ma\u00eetre d\u2019arme qui r\u00e9compense le meilleur \u2018\u2019coup\u2019\u2019 r\u00e9ussi au cours d\u2019une comp\u00e9tition traditionnelle de tir \u00e0 50 m\u00e8tres.<\/span><\/p>\n<p><span style=\"font-family: comic sans ms, sans-serif; font-size: 14pt;\">Vous qui l\u2019avez connu, vous savez combien il \u00e9tait encore actif et plein de vitalit\u00e9, toujours disponible pour chacun de nous, bienveillant et fid\u00e8le \u00e0 ses convictions.<\/span><\/p>\n<p><span style=\"font-family: comic sans ms, sans-serif; font-size: 14pt;\">Il va beaucoup nous manquer, mais il restera dans nos souvenirs encore tr\u00e8s longtemps.<\/span><\/p>\n<p><span style=\"font-family: comic sans ms, sans-serif; font-size: 14pt;\">Nos pens\u00e9es sont \u00e9galement pour ses proches.<\/span><\/p>\n<p><span style=\"font-family: comic sans ms, sans-serif; font-size: 14pt;\">Au revoir \u201cM\u00e9m\u00e9\u201d<\/span><\/p>\n<p><span style=\"font-family: comic sans ms, sans-serif; font-size: 14pt;\">Le Capitaine<\/span><\/p>\n","protected":false},"excerpt":{"rendered":"<p>Nous venons d\u2019apprendre le d\u00e9c\u00e8s de notre ami et Chevalier Aim\u00e9 EDMONT. Son d\u00e9part brutal ce vendredi 28 d\u00e9cembre 2018 alors qu\u2019il [&hellip;]<\/p>\n","protected":false},"author":1,"featured_media":0,"parent":0,"menu_order":0,"comment_status":"closed","ping_status":"closed","template":"page-templates\/page_fullwidth.php","meta":{"_mc_calendar":[]},"_links":{"self":[{"href":"https:\/\/www.1ciedarcdevincennes.fr\/index.php\/wp-json\/wp\/v2\/pages\/1753"}],"collection":[{"href":"https:\/\/www.1ciedarcdevincennes.fr\/index.php\/wp-json\/wp\/v2\/pages"}],"about":[{"href":"https:\/\/www.1ciedarcdevincennes.fr\/index.php\/wp-json\/wp\/v2\/types\/page"}],"author":[{"embeddable":true,"href":"https:\/\/www.1ciedarcdevincennes.fr\/index.php\/wp-json\/wp\/v2\/users\/1"}],"replies":[{"embeddable":true,"href":"https:\/\/www.1ciedarcdevincennes.fr\/index.php\/wp-json\/wp\/v2\/comments?post=1753"}],"version-history":[{"count":3,"href":"https:\/\/www.1ciedarcdevincennes.fr\/index.php\/wp-json\/wp\/v2\/pages\/1753\/revisions"}],"predecessor-version":[{"id":1757,"href":"https:\/\/www.1ciedarcdevincennes.fr\/index.php\/wp-json\/wp\/v2\/pages\/1753\/revisions\/1757"}],"wp:attachment":[{"href":"https:\/\/www.1ciedarcdevincennes.fr\/index.php\/wp-json\/wp\/v2\/media?parent=1753"}],"curies":[{"name":"wp","href":"https:\/\/api.w.org\/{rel}","templated":true}]}}