{"id":1762,"date":"2019-01-31T19:18:52","date_gmt":"2019-01-31T18:18:52","guid":{"rendered":"http:\/\/www.1ciedarcdevincennes.fr\/?page_id=1762"},"modified":"2019-12-29T19:44:44","modified_gmt":"2019-12-29T18:44:44","slug":"actualites-2019","status":"publish","type":"page","link":"https:\/\/www.1ciedarcdevincennes.fr\/index.php\/actualites\/actualites-2019\/","title":{"rendered":"Actualit\u00e9s 2019"},"content":{"rendered":"<h3><\/h3>\n<ul>\n<li><a href=\"https:\/\/www.1ciedarcdevincennes.fr\/index.php\/tir-du-roi\/\"><span style=\"font-family: comic sans ms, sans-serif; font-size: 18pt;\">Tir du Roi et Empereur<\/span><\/a><\/li>\n<li><a href=\"https:\/\/www.1ciedarcdevincennes.fr\/index.php\/a-lire-a-partir-du-22-septembre\/\"><span style=\"font-family: comic sans ms, sans-serif; font-size: 18pt;\">A LIRE<\/span><\/a><\/li>\n<li><a href=\"vincennes-plus-beau-jeu-darc-dlle-de-france\"><span style=\"font-family: comic sans ms, sans-serif; font-size: 18pt;\">Vincennes, plus beau jeu d&rsquo;arc d&rsquo;Ile de France<\/span><\/a><\/li>\n<li><a href=\"https:\/\/www.1ciedarcdevincennes.fr\/index.php\/journee-des-sports-a-vincennes-edition-2019\"><span style=\"font-family: comic sans ms, sans-serif; font-size: 18pt;\">Journ\u00e9e des sports \u00e0 Vincennes<\/span><\/a><\/li>\n<li><a href=\"https:\/\/www.1ciedarcdevincennes.fr\/index.php\/actualites\/actualites-2019\/bouquet-provincial-2019\"><span style=\"font-family: comic sans ms, sans-serif; font-size: 18pt;\">Bouquet Provincial<\/span><\/a><\/li>\n<li><a title=\"Tir du Roitelet 2019\" href=\"https:\/\/www.1ciedarcdevincennes.fr\/index.php\/tir-de-printemps\/\"><span style=\"font-family: comic sans ms, sans-serif; font-size: 18pt;\">Prix de Printemps<\/span><\/a><\/li>\n<li><a title=\"Tir du Roitelet 2019\" href=\"https:\/\/www.1ciedarcdevincennes.fr\/index.php\/abat-oiseau\/\"><span style=\"font-family: comic sans ms, sans-serif; font-size: 18pt;\">Tir du Roi &#8211; Abat Oiseau 2019<\/span><\/a><\/li>\n<li><a title=\"Tir du Roitelet 2019\" href=\"https:\/\/www.1ciedarcdevincennes.fr\/index.php\/1875-2\"><span style=\"font-family: comic sans ms, sans-serif; font-size: 18pt;\">Tir du Roitelet 2019<\/span><\/a><\/li>\n<li><span style=\"font-family: comic sans ms, sans-serif; font-size: 18pt;\"><a title=\"Concours d\u00e9butants d'Asni\u00e8res sur Seine le 17 f\u00e9vrier\" href=\"https:\/\/www.1ciedarcdevincennes.fr\/index.php\/actualites\/actualites-2019\/concours-debutants-dasnieres-sur-seine\/\">Concours d\u00e9butants d&rsquo;Asni\u00e8res sur Seine le 17 f\u00e9vrier<\/a><\/span><\/li>\n<\/ul>\n<ul>\n<li><span style=\"font-family: comic sans ms, sans-serif; font-size: 18pt;\"><a title=\"&quot;Tir \u00e0 l\u2019arc : Archers de tradition et de modernit\u00e9&quot;, dans Vincennes Info\" href=\"https:\/\/www.1ciedarcdevincennes.fr\/index.php\/actualites\/actualites-2019\/tir-a-larc-archers-de-tradition-et-de-modernite-dans-vincennes-info\/\">\u00ab\u00a0Tir \u00e0 l\u2019arc : Archers de tradition et de modernit\u00e9\u00a0\u00bb, dans Vincennes Info<\/a><\/span><\/li>\n<\/ul>\n<ul>\n<li><span style=\"font-family: comic sans ms, sans-serif; font-size: 18pt;\"><a title=\"Coupe Pag\u00e8s le 03 f\u00e9vrier 2019\" href=\"https:\/\/www.1ciedarcdevincennes.fr\/index.php\/actualites\/actualites-2019\/coupe-pages-2019\/\">Coupe Pag\u00e8s le 03 f\u00e9vrier 2019<\/a><\/span><\/li>\n<\/ul>\n<ul>\n<li><span style=\"font-family: comic sans ms, sans-serif; font-size: 18pt;\"><a title=\"Championnat D\u00e9partemental salle 2X18m \" href=\"https:\/\/www.1ciedarcdevincennes.fr\/index.php\/actualites\/actualites-2019\/championnat-departemental-salle-2x18m\/\">Vincennes participait au Championnat D\u00e9partemental salle 2X18m, les 26 et 27 janvier<\/a><\/span><\/li>\n<\/ul>\n<ul>\n<li><span style=\"font-family: comic sans ms, sans-serif; font-size: 18pt;\"><a title=\"Saint-S\u00e9bastien 2019\" href=\"https:\/\/www.1ciedarcdevincennes.fr\/index.php\/actualites\/actualites-2019\/saint-sebastien-2019\/\">Saint-S\u00e9bastien 2019<\/a><\/span><\/li>\n<\/ul>\n","protected":false},"excerpt":{"rendered":"<p>Tir du Roi et Empereur A LIRE Vincennes, plus beau jeu d&rsquo;arc d&rsquo;Ile de France Journ\u00e9e des sports \u00e0 Vincennes Bouquet Provincial [&hellip;]<\/p>\n","protected":false},"author":1,"featured_media":0,"parent":1155,"menu_order":0,"comment_status":"closed","ping_status":"closed","template":"page-templates\/page_fullwidth.php","meta":{"_mc_calendar":[]},"_links":{"self":[{"href":"https:\/\/www.1ciedarcdevincennes.fr\/index.php\/wp-json\/wp\/v2\/pages\/1762"}],"collection":[{"href":"https:\/\/www.1ciedarcdevincennes.fr\/index.php\/wp-json\/wp\/v2\/pages"}],"about":[{"href":"https:\/\/www.1ciedarcdevincennes.fr\/index.php\/wp-json\/wp\/v2\/types\/page"}],"author":[{"embeddable":true,"href":"https:\/\/www.1ciedarcdevincennes.fr\/index.php\/wp-json\/wp\/v2\/users\/1"}],"replies":[{"embeddable":true,"href":"https:\/\/www.1ciedarcdevincennes.fr\/index.php\/wp-json\/wp\/v2\/comments?post=1762"}],"version-history":[{"count":26,"href":"https:\/\/www.1ciedarcdevincennes.fr\/index.php\/wp-json\/wp\/v2\/pages\/1762\/revisions"}],"predecessor-version":[{"id":2208,"href":"https:\/\/www.1ciedarcdevincennes.fr\/index.php\/wp-json\/wp\/v2\/pages\/1762\/revisions\/2208"}],"up":[{"embeddable":true,"href":"https:\/\/www.1ciedarcdevincennes.fr\/index.php\/wp-json\/wp\/v2\/pages\/1155"}],"wp:attachment":[{"href":"https:\/\/www.1ciedarcdevincennes.fr\/index.php\/wp-json\/wp\/v2\/media?parent=1762"}],"curies":[{"name":"wp","href":"https:\/\/api.w.org\/{rel}","templated":true}]}}