{"id":1799,"date":"2019-02-02T12:42:21","date_gmt":"2019-02-02T11:42:21","guid":{"rendered":"http:\/\/www.1ciedarcdevincennes.fr\/?page_id=1799"},"modified":"2019-02-02T12:42:21","modified_gmt":"2019-02-02T11:42:21","slug":"championnat-departemental-salle-2x18m","status":"publish","type":"page","link":"https:\/\/www.1ciedarcdevincennes.fr\/index.php\/actualites\/actualites-2019\/championnat-departemental-salle-2x18m\/","title":{"rendered":"Championnat D\u00e9partemental salle 2X18m"},"content":{"rendered":"<p><span style=\"font-family: comic sans ms, sans-serif; font-size: 14pt;\">La Compagnie de Vincennes a eu le plaisir de participer au championnat d\u00e9partemental salle 2X18m organis\u00e9 par le comit\u00e9 d\u00e9partemental de tir \u00e0 l\u2019arc du Val de Marne et la compagnie d\u2019arc de Saint-Maur.\u00a0<\/span><\/p>\n<p>&nbsp;<\/p>\n<p><span style=\"font-family: comic sans ms, sans-serif; font-size: 14pt;\">La\u00a0Comp\u00e9tition a eu lieu au\u00a0Centre technique et sportif de tir \u00e0 l\u2019arc \u00e0 Chennevi\u00e8res sur Marne, les samedi 26 et dimanche 27 janvier 2019. Vincennes fut repr\u00e9sent\u00e9 par 6 archers\u00a0: Pauline, Gauthier, Fran\u00e7ois, Olivier, Julien et Michel.<\/span><\/p>\n<p>&nbsp;<\/p>\n<p><span style=\"font-family: comic sans ms, sans-serif; font-size: 14pt;\">Il y avait en tout 156 participants, repr\u00e9sentant 21 compagnies\u00a0et clubs.\u00a0<\/span><\/p>\n<p>&nbsp;<\/p>\n<p><span style=\"font-family: comic sans ms, sans-serif; font-size: 14pt;\">Notre Compagnie a eu\u00a03 podiums : 1 en argent pour Olivier et 2 en bronze pour Fran\u00e7ois et Michel.<\/span><\/p>\n<p><img loading=\"lazy\" class=\"aligncenter size-full wp-image-1800\" src=\"https:\/\/www.1ciedarcdevincennes.fr\/wp-content\/uploads\/2019\/02\/Cpt-Dt-salle-2019-Val-de-marne.jpg\" alt=\"Cpt-Dt-salle-2019-Val-de-marne\" width=\"1078\" height=\"513\" srcset=\"https:\/\/www.1ciedarcdevincennes.fr\/wp-content\/uploads\/2019\/02\/Cpt-Dt-salle-2019-Val-de-marne.jpg 1078w, https:\/\/www.1ciedarcdevincennes.fr\/wp-content\/uploads\/2019\/02\/Cpt-Dt-salle-2019-Val-de-marne-300x143.jpg 300w, https:\/\/www.1ciedarcdevincennes.fr\/wp-content\/uploads\/2019\/02\/Cpt-Dt-salle-2019-Val-de-marne-768x365.jpg 768w, https:\/\/www.1ciedarcdevincennes.fr\/wp-content\/uploads\/2019\/02\/Cpt-Dt-salle-2019-Val-de-marne-1024x487.jpg 1024w, https:\/\/www.1ciedarcdevincennes.fr\/wp-content\/uploads\/2019\/02\/Cpt-Dt-salle-2019-Val-de-marne-830x395.jpg 830w, https:\/\/www.1ciedarcdevincennes.fr\/wp-content\/uploads\/2019\/02\/Cpt-Dt-salle-2019-Val-de-marne-230x109.jpg 230w, https:\/\/www.1ciedarcdevincennes.fr\/wp-content\/uploads\/2019\/02\/Cpt-Dt-salle-2019-Val-de-marne-350x167.jpg 350w, https:\/\/www.1ciedarcdevincennes.fr\/wp-content\/uploads\/2019\/02\/Cpt-Dt-salle-2019-Val-de-marne-480x228.jpg 480w\" sizes=\"(max-width: 1078px) 100vw, 1078px\" \/><\/p>\n<p>&nbsp;<\/p>\n<p><span style=\"font-family: comic sans ms, sans-serif; font-size: 14pt;\">Ce fut tr\u00e8s serr\u00e9\u00a0avec\u00a0des duels \u00e0 suspense, dans une ambiance de folie.<\/span><\/p>\n<p><span style=\"font-family: comic sans ms, sans-serif; font-size: 14pt;\">F\u00e9licitations \u00e0 tous nos Archers\u00a0!<\/span><\/p>\n","protected":false},"excerpt":{"rendered":"<p>La Compagnie de Vincennes a eu le plaisir de participer au championnat d\u00e9partemental salle 2X18m organis\u00e9 par le comit\u00e9 d\u00e9partemental de tir [&hellip;]<\/p>\n","protected":false},"author":1,"featured_media":0,"parent":1762,"menu_order":0,"comment_status":"closed","ping_status":"closed","template":"page-templates\/page_fullwidth.php","meta":{"_mc_calendar":[]},"_links":{"self":[{"href":"https:\/\/www.1ciedarcdevincennes.fr\/index.php\/wp-json\/wp\/v2\/pages\/1799"}],"collection":[{"href":"https:\/\/www.1ciedarcdevincennes.fr\/index.php\/wp-json\/wp\/v2\/pages"}],"about":[{"href":"https:\/\/www.1ciedarcdevincennes.fr\/index.php\/wp-json\/wp\/v2\/types\/page"}],"author":[{"embeddable":true,"href":"https:\/\/www.1ciedarcdevincennes.fr\/index.php\/wp-json\/wp\/v2\/users\/1"}],"replies":[{"embeddable":true,"href":"https:\/\/www.1ciedarcdevincennes.fr\/index.php\/wp-json\/wp\/v2\/comments?post=1799"}],"version-history":[{"count":3,"href":"https:\/\/www.1ciedarcdevincennes.fr\/index.php\/wp-json\/wp\/v2\/pages\/1799\/revisions"}],"predecessor-version":[{"id":1803,"href":"https:\/\/www.1ciedarcdevincennes.fr\/index.php\/wp-json\/wp\/v2\/pages\/1799\/revisions\/1803"}],"up":[{"embeddable":true,"href":"https:\/\/www.1ciedarcdevincennes.fr\/index.php\/wp-json\/wp\/v2\/pages\/1762"}],"wp:attachment":[{"href":"https:\/\/www.1ciedarcdevincennes.fr\/index.php\/wp-json\/wp\/v2\/media?parent=1799"}],"curies":[{"name":"wp","href":"https:\/\/api.w.org\/{rel}","templated":true}]}}