{"id":1805,"date":"2019-02-05T19:48:54","date_gmt":"2019-02-05T18:48:54","guid":{"rendered":"http:\/\/www.1ciedarcdevincennes.fr\/?page_id=1805"},"modified":"2019-02-05T19:48:54","modified_gmt":"2019-02-05T18:48:54","slug":"challenge-94-st-maur-recevait-vincennes-le-31-janvier-2019","status":"publish","type":"page","link":"https:\/\/www.1ciedarcdevincennes.fr\/index.php\/challenge-94-saison-2018-2019\/challenge-94-st-maur-recevait-vincennes-le-31-janvier-2019\/","title":{"rendered":"Challenge 94 : St Maur recevait Vincennes le 31 janvier 2019"},"content":{"rendered":"<p><span style=\"font-family: comic sans ms, sans-serif; font-size: 14pt;\">Ce jeudi 31 janvier, l\u2019\u00e9quipe de Vincennes avait rendez-vous \u00e0 St Maur pour le match retour du Challenge 94.<\/span><\/p>\n<p>&nbsp;<\/p>\n<p><span style=\"font-family: comic sans ms, sans-serif; font-size: 14pt;\">Vincennes s\u2019est inclin\u00e9 43 contre 29.<\/span><\/p>\n<p>&nbsp;<\/p>\n<p><span style=\"font-family: comic sans ms, sans-serif; font-size: 14pt;\">F\u00e9licitations \u00e0 tous les archers, lors de cette soir\u00e9e l&rsquo;\u00e9quipe de Vincennes \u00e9tait compos\u00e9e de Jean-Michel, J\u00e9r\u00f4me, Olivier, tous en arc classique, et Florent \u00e0 l\u2019arbitrage.<\/span><\/p>\n<p><span style=\"font-family: comic sans ms, sans-serif; font-size: 14pt;\">Nous remercions les archers de St Maur pour leur accueil chaleureux, et le tr\u00e8s bon repas qui a suivi dans une excellente ambiance.<\/span><\/p>\n<p>&nbsp;<\/p>\n<p><span style=\"font-family: comic sans ms, sans-serif; font-size: 14pt;\">La derni\u00e8re rencontre de la saison est pr\u00e9vue avec les archers de Villiers sur Marne, que la Compagnie de Vincennes recevra prochainement.<\/span><\/p>\n","protected":false},"excerpt":{"rendered":"<p>Ce jeudi 31 janvier, l\u2019\u00e9quipe de Vincennes avait rendez-vous \u00e0 St Maur pour le match retour du Challenge 94. &nbsp; Vincennes s\u2019est [&hellip;]<\/p>\n","protected":false},"author":1,"featured_media":0,"parent":1611,"menu_order":0,"comment_status":"closed","ping_status":"closed","template":"page-templates\/page_fullwidth.php","meta":{"_mc_calendar":[]},"_links":{"self":[{"href":"https:\/\/www.1ciedarcdevincennes.fr\/index.php\/wp-json\/wp\/v2\/pages\/1805"}],"collection":[{"href":"https:\/\/www.1ciedarcdevincennes.fr\/index.php\/wp-json\/wp\/v2\/pages"}],"about":[{"href":"https:\/\/www.1ciedarcdevincennes.fr\/index.php\/wp-json\/wp\/v2\/types\/page"}],"author":[{"embeddable":true,"href":"https:\/\/www.1ciedarcdevincennes.fr\/index.php\/wp-json\/wp\/v2\/users\/1"}],"replies":[{"embeddable":true,"href":"https:\/\/www.1ciedarcdevincennes.fr\/index.php\/wp-json\/wp\/v2\/comments?post=1805"}],"version-history":[{"count":2,"href":"https:\/\/www.1ciedarcdevincennes.fr\/index.php\/wp-json\/wp\/v2\/pages\/1805\/revisions"}],"predecessor-version":[{"id":1807,"href":"https:\/\/www.1ciedarcdevincennes.fr\/index.php\/wp-json\/wp\/v2\/pages\/1805\/revisions\/1807"}],"up":[{"embeddable":true,"href":"https:\/\/www.1ciedarcdevincennes.fr\/index.php\/wp-json\/wp\/v2\/pages\/1611"}],"wp:attachment":[{"href":"https:\/\/www.1ciedarcdevincennes.fr\/index.php\/wp-json\/wp\/v2\/media?parent=1805"}],"curies":[{"name":"wp","href":"https:\/\/api.w.org\/{rel}","templated":true}]}}