{"id":1831,"date":"2019-02-23T12:05:42","date_gmt":"2019-02-23T11:05:42","guid":{"rendered":"http:\/\/www.1ciedarcdevincennes.fr\/?page_id=1831"},"modified":"2019-02-23T12:05:42","modified_gmt":"2019-02-23T11:05:42","slug":"concours-debutants-dasnieres-sur-seine","status":"publish","type":"page","link":"https:\/\/www.1ciedarcdevincennes.fr\/index.php\/actualites\/actualites-2019\/concours-debutants-dasnieres-sur-seine\/","title":{"rendered":"Concours d\u00e9butants d&rsquo;Asni\u00e8res sur Seine"},"content":{"rendered":"<p><span style=\"font-size: 14pt; font-family: comic sans ms, sans-serif;\">Deux semaines apr\u00e8s avoir particip\u00e9 \u00e0 la Coupe Pag\u00e8s, cinq archers d\u00e9butants de notre Compagnie se sont rendus au concours sp\u00e9cial d\u00e9butants de la Compagnie d\u2019Arc d\u2019Asni\u00e8res, dimanche 17 f\u00e9vrier.<\/span><\/p>\n<p>&nbsp;<\/p>\n<p><span style=\"font-size: 14pt; font-family: comic sans ms, sans-serif;\">Zo\u00e9, Maxence, Cassiop\u00e9e, J\u00e9r\u00f4me et Anne-Sophie (de gauche \u00e0 droite sur la photo) ont tir\u00e9 36 fl\u00e8ches sur un blason de 60 cm\u00a0 parmi de nombreux autres archers d\u2019un bon niveau.<\/span><\/p>\n<p>&nbsp;<\/p>\n<p><span style=\"font-size: 14pt; font-family: comic sans ms, sans-serif;\"><img loading=\"lazy\" class=\"aligncenter size-full wp-image-1832\" src=\"https:\/\/www.1ciedarcdevincennes.fr\/wp-content\/uploads\/2019\/02\/Photo-site.jpg\" alt=\"Photo-site\" width=\"759\" height=\"572\" srcset=\"https:\/\/www.1ciedarcdevincennes.fr\/wp-content\/uploads\/2019\/02\/Photo-site.jpg 759w, https:\/\/www.1ciedarcdevincennes.fr\/wp-content\/uploads\/2019\/02\/Photo-site-300x226.jpg 300w, https:\/\/www.1ciedarcdevincennes.fr\/wp-content\/uploads\/2019\/02\/Photo-site-230x173.jpg 230w, https:\/\/www.1ciedarcdevincennes.fr\/wp-content\/uploads\/2019\/02\/Photo-site-350x264.jpg 350w, https:\/\/www.1ciedarcdevincennes.fr\/wp-content\/uploads\/2019\/02\/Photo-site-480x362.jpg 480w\" sizes=\"(max-width: 759px) 100vw, 759px\" \/><\/span><\/p>\n<p>&nbsp;<\/p>\n<p><span style=\"font-size: 14pt; font-family: comic sans ms, sans-serif;\">Deux coupes ont \u00e9t\u00e9 obtenues par Vincennes\u00a0: premi\u00e8re place en JHCL pour Maxence et troisi\u00e8me place en S1FCL pour Cassiop\u00e9e.<\/span><\/p>\n<p><span style=\"font-size: 14pt; font-family: comic sans ms, sans-serif;\">Par ailleurs nous avions constitu\u00e9 une \u00e9quipe qui a \u00e9t\u00e9 class\u00e9e 4\u00e8me sur les 26 \u00e9quipes inscrites.<\/span><\/p>\n<p>&nbsp;<\/p>\n<p><span style=\"font-size: 14pt; font-family: comic sans ms, sans-serif;\">Voir l\u2019ensemble des r\u00e9sultats<br \/>\n<\/span><\/p>\n<ul>\n<li><span style=\"font-size: 14pt; font-family: comic sans ms, sans-serif;\"><a title=\"R\u00e9sultats du concours d'Asni\u00e8res sur Seine\" href=\"https:\/\/www.1ciedarcdevincennes.fr\/wp-content\/uploads\/2019\/02\/Asnieres-resultats.pdf\" target=\"_blank\">R\u00e9sultats du concours d&rsquo;Asni\u00e8res sur Seine<\/a><\/span><\/li>\n<li><span style=\"font-size: 14pt; font-family: comic sans ms, sans-serif;\"><a title=\"R\u00e9sultats par \u00e9quipe\" href=\"https:\/\/www.1ciedarcdevincennes.fr\/wp-content\/uploads\/2019\/02\/Asnieres-equipes.pdf\" target=\"_blank\">R\u00e9sultats par \u00e9quipe<\/a><\/span><\/li>\n<\/ul>\n<p>&nbsp;<\/p>\n<p><span style=\"font-size: 14pt; font-family: comic sans ms, sans-serif;\">Bravo \u00e0 nos comp\u00e9titeurs qui ne cessent de progresser et nos remerciements \u00e0 la Compagnie d\u2019Asni\u00e8res pour son accueil sur ce concours\u00a0 dont le succ\u00e8s est tel qu\u2019il a affich\u00e9 complet.<\/span><\/p>\n<p>&nbsp;<\/p>\n<p style=\"text-align: right;\"><span style=\"font-size: 14pt; font-family: comic sans ms, sans-serif;\">Christian<\/span><\/p>\n","protected":false},"excerpt":{"rendered":"<p>Deux semaines apr\u00e8s avoir particip\u00e9 \u00e0 la Coupe Pag\u00e8s, cinq archers d\u00e9butants de notre Compagnie se sont rendus au concours sp\u00e9cial d\u00e9butants [&hellip;]<\/p>\n","protected":false},"author":1,"featured_media":0,"parent":1762,"menu_order":0,"comment_status":"closed","ping_status":"closed","template":"page-templates\/page_fullwidth.php","meta":{"_mc_calendar":[]},"_links":{"self":[{"href":"https:\/\/www.1ciedarcdevincennes.fr\/index.php\/wp-json\/wp\/v2\/pages\/1831"}],"collection":[{"href":"https:\/\/www.1ciedarcdevincennes.fr\/index.php\/wp-json\/wp\/v2\/pages"}],"about":[{"href":"https:\/\/www.1ciedarcdevincennes.fr\/index.php\/wp-json\/wp\/v2\/types\/page"}],"author":[{"embeddable":true,"href":"https:\/\/www.1ciedarcdevincennes.fr\/index.php\/wp-json\/wp\/v2\/users\/1"}],"replies":[{"embeddable":true,"href":"https:\/\/www.1ciedarcdevincennes.fr\/index.php\/wp-json\/wp\/v2\/comments?post=1831"}],"version-history":[{"count":3,"href":"https:\/\/www.1ciedarcdevincennes.fr\/index.php\/wp-json\/wp\/v2\/pages\/1831\/revisions"}],"predecessor-version":[{"id":1835,"href":"https:\/\/www.1ciedarcdevincennes.fr\/index.php\/wp-json\/wp\/v2\/pages\/1831\/revisions\/1835"}],"up":[{"embeddable":true,"href":"https:\/\/www.1ciedarcdevincennes.fr\/index.php\/wp-json\/wp\/v2\/pages\/1762"}],"wp:attachment":[{"href":"https:\/\/www.1ciedarcdevincennes.fr\/index.php\/wp-json\/wp\/v2\/media?parent=1831"}],"curies":[{"name":"wp","href":"https:\/\/api.w.org\/{rel}","templated":true}]}}