{"id":1837,"date":"2019-02-24T21:32:18","date_gmt":"2019-02-24T20:32:18","guid":{"rendered":"http:\/\/www.1ciedarcdevincennes.fr\/?page_id=1837"},"modified":"2019-02-24T21:52:21","modified_gmt":"2019-02-24T20:52:21","slug":"challenge-94-vincennes-recevait-villiers-sur-marne-le-1902","status":"publish","type":"page","link":"https:\/\/www.1ciedarcdevincennes.fr\/index.php\/challenge-94-saison-2018-2019\/challenge-94-vincennes-recevait-villiers-sur-marne-le-1902\/","title":{"rendered":"Challenge 94 : Vincennes recevait Villiers sur Marne le 19\/02"},"content":{"rendered":"<p><span style=\"font-family: comic sans ms, sans-serif; font-size: 14pt;\">Ce mardi 19 f\u00e9vrier, l\u2019\u00e9quipe de Vincennes recevait les archers de Villiers sur Marne, pour le match retour du Challenge 94, et le dernier \u00e9pisode de cette saison.<\/span><\/p>\n<p>&nbsp;<\/p>\n<p><span style=\"font-family: comic sans ms, sans-serif; font-size: 14pt;\">Vincennes l\u2019emporte 42 | 30.<\/span><\/p>\n<p>&nbsp;<\/p>\n<p><span style=\"font-family: comic sans ms, sans-serif; font-size: 14pt;\">On constate qu&rsquo;apr\u00e8s un d\u00e9marrage difficile, il y a eu une belle remont\u00e9e et un \u00ab\u00a0coup de gr\u00e2ce\u00a0\u00bb final.<\/span><\/p>\n<p>&nbsp;<\/p>\n<p><span style=\"font-family: comic sans ms, sans-serif; font-size: 14pt;\">F\u00e9licitations \u00e0 tous les participants !<\/span><\/p>\n","protected":false},"excerpt":{"rendered":"<p>Ce mardi 19 f\u00e9vrier, l\u2019\u00e9quipe de Vincennes recevait les archers de Villiers sur Marne, pour le match retour du Challenge 94, et [&hellip;]<\/p>\n","protected":false},"author":1,"featured_media":0,"parent":1611,"menu_order":0,"comment_status":"closed","ping_status":"closed","template":"page-templates\/page_fullwidth.php","meta":{"_mc_calendar":[]},"_links":{"self":[{"href":"https:\/\/www.1ciedarcdevincennes.fr\/index.php\/wp-json\/wp\/v2\/pages\/1837"}],"collection":[{"href":"https:\/\/www.1ciedarcdevincennes.fr\/index.php\/wp-json\/wp\/v2\/pages"}],"about":[{"href":"https:\/\/www.1ciedarcdevincennes.fr\/index.php\/wp-json\/wp\/v2\/types\/page"}],"author":[{"embeddable":true,"href":"https:\/\/www.1ciedarcdevincennes.fr\/index.php\/wp-json\/wp\/v2\/users\/1"}],"replies":[{"embeddable":true,"href":"https:\/\/www.1ciedarcdevincennes.fr\/index.php\/wp-json\/wp\/v2\/comments?post=1837"}],"version-history":[{"count":4,"href":"https:\/\/www.1ciedarcdevincennes.fr\/index.php\/wp-json\/wp\/v2\/pages\/1837\/revisions"}],"predecessor-version":[{"id":1853,"href":"https:\/\/www.1ciedarcdevincennes.fr\/index.php\/wp-json\/wp\/v2\/pages\/1837\/revisions\/1853"}],"up":[{"embeddable":true,"href":"https:\/\/www.1ciedarcdevincennes.fr\/index.php\/wp-json\/wp\/v2\/pages\/1611"}],"wp:attachment":[{"href":"https:\/\/www.1ciedarcdevincennes.fr\/index.php\/wp-json\/wp\/v2\/media?parent=1837"}],"curies":[{"name":"wp","href":"https:\/\/api.w.org\/{rel}","templated":true}]}}