{"id":1875,"date":"2019-03-27T23:38:05","date_gmt":"2019-03-27T22:38:05","guid":{"rendered":"http:\/\/www.1ciedarcdevincennes.fr\/?page_id=1875"},"modified":"2019-04-06T20:54:27","modified_gmt":"2019-04-06T18:54:27","slug":"1875-2","status":"publish","type":"page","link":"https:\/\/www.1ciedarcdevincennes.fr\/index.php\/1875-2\/","title":{"rendered":"Tir du Roitelet &#8211; 16 mars 2019"},"content":{"rendered":"<p style=\"text-align: center;\">\n<p>Aur\u00e9lie, Roitelette 2018, ne pouvait plus concourir cette ann\u00e9e car elle a atteint ses 18 ans. Elle a pr\u00e9par\u00e9 de superbes cartes sur lesquelles Jean-Claude, le Censeur, a mis en place les oiseaux qu\u2019il a confectionn\u00e9s.<\/p>\n<p><a href=\"https:\/\/www.1ciedarcdevincennes.fr\/index.php\/1875-2\/photo1\/\" rel=\"attachment wp-att-1876\"><img loading=\"lazy\" class=\"aligncenter size-full wp-image-1876\" src=\"https:\/\/www.1ciedarcdevincennes.fr\/wp-content\/uploads\/2019\/03\/Photo1.jpg\" alt=\"\" width=\"576\" height=\"735\" srcset=\"https:\/\/www.1ciedarcdevincennes.fr\/wp-content\/uploads\/2019\/03\/Photo1.jpg 576w, https:\/\/www.1ciedarcdevincennes.fr\/wp-content\/uploads\/2019\/03\/Photo1-235x300.jpg 235w, https:\/\/www.1ciedarcdevincennes.fr\/wp-content\/uploads\/2019\/03\/Photo1-230x293.jpg 230w, https:\/\/www.1ciedarcdevincennes.fr\/wp-content\/uploads\/2019\/03\/Photo1-350x447.jpg 350w, https:\/\/www.1ciedarcdevincennes.fr\/wp-content\/uploads\/2019\/03\/Photo1-480x613.jpg 480w\" sizes=\"(max-width: 576px) 100vw, 576px\" \/><\/a><\/p>\n<p>Cinq jeunes de moins de 18 ans, aptes \u00e0 tirer \u00e0 30 m\u00e8tres, sont venus dans l\u2019espoir de remporter le titre de Roitelet. Dans l\u2019ordre du tirage au sort, Maxence, Thomas, Th\u00e9ophane, Gwena\u00eblle et Ivan se sont d\u00e9chain\u00e9s pendant plus de deux heures pour abattre l\u2019oiseau.<\/p>\n<p><a href=\"https:\/\/www.1ciedarcdevincennes.fr\/index.php\/1875-2\/photo2\/\" rel=\"attachment wp-att-1877\"><img loading=\"lazy\" class=\"aligncenter size-full wp-image-1877\" src=\"https:\/\/www.1ciedarcdevincennes.fr\/wp-content\/uploads\/2019\/03\/Photo2.jpg\" alt=\"\" width=\"1024\" height=\"768\" srcset=\"https:\/\/www.1ciedarcdevincennes.fr\/wp-content\/uploads\/2019\/03\/Photo2.jpg 1024w, https:\/\/www.1ciedarcdevincennes.fr\/wp-content\/uploads\/2019\/03\/Photo2-300x225.jpg 300w, https:\/\/www.1ciedarcdevincennes.fr\/wp-content\/uploads\/2019\/03\/Photo2-768x576.jpg 768w, https:\/\/www.1ciedarcdevincennes.fr\/wp-content\/uploads\/2019\/03\/Photo2-830x623.jpg 830w, https:\/\/www.1ciedarcdevincennes.fr\/wp-content\/uploads\/2019\/03\/Photo2-230x173.jpg 230w, https:\/\/www.1ciedarcdevincennes.fr\/wp-content\/uploads\/2019\/03\/Photo2-350x263.jpg 350w, https:\/\/www.1ciedarcdevincennes.fr\/wp-content\/uploads\/2019\/03\/Photo2-480x360.jpg 480w\" sizes=\"(max-width: 1024px) 100vw, 1024px\" \/><\/a> <a href=\"https:\/\/www.1ciedarcdevincennes.fr\/index.php\/1875-2\/photo3\/\" rel=\"attachment wp-att-1878\"><img loading=\"lazy\" class=\"aligncenter size-full wp-image-1878\" src=\"https:\/\/www.1ciedarcdevincennes.fr\/wp-content\/uploads\/2019\/03\/Photo3.jpg\" alt=\"\" width=\"1024\" height=\"768\" srcset=\"https:\/\/www.1ciedarcdevincennes.fr\/wp-content\/uploads\/2019\/03\/Photo3.jpg 1024w, https:\/\/www.1ciedarcdevincennes.fr\/wp-content\/uploads\/2019\/03\/Photo3-300x225.jpg 300w, https:\/\/www.1ciedarcdevincennes.fr\/wp-content\/uploads\/2019\/03\/Photo3-768x576.jpg 768w, https:\/\/www.1ciedarcdevincennes.fr\/wp-content\/uploads\/2019\/03\/Photo3-830x623.jpg 830w, https:\/\/www.1ciedarcdevincennes.fr\/wp-content\/uploads\/2019\/03\/Photo3-230x173.jpg 230w, https:\/\/www.1ciedarcdevincennes.fr\/wp-content\/uploads\/2019\/03\/Photo3-350x263.jpg 350w, https:\/\/www.1ciedarcdevincennes.fr\/wp-content\/uploads\/2019\/03\/Photo3-480x360.jpg 480w\" sizes=\"(max-width: 1024px) 100vw, 1024px\" \/><\/a><\/p>\n<p>Comme souvent, l\u2019oiseau n\u2019a fait que trembler.<\/p>\n<p><a href=\"https:\/\/www.1ciedarcdevincennes.fr\/index.php\/1875-2\/photo4\/\" rel=\"attachment wp-att-1879\"><img loading=\"lazy\" class=\"aligncenter size-full wp-image-1879\" src=\"https:\/\/www.1ciedarcdevincennes.fr\/wp-content\/uploads\/2019\/03\/photo4.jpg\" alt=\"\" width=\"1024\" height=\"768\" srcset=\"https:\/\/www.1ciedarcdevincennes.fr\/wp-content\/uploads\/2019\/03\/photo4.jpg 1024w, https:\/\/www.1ciedarcdevincennes.fr\/wp-content\/uploads\/2019\/03\/photo4-300x225.jpg 300w, https:\/\/www.1ciedarcdevincennes.fr\/wp-content\/uploads\/2019\/03\/photo4-768x576.jpg 768w, https:\/\/www.1ciedarcdevincennes.fr\/wp-content\/uploads\/2019\/03\/photo4-830x623.jpg 830w, https:\/\/www.1ciedarcdevincennes.fr\/wp-content\/uploads\/2019\/03\/photo4-230x173.jpg 230w, https:\/\/www.1ciedarcdevincennes.fr\/wp-content\/uploads\/2019\/03\/photo4-350x263.jpg 350w, https:\/\/www.1ciedarcdevincennes.fr\/wp-content\/uploads\/2019\/03\/photo4-480x360.jpg 480w\" sizes=\"(max-width: 1024px) 100vw, 1024px\" \/><\/a> <a href=\"https:\/\/www.1ciedarcdevincennes.fr\/index.php\/1875-2\/photo5\/\" rel=\"attachment wp-att-1880\"><img loading=\"lazy\" class=\"aligncenter size-full wp-image-1880\" src=\"https:\/\/www.1ciedarcdevincennes.fr\/wp-content\/uploads\/2019\/03\/photo5.jpg\" alt=\"\" width=\"1024\" height=\"768\" srcset=\"https:\/\/www.1ciedarcdevincennes.fr\/wp-content\/uploads\/2019\/03\/photo5.jpg 1024w, https:\/\/www.1ciedarcdevincennes.fr\/wp-content\/uploads\/2019\/03\/photo5-300x225.jpg 300w, https:\/\/www.1ciedarcdevincennes.fr\/wp-content\/uploads\/2019\/03\/photo5-768x576.jpg 768w, https:\/\/www.1ciedarcdevincennes.fr\/wp-content\/uploads\/2019\/03\/photo5-830x623.jpg 830w, https:\/\/www.1ciedarcdevincennes.fr\/wp-content\/uploads\/2019\/03\/photo5-230x173.jpg 230w, https:\/\/www.1ciedarcdevincennes.fr\/wp-content\/uploads\/2019\/03\/photo5-350x263.jpg 350w, https:\/\/www.1ciedarcdevincennes.fr\/wp-content\/uploads\/2019\/03\/photo5-480x360.jpg 480w\" sizes=\"(max-width: 1024px) 100vw, 1024px\" \/><\/a><\/p>\n<p style=\"text-align: center;\">Mais au retour de la 19\u00e8me halte, l\u2019oiseau ne r\u00e9sista pas \u00e0 la fl\u00e8che lanc\u00e9e par Th\u00e9ophane. A 17 ans, apr\u00e8s plus de cinq ann\u00e9es de pratique assidue \u00e0 la Compagnie, Th\u00e9ophane n\u2019a pas laiss\u00e9 passer sa derni\u00e8re chance d\u2019en \u00eatre le Roitelet et s\u2019est ainsi vu remettre l\u2019\u00e9charpe jaune et la r\u00e9compense associ\u00e9e.<\/p>\n<p style=\"text-align: center;\"><a href=\"https:\/\/www.1ciedarcdevincennes.fr\/index.php\/1875-2\/photo6\/\" rel=\"attachment wp-att-1881\"><img loading=\"lazy\" class=\"aligncenter size-full wp-image-1881\" src=\"https:\/\/www.1ciedarcdevincennes.fr\/wp-content\/uploads\/2019\/03\/Photo6.jpg\" alt=\"\" width=\"768\" height=\"1024\" srcset=\"https:\/\/www.1ciedarcdevincennes.fr\/wp-content\/uploads\/2019\/03\/Photo6.jpg 768w, https:\/\/www.1ciedarcdevincennes.fr\/wp-content\/uploads\/2019\/03\/Photo6-225x300.jpg 225w, https:\/\/www.1ciedarcdevincennes.fr\/wp-content\/uploads\/2019\/03\/Photo6-230x307.jpg 230w, https:\/\/www.1ciedarcdevincennes.fr\/wp-content\/uploads\/2019\/03\/Photo6-350x467.jpg 350w, https:\/\/www.1ciedarcdevincennes.fr\/wp-content\/uploads\/2019\/03\/Photo6-480x640.jpg 480w\" sizes=\"(max-width: 768px) 100vw, 768px\" \/><\/a><br \/>\n<span style=\"font-size: 12pt; color: #000066; background-color: #ffff65;\">Bravo \u00e0 notre nouveau Roitelet et \u00e0 tous ceux qui sont venus participer.<\/span><\/p>\n","protected":false},"excerpt":{"rendered":"<p>Aur\u00e9lie, Roitelette 2018, ne pouvait plus concourir cette ann\u00e9e car elle a atteint ses 18 ans. Elle a pr\u00e9par\u00e9 de superbes cartes [&hellip;]<\/p>\n","protected":false},"author":1,"featured_media":0,"parent":0,"menu_order":0,"comment_status":"closed","ping_status":"closed","template":"","meta":{"_mc_calendar":[]},"_links":{"self":[{"href":"https:\/\/www.1ciedarcdevincennes.fr\/index.php\/wp-json\/wp\/v2\/pages\/1875"}],"collection":[{"href":"https:\/\/www.1ciedarcdevincennes.fr\/index.php\/wp-json\/wp\/v2\/pages"}],"about":[{"href":"https:\/\/www.1ciedarcdevincennes.fr\/index.php\/wp-json\/wp\/v2\/types\/page"}],"author":[{"embeddable":true,"href":"https:\/\/www.1ciedarcdevincennes.fr\/index.php\/wp-json\/wp\/v2\/users\/1"}],"replies":[{"embeddable":true,"href":"https:\/\/www.1ciedarcdevincennes.fr\/index.php\/wp-json\/wp\/v2\/comments?post=1875"}],"version-history":[{"count":3,"href":"https:\/\/www.1ciedarcdevincennes.fr\/index.php\/wp-json\/wp\/v2\/pages\/1875\/revisions"}],"predecessor-version":[{"id":1884,"href":"https:\/\/www.1ciedarcdevincennes.fr\/index.php\/wp-json\/wp\/v2\/pages\/1875\/revisions\/1884"}],"wp:attachment":[{"href":"https:\/\/www.1ciedarcdevincennes.fr\/index.php\/wp-json\/wp\/v2\/media?parent=1875"}],"curies":[{"name":"wp","href":"https:\/\/api.w.org\/{rel}","templated":true}]}}