{"id":1908,"date":"2019-04-06T20:40:13","date_gmt":"2019-04-06T18:40:13","guid":{"rendered":"http:\/\/www.1ciedarcdevincennes.fr\/?page_id=1908"},"modified":"2019-04-06T20:40:13","modified_gmt":"2019-04-06T18:40:13","slug":"abat-oiseau","status":"publish","type":"page","link":"https:\/\/www.1ciedarcdevincennes.fr\/index.php\/abat-oiseau\/","title":{"rendered":"Abat Oiseau"},"content":{"rendered":"<p><span style=\"font-size: 12pt;\">Nous avons un Empereur!!!!!<\/span><\/p>\n<p><span style=\"font-size: 12pt; color: #99004c;\">Olivier Paradis est devenu Roi pour la troisi\u00e8me fois cette ann\u00e9e le 17 mars 2019.<\/span><\/p>\n<p><a href=\"https:\/\/www.1ciedarcdevincennes.fr\/index.php\/abat-oiseau\/54731192_428924481191996_8731715001494011904_n\/\" rel=\"attachment wp-att-1910\"><img loading=\"lazy\" class=\"aligncenter size-full wp-image-1910\" src=\"https:\/\/www.1ciedarcdevincennes.fr\/wp-content\/uploads\/2019\/04\/54731192_428924481191996_8731715001494011904_n.jpg\" alt=\"\" width=\"720\" height=\"960\" srcset=\"https:\/\/www.1ciedarcdevincennes.fr\/wp-content\/uploads\/2019\/04\/54731192_428924481191996_8731715001494011904_n.jpg 720w, https:\/\/www.1ciedarcdevincennes.fr\/wp-content\/uploads\/2019\/04\/54731192_428924481191996_8731715001494011904_n-225x300.jpg 225w, https:\/\/www.1ciedarcdevincennes.fr\/wp-content\/uploads\/2019\/04\/54731192_428924481191996_8731715001494011904_n-230x307.jpg 230w, https:\/\/www.1ciedarcdevincennes.fr\/wp-content\/uploads\/2019\/04\/54731192_428924481191996_8731715001494011904_n-350x467.jpg 350w, https:\/\/www.1ciedarcdevincennes.fr\/wp-content\/uploads\/2019\/04\/54731192_428924481191996_8731715001494011904_n-480x640.jpg 480w\" sizes=\"(max-width: 720px) 100vw, 720px\" \/><\/a><\/p>\n<p>&nbsp;<\/p>\n<p><span style=\"font-size: 12pt;\">Pour \u00eatre roi au tir \u00e0 l&rsquo;arc, il faut toucher un petit oiseau en bois de la taille d&rsquo;un moineau \u00e0 50 m\u00e8tres et il faut le faire trois ann\u00e9es de suite pour devenir empereur.<\/span><\/p>\n<p>&nbsp;<\/p>\n<p style=\"text-align: center;\"><span style=\"font-size: 14pt;\"><strong>VIVE L EMPEREUR !!!!<\/strong><\/span><\/p>\n","protected":false},"excerpt":{"rendered":"<p>Nous avons un Empereur!!!!! Olivier Paradis est devenu Roi pour la troisi\u00e8me fois cette ann\u00e9e le 17 mars 2019. &nbsp; Pour \u00eatre [&hellip;]<\/p>\n","protected":false},"author":1,"featured_media":0,"parent":0,"menu_order":0,"comment_status":"closed","ping_status":"closed","template":"","meta":{"_mc_calendar":[]},"_links":{"self":[{"href":"https:\/\/www.1ciedarcdevincennes.fr\/index.php\/wp-json\/wp\/v2\/pages\/1908"}],"collection":[{"href":"https:\/\/www.1ciedarcdevincennes.fr\/index.php\/wp-json\/wp\/v2\/pages"}],"about":[{"href":"https:\/\/www.1ciedarcdevincennes.fr\/index.php\/wp-json\/wp\/v2\/types\/page"}],"author":[{"embeddable":true,"href":"https:\/\/www.1ciedarcdevincennes.fr\/index.php\/wp-json\/wp\/v2\/users\/1"}],"replies":[{"embeddable":true,"href":"https:\/\/www.1ciedarcdevincennes.fr\/index.php\/wp-json\/wp\/v2\/comments?post=1908"}],"version-history":[{"count":2,"href":"https:\/\/www.1ciedarcdevincennes.fr\/index.php\/wp-json\/wp\/v2\/pages\/1908\/revisions"}],"predecessor-version":[{"id":1912,"href":"https:\/\/www.1ciedarcdevincennes.fr\/index.php\/wp-json\/wp\/v2\/pages\/1908\/revisions\/1912"}],"wp:attachment":[{"href":"https:\/\/www.1ciedarcdevincennes.fr\/index.php\/wp-json\/wp\/v2\/media?parent=1908"}],"curies":[{"name":"wp","href":"https:\/\/api.w.org\/{rel}","templated":true}]}}