{"id":1919,"date":"2019-04-06T21:22:59","date_gmt":"2019-04-06T19:22:59","guid":{"rendered":"http:\/\/www.1ciedarcdevincennes.fr\/?page_id=1919"},"modified":"2019-04-12T17:23:45","modified_gmt":"2019-04-12T15:23:45","slug":"tir-de-printemps","status":"publish","type":"page","link":"https:\/\/www.1ciedarcdevincennes.fr\/index.php\/tir-de-printemps\/","title":{"rendered":"PRIX DE PRINTEMPS"},"content":{"rendered":"<p style=\"text-align: center;\">\n<p><a href=\"https:\/\/www.1ciedarcdevincennes.fr\/index.php\/tir-de-printemps\/img-20190405-wa0011\/\" rel=\"attachment wp-att-1922\"><img loading=\"lazy\" class=\"aligncenter size-full wp-image-1922\" src=\"https:\/\/www.1ciedarcdevincennes.fr\/wp-content\/uploads\/2019\/04\/IMG-20190405-WA0011.jpg\" alt=\"\" width=\"1600\" height=\"1600\" srcset=\"https:\/\/www.1ciedarcdevincennes.fr\/wp-content\/uploads\/2019\/04\/IMG-20190405-WA0011.jpg 1600w, https:\/\/www.1ciedarcdevincennes.fr\/wp-content\/uploads\/2019\/04\/IMG-20190405-WA0011-150x150.jpg 150w, https:\/\/www.1ciedarcdevincennes.fr\/wp-content\/uploads\/2019\/04\/IMG-20190405-WA0011-300x300.jpg 300w, https:\/\/www.1ciedarcdevincennes.fr\/wp-content\/uploads\/2019\/04\/IMG-20190405-WA0011-768x768.jpg 768w, https:\/\/www.1ciedarcdevincennes.fr\/wp-content\/uploads\/2019\/04\/IMG-20190405-WA0011-1024x1024.jpg 1024w, https:\/\/www.1ciedarcdevincennes.fr\/wp-content\/uploads\/2019\/04\/IMG-20190405-WA0011-830x830.jpg 830w, https:\/\/www.1ciedarcdevincennes.fr\/wp-content\/uploads\/2019\/04\/IMG-20190405-WA0011-230x230.jpg 230w, https:\/\/www.1ciedarcdevincennes.fr\/wp-content\/uploads\/2019\/04\/IMG-20190405-WA0011-350x350.jpg 350w, https:\/\/www.1ciedarcdevincennes.fr\/wp-content\/uploads\/2019\/04\/IMG-20190405-WA0011-480x480.jpg 480w\" sizes=\"(max-width: 1600px) 100vw, 1600px\" \/><\/a><\/p>\n<p style=\"text-align: center;\"><span style=\"font-family: 'comic sans ms', sans-serif; font-size: 12pt;\">Le Capitaine en pleine action !!!<\/span><\/p>\n<p><a href=\"https:\/\/www.1ciedarcdevincennes.fr\/index.php\/tir-de-printemps\/img-20190405-wa0015\/\" rel=\"attachment wp-att-1923\"><img loading=\"lazy\" class=\"aligncenter size-full wp-image-1923\" src=\"https:\/\/www.1ciedarcdevincennes.fr\/wp-content\/uploads\/2019\/04\/IMG-20190405-WA0015.jpg\" alt=\"\" width=\"901\" height=\"1600\" srcset=\"https:\/\/www.1ciedarcdevincennes.fr\/wp-content\/uploads\/2019\/04\/IMG-20190405-WA0015.jpg 901w, https:\/\/www.1ciedarcdevincennes.fr\/wp-content\/uploads\/2019\/04\/IMG-20190405-WA0015-169x300.jpg 169w, https:\/\/www.1ciedarcdevincennes.fr\/wp-content\/uploads\/2019\/04\/IMG-20190405-WA0015-768x1364.jpg 768w, https:\/\/www.1ciedarcdevincennes.fr\/wp-content\/uploads\/2019\/04\/IMG-20190405-WA0015-577x1024.jpg 577w, https:\/\/www.1ciedarcdevincennes.fr\/wp-content\/uploads\/2019\/04\/IMG-20190405-WA0015-830x1474.jpg 830w, https:\/\/www.1ciedarcdevincennes.fr\/wp-content\/uploads\/2019\/04\/IMG-20190405-WA0015-230x408.jpg 230w, https:\/\/www.1ciedarcdevincennes.fr\/wp-content\/uploads\/2019\/04\/IMG-20190405-WA0015-350x622.jpg 350w, https:\/\/www.1ciedarcdevincennes.fr\/wp-content\/uploads\/2019\/04\/IMG-20190405-WA0015-480x852.jpg 480w\" sizes=\"(max-width: 901px) 100vw, 901px\" \/><\/a><\/p>\n<p><span style=\"font-family: 'comic sans ms', sans-serif; font-size: 12pt;\">Voici les r\u00e9sultats du prix de printemps organis\u00e9 le 31 mars \u00e0 la Compagnie sous un soleil radieux.<\/span><\/p>\n<p><a href=\"https:\/\/www.1ciedarcdevincennes.fr\/index.php\/tir-de-printemps\/sans-titre\/\" rel=\"attachment wp-att-1920\"><img loading=\"lazy\" class=\"aligncenter size-full wp-image-1920\" src=\"https:\/\/www.1ciedarcdevincennes.fr\/wp-content\/uploads\/2019\/04\/Sans-titre.png\" alt=\"\" width=\"1152\" height=\"746\" srcset=\"https:\/\/www.1ciedarcdevincennes.fr\/wp-content\/uploads\/2019\/04\/Sans-titre.png 1152w, https:\/\/www.1ciedarcdevincennes.fr\/wp-content\/uploads\/2019\/04\/Sans-titre-300x194.png 300w, https:\/\/www.1ciedarcdevincennes.fr\/wp-content\/uploads\/2019\/04\/Sans-titre-768x497.png 768w, https:\/\/www.1ciedarcdevincennes.fr\/wp-content\/uploads\/2019\/04\/Sans-titre-1024x663.png 1024w, https:\/\/www.1ciedarcdevincennes.fr\/wp-content\/uploads\/2019\/04\/Sans-titre-830x537.png 830w, https:\/\/www.1ciedarcdevincennes.fr\/wp-content\/uploads\/2019\/04\/Sans-titre-230x149.png 230w, https:\/\/www.1ciedarcdevincennes.fr\/wp-content\/uploads\/2019\/04\/Sans-titre-350x227.png 350w, https:\/\/www.1ciedarcdevincennes.fr\/wp-content\/uploads\/2019\/04\/Sans-titre-480x311.png 480w\" sizes=\"(max-width: 1152px) 100vw, 1152px\" \/><\/a><\/p>\n<p><span style=\"font-family: 'comic sans ms', sans-serif; font-size: 12pt;\">Pr\u00e8s de 20 comp\u00e9titeurs se sont affront\u00e9s et Olivier Paradis, notre Empereur s\u2019est impos\u00e9 en classique.<\/span><\/p>\n<p><span style=\"font-family: 'comic sans ms', sans-serif; font-size: 12pt;\">Mais il faut noter qu\u2019il est talonn\u00e9 par Michel Allam en poulie qui a r\u00e9alis\u00e9 un tr\u00e8s beau score \u00e9galement.<\/span><\/p>\n<p><span style=\"font-family: 'comic sans ms', sans-serif; font-size: 12pt;\">De son cot\u00e9, Aur\u00e9lie Bauvieu s\u2019est \u00e9galement distingu\u00e9e chez les jeunes.<\/span><\/p>\n<p><span style=\"font-family: 'comic sans ms', sans-serif; font-size: 12pt;\">Comme \u00e0 l&rsquo;habitude l&rsquo;apr\u00e8s-midi s&rsquo;est termin\u00e9e par un buffet pr\u00e9par\u00e9 par Michel Allam\u00a0<\/span><\/p>\n<p><a href=\"https:\/\/www.1ciedarcdevincennes.fr\/index.php\/tir-de-printemps\/img-20190405-wa0007\/\" rel=\"attachment wp-att-1921\"><img loading=\"lazy\" class=\"aligncenter size-full wp-image-1921\" src=\"https:\/\/www.1ciedarcdevincennes.fr\/wp-content\/uploads\/2019\/04\/IMG-20190405-WA0007.jpg\" alt=\"\" width=\"1600\" height=\"1200\" srcset=\"https:\/\/www.1ciedarcdevincennes.fr\/wp-content\/uploads\/2019\/04\/IMG-20190405-WA0007.jpg 1600w, https:\/\/www.1ciedarcdevincennes.fr\/wp-content\/uploads\/2019\/04\/IMG-20190405-WA0007-300x225.jpg 300w, https:\/\/www.1ciedarcdevincennes.fr\/wp-content\/uploads\/2019\/04\/IMG-20190405-WA0007-768x576.jpg 768w, https:\/\/www.1ciedarcdevincennes.fr\/wp-content\/uploads\/2019\/04\/IMG-20190405-WA0007-1024x768.jpg 1024w, https:\/\/www.1ciedarcdevincennes.fr\/wp-content\/uploads\/2019\/04\/IMG-20190405-WA0007-830x623.jpg 830w, https:\/\/www.1ciedarcdevincennes.fr\/wp-content\/uploads\/2019\/04\/IMG-20190405-WA0007-230x173.jpg 230w, https:\/\/www.1ciedarcdevincennes.fr\/wp-content\/uploads\/2019\/04\/IMG-20190405-WA0007-350x263.jpg 350w, https:\/\/www.1ciedarcdevincennes.fr\/wp-content\/uploads\/2019\/04\/IMG-20190405-WA0007-480x360.jpg 480w\" sizes=\"(max-width: 1600px) 100vw, 1600px\" \/><\/a><\/p>\n","protected":false},"excerpt":{"rendered":"<p>Le Capitaine en pleine action !!! Voici les r\u00e9sultats du prix de printemps organis\u00e9 le 31 mars \u00e0 la Compagnie sous un [&hellip;]<\/p>\n","protected":false},"author":1,"featured_media":0,"parent":0,"menu_order":0,"comment_status":"closed","ping_status":"closed","template":"","meta":{"_mc_calendar":[]},"_links":{"self":[{"href":"https:\/\/www.1ciedarcdevincennes.fr\/index.php\/wp-json\/wp\/v2\/pages\/1919"}],"collection":[{"href":"https:\/\/www.1ciedarcdevincennes.fr\/index.php\/wp-json\/wp\/v2\/pages"}],"about":[{"href":"https:\/\/www.1ciedarcdevincennes.fr\/index.php\/wp-json\/wp\/v2\/types\/page"}],"author":[{"embeddable":true,"href":"https:\/\/www.1ciedarcdevincennes.fr\/index.php\/wp-json\/wp\/v2\/users\/1"}],"replies":[{"embeddable":true,"href":"https:\/\/www.1ciedarcdevincennes.fr\/index.php\/wp-json\/wp\/v2\/comments?post=1919"}],"version-history":[{"count":4,"href":"https:\/\/www.1ciedarcdevincennes.fr\/index.php\/wp-json\/wp\/v2\/pages\/1919\/revisions"}],"predecessor-version":[{"id":1930,"href":"https:\/\/www.1ciedarcdevincennes.fr\/index.php\/wp-json\/wp\/v2\/pages\/1919\/revisions\/1930"}],"wp:attachment":[{"href":"https:\/\/www.1ciedarcdevincennes.fr\/index.php\/wp-json\/wp\/v2\/media?parent=1919"}],"curies":[{"name":"wp","href":"https:\/\/api.w.org\/{rel}","templated":true}]}}