{"id":1954,"date":"2019-06-07T16:35:59","date_gmt":"2019-06-07T14:35:59","guid":{"rendered":"http:\/\/www.1ciedarcdevincennes.fr\/?page_id=1954"},"modified":"2019-06-07T16:35:59","modified_gmt":"2019-06-07T14:35:59","slug":"bouquet-provincial-2019","status":"publish","type":"page","link":"https:\/\/www.1ciedarcdevincennes.fr\/index.php\/actualites\/actualites-2019\/bouquet-provincial-2019\/","title":{"rendered":"Bouquet Provincial 2019"},"content":{"rendered":"<p><strong><u>LA 1ERE COMPAGNIE D ARC DE VINCENNES PRESENTE AU BOUQUET PROVINCIAL <\/u><\/strong><\/p>\n<p><strong><u>A BRIENNE LE CHATEAU LE 26 MAI 2019.<\/u><\/strong><\/p>\n<p><strong><u>\u00a0<\/u><\/strong><\/p>\n<p>Le Bouquet Provincial s\u2019est d\u00e9roul\u00e9 dimanche 26 mai \u00e0 40 km de Troyes, organis\u00e9 par la Compagnie des Archers Briennois.<\/p>\n<p><a href=\"https:\/\/www.1ciedarcdevincennes.fr\/index.php\/actualites\/actualites-2019\/bouquet-provincial-2019\/dsc00602-1200x869\/\" rel=\"attachment wp-att-1955\"><img loading=\"lazy\" class=\"wp-image-1955 alignleft\" src=\"https:\/\/www.1ciedarcdevincennes.fr\/wp-content\/uploads\/2019\/06\/DSC00602-1200x869.jpg\" alt=\"\" width=\"569\" height=\"412\" srcset=\"https:\/\/www.1ciedarcdevincennes.fr\/wp-content\/uploads\/2019\/06\/DSC00602-1200x869.jpg 1200w, https:\/\/www.1ciedarcdevincennes.fr\/wp-content\/uploads\/2019\/06\/DSC00602-1200x869-300x217.jpg 300w, https:\/\/www.1ciedarcdevincennes.fr\/wp-content\/uploads\/2019\/06\/DSC00602-1200x869-768x556.jpg 768w, https:\/\/www.1ciedarcdevincennes.fr\/wp-content\/uploads\/2019\/06\/DSC00602-1200x869-1024x742.jpg 1024w, https:\/\/www.1ciedarcdevincennes.fr\/wp-content\/uploads\/2019\/06\/DSC00602-1200x869-830x601.jpg 830w, https:\/\/www.1ciedarcdevincennes.fr\/wp-content\/uploads\/2019\/06\/DSC00602-1200x869-230x167.jpg 230w, https:\/\/www.1ciedarcdevincennes.fr\/wp-content\/uploads\/2019\/06\/DSC00602-1200x869-350x253.jpg 350w, https:\/\/www.1ciedarcdevincennes.fr\/wp-content\/uploads\/2019\/06\/DSC00602-1200x869-480x348.jpg 480w\" sizes=\"(max-width: 569px) 100vw, 569px\" \/><\/a><\/p>\n<p>13 archers et 3 accompagnateurs de Vincennes se sont joints \u00e0 notre Capitaine et \u00e0 notre Empereur pour la c\u00e9r\u00e9monie au monument aux morts, au repas et bien s\u00fbr au d\u00e9fil\u00e9.<\/p>\n<p><a href=\"https:\/\/www.1ciedarcdevincennes.fr\/index.php\/actualites\/actualites-2019\/bouquet-provincial-2019\/dsc00519-1200x832\/\" rel=\"attachment wp-att-1959\"><img loading=\"lazy\" class=\"aligncenter  wp-image-1959\" src=\"https:\/\/www.1ciedarcdevincennes.fr\/wp-content\/uploads\/2019\/06\/DSC00519-1200x832.jpg\" alt=\"\" width=\"563\" height=\"390\" srcset=\"https:\/\/www.1ciedarcdevincennes.fr\/wp-content\/uploads\/2019\/06\/DSC00519-1200x832.jpg 1200w, https:\/\/www.1ciedarcdevincennes.fr\/wp-content\/uploads\/2019\/06\/DSC00519-1200x832-300x208.jpg 300w, https:\/\/www.1ciedarcdevincennes.fr\/wp-content\/uploads\/2019\/06\/DSC00519-1200x832-768x532.jpg 768w, https:\/\/www.1ciedarcdevincennes.fr\/wp-content\/uploads\/2019\/06\/DSC00519-1200x832-1024x710.jpg 1024w, https:\/\/www.1ciedarcdevincennes.fr\/wp-content\/uploads\/2019\/06\/DSC00519-1200x832-830x575.jpg 830w, https:\/\/www.1ciedarcdevincennes.fr\/wp-content\/uploads\/2019\/06\/DSC00519-1200x832-230x159.jpg 230w, https:\/\/www.1ciedarcdevincennes.fr\/wp-content\/uploads\/2019\/06\/DSC00519-1200x832-350x243.jpg 350w, https:\/\/www.1ciedarcdevincennes.fr\/wp-content\/uploads\/2019\/06\/DSC00519-1200x832-480x333.jpg 480w\" sizes=\"(max-width: 563px) 100vw, 563px\" \/><\/a><\/p>\n<p>Nous \u00e9tions 275 compagnies \u00e0 d\u00e9filer et un grand merci \u00e0 Julien, notre Capitaine et \u00e0 David, qui ont sacrifi\u00e9 une nuit de sommeil pour nous permettre d\u2019\u00eatre en 25 \u00e8me position pour d\u00e9filer.<\/p>\n<p><a href=\"https:\/\/www.1ciedarcdevincennes.fr\/index.php\/actualites\/actualites-2019\/bouquet-provincial-2019\/dsc00602-1200x869-2\/\" rel=\"attachment wp-att-1960\"><img loading=\"lazy\" class=\"aligncenter  wp-image-1960\" src=\"https:\/\/www.1ciedarcdevincennes.fr\/wp-content\/uploads\/2019\/06\/DSC00602-1200x869-1.jpg\" alt=\"\" width=\"913\" height=\"661\" srcset=\"https:\/\/www.1ciedarcdevincennes.fr\/wp-content\/uploads\/2019\/06\/DSC00602-1200x869-1.jpg 1200w, https:\/\/www.1ciedarcdevincennes.fr\/wp-content\/uploads\/2019\/06\/DSC00602-1200x869-1-300x217.jpg 300w, https:\/\/www.1ciedarcdevincennes.fr\/wp-content\/uploads\/2019\/06\/DSC00602-1200x869-1-768x556.jpg 768w, https:\/\/www.1ciedarcdevincennes.fr\/wp-content\/uploads\/2019\/06\/DSC00602-1200x869-1-1024x742.jpg 1024w, https:\/\/www.1ciedarcdevincennes.fr\/wp-content\/uploads\/2019\/06\/DSC00602-1200x869-1-830x601.jpg 830w, https:\/\/www.1ciedarcdevincennes.fr\/wp-content\/uploads\/2019\/06\/DSC00602-1200x869-1-230x167.jpg 230w, https:\/\/www.1ciedarcdevincennes.fr\/wp-content\/uploads\/2019\/06\/DSC00602-1200x869-1-350x253.jpg 350w, https:\/\/www.1ciedarcdevincennes.fr\/wp-content\/uploads\/2019\/06\/DSC00602-1200x869-1-480x348.jpg 480w\" sizes=\"(max-width: 913px) 100vw, 913px\" \/><\/a><a href=\"https:\/\/www.1ciedarcdevincennes.fr\/index.php\/actualites\/actualites-2019\/bouquet-provincial-2019\/dsc00667-1200x874-2\/\" rel=\"attachment wp-att-1961\"><img loading=\"lazy\" class=\"aligncenter  wp-image-1961\" src=\"https:\/\/www.1ciedarcdevincennes.fr\/wp-content\/uploads\/2019\/06\/DSC00667-1200x874-2.jpg\" alt=\"\" width=\"908\" height=\"662\" srcset=\"https:\/\/www.1ciedarcdevincennes.fr\/wp-content\/uploads\/2019\/06\/DSC00667-1200x874-2.jpg 1200w, https:\/\/www.1ciedarcdevincennes.fr\/wp-content\/uploads\/2019\/06\/DSC00667-1200x874-2-300x219.jpg 300w, https:\/\/www.1ciedarcdevincennes.fr\/wp-content\/uploads\/2019\/06\/DSC00667-1200x874-2-768x559.jpg 768w, https:\/\/www.1ciedarcdevincennes.fr\/wp-content\/uploads\/2019\/06\/DSC00667-1200x874-2-1024x746.jpg 1024w, https:\/\/www.1ciedarcdevincennes.fr\/wp-content\/uploads\/2019\/06\/DSC00667-1200x874-2-830x605.jpg 830w, https:\/\/www.1ciedarcdevincennes.fr\/wp-content\/uploads\/2019\/06\/DSC00667-1200x874-2-550x400.jpg 550w, https:\/\/www.1ciedarcdevincennes.fr\/wp-content\/uploads\/2019\/06\/DSC00667-1200x874-2-230x168.jpg 230w, https:\/\/www.1ciedarcdevincennes.fr\/wp-content\/uploads\/2019\/06\/DSC00667-1200x874-2-350x255.jpg 350w, https:\/\/www.1ciedarcdevincennes.fr\/wp-content\/uploads\/2019\/06\/DSC00667-1200x874-2-480x350.jpg 480w\" sizes=\"(max-width: 908px) 100vw, 908px\" \/><\/a><\/p>\n<p>&nbsp;<\/p>\n<p>&nbsp;<\/p>\n<p>Celui-ci a commenc\u00e9 \u00e0 14h30 derri\u00e8re une fanfare au large r\u00e9pertoire, pour s\u2019achever au pied du ch\u00e2teau (o\u00f9 Bonaparte fut \u00e9l\u00e8ve) vers 16h30.<\/p>\n<p><a href=\"https:\/\/www.1ciedarcdevincennes.fr\/index.php\/actualites\/actualites-2019\/bouquet-provincial-2019\/20190526_063344\/\" rel=\"attachment wp-att-1957\"><img loading=\"lazy\" class=\"aligncenter  wp-image-1957\" src=\"https:\/\/www.1ciedarcdevincennes.fr\/wp-content\/uploads\/2019\/06\/20190526_063344.jpg\" alt=\"\" width=\"1604\" height=\"1203\" srcset=\"https:\/\/www.1ciedarcdevincennes.fr\/wp-content\/uploads\/2019\/06\/20190526_063344.jpg 4032w, https:\/\/www.1ciedarcdevincennes.fr\/wp-content\/uploads\/2019\/06\/20190526_063344-300x225.jpg 300w, https:\/\/www.1ciedarcdevincennes.fr\/wp-content\/uploads\/2019\/06\/20190526_063344-768x576.jpg 768w, https:\/\/www.1ciedarcdevincennes.fr\/wp-content\/uploads\/2019\/06\/20190526_063344-1024x768.jpg 1024w, https:\/\/www.1ciedarcdevincennes.fr\/wp-content\/uploads\/2019\/06\/20190526_063344-830x623.jpg 830w, https:\/\/www.1ciedarcdevincennes.fr\/wp-content\/uploads\/2019\/06\/20190526_063344-230x173.jpg 230w, https:\/\/www.1ciedarcdevincennes.fr\/wp-content\/uploads\/2019\/06\/20190526_063344-350x263.jpg 350w, https:\/\/www.1ciedarcdevincennes.fr\/wp-content\/uploads\/2019\/06\/20190526_063344-480x360.jpg 480w\" sizes=\"(max-width: 1604px) 100vw, 1604px\" \/><\/a><a href=\"https:\/\/www.1ciedarcdevincennes.fr\/index.php\/actualites\/actualites-2019\/bouquet-provincial-2019\/img-20190526-wa0002\/\" rel=\"attachment wp-att-1963\"><img loading=\"lazy\" class=\"aligncenter size-full wp-image-1963\" src=\"https:\/\/www.1ciedarcdevincennes.fr\/wp-content\/uploads\/2019\/06\/IMG-20190526-WA0002.jpg\" alt=\"\" width=\"1600\" height=\"654\" srcset=\"https:\/\/www.1ciedarcdevincennes.fr\/wp-content\/uploads\/2019\/06\/IMG-20190526-WA0002.jpg 1600w, https:\/\/www.1ciedarcdevincennes.fr\/wp-content\/uploads\/2019\/06\/IMG-20190526-WA0002-300x123.jpg 300w, https:\/\/www.1ciedarcdevincennes.fr\/wp-content\/uploads\/2019\/06\/IMG-20190526-WA0002-768x314.jpg 768w, https:\/\/www.1ciedarcdevincennes.fr\/wp-content\/uploads\/2019\/06\/IMG-20190526-WA0002-1024x419.jpg 1024w, https:\/\/www.1ciedarcdevincennes.fr\/wp-content\/uploads\/2019\/06\/IMG-20190526-WA0002-830x339.jpg 830w, https:\/\/www.1ciedarcdevincennes.fr\/wp-content\/uploads\/2019\/06\/IMG-20190526-WA0002-230x94.jpg 230w, https:\/\/www.1ciedarcdevincennes.fr\/wp-content\/uploads\/2019\/06\/IMG-20190526-WA0002-350x143.jpg 350w, https:\/\/www.1ciedarcdevincennes.fr\/wp-content\/uploads\/2019\/06\/IMG-20190526-WA0002-480x196.jpg 480w\" sizes=\"(max-width: 1600px) 100vw, 1600px\" \/><\/a><\/p>\n<p>Notre Chevalier Michel Allam a repr\u00e9sent\u00e9 la Compagnie \u00e0 la messe de tradition et nous l\u2019en remercions.<\/p>\n<p><a href=\"https:\/\/www.1ciedarcdevincennes.fr\/index.php\/actualites\/actualites-2019\/bouquet-provincial-2019\/dsc00678-799x1200\/\" rel=\"attachment wp-att-1962\"><img loading=\"lazy\" class=\"wp-image-1962 alignleft\" src=\"https:\/\/www.1ciedarcdevincennes.fr\/wp-content\/uploads\/2019\/06\/DSC00678-799x1200.jpg\" alt=\"\" width=\"430\" height=\"646\" srcset=\"https:\/\/www.1ciedarcdevincennes.fr\/wp-content\/uploads\/2019\/06\/DSC00678-799x1200.jpg 799w, https:\/\/www.1ciedarcdevincennes.fr\/wp-content\/uploads\/2019\/06\/DSC00678-799x1200-200x300.jpg 200w, https:\/\/www.1ciedarcdevincennes.fr\/wp-content\/uploads\/2019\/06\/DSC00678-799x1200-768x1153.jpg 768w, https:\/\/www.1ciedarcdevincennes.fr\/wp-content\/uploads\/2019\/06\/DSC00678-799x1200-682x1024.jpg 682w, https:\/\/www.1ciedarcdevincennes.fr\/wp-content\/uploads\/2019\/06\/DSC00678-799x1200-230x345.jpg 230w, https:\/\/www.1ciedarcdevincennes.fr\/wp-content\/uploads\/2019\/06\/DSC00678-799x1200-350x526.jpg 350w, https:\/\/www.1ciedarcdevincennes.fr\/wp-content\/uploads\/2019\/06\/DSC00678-799x1200-480x721.jpg 480w\" sizes=\"(max-width: 430px) 100vw, 430px\" \/><\/a><\/p>\n<p>&nbsp;<\/p>\n<p>&nbsp;<\/p>\n<p>&nbsp;<\/p>\n<p>&nbsp;<\/p>\n<p>&nbsp;<\/p>\n<p>&nbsp;<\/p>\n<p>&nbsp;<\/p>\n<p>&nbsp;<\/p>\n<p>&nbsp;<\/p>\n<p><strong><span style=\"font-size: 12pt;\">Tradition, soleil, convivialit\u00e9 et bien s\u00fbr bonne humeur furent les bons mots de cette journ\u00e9e.<\/span><\/strong><\/p>\n<p><strong><span style=\"font-size: 12pt;\">Rendez-vous l\u2019ann\u00e9e prochaine\u00a0!<\/span><\/strong><\/p>\n","protected":false},"excerpt":{"rendered":"<p>LA 1ERE COMPAGNIE D ARC DE VINCENNES PRESENTE AU BOUQUET PROVINCIAL A BRIENNE LE CHATEAU LE 26 MAI 2019. \u00a0 Le Bouquet [&hellip;]<\/p>\n","protected":false},"author":1,"featured_media":0,"parent":1762,"menu_order":0,"comment_status":"closed","ping_status":"closed","template":"","meta":{"_mc_calendar":[]},"_links":{"self":[{"href":"https:\/\/www.1ciedarcdevincennes.fr\/index.php\/wp-json\/wp\/v2\/pages\/1954"}],"collection":[{"href":"https:\/\/www.1ciedarcdevincennes.fr\/index.php\/wp-json\/wp\/v2\/pages"}],"about":[{"href":"https:\/\/www.1ciedarcdevincennes.fr\/index.php\/wp-json\/wp\/v2\/types\/page"}],"author":[{"embeddable":true,"href":"https:\/\/www.1ciedarcdevincennes.fr\/index.php\/wp-json\/wp\/v2\/users\/1"}],"replies":[{"embeddable":true,"href":"https:\/\/www.1ciedarcdevincennes.fr\/index.php\/wp-json\/wp\/v2\/comments?post=1954"}],"version-history":[{"count":3,"href":"https:\/\/www.1ciedarcdevincennes.fr\/index.php\/wp-json\/wp\/v2\/pages\/1954\/revisions"}],"predecessor-version":[{"id":1966,"href":"https:\/\/www.1ciedarcdevincennes.fr\/index.php\/wp-json\/wp\/v2\/pages\/1954\/revisions\/1966"}],"up":[{"embeddable":true,"href":"https:\/\/www.1ciedarcdevincennes.fr\/index.php\/wp-json\/wp\/v2\/pages\/1762"}],"wp:attachment":[{"href":"https:\/\/www.1ciedarcdevincennes.fr\/index.php\/wp-json\/wp\/v2\/media?parent=1954"}],"curies":[{"name":"wp","href":"https:\/\/api.w.org\/{rel}","templated":true}]}}