{"id":1997,"date":"2019-06-22T18:21:47","date_gmt":"2019-06-22T16:21:47","guid":{"rendered":"http:\/\/www.1ciedarcdevincennes.fr\/?page_id=1997"},"modified":"2019-06-22T19:09:50","modified_gmt":"2019-06-22T17:09:50","slug":"journee-des-sports-a-vincennes-edition-2019","status":"publish","type":"page","link":"https:\/\/www.1ciedarcdevincennes.fr\/index.php\/journee-des-sports-a-vincennes-edition-2019\/","title":{"rendered":"Journ\u00e9e des Sports \u00e0 Vincennes \u00e9dition 2019"},"content":{"rendered":"<p>Samedi 17 juin, sous un tr\u00e8s beau soleil, nous avons pu faire d\u00e9couvrir aux vincennois notre sport et notre Compagnie.<\/p>\n<p><a href=\"https:\/\/www.1ciedarcdevincennes.fr\/index.php\/journee-des-sports-a-vincennes-edition-2019\/attachment\/1\/\" rel=\"attachment wp-att-1998\"><img loading=\"lazy\" class=\"aligncenter size-full wp-image-1998\" src=\"https:\/\/www.1ciedarcdevincennes.fr\/wp-content\/uploads\/2019\/06\/1.jpg\" alt=\"\" width=\"1416\" height=\"688\" srcset=\"https:\/\/www.1ciedarcdevincennes.fr\/wp-content\/uploads\/2019\/06\/1.jpg 1416w, https:\/\/www.1ciedarcdevincennes.fr\/wp-content\/uploads\/2019\/06\/1-300x146.jpg 300w, https:\/\/www.1ciedarcdevincennes.fr\/wp-content\/uploads\/2019\/06\/1-768x373.jpg 768w, https:\/\/www.1ciedarcdevincennes.fr\/wp-content\/uploads\/2019\/06\/1-1024x498.jpg 1024w, https:\/\/www.1ciedarcdevincennes.fr\/wp-content\/uploads\/2019\/06\/1-830x403.jpg 830w, https:\/\/www.1ciedarcdevincennes.fr\/wp-content\/uploads\/2019\/06\/1-230x112.jpg 230w, https:\/\/www.1ciedarcdevincennes.fr\/wp-content\/uploads\/2019\/06\/1-350x170.jpg 350w, https:\/\/www.1ciedarcdevincennes.fr\/wp-content\/uploads\/2019\/06\/1-480x233.jpg 480w\" sizes=\"(max-width: 1416px) 100vw, 1416px\" \/><\/a><\/p>\n<p>A l\u2019occasion de la VI<sup>\u00e8me<\/sup> journ\u00e9e des Sports organis\u00e9e par la Ville, se tenait, parmi les multiples activit\u00e9s que propose Vincennes, notre stand.<\/p>\n<p><a href=\"https:\/\/www.1ciedarcdevincennes.fr\/index.php\/journee-des-sports-a-vincennes-edition-2019\/attachment\/2\/\" rel=\"attachment wp-att-1999\"><img loading=\"lazy\" class=\"aligncenter size-full wp-image-1999\" src=\"https:\/\/www.1ciedarcdevincennes.fr\/wp-content\/uploads\/2019\/06\/2.jpg\" alt=\"\" width=\"688\" height=\"1416\" srcset=\"https:\/\/www.1ciedarcdevincennes.fr\/wp-content\/uploads\/2019\/06\/2.jpg 688w, https:\/\/www.1ciedarcdevincennes.fr\/wp-content\/uploads\/2019\/06\/2-146x300.jpg 146w, https:\/\/www.1ciedarcdevincennes.fr\/wp-content\/uploads\/2019\/06\/2-498x1024.jpg 498w, https:\/\/www.1ciedarcdevincennes.fr\/wp-content\/uploads\/2019\/06\/2-230x473.jpg 230w, https:\/\/www.1ciedarcdevincennes.fr\/wp-content\/uploads\/2019\/06\/2-350x720.jpg 350w, https:\/\/www.1ciedarcdevincennes.fr\/wp-content\/uploads\/2019\/06\/2-480x988.jpg 480w\" sizes=\"(max-width: 688px) 100vw, 688px\" \/><\/a><\/p>\n<p>Chacun, sans limite d\u2019\u00e2ge pouvait s\u2019essayer \u00e0 l\u2019arc, avec un mat\u00e9riel adapt\u00e9 au d\u00e9butant, en tir ludique sur ballons de baudruche notamment.<\/p>\n<p><a href=\"https:\/\/www.1ciedarcdevincennes.fr\/index.php\/journee-des-sports-a-vincennes-edition-2019\/attachment\/3\/\" rel=\"attachment wp-att-2001\"><img loading=\"lazy\" class=\"aligncenter size-full wp-image-2001\" src=\"https:\/\/www.1ciedarcdevincennes.fr\/wp-content\/uploads\/2019\/06\/3.jpg\" alt=\"\" width=\"900\" height=\"1600\" srcset=\"https:\/\/www.1ciedarcdevincennes.fr\/wp-content\/uploads\/2019\/06\/3.jpg 900w, https:\/\/www.1ciedarcdevincennes.fr\/wp-content\/uploads\/2019\/06\/3-169x300.jpg 169w, https:\/\/www.1ciedarcdevincennes.fr\/wp-content\/uploads\/2019\/06\/3-768x1365.jpg 768w, https:\/\/www.1ciedarcdevincennes.fr\/wp-content\/uploads\/2019\/06\/3-576x1024.jpg 576w, https:\/\/www.1ciedarcdevincennes.fr\/wp-content\/uploads\/2019\/06\/3-830x1476.jpg 830w, https:\/\/www.1ciedarcdevincennes.fr\/wp-content\/uploads\/2019\/06\/3-230x409.jpg 230w, https:\/\/www.1ciedarcdevincennes.fr\/wp-content\/uploads\/2019\/06\/3-350x622.jpg 350w, https:\/\/www.1ciedarcdevincennes.fr\/wp-content\/uploads\/2019\/06\/3-480x853.jpg 480w\" sizes=\"(max-width: 900px) 100vw, 900px\" \/><\/a><\/p>\n<p>Petits et grands ont appr\u00e9ci\u00e9s ces moments d\u2019\u00e9change et de partage.<\/p>\n<p><a href=\"https:\/\/www.1ciedarcdevincennes.fr\/index.php\/journee-des-sports-a-vincennes-edition-2019\/attachment\/4\/\" rel=\"attachment wp-att-2003\"><img loading=\"lazy\" class=\"aligncenter size-full wp-image-2003\" src=\"https:\/\/www.1ciedarcdevincennes.fr\/wp-content\/uploads\/2019\/06\/4.jpg\" alt=\"\" width=\"1600\" height=\"1200\" srcset=\"https:\/\/www.1ciedarcdevincennes.fr\/wp-content\/uploads\/2019\/06\/4.jpg 1600w, https:\/\/www.1ciedarcdevincennes.fr\/wp-content\/uploads\/2019\/06\/4-300x225.jpg 300w, https:\/\/www.1ciedarcdevincennes.fr\/wp-content\/uploads\/2019\/06\/4-768x576.jpg 768w, https:\/\/www.1ciedarcdevincennes.fr\/wp-content\/uploads\/2019\/06\/4-1024x768.jpg 1024w, https:\/\/www.1ciedarcdevincennes.fr\/wp-content\/uploads\/2019\/06\/4-830x623.jpg 830w, https:\/\/www.1ciedarcdevincennes.fr\/wp-content\/uploads\/2019\/06\/4-230x173.jpg 230w, https:\/\/www.1ciedarcdevincennes.fr\/wp-content\/uploads\/2019\/06\/4-350x263.jpg 350w, https:\/\/www.1ciedarcdevincennes.fr\/wp-content\/uploads\/2019\/06\/4-480x360.jpg 480w\" sizes=\"(max-width: 1600px) 100vw, 1600px\" \/><\/a><\/p>\n<p style=\"text-align: center;\"><strong>Vous pourrez nous retrouver \u00e0 la journ\u00e9e des associations \u00e0 la rentr\u00e9e.<\/strong><\/p>\n<p><a href=\"https:\/\/www.dailymotion.com\/embed\/video\/x7bjene?autoPlay=0\">vid\u00e9o de la manifestation<\/a><\/p>\n","protected":false},"excerpt":{"rendered":"<p>Samedi 17 juin, sous un tr\u00e8s beau soleil, nous avons pu faire d\u00e9couvrir aux vincennois notre sport et notre Compagnie. A l\u2019occasion [&hellip;]<\/p>\n","protected":false},"author":1,"featured_media":0,"parent":0,"menu_order":0,"comment_status":"closed","ping_status":"closed","template":"","meta":{"_mc_calendar":[]},"_links":{"self":[{"href":"https:\/\/www.1ciedarcdevincennes.fr\/index.php\/wp-json\/wp\/v2\/pages\/1997"}],"collection":[{"href":"https:\/\/www.1ciedarcdevincennes.fr\/index.php\/wp-json\/wp\/v2\/pages"}],"about":[{"href":"https:\/\/www.1ciedarcdevincennes.fr\/index.php\/wp-json\/wp\/v2\/types\/page"}],"author":[{"embeddable":true,"href":"https:\/\/www.1ciedarcdevincennes.fr\/index.php\/wp-json\/wp\/v2\/users\/1"}],"replies":[{"embeddable":true,"href":"https:\/\/www.1ciedarcdevincennes.fr\/index.php\/wp-json\/wp\/v2\/comments?post=1997"}],"version-history":[{"count":4,"href":"https:\/\/www.1ciedarcdevincennes.fr\/index.php\/wp-json\/wp\/v2\/pages\/1997\/revisions"}],"predecessor-version":[{"id":2014,"href":"https:\/\/www.1ciedarcdevincennes.fr\/index.php\/wp-json\/wp\/v2\/pages\/1997\/revisions\/2014"}],"wp:attachment":[{"href":"https:\/\/www.1ciedarcdevincennes.fr\/index.php\/wp-json\/wp\/v2\/media?parent=1997"}],"curies":[{"name":"wp","href":"https:\/\/api.w.org\/{rel}","templated":true}]}}