{"id":2134,"date":"2019-09-23T23:24:37","date_gmt":"2019-09-23T21:24:37","guid":{"rendered":"http:\/\/www.1ciedarcdevincennes.fr\/?page_id=2134"},"modified":"2019-09-23T23:28:28","modified_gmt":"2019-09-23T21:28:28","slug":"a-lire-a-partir-du-22-septembre","status":"publish","type":"page","link":"https:\/\/www.1ciedarcdevincennes.fr\/index.php\/a-lire-a-partir-du-22-septembre\/","title":{"rendered":"A lire &#8211; \u00e0 partir du 22 septembre"},"content":{"rendered":"<p>Chers amis, chers visiteurs,<\/p>\n<p>C\u2019est avec une infinie peine que nous vous informons que le toit de notre all\u00e9e centrale \u00e0 la Compagnie s&rsquo;est effondr\u00e9. Nous investiguons sur les causes de ce sinistre.<\/p>\n<p>Nous sommes dans l\u2019incapacit\u00e9 d\u2019accueillir des archers pour le moment, jusqu\u2019\u00e0 ce que les lieux soient s\u00e9curis\u00e9s.<\/p>\n<p>Aussi, nous ne pouvons pas pr\u00eater notre jeu pour le Championnat de France Beursault du 6 octobre prochain.<\/p>\n<p>Nous vous tiendrons inform\u00e9s sur cette page, notamment pour les \u00e9v\u00e9nements sportifs pr\u00e9vus dans les semaines \u00e0 venir.<\/p>\n<p>A tr\u00e8s vite,<\/p>\n<p>Toute la compagnie.<\/p>\n<p><a href=\"https:\/\/www.1ciedarcdevincennes.fr\/index.php\/a-lire-a-partir-du-22-septembre\/ff\/\" rel=\"attachment wp-att-2135\"><img loading=\"lazy\" class=\"alignleft  wp-image-2135\" src=\"https:\/\/www.1ciedarcdevincennes.fr\/wp-content\/uploads\/2019\/09\/ff.png\" alt=\"\" width=\"370\" height=\"487\" srcset=\"https:\/\/www.1ciedarcdevincennes.fr\/wp-content\/uploads\/2019\/09\/ff.png 644w, https:\/\/www.1ciedarcdevincennes.fr\/wp-content\/uploads\/2019\/09\/ff-228x300.png 228w, https:\/\/www.1ciedarcdevincennes.fr\/wp-content\/uploads\/2019\/09\/ff-230x303.png 230w, https:\/\/www.1ciedarcdevincennes.fr\/wp-content\/uploads\/2019\/09\/ff-350x461.png 350w, https:\/\/www.1ciedarcdevincennes.fr\/wp-content\/uploads\/2019\/09\/ff-480x632.png 480w\" sizes=\"(max-width: 370px) 100vw, 370px\" \/><\/a><a href=\"https:\/\/www.1ciedarcdevincennes.fr\/index.php\/a-lire-a-partir-du-22-septembre\/gg\/\" rel=\"attachment wp-att-2136\"><img loading=\"lazy\" class=\"alignright  wp-image-2136\" src=\"https:\/\/www.1ciedarcdevincennes.fr\/wp-content\/uploads\/2019\/09\/gg.png\" alt=\"\" width=\"367\" height=\"487\" srcset=\"https:\/\/www.1ciedarcdevincennes.fr\/wp-content\/uploads\/2019\/09\/gg.png 641w, https:\/\/www.1ciedarcdevincennes.fr\/wp-content\/uploads\/2019\/09\/gg-226x300.png 226w, https:\/\/www.1ciedarcdevincennes.fr\/wp-content\/uploads\/2019\/09\/gg-230x305.png 230w, https:\/\/www.1ciedarcdevincennes.fr\/wp-content\/uploads\/2019\/09\/gg-350x464.png 350w, https:\/\/www.1ciedarcdevincennes.fr\/wp-content\/uploads\/2019\/09\/gg-480x637.png 480w\" sizes=\"(max-width: 367px) 100vw, 367px\" \/><\/a><\/p>\n","protected":false},"excerpt":{"rendered":"<p>Chers amis, chers visiteurs, C\u2019est avec une infinie peine que nous vous informons que le toit de notre all\u00e9e centrale \u00e0 la [&hellip;]<\/p>\n","protected":false},"author":1,"featured_media":0,"parent":0,"menu_order":0,"comment_status":"closed","ping_status":"closed","template":"","meta":{"_mc_calendar":[]},"_links":{"self":[{"href":"https:\/\/www.1ciedarcdevincennes.fr\/index.php\/wp-json\/wp\/v2\/pages\/2134"}],"collection":[{"href":"https:\/\/www.1ciedarcdevincennes.fr\/index.php\/wp-json\/wp\/v2\/pages"}],"about":[{"href":"https:\/\/www.1ciedarcdevincennes.fr\/index.php\/wp-json\/wp\/v2\/types\/page"}],"author":[{"embeddable":true,"href":"https:\/\/www.1ciedarcdevincennes.fr\/index.php\/wp-json\/wp\/v2\/users\/1"}],"replies":[{"embeddable":true,"href":"https:\/\/www.1ciedarcdevincennes.fr\/index.php\/wp-json\/wp\/v2\/comments?post=2134"}],"version-history":[{"count":4,"href":"https:\/\/www.1ciedarcdevincennes.fr\/index.php\/wp-json\/wp\/v2\/pages\/2134\/revisions"}],"predecessor-version":[{"id":2141,"href":"https:\/\/www.1ciedarcdevincennes.fr\/index.php\/wp-json\/wp\/v2\/pages\/2134\/revisions\/2141"}],"wp:attachment":[{"href":"https:\/\/www.1ciedarcdevincennes.fr\/index.php\/wp-json\/wp\/v2\/media?parent=2134"}],"curies":[{"name":"wp","href":"https:\/\/api.w.org\/{rel}","templated":true}]}}