{"id":2154,"date":"2019-09-27T22:35:39","date_gmt":"2019-09-27T20:35:39","guid":{"rendered":"http:\/\/www.1ciedarcdevincennes.fr\/?page_id=2154"},"modified":"2019-09-27T23:05:56","modified_gmt":"2019-09-27T21:05:56","slug":"vincennes-plus-beau-jeu-darc-dlle-de-france","status":"publish","type":"page","link":"https:\/\/www.1ciedarcdevincennes.fr\/index.php\/vincennes-plus-beau-jeu-darc-dlle-de-france\/","title":{"rendered":"Vincennes : Plus beau jeu d&rsquo;arc d&rsquo;lle de France"},"content":{"rendered":"<p>Le jeu d&rsquo;arc de Vincennes a \u00e9t\u00e9 consacr\u00e9 plus beau jeu d&rsquo;arc d&rsquo;Ile de France par la F\u00e9d\u00e9ration Fran\u00e7aise de Tir \u00e0 l&rsquo;arc<\/p>\n<p>regardez la vid\u00e9o :<a href=\"https:\/\/www.youtube.com\/watch?v=mtQVwLjc8Lw&amp;feature=youtu.be\">https:\/\/www.youtube.com\/watch?v=mtQVwLjc8Lw&amp;feature=youtu.be<\/a><\/p>\n","protected":false},"excerpt":{"rendered":"<p>Le jeu d&rsquo;arc de Vincennes a \u00e9t\u00e9 consacr\u00e9 plus beau jeu d&rsquo;arc d&rsquo;Ile de France par la F\u00e9d\u00e9ration Fran\u00e7aise de Tir \u00e0 [&hellip;]<\/p>\n","protected":false},"author":1,"featured_media":0,"parent":0,"menu_order":0,"comment_status":"closed","ping_status":"closed","template":"","meta":{"_mc_calendar":[]},"_links":{"self":[{"href":"https:\/\/www.1ciedarcdevincennes.fr\/index.php\/wp-json\/wp\/v2\/pages\/2154"}],"collection":[{"href":"https:\/\/www.1ciedarcdevincennes.fr\/index.php\/wp-json\/wp\/v2\/pages"}],"about":[{"href":"https:\/\/www.1ciedarcdevincennes.fr\/index.php\/wp-json\/wp\/v2\/types\/page"}],"author":[{"embeddable":true,"href":"https:\/\/www.1ciedarcdevincennes.fr\/index.php\/wp-json\/wp\/v2\/users\/1"}],"replies":[{"embeddable":true,"href":"https:\/\/www.1ciedarcdevincennes.fr\/index.php\/wp-json\/wp\/v2\/comments?post=2154"}],"version-history":[{"count":5,"href":"https:\/\/www.1ciedarcdevincennes.fr\/index.php\/wp-json\/wp\/v2\/pages\/2154\/revisions"}],"predecessor-version":[{"id":2161,"href":"https:\/\/www.1ciedarcdevincennes.fr\/index.php\/wp-json\/wp\/v2\/pages\/2154\/revisions\/2161"}],"wp:attachment":[{"href":"https:\/\/www.1ciedarcdevincennes.fr\/index.php\/wp-json\/wp\/v2\/media?parent=2154"}],"curies":[{"name":"wp","href":"https:\/\/api.w.org\/{rel}","templated":true}]}}