{"id":217,"date":"2016-09-30T22:51:30","date_gmt":"2016-09-30T20:51:30","guid":{"rendered":"http:\/\/www.1ciedarcdevincennes.fr\/?page_id=217"},"modified":"2017-05-14T20:47:44","modified_gmt":"2017-05-14T18:47:44","slug":"saint-sebastien","status":"publish","type":"page","link":"https:\/\/www.1ciedarcdevincennes.fr\/index.php\/histoire-et-traditions\/saint-sebastien\/","title":{"rendered":"Saint S\u00e9bastien"},"content":{"rendered":"<p><span style=\"text-decoration: underline;\"><strong><span style=\"color: #000000; font-size: 18pt;\"><em><span style=\"font-family: 'comic sans ms', sans-serif;\">Patron des Archers<\/span><\/em><\/span><\/strong><\/span><\/p>\n<p>&nbsp;<\/p>\n<p><span style=\"color: #000000;\"><em><span style=\"font-family: 'comic sans ms', sans-serif; font-size: 14pt;\">Saint S\u00e9bastien na\u00eet aux alentours de 260 \u00e0\u00a0Narbonne.\u00a0Ses parents, un noble du pays et sa dame, sont chr\u00e9tiens fervents. Ils s\u2019installent \u00e0 Milan. Devenu adulte,\u00a0S\u00e9bastien se rend \u00e0 Rome alors qu\u2019\u00e9clate la neuvi\u00e8me pers\u00e9cution envers les chr\u00e9tiens.\u00a0Il s\u2019engage dans l\u2019arm\u00e9e afin d\u2019\u00eatre libre de ses mouvements et venir ainsi en aide aux chr\u00e9tiens martyris\u00e9s.<\/span><\/em><\/span><\/p>\n<p><span style=\"color: #000000;\"><em><span style=\"font-family: 'comic sans ms', sans-serif; font-size: 14pt;\">L\u2019empereur\u00a0Diocl\u00e9tien le nomme capitaine de la garde Pr\u00e9torienne, ignorant qu\u2019il est chr\u00e9tien. <\/span><\/em><\/span><\/p>\n<p><span style=\"color: #000000;\"><em><span style=\"font-family: 'comic sans ms', sans-serif; font-size: 14pt;\">Il a aid\u00e9 des chr\u00e9tiens prisonniers et s\u2019est\u00a0fait baptiser avec sa famille et de nombreux soldats. C\u2019est dans ce contexte que Diocl\u00e9tien apprit la foi de Saint S\u00e9bastien et\u00a0donna \u00e0 ses soldats l\u2019ordre de l\u2019ex\u00e9cuter en le transper\u00e7ant de fl\u00e8ches. Les archers tir\u00e8rent jusqu&rsquo;\u00e0 ce qu\u2019il soit recouvert de\u00a0fl\u00e8ches comme un h\u00e9risson.<\/span><\/em><\/span><\/p>\n<p><span style=\"color: #000000;\"><em><span style=\"font-family: 'comic sans ms', sans-serif; font-size: 14pt;\">Selon la l\u00e9gende, les archers, qui avaient beaucoup d\u2019estime pour leur chef, auraient \u00e9vit\u00e9 de viser le coeur, si bien que\u00a0S\u00e9bastien ne succomba pas \u00e0 ses blessures. <\/span><\/em><\/span><\/p>\n<p><span style=\"color: #000000;\"><em><span style=\"font-family: 'comic sans ms', sans-serif; font-size: 14pt;\">Une fois soign\u00e9, Saint S\u00e9bastien retourna voir l\u2019empereur pour lui reprocher sa\u00a0cruaut\u00e9 envers les Chr\u00e9tiens. Diocl\u00e9tien le fit alors rouer de coups jusqu&rsquo;\u00e0 la mort et ordonna que son corps soit jet\u00e9 dans les\u00a0\u00e9gouts de Rome.<\/span><\/em><\/span><\/p>\n<p><span style=\"color: #000000;\"><em><span style=\"font-family: 'comic sans ms', sans-serif; font-size: 14pt;\">Chaque ann\u00e9e, le 20 janvier ou le week-end qui suit cette date, la Compagnie c\u00e9l\u00e8bre la Saint S\u00e9bastien et\u00a0organise \u00e0 cet effet un tir traditionnel de Compagnie sur cible Beursault.<\/span><\/em><\/span><\/p>\n","protected":false},"excerpt":{"rendered":"<p>Patron des Archers &nbsp; Saint S\u00e9bastien na\u00eet aux alentours de 260 \u00e0\u00a0Narbonne.\u00a0Ses parents, un noble du pays et sa dame, sont chr\u00e9tiens [&hellip;]<\/p>\n","protected":false},"author":1,"featured_media":0,"parent":30,"menu_order":0,"comment_status":"closed","ping_status":"closed","template":"page-templates\/page_fullwidth.php","meta":{"_mc_calendar":[]},"_links":{"self":[{"href":"https:\/\/www.1ciedarcdevincennes.fr\/index.php\/wp-json\/wp\/v2\/pages\/217"}],"collection":[{"href":"https:\/\/www.1ciedarcdevincennes.fr\/index.php\/wp-json\/wp\/v2\/pages"}],"about":[{"href":"https:\/\/www.1ciedarcdevincennes.fr\/index.php\/wp-json\/wp\/v2\/types\/page"}],"author":[{"embeddable":true,"href":"https:\/\/www.1ciedarcdevincennes.fr\/index.php\/wp-json\/wp\/v2\/users\/1"}],"replies":[{"embeddable":true,"href":"https:\/\/www.1ciedarcdevincennes.fr\/index.php\/wp-json\/wp\/v2\/comments?post=217"}],"version-history":[{"count":3,"href":"https:\/\/www.1ciedarcdevincennes.fr\/index.php\/wp-json\/wp\/v2\/pages\/217\/revisions"}],"predecessor-version":[{"id":244,"href":"https:\/\/www.1ciedarcdevincennes.fr\/index.php\/wp-json\/wp\/v2\/pages\/217\/revisions\/244"}],"up":[{"embeddable":true,"href":"https:\/\/www.1ciedarcdevincennes.fr\/index.php\/wp-json\/wp\/v2\/pages\/30"}],"wp:attachment":[{"href":"https:\/\/www.1ciedarcdevincennes.fr\/index.php\/wp-json\/wp\/v2\/media?parent=217"}],"curies":[{"name":"wp","href":"https:\/\/api.w.org\/{rel}","templated":true}]}}