{"id":2223,"date":"2020-02-07T13:41:00","date_gmt":"2020-02-07T12:41:00","guid":{"rendered":"http:\/\/www.1ciedarcdevincennes.fr\/?page_id=2223"},"modified":"2020-09-05T18:22:40","modified_gmt":"2020-09-05T16:22:40","slug":"actualites-2020","status":"publish","type":"page","link":"https:\/\/www.1ciedarcdevincennes.fr\/index.php\/actualites-2020\/","title":{"rendered":"Actualit\u00e9s 2020"},"content":{"rendered":"<p><em><strong>cliquer sur l&rsquo;\u00e9l\u00e9ment souhait\u00e9 pour voir appara\u00eetre l&rsquo;article correspondant<\/strong><\/em><\/p>\n<p>\u00a0<\/p>\n<ul>\n<li><a href=\"5-septembre-2020-journee-des-associations-de-vincennes\"><em>Journ\u00e9e des Associations<\/em><\/a><\/li>\n<li><a href=\"https:\/\/www.1ciedarcdevincennes.fr\/wp-content\/uploads\/2020\/05\/Annotation-2020-05-01-175714.png\"><em>D\u00e9c\u00e8s de Gilbert OLIVIER<\/em><\/a><\/li>\n<li><a href=\"https:\/\/www.1ciedarcdevincennes.fr\/index.php\/la-coupe-pages-est-de-retour-a-vincennes\/\"><em>Coupe Pag\u00e8s<\/em><\/a><\/li>\n<li><a href=\"https:\/\/www.1ciedarcdevincennes.fr\/index.php\/medaille-des-benevoles-de-vincennes\/\"><em>M\u00e9daille des b\u00e9n\u00e9voles &#8211; Christian Boudinet<\/em><\/a><\/li>\n<\/ul>\n\n","protected":false},"excerpt":{"rendered":"<p>cliquer sur l&rsquo;\u00e9l\u00e9ment souhait\u00e9 pour voir appara\u00eetre l&rsquo;article correspondant \u00a0 Journ\u00e9e des Associations D\u00e9c\u00e8s de Gilbert OLIVIER Coupe Pag\u00e8s M\u00e9daille des b\u00e9n\u00e9voles [&hellip;]<\/p>\n","protected":false},"author":1,"featured_media":0,"parent":0,"menu_order":0,"comment_status":"closed","ping_status":"closed","template":"","meta":{"_mc_calendar":[]},"_links":{"self":[{"href":"https:\/\/www.1ciedarcdevincennes.fr\/index.php\/wp-json\/wp\/v2\/pages\/2223"}],"collection":[{"href":"https:\/\/www.1ciedarcdevincennes.fr\/index.php\/wp-json\/wp\/v2\/pages"}],"about":[{"href":"https:\/\/www.1ciedarcdevincennes.fr\/index.php\/wp-json\/wp\/v2\/types\/page"}],"author":[{"embeddable":true,"href":"https:\/\/www.1ciedarcdevincennes.fr\/index.php\/wp-json\/wp\/v2\/users\/1"}],"replies":[{"embeddable":true,"href":"https:\/\/www.1ciedarcdevincennes.fr\/index.php\/wp-json\/wp\/v2\/comments?post=2223"}],"version-history":[{"count":9,"href":"https:\/\/www.1ciedarcdevincennes.fr\/index.php\/wp-json\/wp\/v2\/pages\/2223\/revisions"}],"predecessor-version":[{"id":2321,"href":"https:\/\/www.1ciedarcdevincennes.fr\/index.php\/wp-json\/wp\/v2\/pages\/2223\/revisions\/2321"}],"wp:attachment":[{"href":"https:\/\/www.1ciedarcdevincennes.fr\/index.php\/wp-json\/wp\/v2\/media?parent=2223"}],"curies":[{"name":"wp","href":"https:\/\/api.w.org\/{rel}","templated":true}]}}