{"id":2230,"date":"2020-02-07T13:48:51","date_gmt":"2020-02-07T12:48:51","guid":{"rendered":"http:\/\/www.1ciedarcdevincennes.fr\/?page_id=2230"},"modified":"2020-02-12T20:47:46","modified_gmt":"2020-02-12T19:47:46","slug":"la-coupe-pages-est-de-retour-a-vincennes","status":"publish","type":"page","link":"https:\/\/www.1ciedarcdevincennes.fr\/index.php\/la-coupe-pages-est-de-retour-a-vincennes\/","title":{"rendered":"La Coupe Pag\u00e8s est de retour \u00e0 Vincennes !"},"content":{"rendered":"<p>La Comp\u00e9tition a eu lieu au CTS de Chennevi\u00e8res sur Marne, dimanche 2 f\u00e9vrier.<\/p>\n<p>Noisy le Grand, compagnie organisatrice accueillait 137 participants des compagnies de Noisy le Grand, Chennevi\u00e8res, Villiers, Fontenay et Vincennes.<\/p>\n<p>Nos d\u00e9butants ont quasiment tous particip\u00e9s, les anciens \u00e9taient \u00e9galement nombreux et je les en f\u00e9licite &#x1f60a;<\/p>\n<p>La Compagnie \u00e9tait ainsi repr\u00e9sent\u00e9e par plus de 35 Archers (d\u00e9butants et confirm\u00e9s).<\/p>\n<p>Ce\u00a0fut\u00a0tr\u00e8s\u00a0serr\u00e9\u00a0avec\u00a0une arriv\u00e9e group\u00e9e pour 3 de nos archers, Rod, Benjamin et J\u00e9r\u00f4me T. \u00e0 \u00e9galit\u00e9 de points et de 10 d\u00e9partag\u00e9s au nombre de 9<\/p>\n<p><u>Tr\u00e8s belle moisson\u00a0de\u00a019 m\u00e9dailles\u00a0par\u00a0nos\u00a0archers:<\/u><\/p>\n<p>6\u00a0en\u00a0\u00ab\u00a0OR\u00a0\u00bb:\u00a0Zo\u00e9 (avec un tr\u00e8s belle performance), Aur\u00e9lie,\u00a0Gauthier, R\u00e9mi et\u00a0Antoine et Julien,<\/p>\n<p>5\u00a0en\u00a0\u00ab\u00a0ARGENT\u00a0\u00bb:\u00a0Pauline, Rod,\u00a0Damien, Th\u00e9ophane et Fred V.<\/p>\n<p>8\u00a0en\u00a0\u00ab\u00a0BRONZE\u00a0\u00bb:\u00a0Annick, Anne, Pierre,\u00a0Maxence,\u00a0Luck,\u00a0Fred F., Benjamin et\u00a0Michel.<\/p>\n<p>\u00c0\u00a0noter\u00a0un\u00a0podium\u00a0\u00e0\u00a0100%\u00a0Vincennois\u00a0avec\u00a0Gauthier,\u00a0Damien\u00a0et\u00a0Luck.<\/p>\n<p>Bravo et f\u00e9licitation \u00e0 tous nos archers accompagnateurs et tireurs.<\/p>\n<p><a href=\"https:\/\/www.1ciedarcdevincennes.fr\/index.php\/la-coupe-pages-est-de-retour-a-vincennes\/20200202_1830441720\/\" rel=\"attachment wp-att-2239\"><img loading=\"lazy\" class=\"alignright size-full wp-image-2239\" src=\"https:\/\/www.1ciedarcdevincennes.fr\/wp-content\/uploads\/2020\/02\/20200202_1830441720-scaled.jpg\" alt=\"\" width=\"1439\" height=\"2560\" srcset=\"https:\/\/www.1ciedarcdevincennes.fr\/wp-content\/uploads\/2020\/02\/20200202_1830441720-scaled.jpg 1439w, https:\/\/www.1ciedarcdevincennes.fr\/wp-content\/uploads\/2020\/02\/20200202_1830441720-169x300.jpg 169w, https:\/\/www.1ciedarcdevincennes.fr\/wp-content\/uploads\/2020\/02\/20200202_1830441720-576x1024.jpg 576w, https:\/\/www.1ciedarcdevincennes.fr\/wp-content\/uploads\/2020\/02\/20200202_1830441720-768x1366.jpg 768w, https:\/\/www.1ciedarcdevincennes.fr\/wp-content\/uploads\/2020\/02\/20200202_1830441720-863x1536.jpg 863w, https:\/\/www.1ciedarcdevincennes.fr\/wp-content\/uploads\/2020\/02\/20200202_1830441720-1151x2048.jpg 1151w, https:\/\/www.1ciedarcdevincennes.fr\/wp-content\/uploads\/2020\/02\/20200202_1830441720-830x1476.jpg 830w, https:\/\/www.1ciedarcdevincennes.fr\/wp-content\/uploads\/2020\/02\/20200202_1830441720-230x409.jpg 230w, https:\/\/www.1ciedarcdevincennes.fr\/wp-content\/uploads\/2020\/02\/20200202_1830441720-350x623.jpg 350w, https:\/\/www.1ciedarcdevincennes.fr\/wp-content\/uploads\/2020\/02\/20200202_1830441720-480x854.jpg 480w\" sizes=\"(max-width: 1439px) 100vw, 1439px\" \/><\/a> <a href=\"https:\/\/www.1ciedarcdevincennes.fr\/index.php\/la-coupe-pages-est-de-retour-a-vincennes\/20200202_1839021723\/\" rel=\"attachment wp-att-2240\"><img loading=\"lazy\" class=\"alignright size-full wp-image-2240\" src=\"https:\/\/www.1ciedarcdevincennes.fr\/wp-content\/uploads\/2020\/02\/20200202_1839021723-scaled.jpg\" alt=\"\" width=\"1920\" height=\"2560\" srcset=\"https:\/\/www.1ciedarcdevincennes.fr\/wp-content\/uploads\/2020\/02\/20200202_1839021723-scaled.jpg 1920w, https:\/\/www.1ciedarcdevincennes.fr\/wp-content\/uploads\/2020\/02\/20200202_1839021723-225x300.jpg 225w, https:\/\/www.1ciedarcdevincennes.fr\/wp-content\/uploads\/2020\/02\/20200202_1839021723-768x1024.jpg 768w, https:\/\/www.1ciedarcdevincennes.fr\/wp-content\/uploads\/2020\/02\/20200202_1839021723-1152x1536.jpg 1152w, https:\/\/www.1ciedarcdevincennes.fr\/wp-content\/uploads\/2020\/02\/20200202_1839021723-1536x2048.jpg 1536w, https:\/\/www.1ciedarcdevincennes.fr\/wp-content\/uploads\/2020\/02\/20200202_1839021723-830x1107.jpg 830w, https:\/\/www.1ciedarcdevincennes.fr\/wp-content\/uploads\/2020\/02\/20200202_1839021723-230x307.jpg 230w, https:\/\/www.1ciedarcdevincennes.fr\/wp-content\/uploads\/2020\/02\/20200202_1839021723-350x467.jpg 350w, https:\/\/www.1ciedarcdevincennes.fr\/wp-content\/uploads\/2020\/02\/20200202_1839021723-480x640.jpg 480w\" sizes=\"(max-width: 1920px) 100vw, 1920px\" \/><\/a> <a href=\"https:\/\/www.1ciedarcdevincennes.fr\/index.php\/la-coupe-pages-est-de-retour-a-vincennes\/20200202_1838081722\/\" rel=\"attachment wp-att-2241\"><img loading=\"lazy\" class=\"alignright size-full wp-image-2241\" src=\"https:\/\/www.1ciedarcdevincennes.fr\/wp-content\/uploads\/2020\/02\/20200202_1838081722-scaled.jpg\" alt=\"\" width=\"1981\" height=\"2560\" srcset=\"https:\/\/www.1ciedarcdevincennes.fr\/wp-content\/uploads\/2020\/02\/20200202_1838081722-scaled.jpg 1981w, https:\/\/www.1ciedarcdevincennes.fr\/wp-content\/uploads\/2020\/02\/20200202_1838081722-232x300.jpg 232w, https:\/\/www.1ciedarcdevincennes.fr\/wp-content\/uploads\/2020\/02\/20200202_1838081722-792x1024.jpg 792w, https:\/\/www.1ciedarcdevincennes.fr\/wp-content\/uploads\/2020\/02\/20200202_1838081722-768x993.jpg 768w, https:\/\/www.1ciedarcdevincennes.fr\/wp-content\/uploads\/2020\/02\/20200202_1838081722-1188x1536.jpg 1188w, https:\/\/www.1ciedarcdevincennes.fr\/wp-content\/uploads\/2020\/02\/20200202_1838081722-1585x2048.jpg 1585w, https:\/\/www.1ciedarcdevincennes.fr\/wp-content\/uploads\/2020\/02\/20200202_1838081722-830x1073.jpg 830w, https:\/\/www.1ciedarcdevincennes.fr\/wp-content\/uploads\/2020\/02\/20200202_1838081722-230x297.jpg 230w, https:\/\/www.1ciedarcdevincennes.fr\/wp-content\/uploads\/2020\/02\/20200202_1838081722-350x452.jpg 350w, https:\/\/www.1ciedarcdevincennes.fr\/wp-content\/uploads\/2020\/02\/20200202_1838081722-480x620.jpg 480w\" sizes=\"(max-width: 1981px) 100vw, 1981px\" \/><\/a> <a href=\"https:\/\/www.1ciedarcdevincennes.fr\/index.php\/la-coupe-pages-est-de-retour-a-vincennes\/20200202_1825471718\/\" rel=\"attachment wp-att-2242\"><img loading=\"lazy\" class=\"alignright size-full wp-image-2242\" src=\"https:\/\/www.1ciedarcdevincennes.fr\/wp-content\/uploads\/2020\/02\/20200202_1825471718-scaled.jpg\" alt=\"\" width=\"1919\" height=\"2560\" srcset=\"https:\/\/www.1ciedarcdevincennes.fr\/wp-content\/uploads\/2020\/02\/20200202_1825471718-scaled.jpg 1919w, https:\/\/www.1ciedarcdevincennes.fr\/wp-content\/uploads\/2020\/02\/20200202_1825471718-225x300.jpg 225w, https:\/\/www.1ciedarcdevincennes.fr\/wp-content\/uploads\/2020\/02\/20200202_1825471718-768x1024.jpg 768w, https:\/\/www.1ciedarcdevincennes.fr\/wp-content\/uploads\/2020\/02\/20200202_1825471718-1152x1536.jpg 1152w, https:\/\/www.1ciedarcdevincennes.fr\/wp-content\/uploads\/2020\/02\/20200202_1825471718-1535x2048.jpg 1535w, https:\/\/www.1ciedarcdevincennes.fr\/wp-content\/uploads\/2020\/02\/20200202_1825471718-830x1107.jpg 830w, https:\/\/www.1ciedarcdevincennes.fr\/wp-content\/uploads\/2020\/02\/20200202_1825471718-230x307.jpg 230w, https:\/\/www.1ciedarcdevincennes.fr\/wp-content\/uploads\/2020\/02\/20200202_1825471718-350x467.jpg 350w, https:\/\/www.1ciedarcdevincennes.fr\/wp-content\/uploads\/2020\/02\/20200202_1825471718-480x640.jpg 480w\" sizes=\"(max-width: 1919px) 100vw, 1919px\" \/><\/a><\/p>\n","protected":false},"excerpt":{"rendered":"<p>La Comp\u00e9tition a eu lieu au CTS de Chennevi\u00e8res sur Marne, dimanche 2 f\u00e9vrier. Noisy le Grand, compagnie organisatrice accueillait 137 participants [&hellip;]<\/p>\n","protected":false},"author":1,"featured_media":0,"parent":0,"menu_order":0,"comment_status":"closed","ping_status":"closed","template":"","meta":{"_mc_calendar":[]},"_links":{"self":[{"href":"https:\/\/www.1ciedarcdevincennes.fr\/index.php\/wp-json\/wp\/v2\/pages\/2230"}],"collection":[{"href":"https:\/\/www.1ciedarcdevincennes.fr\/index.php\/wp-json\/wp\/v2\/pages"}],"about":[{"href":"https:\/\/www.1ciedarcdevincennes.fr\/index.php\/wp-json\/wp\/v2\/types\/page"}],"author":[{"embeddable":true,"href":"https:\/\/www.1ciedarcdevincennes.fr\/index.php\/wp-json\/wp\/v2\/users\/1"}],"replies":[{"embeddable":true,"href":"https:\/\/www.1ciedarcdevincennes.fr\/index.php\/wp-json\/wp\/v2\/comments?post=2230"}],"version-history":[{"count":3,"href":"https:\/\/www.1ciedarcdevincennes.fr\/index.php\/wp-json\/wp\/v2\/pages\/2230\/revisions"}],"predecessor-version":[{"id":2247,"href":"https:\/\/www.1ciedarcdevincennes.fr\/index.php\/wp-json\/wp\/v2\/pages\/2230\/revisions\/2247"}],"wp:attachment":[{"href":"https:\/\/www.1ciedarcdevincennes.fr\/index.php\/wp-json\/wp\/v2\/media?parent=2230"}],"curies":[{"name":"wp","href":"https:\/\/api.w.org\/{rel}","templated":true}]}}