{"id":2234,"date":"2020-02-07T13:57:03","date_gmt":"2020-02-07T12:57:03","guid":{"rendered":"http:\/\/www.1ciedarcdevincennes.fr\/?page_id=2234"},"modified":"2020-02-13T15:55:05","modified_gmt":"2020-02-13T14:55:05","slug":"medaille-des-benevoles-de-vincennes","status":"publish","type":"page","link":"https:\/\/www.1ciedarcdevincennes.fr\/index.php\/medaille-des-benevoles-de-vincennes\/","title":{"rendered":"M\u00e9daille des b\u00e9n\u00e9voles de Vincennes"},"content":{"rendered":"<p>Il est 9h30, ce samedi matin.<\/p>\n<p>La 1<sup>\u00e8re<\/sup> compagnie d\u2019arc de Vincennes est vide, enfin presque car m\u00eame si les archers ne sont pas encore arriv\u00e9s pour leur entra\u00eenement, Christian Boudinet est d\u00e9j\u00e0 l\u00e0, en avance comme tous les samedis. Il pr\u00e9pare le mat\u00e9riel, range, r\u00e9pare, remplit quelques documents internes mais surtout il entra\u00eene les jeunes et les moins jeunes de premi\u00e8re ann\u00e9e.<\/p>\n<p>Cela fait maintenant 15 ans qu\u2019il s\u2019est d\u00e9couvert une passion pour l\u2019archerie. Et depuis presque 15 ans, tous les samedis mais aussi les mercredis et les lundis, il donne chaleureusement de son temps pour transmettre l\u2019esprit et la technique de la discipline qu\u2019il a faite sienne.<\/p>\n<p>Il prodigue des conseils, corrige les gestes mal assur\u00e9s, encourage quand la pr\u00e9cision n\u2019est pas au rendez-vous et n\u2019est jamais avare d\u2019un compliment quand l\u2019archer se montre efficace. Nombre d\u2019entre nous sont pass\u00e9s entre ses mains et tous, nous gardons un souvenir \u00e9mu de cet apprentissage.<\/p>\n<p>C\u2019est lui qui nous a amen\u00e9s sur les premiers concours, motiv\u00e9s pour affronter le stress et le doute. Et m\u00eame lorsqu\u2019il n\u2019est plus notre entraineur, il est un compagnon pr\u00e9cieux pour sa bonne humeur, sa chaleur et ses conseils avis\u00e9s.<\/p>\n<p><\/p>\n<p>Christian Boudinet est le r\u00e9cipiendaire de la m\u00e9daille du b\u00e9n\u00e9volat que la mairie de Vincennes lui a remis<\/p>\n<p>le 13 d\u00e9cembre 2019.<a href=\"https:\/\/www.1ciedarcdevincennes.fr\/index.php\/la-coupe-pages-est-de-retour-a-vincennes\/2019_12_13_soiree_du_benevolat-hugo_lebrun-az9a5026\/\" rel=\"attachment wp-att-2244\"><img loading=\"lazy\" class=\"wp-image-2244 alignleft\" src=\"https:\/\/www.1ciedarcdevincennes.fr\/wp-content\/uploads\/2020\/02\/2019_12_13_Soir\u00e9e_du_B\u00e9n\u00e9volat-HUGO_LEBRUN-AZ9A5026-scaled.jpg\" alt=\"\" width=\"375\" height=\"250\" srcset=\"https:\/\/www.1ciedarcdevincennes.fr\/wp-content\/uploads\/2020\/02\/2019_12_13_Soir\u00e9e_du_B\u00e9n\u00e9volat-HUGO_LEBRUN-AZ9A5026-scaled.jpg 2560w, https:\/\/www.1ciedarcdevincennes.fr\/wp-content\/uploads\/2020\/02\/2019_12_13_Soir\u00e9e_du_B\u00e9n\u00e9volat-HUGO_LEBRUN-AZ9A5026-300x200.jpg 300w, https:\/\/www.1ciedarcdevincennes.fr\/wp-content\/uploads\/2020\/02\/2019_12_13_Soir\u00e9e_du_B\u00e9n\u00e9volat-HUGO_LEBRUN-AZ9A5026-1024x683.jpg 1024w, https:\/\/www.1ciedarcdevincennes.fr\/wp-content\/uploads\/2020\/02\/2019_12_13_Soir\u00e9e_du_B\u00e9n\u00e9volat-HUGO_LEBRUN-AZ9A5026-768x512.jpg 768w, https:\/\/www.1ciedarcdevincennes.fr\/wp-content\/uploads\/2020\/02\/2019_12_13_Soir\u00e9e_du_B\u00e9n\u00e9volat-HUGO_LEBRUN-AZ9A5026-1536x1024.jpg 1536w, https:\/\/www.1ciedarcdevincennes.fr\/wp-content\/uploads\/2020\/02\/2019_12_13_Soir\u00e9e_du_B\u00e9n\u00e9volat-HUGO_LEBRUN-AZ9A5026-2048x1365.jpg 2048w, https:\/\/www.1ciedarcdevincennes.fr\/wp-content\/uploads\/2020\/02\/2019_12_13_Soir\u00e9e_du_B\u00e9n\u00e9volat-HUGO_LEBRUN-AZ9A5026-830x553.jpg 830w, https:\/\/www.1ciedarcdevincennes.fr\/wp-content\/uploads\/2020\/02\/2019_12_13_Soir\u00e9e_du_B\u00e9n\u00e9volat-HUGO_LEBRUN-AZ9A5026-230x153.jpg 230w, https:\/\/www.1ciedarcdevincennes.fr\/wp-content\/uploads\/2020\/02\/2019_12_13_Soir\u00e9e_du_B\u00e9n\u00e9volat-HUGO_LEBRUN-AZ9A5026-350x233.jpg 350w, https:\/\/www.1ciedarcdevincennes.fr\/wp-content\/uploads\/2020\/02\/2019_12_13_Soir\u00e9e_du_B\u00e9n\u00e9volat-HUGO_LEBRUN-AZ9A5026-480x320.jpg 480w\" sizes=\"(max-width: 375px) 100vw, 375px\" \/><\/a><a href=\"https:\/\/www.1ciedarcdevincennes.fr\/index.php\/la-coupe-pages-est-de-retour-a-vincennes\/2019_12_13_soiree_du_benevolat-hugo_lebrun-az9a5031\/\" rel=\"attachment wp-att-2245\"><img loading=\"lazy\" class=\"alignright  wp-image-2245\" src=\"https:\/\/www.1ciedarcdevincennes.fr\/wp-content\/uploads\/2020\/02\/2019_12_13_Soir\u00e9e_du_B\u00e9n\u00e9volat-HUGO_LEBRUN-AZ9A5031-scaled.jpg\" alt=\"\" width=\"390\" height=\"259\" srcset=\"https:\/\/www.1ciedarcdevincennes.fr\/wp-content\/uploads\/2020\/02\/2019_12_13_Soir\u00e9e_du_B\u00e9n\u00e9volat-HUGO_LEBRUN-AZ9A5031-scaled.jpg 2560w, https:\/\/www.1ciedarcdevincennes.fr\/wp-content\/uploads\/2020\/02\/2019_12_13_Soir\u00e9e_du_B\u00e9n\u00e9volat-HUGO_LEBRUN-AZ9A5031-300x200.jpg 300w, https:\/\/www.1ciedarcdevincennes.fr\/wp-content\/uploads\/2020\/02\/2019_12_13_Soir\u00e9e_du_B\u00e9n\u00e9volat-HUGO_LEBRUN-AZ9A5031-1024x683.jpg 1024w, https:\/\/www.1ciedarcdevincennes.fr\/wp-content\/uploads\/2020\/02\/2019_12_13_Soir\u00e9e_du_B\u00e9n\u00e9volat-HUGO_LEBRUN-AZ9A5031-768x512.jpg 768w, https:\/\/www.1ciedarcdevincennes.fr\/wp-content\/uploads\/2020\/02\/2019_12_13_Soir\u00e9e_du_B\u00e9n\u00e9volat-HUGO_LEBRUN-AZ9A5031-1536x1024.jpg 1536w, https:\/\/www.1ciedarcdevincennes.fr\/wp-content\/uploads\/2020\/02\/2019_12_13_Soir\u00e9e_du_B\u00e9n\u00e9volat-HUGO_LEBRUN-AZ9A5031-2048x1365.jpg 2048w, https:\/\/www.1ciedarcdevincennes.fr\/wp-content\/uploads\/2020\/02\/2019_12_13_Soir\u00e9e_du_B\u00e9n\u00e9volat-HUGO_LEBRUN-AZ9A5031-830x553.jpg 830w, https:\/\/www.1ciedarcdevincennes.fr\/wp-content\/uploads\/2020\/02\/2019_12_13_Soir\u00e9e_du_B\u00e9n\u00e9volat-HUGO_LEBRUN-AZ9A5031-230x153.jpg 230w, https:\/\/www.1ciedarcdevincennes.fr\/wp-content\/uploads\/2020\/02\/2019_12_13_Soir\u00e9e_du_B\u00e9n\u00e9volat-HUGO_LEBRUN-AZ9A5031-350x233.jpg 350w, https:\/\/www.1ciedarcdevincennes.fr\/wp-content\/uploads\/2020\/02\/2019_12_13_Soir\u00e9e_du_B\u00e9n\u00e9volat-HUGO_LEBRUN-AZ9A5031-480x320.jpg 480w\" sizes=\"(max-width: 390px) 100vw, 390px\" \/><\/a><a href=\"https:\/\/www.1ciedarcdevincennes.fr\/index.php\/la-coupe-pages-est-de-retour-a-vincennes\/2019_12_13_soiree_du_benevolat-hugo_lebrun-az9a5040\/\" rel=\"attachment wp-att-2243\"><img loading=\"lazy\" class=\"alignright size-full wp-image-2243\" src=\"https:\/\/www.1ciedarcdevincennes.fr\/wp-content\/uploads\/2020\/02\/2019_12_13_Soir\u00e9e_du_B\u00e9n\u00e9volat-HUGO_LEBRUN-AZ9A5040-scaled.jpg\" alt=\"\" width=\"2560\" height=\"1707\" srcset=\"https:\/\/www.1ciedarcdevincennes.fr\/wp-content\/uploads\/2020\/02\/2019_12_13_Soir\u00e9e_du_B\u00e9n\u00e9volat-HUGO_LEBRUN-AZ9A5040-scaled.jpg 2560w, https:\/\/www.1ciedarcdevincennes.fr\/wp-content\/uploads\/2020\/02\/2019_12_13_Soir\u00e9e_du_B\u00e9n\u00e9volat-HUGO_LEBRUN-AZ9A5040-300x200.jpg 300w, https:\/\/www.1ciedarcdevincennes.fr\/wp-content\/uploads\/2020\/02\/2019_12_13_Soir\u00e9e_du_B\u00e9n\u00e9volat-HUGO_LEBRUN-AZ9A5040-1024x683.jpg 1024w, https:\/\/www.1ciedarcdevincennes.fr\/wp-content\/uploads\/2020\/02\/2019_12_13_Soir\u00e9e_du_B\u00e9n\u00e9volat-HUGO_LEBRUN-AZ9A5040-768x512.jpg 768w, https:\/\/www.1ciedarcdevincennes.fr\/wp-content\/uploads\/2020\/02\/2019_12_13_Soir\u00e9e_du_B\u00e9n\u00e9volat-HUGO_LEBRUN-AZ9A5040-1536x1024.jpg 1536w, https:\/\/www.1ciedarcdevincennes.fr\/wp-content\/uploads\/2020\/02\/2019_12_13_Soir\u00e9e_du_B\u00e9n\u00e9volat-HUGO_LEBRUN-AZ9A5040-2048x1365.jpg 2048w, https:\/\/www.1ciedarcdevincennes.fr\/wp-content\/uploads\/2020\/02\/2019_12_13_Soir\u00e9e_du_B\u00e9n\u00e9volat-HUGO_LEBRUN-AZ9A5040-830x553.jpg 830w, https:\/\/www.1ciedarcdevincennes.fr\/wp-content\/uploads\/2020\/02\/2019_12_13_Soir\u00e9e_du_B\u00e9n\u00e9volat-HUGO_LEBRUN-AZ9A5040-230x153.jpg 230w, https:\/\/www.1ciedarcdevincennes.fr\/wp-content\/uploads\/2020\/02\/2019_12_13_Soir\u00e9e_du_B\u00e9n\u00e9volat-HUGO_LEBRUN-AZ9A5040-350x233.jpg 350w, https:\/\/www.1ciedarcdevincennes.fr\/wp-content\/uploads\/2020\/02\/2019_12_13_Soir\u00e9e_du_B\u00e9n\u00e9volat-HUGO_LEBRUN-AZ9A5040-480x320.jpg 480w\" sizes=\"(max-width: 2560px) 100vw, 2560px\" \/><\/a><\/p>\n<p><\/p>\n\n\n<p>Photos : Hugo Lebrun<\/p>\n\n\n","protected":false},"excerpt":{"rendered":"<p>Il est 9h30, ce samedi matin. La 1\u00e8re compagnie d\u2019arc de Vincennes est vide, enfin presque car m\u00eame si les archers ne [&hellip;]<\/p>\n","protected":false},"author":1,"featured_media":0,"parent":0,"menu_order":0,"comment_status":"closed","ping_status":"closed","template":"","meta":{"_mc_calendar":[]},"_links":{"self":[{"href":"https:\/\/www.1ciedarcdevincennes.fr\/index.php\/wp-json\/wp\/v2\/pages\/2234"}],"collection":[{"href":"https:\/\/www.1ciedarcdevincennes.fr\/index.php\/wp-json\/wp\/v2\/pages"}],"about":[{"href":"https:\/\/www.1ciedarcdevincennes.fr\/index.php\/wp-json\/wp\/v2\/types\/page"}],"author":[{"embeddable":true,"href":"https:\/\/www.1ciedarcdevincennes.fr\/index.php\/wp-json\/wp\/v2\/users\/1"}],"replies":[{"embeddable":true,"href":"https:\/\/www.1ciedarcdevincennes.fr\/index.php\/wp-json\/wp\/v2\/comments?post=2234"}],"version-history":[{"count":7,"href":"https:\/\/www.1ciedarcdevincennes.fr\/index.php\/wp-json\/wp\/v2\/pages\/2234\/revisions"}],"predecessor-version":[{"id":2256,"href":"https:\/\/www.1ciedarcdevincennes.fr\/index.php\/wp-json\/wp\/v2\/pages\/2234\/revisions\/2256"}],"wp:attachment":[{"href":"https:\/\/www.1ciedarcdevincennes.fr\/index.php\/wp-json\/wp\/v2\/media?parent=2234"}],"curies":[{"name":"wp","href":"https:\/\/api.w.org\/{rel}","templated":true}]}}